{"id":183,"date":"2022-10-14T06:31:27","date_gmt":"2022-10-14T10:31:27","guid":{"rendered":"https:\/\/pruebas.michollo.to\/?page_id=183"},"modified":"2022-10-14T06:31:28","modified_gmt":"2022-10-14T10:31:28","slug":"politica-de-cookies","status":"publish","type":"page","link":"https:\/\/pruebas.michollo.to\/fr\/politique-en-matiere-de-cookies\/","title":{"rendered":"Politique en mati\u00e8re de cookies"},"content":{"rendered":"<p>Politique en mati\u00e8re de cookies<\/p>\n\n\n\n<p>Derni\u00e8re mise \u00e0 jour : 22\/03\/2022<\/p>\n\n\n\n<p>R\u00e9sum\u00e9<\/p>\n\n\n\n<p>- Cookies utilis\u00e9s : cookies propri\u00e9taires et cookies de tiers<\/p>\n\n\n\n<p>- Sont-ils utilis\u00e9s pour les statistiques ? Oui<\/p>\n\n\n\n<p>- Sont-ils utilis\u00e9s \u00e0 des fins publicitaires ? Non<\/p>\n\n\n\n<p>- Services tiers qui installent des cookies par l'interm\u00e9diaire de ce site web : Google Analytics,<br>Shopify<\/p>\n\n\n\n<p>Comment param\u00e9trer et d\u00e9sactiver les cookies<\/p>\n\n\n\n<p>Vous pouvez autoriser, bloquer ou supprimer les cookies install\u00e9s sur votre appareil \u00e0 partir de votre navigateur.<br>web. Si vous n'autorisez pas l'installation de cookies sur votre appareil, votre exp\u00e9rience sur notre site web risque de ne pas \u00eatre aussi fluide qu'elle devrait l'\u00eatre.<br>la navigation s'aggrave. Vous trouverez ci-dessous comment configurer les cookies dans chacun des domaines suivants<br>navigateur :<\/p>\n\n\n\n<p>- Bord<br>- Google Chrome<br>- Google Android<br>- Internet Explorer 7 et 8<br>- Internet Explorer 9<br>- Internet Explorer 10<br>- Internet Explorer 11<br>- Mozilla Firefox<br>\u2013 Opera<br>- Safari<br>- Safari Mobile<\/p>\n\n\n\n<p>1.- Types et utilisations<\/p>\n\n\n\n<p>Le service utilise ses propres cookies et ceux de tiers pour am\u00e9liorer la navigation, fournir le service et obtenir des statistiques.<br>sur l'utilisation du site web.<\/p>\n\n\n\n<p>2.- Qu'est-ce qu'un cookie et \u00e0 quoi sert-il ?<\/p>\n\n\n\n<p>Un cookie est un fichier texte envoy\u00e9 au navigateur web de votre ordinateur, de votre t\u00e9l\u00e9phone portable ou de votre tablette et utilis\u00e9 pour<br>stocker et r\u00e9cup\u00e9rer des informations sur votre activit\u00e9 de navigation. Par exemple, la m\u00e9morisation de votre nom d'utilisateur et de votre mot de passe.<br>mot de passe ou vos pr\u00e9f\u00e9rences de profil.<br><br>3.- Quels sont les types de cookies ?<\/p>\n\n\n\n<p>Cela d\u00e9pend de la personne qui les g\u00e8re :<\/p>\n\n\n\n<p>- Les propres cookies ; ils sont envoy\u00e9s \u00e0 votre navigateur \u00e0 partir de nos ordinateurs ou domaines web.<\/p>\n\n\n\n<p>- Cookies de tiers : ils sont envoy\u00e9s \u00e0 votre navigateur \u00e0 partir d'un ordinateur ou d'un domaine web qui n'est pas g\u00e9r\u00e9 par nous.<br>directement, mais une entit\u00e9 tierce telle que Google.<\/p>\n\n\n\n<p>En fonction de la dur\u00e9e de leur activit\u00e9, il y a<\/p>\n\n\n\n<p>- Les cookies de session ; ils restent dans le fichier de cookies de votre navigateur jusqu'\u00e0 ce que vous quittiez le site web,<br>afin qu'il n'en reste aucun sur votre appareil.<\/p>\n\n\n\n<p>- Les cookies persistants ; ils restent sur votre appareil et notre site web les lit \u00e0 chaque nouvelle visite.<br>visite. Ces cookies cessent de fonctionner apr\u00e8s une certaine date.<\/p>\n\n\n\n<p>Enfin, et conform\u00e9ment \u00e0 leur objectif, nous avons :<\/p>\n\n\n\n<p>- Les cookies techniques ; ils am\u00e9liorent la navigation et le bon fonctionnement du site web.<\/p>\n\n\n\n<p>- Cookies de personnalisation ; ils permettent d'acc\u00e9der au service avec des caract\u00e9ristiques pr\u00e9d\u00e9finies bas\u00e9es sur<br>un certain nombre de crit\u00e8res.<\/p>\n\n\n\n<p>- Les cookies d'analyse ; ils permettent de mesurer et d'analyser statistiquement l'utilisation faite du service fourni.<\/p>\n\n\n\n<p>Nom Origine Objet Type Expiration<br>secure_customer_sig minandovoy.com tiers fonctionnels 1 an<\/p>\n\n\n\n<p>localisation minandovoy.com analyse tiers 2 semaines<br>et .minandovoy.com analyse par des tiers 1 an<br>_shopify_y .minandovoy.com third party analytics 1 an<br>_shopify_sa_t .minandovoy.com third party analytics 1 minute<br>_shopify_sa_p .minandovoy.com third party analytics 1 minute<br>shopify_s .minandovoy.com analytics third parties 1 minute<br>_s .minandovoy.com third party analytics 1 minute<br>_orig_referrer .minandovoy.com analytics third 2 weeks<br>page d'accueil .minandovoy.com analytics third 2 weeks<br>_gid .minandovoy.com analytics third 1 day<br>_ga .minandovoy.com troisi\u00e8me 7 jours d'analyse<\/p>\n\n\n\n<p>Google Analytics : son cookie \"_ga\" permet de comptabiliser le nombre de visites d'un utilisateur sur un site web,<br>comment, quand et d'o\u00f9 il le fait et son cookie \"_gid\" est utilis\u00e9 pour distinguer les utilisateurs.<br>Dans tous les cas, vous pouvez d\u00e9sactiver les cookies de Google Analytics ici.<br>Google : Dans tous les cas, vous trouverez ici plus d'informations sur les types de cookies que nous utilisons.<br>utilise Google dans ses multiples services.<br>Vous pouvez trouver plus d'informations sur les cookies de Shopify ici.<\/p>","protected":false},"excerpt":{"rendered":"<p>Pol\u00edtica de Cookies \u00daltima actualizaci\u00f3n: 3\/22\/2022 Sumario \u2022 Cookies usadas: Propias y de Terceros \u2022 \u00bfSe usan para obtener estad\u00edsticas? S\u00ed \u2022 \u00bfSe usan para publicidad? No \u2022 Servicios de terceros que instalan cookies a trav\u00e9s de esta web: Google Analytics,Shopify C\u00f3mo configurar y deshabilitar las cookies Puedes permitir, bloquear o eliminar las cookies instaladas [&hellip;]<\/p>\n","protected":false},"author":1,"featured_media":0,"parent":0,"menu_order":0,"comment_status":"closed","ping_status":"closed","template":"","meta":{"footnotes":""},"class_list":["post-183","page","type-page","status-publish","hentry"],"_links":{"self":[{"href":"https:\/\/pruebas.michollo.to\/fr\/wp-json\/wp\/v2\/pages\/183","targetHints":{"allow":["GET"]}}],"collection":[{"href":"https:\/\/pruebas.michollo.to\/fr\/wp-json\/wp\/v2\/pages"}],"about":[{"href":"https:\/\/pruebas.michollo.to\/fr\/wp-json\/wp\/v2\/types\/page"}],"author":[{"embeddable":true,"href":"https:\/\/pruebas.michollo.to\/fr\/wp-json\/wp\/v2\/users\/1"}],"replies":[{"embeddable":true,"href":"https:\/\/pruebas.michollo.to\/fr\/wp-json\/wp\/v2\/comments?post=183"}],"version-history":[{"count":0,"href":"https:\/\/pruebas.michollo.to\/fr\/wp-json\/wp\/v2\/pages\/183\/revisions"}],"wp:attachment":[{"href":"https:\/\/pruebas.michollo.to\/fr\/wp-json\/wp\/v2\/media?parent=183"}],"curies":[{"name":"wp","href":"https:\/\/api.w.org\/{rel}","templated":true}]}}