{"id":189,"date":"2022-10-14T06:35:20","date_gmt":"2022-10-14T10:35:20","guid":{"rendered":"https:\/\/pruebas.michollo.to\/?page_id=189"},"modified":"2022-10-14T06:35:21","modified_gmt":"2022-10-14T10:35:21","slug":"normas-garantia-asic","status":"publish","type":"page","link":"https:\/\/pruebas.michollo.to\/fr\/normes-de-garantie-de-lasic\/","title":{"rendered":"Normes Garantie ASIC"},"content":{"rendered":"<p>RECOMMANDATIONS POUR PERTE DE GARANTIE :<\/p>\n\n\n\n<p>- L'appareil ne doit pas se trouver dans un endroit o\u00f9 la temp\u00e9rature ambiante est sup\u00e9rieure \u00e0 16 degr\u00e9s Celsius, car cela entra\u00eenerait une surchauffe de la machine, ce qui nuirait au bon fonctionnement de l'appareil.<\/p>\n\n\n\n<p>- Le lieu d'utilisation de l'appareil ne doit pas \u00eatre un endroit humide, en raison de la faible tol\u00e9rance de la plaque \u00e0 l'eau.<\/p>\n\n\n\n<p>- L'amp\u00e9rage auquel l'appareil est aliment\u00e9 doit \u00eatre v\u00e9rifi\u00e9, car il peut provoquer un court-circuit dans l'ASIC, ce qui pourrait entra\u00eener une panne de la machine.<\/p>\n\n\n\n<p>- Toute configuration ou modification de l'ASIC doit \u00eatre v\u00e9rifi\u00e9e et approuv\u00e9e par le service technique de MINANDOVOY. Nous ne serons pas responsables des modifications effectu\u00e9es par une autre soci\u00e9t\u00e9 ou par le client.<\/p>\n\n\n\n<p>- L'appareil ne doit pas subir de chocs ou de chutes, ce qui annulerait la garantie en cas de n\u00e9gligence de la part du client.<\/p>\n\n\n\n<p>- En cas de dysfonctionnement de l'ASIC, vous devez contacter l'\u00e9quipe de service et ne pas entreprendre la r\u00e9paration vous-m\u00eame, car le d\u00e9montage, l'alt\u00e9ration ou l'enl\u00e8vement du bo\u00eetier de l'ASIC entra\u00eenera la perte imm\u00e9diate de la garantie.<\/p>\n\n\n\n<p>- Dans le cas o\u00f9 la machine aurait subi des dommages pendant le transport, ou qu'un composant aurait cess\u00e9 de fonctionner \u00e0 cause d'un d\u00e9faut de fabrication de la machine, MINANDO VOY prendra en charge la r\u00e9paration (toujours pendant la p\u00e9riode de garantie). Le client doit envoyer la machine dans de bonnes conditions d'emballage, en toute s\u00e9curit\u00e9 et avec des protections. Si la machine arrive sans protections et avec un mauvais emballage, MINANDO VOY ne sera pas responsable des r\u00e9parations.<\/p>\n\n\n\n<p>- L'\u00e9quipement n\u00e9cessite un entretien prolong\u00e9 dans le temps (recommand\u00e9 2 \u00e0 3 fois par an). Si un composant est endommag\u00e9 parce qu'il n'a pas fait l'objet d'un tel entretien, il est stipul\u00e9 comme \u00e9tant HORS GARANTIE. N'oubliez pas que nous sommes l\u00e0 pour vous aider, contactez-nous pour obtenir des conseils professionnels et ne commettez aucune des erreurs mentionn\u00e9es ci-dessus.<\/p>","protected":false},"excerpt":{"rendered":"<p>RECOMENDACIONES POR P\u00c9RDIDA DE GARANT\u00cdA: \u2022 El equipo no puede estar en un lugar con una temperatura ambiente de m\u00e1s de 16 grados Celsius, esto ocasionar\u00eda recalentamiento de la m\u00e1quina, lo cual perjudica el funcionamiento adecuado del equipo. \u2022 El lugar de funcionamiento del equipo no puede ser un lugar h\u00famedo, debido al bajo nivel [&hellip;]<\/p>\n","protected":false},"author":1,"featured_media":0,"parent":0,"menu_order":0,"comment_status":"closed","ping_status":"closed","template":"","meta":{"footnotes":""},"class_list":["post-189","page","type-page","status-publish","hentry"],"_links":{"self":[{"href":"https:\/\/pruebas.michollo.to\/fr\/wp-json\/wp\/v2\/pages\/189","targetHints":{"allow":["GET"]}}],"collection":[{"href":"https:\/\/pruebas.michollo.to\/fr\/wp-json\/wp\/v2\/pages"}],"about":[{"href":"https:\/\/pruebas.michollo.to\/fr\/wp-json\/wp\/v2\/types\/page"}],"author":[{"embeddable":true,"href":"https:\/\/pruebas.michollo.to\/fr\/wp-json\/wp\/v2\/users\/1"}],"replies":[{"embeddable":true,"href":"https:\/\/pruebas.michollo.to\/fr\/wp-json\/wp\/v2\/comments?post=189"}],"version-history":[{"count":0,"href":"https:\/\/pruebas.michollo.to\/fr\/wp-json\/wp\/v2\/pages\/189\/revisions"}],"wp:attachment":[{"href":"https:\/\/pruebas.michollo.to\/fr\/wp-json\/wp\/v2\/media?parent=189"}],"curies":[{"name":"wp","href":"https:\/\/api.w.org\/{rel}","templated":true}]}}