{"id":3,"date":"2022-08-03T04:44:45","date_gmt":"2022-08-03T08:44:45","guid":{"rendered":"http:\/\/localhost\/?page_id=3"},"modified":"2026-01-22T13:32:32","modified_gmt":"2026-01-22T12:32:32","slug":"politica-de-privacidad","status":"publish","type":"page","link":"https:\/\/pruebas.michollo.to\/fr\/politique-de-confidentialite\/","title":{"rendered":"Politique de confidentialit\u00e9"},"content":{"rendered":"<p>Le pr\u00e9sent&nbsp;<strong>Politique de confidentialit\u00e9<\/strong>&nbsp;establece los t\u00e9rminos en que Minando Voy usa y protege la informaci\u00f3n que es proporcionada por sus usuarios al momento de utilizar su sitio web. Esta compa\u00f1\u00eda est\u00e1 comprometida con la seguridad de los datos de sus usuarios. Cuando le pedimos llenar los campos de informaci\u00f3n personal con la cual usted pueda ser identificado, lo hacemos asegurando que s\u00f3lo se emplear\u00e1 de acuerdo con los t\u00e9rminos de este documento. Sin embargo esta Pol\u00edtica de Privacidad puede cambiar con el tiempo o ser actualizada por lo que le recomendamos y enfatizamos revisar continuamente esta p\u00e1gina para asegurarse que est\u00e1 de acuerdo con dichos cambios.<\/p>\n\n\n\n<h2 class=\"wp-block-heading\"><strong>Informations collect\u00e9es<\/strong><\/h2>\n\n\n\n<p>Notre site web peut recueillir des informations personnelles telles que le nom, des informations de contact telles que l'adresse \u00e9lectronique et des informations d\u00e9mographiques. En outre, si n\u00e9cessaire, des informations sp\u00e9cifiques peuvent \u00eatre requises pour traiter une commande, effectuer une livraison ou une facturation.<\/p>\n\n\n\n<h2 class=\"wp-block-heading\"><strong>Utilisation des informations collect\u00e9es<\/strong><\/h2>\n\n\n\n<p>Nuestro sitio web emplea la informaci\u00f3n con el fin de proporcionar el mejor servicio posible, particularmente para mantener un registro de usuarios, de pedidos en caso que aplique, y mejorar nuestros productos y servicios. &nbsp;Es posible que sean enviados correos electr\u00f3nicos peri\u00f3dicamente a trav\u00e9s de nuestro sitio con ofertas especiales, nuevos productos y otra informaci\u00f3n publicitaria que consideremos relevante para usted o que pueda brindarle alg\u00fan beneficio, estos correos electr\u00f3nicos ser\u00e1n enviados a la direcci\u00f3n que usted proporcione y podr\u00e1n ser cancelados en cualquier momento.<\/p>\n\n\n\n<p>Minando Voy s'engage \u00e0 respecter son engagement de s\u00e9curiser vos informations. Nous utilisons les syst\u00e8mes les plus avanc\u00e9s et les mettons constamment \u00e0 jour pour garantir qu'il n'y a pas d'acc\u00e8s non autoris\u00e9.<\/p>\n\n\n\n<h2 class=\"wp-block-heading\"><strong>Cookies<\/strong><\/h2>\n\n\n\n<p>Un cookie est un fichier envoy\u00e9 dans le but de demander l'autorisation d'\u00eatre stock\u00e9 sur votre ordinateur. En acceptant, ce fichier est cr\u00e9\u00e9 et le cookie sert ensuite \u00e0 obtenir des informations sur le trafic web et \u00e0 faciliter la r\u00e9currence future. Une autre fonction des cookies est qu'ils permettent au web de vous reconna\u00eetre individuellement et donc de vous fournir le meilleur service personnalis\u00e9 sur leur site web.<\/p>\n\n\n\n<p>Nuestro sitio web emplea las cookies para poder identificar las p\u00e1ginas que son visitadas y su frecuencia. Esta informaci\u00f3n es empleada \u00fanicamente para an\u00e1lisis estad\u00edstico y despu\u00e9s la informaci\u00f3n se elimina de forma permanente. Usted puede eliminar las cookies en cualquier momento desde su ordenador. Sin embargo las cookies ayudan a proporcionar un mejor servicio de los sitios web, est\u00e1s no dan acceso a informaci\u00f3n de su ordenador ni de usted, a menos de que usted as\u00ed lo quiera y la proporcione directamente. Usted puede aceptar o negar el uso de cookies, sin embargo la mayor\u00eda de navegadores aceptan cookies autom\u00e1ticamente pues sirve para tener un mejor servicio web. Tambi\u00e9n usted puede cambiar la configuraci\u00f3n de su ordenador para declinar las cookies. Si se declinan es posible que no pueda utilizar algunos de nuestros servicios.<\/p>\n\n\n\n<h2 class=\"wp-block-heading\"><strong>Liens vers des tiers<\/strong><\/h2>\n\n\n\n<p>Este sitio web pudiera contener en laces a otros sitios que pudieran ser de su inter\u00e9s. Una vez que usted de clic en estos enlaces y abandone nuestra p\u00e1gina, ya no tenemos control sobre al sitio al que es redirigido y por lo tanto no somos responsables de los t\u00e9rminos o privacidad ni de la protecci\u00f3n de sus datos en esos otros sitios terceros. Dichos sitios est\u00e1n sujetos a sus propias pol\u00edticas de privacidad por lo cual es recomendable que los consulte para confirmar que usted est\u00e1 de acuerdo con estas.<\/p>\n\n\n\n<h2 class=\"wp-block-heading\"><strong>Contr\u00f4le de vos donn\u00e9es personnelles<\/strong><\/h2>\n\n\n\n<p>Vous pouvez \u00e0 tout moment restreindre la collecte ou l'utilisation des informations personnelles que vous fournissez sur notre site web.  Chaque fois qu'il vous est demand\u00e9 de remplir un formulaire, tel qu'un formulaire d'inscription, vous pouvez cocher ou d\u00e9cocher l'option permettant de recevoir des informations par courrier \u00e9lectronique.  Si vous avez coch\u00e9 l'option de recevoir notre bulletin d'information ou de la publicit\u00e9, vous pouvez l'annuler \u00e0 tout moment.<\/p>\n\n\n\n<p>Minando Voy ne vendra pas, ne donnera pas ou ne distribuera pas les informations personnelles collect\u00e9es sans votre consentement, \u00e0 moins d'y \u00eatre contraint par un juge en vertu d'une d\u00e9cision de justice.<\/p>\n\n\n\n<p>&nbsp;Nous nous r\u00e9servons le droit de modifier les termes de la pr\u00e9sente politique de confidentialit\u00e9 \u00e0 tout moment.<\/p>\n\n\n\n<h2 class=\"wp-block-heading\"><\/h2>","protected":false},"excerpt":{"rendered":"<p>El presente&nbsp;Pol\u00edtica de Privacidad&nbsp;establece los t\u00e9rminos en que Minando Voy usa y protege la informaci\u00f3n que es proporcionada por sus usuarios al momento de utilizar su sitio web. Esta compa\u00f1\u00eda est\u00e1 comprometida con la seguridad de los datos de sus usuarios. Cuando le pedimos llenar los campos de informaci\u00f3n personal con la cual usted pueda [&hellip;]<\/p>\n","protected":false},"author":1,"featured_media":0,"parent":0,"menu_order":0,"comment_status":"closed","ping_status":"closed","template":"page-privacidad.php","meta":{"footnotes":""},"class_list":["post-3","page","type-page","status-publish","hentry"],"_links":{"self":[{"href":"https:\/\/pruebas.michollo.to\/fr\/wp-json\/wp\/v2\/pages\/3","targetHints":{"allow":["GET"]}}],"collection":[{"href":"https:\/\/pruebas.michollo.to\/fr\/wp-json\/wp\/v2\/pages"}],"about":[{"href":"https:\/\/pruebas.michollo.to\/fr\/wp-json\/wp\/v2\/types\/page"}],"author":[{"embeddable":true,"href":"https:\/\/pruebas.michollo.to\/fr\/wp-json\/wp\/v2\/users\/1"}],"replies":[{"embeddable":true,"href":"https:\/\/pruebas.michollo.to\/fr\/wp-json\/wp\/v2\/comments?post=3"}],"version-history":[{"count":0,"href":"https:\/\/pruebas.michollo.to\/fr\/wp-json\/wp\/v2\/pages\/3\/revisions"}],"wp:attachment":[{"href":"https:\/\/pruebas.michollo.to\/fr\/wp-json\/wp\/v2\/media?parent=3"}],"curies":[{"name":"wp","href":"https:\/\/api.w.org\/{rel}","templated":true}]}}