{"id":1032,"date":"2022-11-28T09:57:07","date_gmt":"2022-11-28T11:57:07","guid":{"rendered":"https:\/\/www.minandovoy.com\/?post_type=product&#038;p=1032"},"modified":"2025-09-04T10:35:51","modified_gmt":"2025-09-04T08:35:51","slug":"fuente-de-alimentacion-2-000w","status":"publish","type":"product","link":"https:\/\/pruebas.michollo.to\/fr\/produit\/alimentation-2-000w\/","title":{"rendered":"Alimentation \u00e9lectrique 2.000W"},"content":{"rendered":"<p><span class=\"a-list-item\">Cette alimentation convient aux machines mini\u00e8res BTC ETH ETC ZEC ZEC ZCASH DGB XMR compatibles avec les Antminers S9, L3+ et autres machines mini\u00e8res de marque.<\/span><\/p>\n<ul>\n<li><span class=\"a-list-item\">Alimentation pour les machines de 2000W : 10 * 6PIN <\/span><\/li>\n<li><span class=\"a-list-item\">Taille de l'unit\u00e9 unique : 240 mm * 110 m * 60 mm<\/span><\/li>\n<\/ul>\n<p><span class=\"a-list-item\">\u00a0L'alimentation de la machine mini\u00e8re a une puissance de sortie nominale de 2000 W, une tension de 110-240 V et une efficacit\u00e9 de conversion allant jusqu'\u00e0 95 %. La vitesse du ventilateur peut atteindre 1500 tours\/minute, ce qui est compatible avec l'\u00e9quilibre entre la qualit\u00e9, l'efficacit\u00e9 et la stabilit\u00e9 afin d'obtenir une puissance active continue et de r\u00e9duire les co\u00fbts.<\/span><\/p>\n<p><span class=\"a-list-item\">Ce bloc d'alimentation pour mineurs poss\u00e8de 18 types de lignes de sortie en cuivre solide et est \u00e9quip\u00e9 de multiples protections de l'alimentation. Lorsque le circuit d'alimentation tombe en panne ou que la temp\u00e9rature interne de l'alimentation est \u00e9lev\u00e9e, elle s'\u00e9teint automatiquement pour prot\u00e9ger le mineur.<\/span><\/p>","protected":false},"excerpt":{"rendered":"<p>Esta fuente alimentaci\u00f3n a es adecuada para m\u00e1quinas mineras BTC ETH ETC ZEC ZEC ZCASH DGB XMR compatibles con Antminers S9, L3+ y otras m\u00e1quinas mineras de marca. La fuente de alimentaci\u00f3n de las m\u00e1quinas 2000W: 10 * 6PIN Tama\u00f1o de unidad \u00fanica: 240 mm * 110 m * 60 mm \u00a0La fuente de alimentaci\u00f3n [&hellip;]<\/p>\n","protected":false},"featured_media":1033,"comment_status":"open","ping_status":"closed","template":"","meta":[],"product_brand":[],"product_cat":[20],"product_tag":[52,244,138],"class_list":{"0":"post-1032","1":"product","2":"type-product","3":"status-publish","4":"has-post-thumbnail","6":"product_cat-componentes","7":"product_tag-asic","8":"product_tag-gme","9":"product_tag-mineros-para-avanzados","11":"first","12":"instock","13":"taxable","14":"shipping-taxable","15":"purchasable","16":"product-type-simple"},"_links":{"self":[{"href":"https:\/\/pruebas.michollo.to\/fr\/wp-json\/wp\/v2\/product\/1032","targetHints":{"allow":["GET"]}}],"collection":[{"href":"https:\/\/pruebas.michollo.to\/fr\/wp-json\/wp\/v2\/product"}],"about":[{"href":"https:\/\/pruebas.michollo.to\/fr\/wp-json\/wp\/v2\/types\/product"}],"replies":[{"embeddable":true,"href":"https:\/\/pruebas.michollo.to\/fr\/wp-json\/wp\/v2\/comments?post=1032"}],"wp:featuredmedia":[{"embeddable":true,"href":"https:\/\/pruebas.michollo.to\/fr\/wp-json\/wp\/v2\/media\/1033"}],"wp:attachment":[{"href":"https:\/\/pruebas.michollo.to\/fr\/wp-json\/wp\/v2\/media?parent=1032"}],"wp:term":[{"taxonomy":"product_brand","embeddable":true,"href":"https:\/\/pruebas.michollo.to\/fr\/wp-json\/wp\/v2\/product_brand?post=1032"},{"taxonomy":"product_cat","embeddable":true,"href":"https:\/\/pruebas.michollo.to\/fr\/wp-json\/wp\/v2\/product_cat?post=1032"},{"taxonomy":"product_tag","embeddable":true,"href":"https:\/\/pruebas.michollo.to\/fr\/wp-json\/wp\/v2\/product_tag?post=1032"}],"curies":[{"name":"wp","href":"https:\/\/api.w.org\/{rel}","templated":true}]}}