{"id":1268,"date":"2023-02-01T08:43:49","date_gmt":"2023-02-01T10:43:49","guid":{"rendered":"https:\/\/www.minandovoy.com\/?post_type=product&#038;p=1268"},"modified":"2025-09-04T10:29:14","modified_gmt":"2025-09-04T08:29:14","slug":"antminer-hs3-9t","status":"publish","type":"product","link":"https:\/\/pruebas.michollo.to\/fr\/produit\/antminer-hs3-9t\/","title":{"rendered":"Antminer HS3 9Th"},"content":{"rendered":"<p>Connaissez-vous le HANDSHAKE mining ? Vous en avez certainement entendu parler, la nouvelle version, Antminer HS3 9T vous convaincra de vouloir miner cette crypto-monnaie.<\/p>\n<p>Cette machine est la plus rentable pour l'extraction de l'algorithme. <a href=\"https:\/\/coinmarketcap.com\/es\/currencies\/handshake\/\"><b>Poign\u00e9e de main<\/b><\/a>avec une puissance d'extraction de 9TH par seconde et une consommation d'\u00e9nergie de 2 079W\/heure.<\/p>\n<p>Il s'agit de l'ANTMINER HS3 9T.<\/p>\n<div class=\"asicminer-widget-container\" style=\"width: 100%; min-height: 300px;\">\n            <iframe id=\"asicminer-widget-5876\" \n                    src=\"https:\/\/pruebas.michollo.to\/wp-content\/themes\/minandovoy\/proxy-widget.php?miner=bitmain\/antminer-hs3-9th&#038;type=profit&#038;theme=dark\" \n                    width=\"100%\" \n                    height=\"300\" \n                    frameborder=\"0\"\n                    loading=\"lazy\"\n                    style=\"border: none; overflow: hidden;\"\n                    title=\"ASIC Miner Widget\">\n            <\/iframe>\n        <\/div>\n<h3><b>Qu'est-ce que Bitmain ?<\/b><\/h3>\n<p><em>Bitmain<\/em>\u00a0est une entreprise bas\u00e9e \u00e0 P\u00e9kin, en Chine. Elle est consid\u00e9r\u00e9e comme l'une des entreprises les plus importantes de l'industrie des crypto-monnaies pour sa production de mat\u00e9riel de minage de haute qualit\u00e9 avec d'\u00e9normes capacit\u00e9s de minage et pour ses avanc\u00e9es technologiques. Elle est le plus grand concepteur de\u00a0<a href=\"https:\/\/www.minandovoy.com\/categoria\/mineros\/\">\u00e9quipement\u00a0<em>ASIC<\/em><\/a>\u00a0pour l'exploitation mini\u00e8re\u00a0<em>Bitcoin<\/em>.<\/p>\n<p>Bitmain est surtout connue pour son mat\u00e9riel Bitcoin, bien qu'elle s'int\u00e9resse \u00e0 des projets qui apportent de la solidit\u00e9 \u00e0 son activit\u00e9, comme Ethereum\/Ethereum Classic.<\/p>\n<p>En avril 2021, le grand constructeur a annonc\u00e9 le lancement d'une machine d'extraction d'Ethreum qui sera baptis\u00e9e,\u00a0<a href=\"https:\/\/www.asicminervalue.com\/miners\/bitmain\/antminer-e9-2-4gh\" target=\"_blank\" rel=\"noopener\">Antminer E9<\/a>. Cette v\u00e9ritable b\u00eate a une puissance \u00e9quivalente \u00e0 celle de 25 GPU Nvidia RTX 3080.<\/p>\n<p>&nbsp;<\/p>\n<h2>UN PEU D'HISTOIRE <a href=\"https:\/\/www.minandovoy.com\/tienda\/?algoritmos=handshake\">POIGN\u00c9E DE MAIN<\/a> et l'exploitation mini\u00e8re avec le nouvel antminer HS3 9T :<\/h2>\n<p>Handshake est un projet de blockchain que l'\u00e9quipe d\u00e9finit comme un \"projet de blockchain\".<strong>protocole de d\u00e9nomination d\u00e9centralis\u00e9 et sans permission, compatible avec le DNS<\/strong>\u00a0o\u00f9 chaque pair valide et administre la zone racine dans le but de cr\u00e9er une alternative aux autorit\u00e9s de certification existantes\".<\/p>\n<p>Handshake vise \u00e0 <strong>remplacer le fichier de la zone racine et les serveurs racine par un bien public<\/strong>. De cette mani\u00e8re, son protocole maintient le fichier de la zone racine de mani\u00e8re d\u00e9centralis\u00e9e.<\/p>\n<p>Handshake vise \u00e0 <strong>remplacer les entit\u00e9s num\u00e9riques qui authentifient actuellement les paiements en ligne<\/strong>. En outre, il vise \u00e0 r\u00e9compenser ceux qui contribuent \u00e0 l'infrastructure essentielle de l'internet.<\/p>\n<p>&nbsp;<\/p>","protected":false},"excerpt":{"rendered":"<p>\u00bfConoces la miner\u00eda de HANDSHAKE? Seguro que alguna vez has escuchado hablar de ella, el nuevo lanzamiento, Antminer HS3 9T te convencer\u00e1 de querer minar esta criptomoneda. Pues esta m\u00e1quina es la m\u00e1s rentable para la miner\u00eda del algoritmo Handshake, con una potencia de minado de 9TH por segundo y un consumo de 2.079W\/Hora. Se [&hellip;]<\/p>\n","protected":false},"featured_media":1269,"comment_status":"open","ping_status":"closed","template":"","meta":[],"product_brand":[],"product_cat":[19],"product_tag":[],"class_list":{"0":"post-1268","1":"product","2":"type-product","3":"status-publish","4":"has-post-thumbnail","6":"product_cat-mineros","8":"first","9":"outofstock","10":"taxable","11":"shipping-taxable","12":"purchasable","13":"product-type-simple"},"_links":{"self":[{"href":"https:\/\/pruebas.michollo.to\/fr\/wp-json\/wp\/v2\/product\/1268","targetHints":{"allow":["GET"]}}],"collection":[{"href":"https:\/\/pruebas.michollo.to\/fr\/wp-json\/wp\/v2\/product"}],"about":[{"href":"https:\/\/pruebas.michollo.to\/fr\/wp-json\/wp\/v2\/types\/product"}],"replies":[{"embeddable":true,"href":"https:\/\/pruebas.michollo.to\/fr\/wp-json\/wp\/v2\/comments?post=1268"}],"wp:featuredmedia":[{"embeddable":true,"href":"https:\/\/pruebas.michollo.to\/fr\/wp-json\/wp\/v2\/media\/1269"}],"wp:attachment":[{"href":"https:\/\/pruebas.michollo.to\/fr\/wp-json\/wp\/v2\/media?parent=1268"}],"wp:term":[{"taxonomy":"product_brand","embeddable":true,"href":"https:\/\/pruebas.michollo.to\/fr\/wp-json\/wp\/v2\/product_brand?post=1268"},{"taxonomy":"product_cat","embeddable":true,"href":"https:\/\/pruebas.michollo.to\/fr\/wp-json\/wp\/v2\/product_cat?post=1268"},{"taxonomy":"product_tag","embeddable":true,"href":"https:\/\/pruebas.michollo.to\/fr\/wp-json\/wp\/v2\/product_tag?post=1268"}],"curies":[{"name":"wp","href":"https:\/\/api.w.org\/{rel}","templated":true}]}}