{"id":1375,"date":"2023-02-17T10:40:00","date_gmt":"2023-02-17T12:40:00","guid":{"rendered":"https:\/\/www.minandovoy.com\/?post_type=product&#038;p=1375"},"modified":"2025-05-09T14:47:17","modified_gmt":"2025-05-09T12:47:17","slug":"nvidia-rtx-3090-ti-founders-edition","status":"publish","type":"product","link":"https:\/\/pruebas.michollo.to\/fr\/produit\/nvidia-rtx-3090-ti-founders-edition\/","title":{"rendered":"Nvidia - RTX 3090 TI Founders Edition"},"content":{"rendered":"<div class=\"col-md-5\">\n<p>Les GeForce RTX\u2122 3090 Ti sont des GPU (BFGPU) dot\u00e9s de performances de classe TITAN. Dot\u00e9s de la technologie Ampere, l'architecture RTX de deuxi\u00e8me g\u00e9n\u00e9ration de NVIDIA, ils doublent les performances de ray tracing et d'IA avec des c\u0153urs de ray tracing am\u00e9lior\u00e9s, des c\u0153urs Tensor et de nouveaux multiprocesseurs de streaming. Il est \u00e9galement dot\u00e9 d'une m\u00e9moire G6X de 24 Go pour offrir aux joueurs et aux cr\u00e9ateurs l'exp\u00e9rience de jeu ultime.<\/p>\n<p>&nbsp;<\/p>\n<\/div>\n<h2>NVIDIA GeForce RTX 3090 Ti : Caract\u00e9ristiques techniques<\/h2>\n<div>\n<div class=\"sc-lolKjB kRHEfD\">\n<p>La premi\u00e8re question que se posent de nombreux joueurs est de savoir comment NVIDIA a am\u00e9lior\u00e9 la qualit\u00e9 de l'image.\u00a0<a href=\"https:\/\/www.pccomponentes.com\/tarjetas-graficas\/geforce-rtx-3090-series\">RTX 3090 Ti<\/a>\u00a0est le mod\u00e8le le plus puissant de toute la g\u00e9n\u00e9ration Ampere RTX 30.\u00a0<b>m\u00eame<\/b>\u00a0<b>GA102<\/b>mais il porte un autre nom : GA102-350.<\/p>\n<\/div>\n<\/div>\n<div>\n<div class=\"sc-lolKjB kRHEfD\">\n<p>M\u00eame processus de fabrication, m\u00eame taille de puce, m\u00eame m\u00e9moire VRAM, m\u00eame bus... mais il y a deux touches fondamentales : une m\u00e9moire et un bus.\u00a0<b>GDRR6X \u00e0 21 Gbps<\/b>\u00a0y\u00a0<b>Plus de c\u0153urs CUDA<\/b>bien que les Tensor Cores et les RT Cores aient \u00e9t\u00e9 tr\u00e8s l\u00e9g\u00e8rement augment\u00e9s.<\/p>\n<p>Toutefois, l'\u00e9volution la plus notable en termes de puissance se situe au niveau de la\u00a0<b>Multiprocesseurs en continu<\/b>De 82 \u00e0 84, soit 7 grappes de traitement graphique et 42 grappes de traitement de texture suppl\u00e9mentaires, il s'agit du GPU le plus puissant de l'histoire de cette plateforme !<\/p>\n<p>Une autre am\u00e9lioration majeure est la\u00a0<b>fr\u00e9quence<\/b>:<\/p>\n<ul>\n<li aria-level=\"1\"><b>Base<\/b>:\u00a0<b>1560<\/b>\u00a0<b>MHz<\/b>\u00a0contre 1395 MHz pour la RTX 3090.<\/li>\n<li aria-level=\"1\"><b>Turbo<\/b>:\u00a0<b>1860<\/b>\u00a0<b>MHz<\/b>\u00a0par rapport \u00e0 1695 MHz.<\/li>\n<\/ul>\n<p>Cela dit, vous constaterez que le\u00a0<b>mod\u00e8les<\/b>\u00a0<b>sur mesure<\/b>\u00a0ont des fr\u00e9quences beaucoup plus \u00e9lev\u00e9es, en particulier le turbo : ils atteignent les\u00a0<b>1950 MHz<\/b>\u00a0aucun probl\u00e8me.<\/p>\n<p>Tout ce festin d'am\u00e9liorations est pay\u00e9 par une monnaie appel\u00e9e consommation : le\u00a0<b>TDP<\/b>\u00a0de\u00a0<b>augmente de 100W<\/b>. Cela a oblig\u00e9 NVIDIA \u00e0 recommander une alimentation de 850W pour \u00e9viter les goulots d'\u00e9tranglement ind\u00e9sirables.<\/p>\n<p>Vous verrez que la connexion PCIe a chang\u00e9 car il n'y a qu'un seul port PCIe.\u00a0<b>12 broches<\/b>. Ne vous inqui\u00e9tez pas car les fabricants ont inclus un adaptateur \u00e0 trois t\u00eates dans la bo\u00eete.<\/p>\n<p>De plus, il s'agit d'un GPU plus grand (pour l'instant) :\u00a0<b>70 mm d'\u00e9paisseur<\/b>\u00a0ce qui en fait un GPU de\u00a0<b>3,5 emplacements<\/b>. Gardez donc cela \u00e0 l'esprit lorsque vous l'achetez, car il ne rentrera pas dans la plupart des bo\u00eetes de PC.<\/p>\n<p>Enfin, il y a une grande diff\u00e9rence de prix :\u00a0<b>Diff\u00e9rence de 500<\/b>\u00a0($1499 contre $1999) par rapport \u00e0 la RTX 3090. Cependant, la NVIDIA RTX 3090 Ti ne souffre pas de l'augmentation de prix dont a souffert la RTX 3090, vous trouverez donc les mod\u00e8les originaux plus chers que les mod\u00e8les vitamin\u00e9s.<\/p>\n<p>&nbsp;<\/p>\n<\/div>\n<\/div>\n<div class=\"article-asset-table article-asset-normal m-hr-scroll\">\n<div class=\"asset-content\">\n<h6>*Produit remis \u00e0 neuf<\/h6>\n<\/div>\n<\/div>","protected":false},"excerpt":{"rendered":"<p>Las GeForce RTX\u2122 3090 Ti son GPU (BFGPU) con un rendimiento de clase TITAN. Con tecnolog\u00eda Ampere, la arquitectura RTX de segunda generaci\u00f3n de NVIDIA, duplican el trazado de rayos y el rendimiento de la IA con n\u00facleos de trazado de rayos mejorados, n\u00facleos Tensor y nuevos multiprocesadores de streaming. Adem\u00e1s, presenta unos asombrosos 24 [&hellip;]<\/p>\n","protected":false},"featured_media":1379,"comment_status":"open","ping_status":"closed","template":"","meta":[],"product_brand":[],"product_cat":[20],"product_tag":[],"class_list":{"0":"post-1375","1":"product","2":"type-product","3":"status-publish","4":"has-post-thumbnail","6":"product_cat-componentes","8":"first","9":"outofstock","10":"taxable","11":"shipping-taxable","12":"purchasable","13":"product-type-simple"},"_links":{"self":[{"href":"https:\/\/pruebas.michollo.to\/fr\/wp-json\/wp\/v2\/product\/1375","targetHints":{"allow":["GET"]}}],"collection":[{"href":"https:\/\/pruebas.michollo.to\/fr\/wp-json\/wp\/v2\/product"}],"about":[{"href":"https:\/\/pruebas.michollo.to\/fr\/wp-json\/wp\/v2\/types\/product"}],"replies":[{"embeddable":true,"href":"https:\/\/pruebas.michollo.to\/fr\/wp-json\/wp\/v2\/comments?post=1375"}],"wp:featuredmedia":[{"embeddable":true,"href":"https:\/\/pruebas.michollo.to\/fr\/wp-json\/wp\/v2\/media\/1379"}],"wp:attachment":[{"href":"https:\/\/pruebas.michollo.to\/fr\/wp-json\/wp\/v2\/media?parent=1375"}],"wp:term":[{"taxonomy":"product_brand","embeddable":true,"href":"https:\/\/pruebas.michollo.to\/fr\/wp-json\/wp\/v2\/product_brand?post=1375"},{"taxonomy":"product_cat","embeddable":true,"href":"https:\/\/pruebas.michollo.to\/fr\/wp-json\/wp\/v2\/product_cat?post=1375"},{"taxonomy":"product_tag","embeddable":true,"href":"https:\/\/pruebas.michollo.to\/fr\/wp-json\/wp\/v2\/product_tag?post=1375"}],"curies":[{"name":"wp","href":"https:\/\/api.w.org\/{rel}","templated":true}]}}