{"id":1406,"date":"2023-02-20T13:41:52","date_gmt":"2023-02-20T15:41:52","guid":{"rendered":"https:\/\/www.minandovoy.com\/?post_type=product&#038;p=1406"},"modified":"2026-02-23T13:21:50","modified_gmt":"2026-02-23T12:21:50","slug":"antminer-k7-58th","status":"publish","type":"product","link":"https:\/\/pruebas.michollo.to\/fr\/produit\/antminer-k7-58th\/","title":{"rendered":"Maximisez votre potentiel minier avec l'Antminer K7 58T de Bitmain"},"content":{"rendered":"<h2 id=\"h-consecuencias-del-merge-de-ethereum\">ANTMINER K7 58T LA NOUVELLE VERSION DE BITMAIN<\/h2>\n<p>Vous pensez que nous ne pouvons pas vous surprendre ? Attendez, restez et lisez tout !<br \/>\nnouvelle machine pour <a href=\"https:\/\/www.minandovoy.com\/antminer-k7-nuevo-lanzamiento-de-bitmain\/\">Bitmain ANTMINER K7 63.5T<\/a>!<\/p>\n<p>Ils ont une consommation de 3080W par heure, soit une production de 35<strong>$<\/strong> par jour.<br \/>\nCet ASIC exploite l'algorithme EAGLESONG, dont la seule monnaie est le c\u00e9l\u00e8bre Nervos.<br \/>\nNous vous en disons un peu plus :<\/p>\n<p><strong>LE R\u00c9SEAU NERVOS ET SON JETON CKB<\/strong><br \/>\nNervos est une plateforme blockchain, elle contient une \"collection de protocoles\" qui<br \/>\nsurpasse les autres blockchains telles que Bitcoin et Ethereum.<\/p>\n<p>Les couches du r\u00e9seau sont divis\u00e9es en<\/p>\n<p>Couche 1 : CKB (Common Knowledge Base) Nerfs. Elle fait office de blockchain<br \/>\ntestent le travail dans l'\u00e9cosyst\u00e8me.<\/p>\n<p>Couche 2. Il existe plusieurs couches 2 dans ce r\u00e9seau, qui fournissent des solutions utiles telles que<br \/>\ndes contrats intelligents pour les d\u00e9veloppeurs et les utilisateurs.<\/p>\n<p>Les solutions de la couche 2 permettent au r\u00e9seau d'offrir un nombre presque illimit\u00e9 de transactions aux utilisateurs.<br \/>\nco\u00fbt minime.<\/p>\n<p><strong>Jeton CKB<\/strong><br \/>\nCKB est le jeton de r\u00e9seau. Au moment de son lancement, son prix \u00e9tait de 0,01123$.<br \/>\nElle est class\u00e9e dans le classement des capitalisations boursi\u00e8res par <a href=\"https:\/\/coinmarketcap.com\/es\/currencies\/nervos-network\/\">coinmarketcap.com<\/a> le poste<br \/>\n157.<\/p>\n<p>Son \u00e9mission totale s'\u00e9l\u00e8ve \u00e0 36 680 680 992 KKB, dont 33,34 KKB sont d\u00e9j\u00e0 en circulation.<br \/>\ncirculation.<\/p>\n<p><b>Qu'est-ce que Bitmain ?<\/b><\/p>\n<p><em>Bitmain<\/em>\u00a0est une entreprise bas\u00e9e \u00e0 P\u00e9kin, en Chine. Elle est consid\u00e9r\u00e9e comme l'une des entreprises les plus importantes de l'industrie des crypto-monnaies pour sa production de mat\u00e9riel de minage de haute qualit\u00e9 avec d'\u00e9normes capacit\u00e9s de minage et pour ses avanc\u00e9es technologiques. Elle est le plus grand concepteur de\u00a0<a href=\"https:\/\/www.minandovoy.com\/categoria\/mineros\/\">\u00e9quipement\u00a0<em>ASIC<\/em><\/a>\u00a0pour l'exploitation mini\u00e8re\u00a0<em>Bitcoin<\/em>.<\/p>\n<p>Bitmain est surtout connue pour son mat\u00e9riel Bitcoin, bien qu'elle s'int\u00e9resse \u00e0 des projets qui apportent de la solidit\u00e9 \u00e0 son activit\u00e9, comme Ethereum\/Ethereum Classic.<\/p>\n<p>En avril 2021, le grand constructeur a annonc\u00e9 le lancement d'une machine d'extraction d'Ethreum qui sera baptis\u00e9e,\u00a0<a href=\"https:\/\/www.asicminervalue.com\/miners\/bitmain\/antminer-e9-2-4gh\" target=\"_blank\" rel=\"noopener\">Antminer E9<\/a>. Cette v\u00e9ritable b\u00eate a une puissance \u00e9quivalente \u00e0 celle de 25 GPU Nvidia RTX 3080.<\/p>\n<p>&nbsp;<\/p>","protected":false},"excerpt":{"rendered":"<p>ANTMINER K7 58T EL NUEVO LANZAMIENTO DE BITMAIN \u00bfCrees que no podemos sorprenderte? \u00a1Espera, qu\u00e9date a leer todo sobre esta nueva m\u00e1quina de Bitmain ANTMINER K7 63.5T! Cuentan con un consumo de 3080W a la hora,\u00a0 est\u00e1 generando 35$ al d\u00eda. Este ASIC mina el algoritmo EAGLESONG, cuya \u00fanica moneda es la conocida Nervos. Os [&hellip;]<\/p>\n","protected":false},"featured_media":1269,"comment_status":"open","ping_status":"closed","template":"","meta":[],"product_brand":[],"product_cat":[19],"product_tag":[244,138],"class_list":{"0":"post-1406","1":"product","2":"type-product","3":"status-publish","4":"has-post-thumbnail","6":"product_cat-mineros","7":"product_tag-gme","8":"product_tag-mineros-para-avanzados","10":"first","11":"instock","12":"taxable","13":"shipping-taxable","14":"purchasable","15":"product-type-simple"},"_links":{"self":[{"href":"https:\/\/pruebas.michollo.to\/fr\/wp-json\/wp\/v2\/product\/1406","targetHints":{"allow":["GET"]}}],"collection":[{"href":"https:\/\/pruebas.michollo.to\/fr\/wp-json\/wp\/v2\/product"}],"about":[{"href":"https:\/\/pruebas.michollo.to\/fr\/wp-json\/wp\/v2\/types\/product"}],"replies":[{"embeddable":true,"href":"https:\/\/pruebas.michollo.to\/fr\/wp-json\/wp\/v2\/comments?post=1406"}],"wp:featuredmedia":[{"embeddable":true,"href":"https:\/\/pruebas.michollo.to\/fr\/wp-json\/wp\/v2\/media\/1269"}],"wp:attachment":[{"href":"https:\/\/pruebas.michollo.to\/fr\/wp-json\/wp\/v2\/media?parent=1406"}],"wp:term":[{"taxonomy":"product_brand","embeddable":true,"href":"https:\/\/pruebas.michollo.to\/fr\/wp-json\/wp\/v2\/product_brand?post=1406"},{"taxonomy":"product_cat","embeddable":true,"href":"https:\/\/pruebas.michollo.to\/fr\/wp-json\/wp\/v2\/product_cat?post=1406"},{"taxonomy":"product_tag","embeddable":true,"href":"https:\/\/pruebas.michollo.to\/fr\/wp-json\/wp\/v2\/product_tag?post=1406"}],"curies":[{"name":"wp","href":"https:\/\/api.w.org\/{rel}","templated":true}]}}