{"id":1414,"date":"2023-02-22T09:29:01","date_gmt":"2023-02-22T11:29:01","guid":{"rendered":"https:\/\/www.minandovoy.com\/?post_type=product&#038;p=1414"},"modified":"2026-02-23T13:32:21","modified_gmt":"2026-02-23T12:32:21","slug":"antminer-d9","status":"publish","type":"product","link":"https:\/\/pruebas.michollo.to\/fr\/produit\/antminer-d9\/","title":{"rendered":"Bitmain Antminer D9 (1770Gh)"},"content":{"rendered":"<p><em><strong>Connaissez-vous un mod\u00e8le pour l'exploitation mini\u00e8re de DASH ? Le voici !<\/strong><\/em><br \/>\nLe mod\u00e8le Antminer D9 de Bitmain a un hashrate maximum de 1 770GH avec un<br \/>\nconsommation de 2 839 W\/H.<br \/>\nCette machine exploite l'algorithme X11, dont la pi\u00e8ce principale est le DASH, une monnaie<br \/>\nqui a vu le jour en 2014.<\/p>\n<p><strong>DASH<\/strong><br \/>\nC'est l'une des monnaies les plus populaires sur le march\u00e9 latino-am\u00e9ricain, pour les raisons suivantes<br \/>\nLe groupe de travail sur les projets de marketing visant le m\u00eame groupe cible a pu se positionner au sein de l'Union europ\u00e9enne et de l'Union europ\u00e9enne.<br \/>\nce territoire.<br \/>\nIl s'agit \u00e9galement d'une monnaie num\u00e9rique bas\u00e9e sur l'id\u00e9e du bitcoin, mais<br \/>\nen apportant ses propres \u00e9l\u00e9ments, tels que les n\u0153uds ma\u00eetres.<br \/>\nComme indiqu\u00e9 plus haut, sa production est similaire \u00e0 celle de la grande pi\u00e8ce \"BTC\", avec un<br \/>\n18 900 000 pi\u00e8ces, qui devrait \u00eatre atteint en 2150.<br \/>\nDash s'appuie \u00e9galement sur les mineurs pour valider les transactions.<br \/>\nrecevoir le jeton Blockchain en guise de r\u00e9compense.<br \/>\nLes mineurs peuvent devenir des n\u0153uds principaux en d\u00e9posant un minimum de 1 000 euros.<br \/>\nDash. Ils b\u00e9n\u00e9ficient ainsi d'un niveau sup\u00e9rieur qui leur permet d'effectuer des op\u00e9rations critiques dans les domaines suivants<br \/>\nle r\u00e9seau.<\/p>\n<p><strong>VOYONS COMMENT FONCTIONNE LE DASH<\/strong><\/p>\n<p>Dash rend les esp\u00e8ces num\u00e9riques accessibles et faciles \u00e0 utiliser, m\u00eame pour les personnes handicap\u00e9es.<br \/>\nsans connaissances informatiques. Avec Dash, n'importe qui peut cr\u00e9er un<br \/>\nBlockchain, ajoutez une liste de vos contacts et transf\u00e9rez de l'argent par nom. D\u00e9j\u00e0<br \/>\nest accept\u00e9 par de nombreux syst\u00e8mes de paiement.<br \/>\nOutre sa d\u00e9centralisation, Dash garantit l'anonymat des transactions.<br \/>\nen raison de l'am\u00e9lioration des mesures de s\u00e9curit\u00e9.<\/p>\n<p><b>Qu'est-ce que Bitmain ?<\/b><\/p>\n<p><em>Bitmain<\/em>\u00a0est une entreprise bas\u00e9e \u00e0 P\u00e9kin, en Chine. Elle est consid\u00e9r\u00e9e comme l'une des entreprises les plus importantes de l'industrie des crypto-monnaies pour sa production de mat\u00e9riel de minage de haute qualit\u00e9 avec d'\u00e9normes capacit\u00e9s de minage et pour ses avanc\u00e9es technologiques. Elle est le plus grand concepteur de\u00a0<a href=\"https:\/\/www.minandovoy.com\/categoria\/mineros\/\">\u00e9quipement\u00a0<em>ASIC<\/em><\/a>\u00a0pour l'exploitation mini\u00e8re\u00a0<em>Bitcoin<\/em>.<\/p>\n<p>Bitmain est surtout connue pour son mat\u00e9riel Bitcoin, bien qu'elle s'int\u00e9resse \u00e0 des projets qui apportent de la solidit\u00e9 \u00e0 son activit\u00e9, comme Ethereum\/Ethereum Classic.<\/p>\n<p>En avril 2021, le grand constructeur a annonc\u00e9 le lancement d'une machine d'extraction d'Ethreum qui sera baptis\u00e9e,\u00a0<a href=\"https:\/\/www.asicminervalue.com\/miners\/bitmain\/antminer-e9-2-4gh\" target=\"_blank\" rel=\"noopener\">Antminer E9<\/a>. Cette v\u00e9ritable b\u00eate a une puissance \u00e9quivalente \u00e0 celle de 25 GPU Nvidia RTX 3080.<\/p>\n<p>&nbsp;<\/p>","protected":false},"excerpt":{"rendered":"<p>\u00bfConoces alg\u00fan modelo para la miner\u00eda de DASH? \u00a1Aqu\u00ed lo tienes! El modelo Antminer D9 de Bitmain cuenta con un hashrate m\u00e1ximo de 1.770GH con un consumo de 2.839W\/H. Esta m\u00e1quina mina el algoritmo X11, cuya moneda que destaca en \u00e9l es DASH, moneda que nace en 2014. DASH Es una de las monedas con [&hellip;]<\/p>\n","protected":false},"featured_media":1415,"comment_status":"open","ping_status":"closed","template":"","meta":[],"product_brand":[],"product_cat":[19],"product_tag":[244,138],"class_list":{"0":"post-1414","1":"product","2":"type-product","3":"status-publish","4":"has-post-thumbnail","6":"product_cat-mineros","7":"product_tag-gme","8":"product_tag-mineros-para-avanzados","10":"first","11":"instock","12":"taxable","13":"shipping-taxable","14":"purchasable","15":"product-type-simple"},"_links":{"self":[{"href":"https:\/\/pruebas.michollo.to\/fr\/wp-json\/wp\/v2\/product\/1414","targetHints":{"allow":["GET"]}}],"collection":[{"href":"https:\/\/pruebas.michollo.to\/fr\/wp-json\/wp\/v2\/product"}],"about":[{"href":"https:\/\/pruebas.michollo.to\/fr\/wp-json\/wp\/v2\/types\/product"}],"replies":[{"embeddable":true,"href":"https:\/\/pruebas.michollo.to\/fr\/wp-json\/wp\/v2\/comments?post=1414"}],"wp:featuredmedia":[{"embeddable":true,"href":"https:\/\/pruebas.michollo.to\/fr\/wp-json\/wp\/v2\/media\/1415"}],"wp:attachment":[{"href":"https:\/\/pruebas.michollo.to\/fr\/wp-json\/wp\/v2\/media?parent=1414"}],"wp:term":[{"taxonomy":"product_brand","embeddable":true,"href":"https:\/\/pruebas.michollo.to\/fr\/wp-json\/wp\/v2\/product_brand?post=1414"},{"taxonomy":"product_cat","embeddable":true,"href":"https:\/\/pruebas.michollo.to\/fr\/wp-json\/wp\/v2\/product_cat?post=1414"},{"taxonomy":"product_tag","embeddable":true,"href":"https:\/\/pruebas.michollo.to\/fr\/wp-json\/wp\/v2\/product_tag?post=1414"}],"curies":[{"name":"wp","href":"https:\/\/api.w.org\/{rel}","templated":true}]}}