{"id":1585,"date":"2023-03-15T09:37:33","date_gmt":"2023-03-15T11:37:33","guid":{"rendered":"https:\/\/www.minandovoy.com\/?post_type=product&#038;p=1585"},"modified":"2024-12-26T17:43:34","modified_gmt":"2024-12-26T16:43:34","slug":"fuente-de-alimentacion-corsair-1600w-reaconcionada","status":"publish","type":"product","link":"https:\/\/pruebas.michollo.to\/fr\/produit\/corsair-power-supply-1600w-refurbished\/","title":{"rendered":"Corsair 1600w Refurbished Power Supply"},"content":{"rendered":"<div id=\"product-description-short-11669\" class=\"rte-content product-description\">\n<p>Con\u00e7u avec les meilleurs composants, le bloc d'alimentation <strong>Corsair AX1600i<\/strong>\u00a0offre un rendement sup\u00e9rieur \u00e0 94% dans un format plus petit. Il est certifi\u00e9 80 PLUS Titanium et fournit une puissance de 1600W, garantissant un fonctionnement stable \u00e0 tout moment. De plus, elle est \u00e9quip\u00e9e d'un ventilateur de 140 mm avec mode z\u00e9ro RPM, ce qui lui permet de fonctionner presque silencieusement \u00e0 faible et moyenne charge. L'AX1600i de Corsair est l'alimentation ultime.<\/p>\n<\/div>\n<div class=\"product-description\">\n<div class=\"rte-content\">\n<p><b>Caract\u00e9ristiques<\/b><\/p>\n<ul>\n<li>Format : ATX<\/li>\n<li>Puissance 1600 W<\/li>\n<li>Efficacit\u00e9 80 PLUS Titanium<\/li>\n<li>Enti\u00e8rement modulaire<\/li>\n<li>Rail r\u00e9glable simple\/multi 12V : Oui<\/li>\n<li>ATX12V version : v2.4<\/li>\n<li>Temp\u00e9rature nominale de sortie continue C 50\u00b0C<\/li>\n<li>Puissance continue : 1600 W<\/li>\n<li>Technologie des paliers de ventilateur : palier \u00e0 dynamique fluide<\/li>\n<li>Taille du ventilateur : 140 mm<\/li>\n<li>MTBF : 100 000 heures<\/li>\n<li>Pr\u00eat pour le multi-GPU : Oui<\/li>\n<li>Mode z\u00e9ro RPM : Oui<\/li>\n<li>Compatibilit\u00e9 iCUE : Oui<\/li>\n<li>Type de c\u00e2ble : profil bas, enti\u00e8rement noir<\/li>\n<li>Version EPS12V : v2.92<\/li>\n<li>\u00c9tat de veille compatible Intel C6C7<\/li>\n<li>Moderne Compatible veille : Non<\/li>\n<li>Technologie sp\u00e9ciale : DSP, GaN Totem Pole PFC<\/li>\n<li>Circuits de protection OVP (Over Voltage) : UVP (Under Voltage) ; SCP (Short Circuit) ; OTP (Over Temp) ; OPP (Over Power)<\/li>\n<li>Dimensions 150mm x 86mm x 200mm<\/li>\n<\/ul>\n<\/div>\n<\/div>\n<p>&nbsp;<\/p>\n<p>*Les c\u00e2bles sont inclus, la bo\u00eete n'est pas incluse, le c\u00e2ble d'alimentation n'est pas inclus. Produit remis \u00e0 neuf.<\/p>","protected":false},"excerpt":{"rendered":"<p>Dise\u00f1ada con los mejores componentes, la fuente de alimentaci\u00f3n Corsair AX1600i\u00a0ofrece una eficiencia de m\u00e1s de 94% en un formato m\u00e1s peque\u00f1o. Cuenta con certificaci\u00f3n 80 PLUS Titanium y proporciona una potencia de 1600W, garantizando un funcionamiento estable en todo momento. Adem\u00e1s, ha sido provista de un ventilador de 140 mm con modo cero RPM, [&hellip;]<\/p>\n","protected":false},"featured_media":1586,"comment_status":"open","ping_status":"closed","template":"","meta":[],"product_brand":[],"product_cat":[20],"product_tag":[],"class_list":{"0":"post-1585","1":"product","2":"type-product","3":"status-publish","4":"has-post-thumbnail","6":"product_cat-componentes","8":"first","9":"outofstock","10":"sale","11":"taxable","12":"shipping-taxable","13":"purchasable","14":"product-type-simple"},"_links":{"self":[{"href":"https:\/\/pruebas.michollo.to\/fr\/wp-json\/wp\/v2\/product\/1585","targetHints":{"allow":["GET"]}}],"collection":[{"href":"https:\/\/pruebas.michollo.to\/fr\/wp-json\/wp\/v2\/product"}],"about":[{"href":"https:\/\/pruebas.michollo.to\/fr\/wp-json\/wp\/v2\/types\/product"}],"replies":[{"embeddable":true,"href":"https:\/\/pruebas.michollo.to\/fr\/wp-json\/wp\/v2\/comments?post=1585"}],"wp:featuredmedia":[{"embeddable":true,"href":"https:\/\/pruebas.michollo.to\/fr\/wp-json\/wp\/v2\/media\/1586"}],"wp:attachment":[{"href":"https:\/\/pruebas.michollo.to\/fr\/wp-json\/wp\/v2\/media?parent=1585"}],"wp:term":[{"taxonomy":"product_brand","embeddable":true,"href":"https:\/\/pruebas.michollo.to\/fr\/wp-json\/wp\/v2\/product_brand?post=1585"},{"taxonomy":"product_cat","embeddable":true,"href":"https:\/\/pruebas.michollo.to\/fr\/wp-json\/wp\/v2\/product_cat?post=1585"},{"taxonomy":"product_tag","embeddable":true,"href":"https:\/\/pruebas.michollo.to\/fr\/wp-json\/wp\/v2\/product_tag?post=1585"}],"curies":[{"name":"wp","href":"https:\/\/api.w.org\/{rel}","templated":true}]}}