{"id":16000,"date":"2024-11-09T13:57:14","date_gmt":"2024-11-09T12:57:14","guid":{"rendered":"https:\/\/www.minandovoy.com\/?post_type=product&#038;p=16000"},"modified":"2025-09-05T13:20:58","modified_gmt":"2025-09-05T11:20:58","slug":"jasminer-x44-p-batch-enero-etczil","status":"publish","type":"product","link":"https:\/\/pruebas.michollo.to\/fr\/produit\/jasminer-x44-p-batch-january-etczil\/","title":{"rendered":"Jasminer X44-P - Le meilleur ASIC pour l'exploitation mini\u00e8re ETC+ZIL"},"content":{"rendered":"<p>Les <strong>Jasminer X44-P<\/strong> est une machine de minage de pointe con\u00e7ue pour offrir des performances sup\u00e9rieures avec un taux de hachage impressionnant de 23,4 Gh\/s, tout en maintenant une consommation d'\u00e9nergie efficace de seulement 2340W. Ce mineur est optimis\u00e9 pour les crypto-monnaies. <strong>Ethereum Classic (ETC)<\/strong> y <strong>Zilliqa (ZIL)<\/strong>ce qui en fait un choix id\u00e9al pour les mineurs qui cherchent \u00e0 maximiser leur rentabilit\u00e9 avec une op\u00e9ration efficace.<\/p>\n<div class=\"asicminer-widget-container\" style=\"width: 100%; min-height: 300px;\">\n            <iframe id=\"asicminer-widget-9539\" \n                    src=\"https:\/\/pruebas.michollo.to\/wp-content\/themes\/minandovoy\/proxy-widget.php?miner=jasminer\/x44-p&#038;type=profit&#038;theme=dark\" \n                    width=\"100%\" \n                    height=\"300\" \n                    frameborder=\"0\"\n                    loading=\"lazy\"\n                    style=\"border: none; overflow: hidden;\"\n                    title=\"ASIC Miner Widget\">\n            <\/iframe>\n        <\/div>\n<h3>Caract\u00e9ristiques principales :<\/h3>\n<p><strong>1. une puissance de hachage exceptionnelle<\/strong><br \/>\nAvec un taux de hachage impressionnant de <strong>23 400 MH\/s<\/strong>Le Jasminer X44-P permet un minage rapide et efficace, garantissant que chaque op\u00e9ration est r\u00e9alis\u00e9e avec des performances optimales. Cette puissance lui permet de traiter efficacement les blocs, optimisant ainsi les chances de g\u00e9n\u00e9rer des r\u00e9compenses dans les crypto-monnaies s\u00e9lectionn\u00e9es.<\/p>\n<p><strong>2. Am\u00e9lioration de l'efficacit\u00e9 \u00e9nerg\u00e9tique<\/strong><br \/>\nLe Jasminer X44-P a \u00e9t\u00e9 con\u00e7u pour offrir des performances \u00e9lev\u00e9es tout en minimisant la consommation d'\u00e9nergie. Avec une consommation d'\u00e9nergie de seulement <strong>2340 W<\/strong>En outre, l'\u00e9quipement atteint un \u00e9quilibre parfait entre la puissance de traitement et l'efficacit\u00e9 \u00e9nerg\u00e9tique. Cela permet de r\u00e9duire les co\u00fbts d'exploitation et d'augmenter la rentabilit\u00e9 \u00e0 long terme.<\/p>\n<p><strong>3. le double minage de crypto-monnaies<\/strong><br \/>\nCe mineur est compatible avec l'exploitation double de <strong>Ethereum Classic (ETC)<\/strong> y <strong>Zilliqa (ZIL)<\/strong>Les mineurs peuvent ainsi diversifier leurs sources de revenus en exploitant simultan\u00e9ment deux cryptomonnaies. Cette double flexibilit\u00e9 de minage offre une plus grande rentabilit\u00e9 et optimise les performances op\u00e9rationnelles.<\/p>\n<p><strong>4. Syst\u00e8me de refroidissement avanc\u00e9<\/strong><br \/>\nLe Jasminer X44-P est \u00e9quip\u00e9 d'un <strong>syst\u00e8me de refroidissement de pointe<\/strong>con\u00e7u pour maintenir une temp\u00e9rature de fonctionnement stable, m\u00eame pendant de longues p\u00e9riodes d'utilisation intensive. Ce syst\u00e8me permet non seulement d'\u00e9viter la surchauffe, mais aussi de prolonger la dur\u00e9e de vie de l'\u00e9quipement, en garantissant des performances fiables et constantes.<\/p>\n<p><strong>5. Conception robuste et fiable<\/strong><br \/>\nLe Jasminer X44-P est con\u00e7u pour r\u00e9pondre aux exigences des op\u00e9rations mini\u00e8res \u00e0 grande \u00e9chelle, en garantissant une stabilit\u00e9 et une durabilit\u00e9 \u00e0 long terme. Gr\u00e2ce \u00e0 sa construction robuste et \u00e0 son syst\u00e8me de refroidissement efficace, ce mineur est id\u00e9al pour ceux qui recherchent la fiabilit\u00e9 et des performances constantes dans le temps.<\/p>\n<h3>Pourquoi choisir le Jasminer X44-P ?<\/h3>\n<p>Les <strong>Jasminer X44-P<\/strong> est le choix parfait pour ceux qui veulent un mineur puissant et efficace. Avec son taux de hachage \u00e9lev\u00e9, sa faible consommation d'\u00e9nergie et sa capacit\u00e9 \u00e0 effectuer un double minage, cette machine est id\u00e9ale pour ceux qui cherchent \u00e0 optimiser leur rentabilit\u00e9 dans le minage des devises. <strong>Ethereum Classic (ETC)<\/strong> y <strong>Zilliqa (ZIL)<\/strong>. En outre, son syst\u00e8me de refroidissement avanc\u00e9 et sa conception robuste garantissent un fonctionnement stable et durable.<\/p>","protected":false},"excerpt":{"rendered":"<p>El Jasminer X44-P es un equipo de miner\u00eda de vanguardia dise\u00f1ado para ofrecer un rendimiento superior con una tasa de hash impresionante de 23.4 Gh\/s, mientras mantiene un consumo energ\u00e9tico eficiente de solo 2340 W. Este minero est\u00e1 optimizado para las criptomonedas Ethereum Classic (ETC) y Zilliqa (ZIL), lo que lo convierte en una opci\u00f3n [&hellip;]<\/p>\n","protected":false},"featured_media":16004,"comment_status":"open","ping_status":"closed","template":"","meta":[],"product_brand":[],"product_cat":[19],"product_tag":[52,244,138,139,137],"class_list":{"0":"post-16000","1":"product","2":"type-product","3":"status-publish","4":"has-post-thumbnail","6":"product_cat-mineros","7":"product_tag-asic","8":"product_tag-gme","9":"product_tag-mineros-para-avanzados","10":"product_tag-mineros-para-expertos","11":"product_tag-mineros-para-principiantes","13":"first","14":"instock","15":"taxable","16":"shipping-taxable","17":"purchasable","18":"product-type-simple"},"_links":{"self":[{"href":"https:\/\/pruebas.michollo.to\/fr\/wp-json\/wp\/v2\/product\/16000","targetHints":{"allow":["GET"]}}],"collection":[{"href":"https:\/\/pruebas.michollo.to\/fr\/wp-json\/wp\/v2\/product"}],"about":[{"href":"https:\/\/pruebas.michollo.to\/fr\/wp-json\/wp\/v2\/types\/product"}],"replies":[{"embeddable":true,"href":"https:\/\/pruebas.michollo.to\/fr\/wp-json\/wp\/v2\/comments?post=16000"}],"wp:featuredmedia":[{"embeddable":true,"href":"https:\/\/pruebas.michollo.to\/fr\/wp-json\/wp\/v2\/media\/16004"}],"wp:attachment":[{"href":"https:\/\/pruebas.michollo.to\/fr\/wp-json\/wp\/v2\/media?parent=16000"}],"wp:term":[{"taxonomy":"product_brand","embeddable":true,"href":"https:\/\/pruebas.michollo.to\/fr\/wp-json\/wp\/v2\/product_brand?post=16000"},{"taxonomy":"product_cat","embeddable":true,"href":"https:\/\/pruebas.michollo.to\/fr\/wp-json\/wp\/v2\/product_cat?post=16000"},{"taxonomy":"product_tag","embeddable":true,"href":"https:\/\/pruebas.michollo.to\/fr\/wp-json\/wp\/v2\/product_tag?post=16000"}],"curies":[{"name":"wp","href":"https:\/\/api.w.org\/{rel}","templated":true}]}}