{"id":16206,"date":"2024-11-14T17:00:30","date_gmt":"2024-11-14T16:00:30","guid":{"rendered":"https:\/\/www.minandovoy.com\/?post_type=product&#038;p=16206"},"modified":"2025-08-06T12:31:00","modified_gmt":"2025-08-06T10:31:00","slug":"goldshell-dg-max-6-5gh-calidad-para-el-minado-de-doge-con-un-precio-imbatible","status":"publish","type":"product","link":"https:\/\/pruebas.michollo.to\/fr\/produit\/goldshell-dg-max-6-5gh-doge-mining-qualite-a-un-prix-imbattable\/","title":{"rendered":"GOLDSHELL DG MAX 6.5GH - La qualit\u00e9 pour l'exploitation mini\u00e8re DOGE \u00e0 un prix imbattable"},"content":{"rendered":"<p><strong>Goldshell DG Max - Puissance mini\u00e8re haute performance<\/strong><\/p>\n<p>Voici le Goldshell DG Max, un \u00e9quipement essentiel pour les amateurs de minage de crypto-monnaies. Cet appareil haute performance offre un taux de hachage de 6,5 GH\/s, optimis\u00e9 pour maximiser les profits dans le minage de LTC et DOGE. Avec une consommation \u00e9lectrique de 3400W, le DG Max combine puissance et efficacit\u00e9, id\u00e9al pour ceux qui cherchent \u00e0 augmenter leurs rendements miniers.<\/p>\n<div class=\"asicminer-widget-container\" style=\"width: 100%; min-height: 300px;\">\n            <iframe id=\"asicminer-widget-3775\" \n                    src=\"https:\/\/pruebas.michollo.to\/wp-content\/themes\/minandovoy\/proxy-widget.php?miner=goldshell\/dg-max&#038;type=profit&#038;theme=dark\" \n                    width=\"100%\" \n                    height=\"300\" \n                    frameborder=\"0\"\n                    loading=\"lazy\"\n                    style=\"border: none; overflow: hidden;\"\n                    title=\"ASIC Miner Widget\">\n            <\/iframe>\n        <\/div>\n<p>Lanc\u00e9 en novembre 2024, le DG Max pr\u00e9sente un design compact et robuste, pesant seulement 8,5 kg et mesurant 200 x 264 x 290 mm, ce qui en fait une option pratique et portable. Son syst\u00e8me de refroidissement par air \u00e0 double ventilateur maintient la temp\u00e9rature entre 5\u00b0C et 45\u00b0C, avec un niveau sonore de 70db pour un fonctionnement confortable et ininterrompu.<\/p>\n<p>Il prend en charge une large plage de tension (100-240V) et une connexion Ethernet, ce qui garantit des performances stables et continues \u00e0 tout moment. Si vous appr\u00e9ciez la puissance et l'efficacit\u00e9 dans votre installation mini\u00e8re, le Goldshell DG Max est un compl\u00e9ment indispensable.<\/p>","protected":false},"excerpt":{"rendered":"<p>Goldshell DG Max &#8211; Potencia de Miner\u00eda de Alto Rendimiento Presentamos el Goldshell DG Max, un equipo esencial para entusiastas de la miner\u00eda de criptomonedas. Este dispositivo de alto rendimiento ofrece una tasa de hash de 6.5 GH\/s, optimizado para maximizar las ganancias en la miner\u00eda de LTC y DOGE. Con un consumo de energ\u00eda [&hellip;]<\/p>\n","protected":false},"featured_media":16207,"comment_status":"open","ping_status":"closed","template":"","meta":[],"product_brand":[],"product_cat":[15],"product_tag":[52,244,139,137],"class_list":{"0":"post-16206","1":"product","2":"type-product","3":"status-publish","4":"has-post-thumbnail","6":"product_cat-sin-categorizar","7":"product_tag-asic","8":"product_tag-gme","9":"product_tag-mineros-para-expertos","10":"product_tag-mineros-para-principiantes","12":"first","13":"instock","14":"featured","15":"taxable","16":"shipping-taxable","17":"purchasable","18":"product-type-simple"},"_links":{"self":[{"href":"https:\/\/pruebas.michollo.to\/fr\/wp-json\/wp\/v2\/product\/16206","targetHints":{"allow":["GET"]}}],"collection":[{"href":"https:\/\/pruebas.michollo.to\/fr\/wp-json\/wp\/v2\/product"}],"about":[{"href":"https:\/\/pruebas.michollo.to\/fr\/wp-json\/wp\/v2\/types\/product"}],"replies":[{"embeddable":true,"href":"https:\/\/pruebas.michollo.to\/fr\/wp-json\/wp\/v2\/comments?post=16206"}],"wp:featuredmedia":[{"embeddable":true,"href":"https:\/\/pruebas.michollo.to\/fr\/wp-json\/wp\/v2\/media\/16207"}],"wp:attachment":[{"href":"https:\/\/pruebas.michollo.to\/fr\/wp-json\/wp\/v2\/media?parent=16206"}],"wp:term":[{"taxonomy":"product_brand","embeddable":true,"href":"https:\/\/pruebas.michollo.to\/fr\/wp-json\/wp\/v2\/product_brand?post=16206"},{"taxonomy":"product_cat","embeddable":true,"href":"https:\/\/pruebas.michollo.to\/fr\/wp-json\/wp\/v2\/product_cat?post=16206"},{"taxonomy":"product_tag","embeddable":true,"href":"https:\/\/pruebas.michollo.to\/fr\/wp-json\/wp\/v2\/product_tag?post=16206"}],"curies":[{"name":"wp","href":"https:\/\/api.w.org\/{rel}","templated":true}]}}