{"id":16318,"date":"2024-11-21T12:50:06","date_gmt":"2024-11-21T11:50:06","guid":{"rendered":"https:\/\/www.minandovoy.com\/?post_type=product&#038;p=16318"},"modified":"2026-02-23T13:17:05","modified_gmt":"2026-02-23T12:17:05","slug":"elphapex-dg-home-1","status":"publish","type":"product","link":"https:\/\/pruebas.michollo.to\/fr\/produit\/elphapex-dg-home-1\/","title":{"rendered":"Elphapex DG Home 1"},"content":{"rendered":"<p><strong>Elphapex DG HOME 1<\/strong> est le miner Scrypt domestique ultime, con\u00e7u pour combiner l'efficacit\u00e9, le silence et la performance dans un seul appareil. Compatible avec toutes les principales crypto-monnaies, y compris <strong>LTC<\/strong> y <strong>DOGE<\/strong>offre un taux de hachage impressionnant de <strong>2 GH\/s<\/strong> avec une consommation d'\u00e9nergie r\u00e9duite de seulement <strong>620 W<\/strong>. Son niveau de bruit ultra faible de <strong>50 dB<\/strong> garantit un fonctionnement discret, id\u00e9al pour les environnements domestiques. Que vous d\u00e9butiez dans l'exploitation mini\u00e8re ou que vous recherchiez un \u00e9quipement fiable pour votre domicile, l'Elphapex DG HOME 1 est la solution id\u00e9ale.<\/p>\n<div class=\"asicminer-widget-container\" style=\"width: 100%; min-height: 300px;\">\n            <iframe id=\"asicminer-widget-9351\" \n                    src=\"https:\/\/pruebas.michollo.to\/wp-content\/themes\/minandovoy\/proxy-widget.php?miner=elphapex\/dg-home-1&#038;type=profit&#038;theme=dark\" \n                    width=\"100%\" \n                    height=\"300\" \n                    frameborder=\"0\"\n                    loading=\"lazy\"\n                    style=\"border: none; overflow: hidden;\"\n                    title=\"ASIC Miner Widget\">\n            <\/iframe>\n        <\/div>\n<h3 class=\"\" data-start=\"166\" data-end=\"198\">\ud83d\udd27 Sp\u00e9cifications techniques<\/h3>\n<table class=\"w-full\">\n<tbody>\n<tr class=\"odd:bg-transparent even:bg-gray-1 odd:dark:bg-transparent even:dark:bg-black\/80\">\n<td class=\"min-w-40 py-1 pl-2\">Fabricant<\/td>\n<td class=\"pr-2 text-right\">ElphaPex<\/td>\n<\/tr>\n<tr class=\"odd:bg-transparent even:bg-gray-1 odd:dark:bg-transparent even:dark:bg-black\/80\">\n<td class=\"min-w-40 py-1 pl-2\">Mod\u00e8le<\/td>\n<td class=\"pr-2 text-right\">DG Home 1<\/td>\n<\/tr>\n<tr class=\"odd:bg-transparent even:bg-gray-1 odd:dark:bg-transparent even:dark:bg-black\/80\">\n<td class=\"min-w-40 py-1 pl-2\">\u00c9galement connu sous le nom de<\/td>\n<td class=\"pr-2 text-right\">DG Home 1 (2000M)<\/td>\n<\/tr>\n<tr class=\"odd:bg-transparent even:bg-gray-1 odd:dark:bg-transparent even:dark:bg-black\/80\">\n<td class=\"min-w-40 py-1 pl-2\">Lancement<\/td>\n<td class=\"pr-2 text-right\">Oct 2024<\/td>\n<\/tr>\n<tr class=\"odd:bg-transparent even:bg-gray-1 odd:dark:bg-transparent even:dark:bg-black\/80\">\n<td class=\"min-w-40 py-1 pl-2\">Niveau sonore<\/td>\n<td class=\"pr-2 text-right\">50dB<\/td>\n<\/tr>\n<tr class=\"odd:bg-transparent even:bg-gray-1 odd:dark:bg-transparent even:dark:bg-black\/80\">\n<td class=\"min-w-40 py-1 pl-2\">Refroidissement<\/td>\n<td class=\"pr-2 text-right\">Liquid cooling<\/td>\n<\/tr>\n<tr class=\"odd:bg-transparent even:bg-gray-1 odd:dark:bg-transparent even:dark:bg-black\/80\">\n<td class=\"min-w-40 py-1 pl-2\">Puissance<\/td>\n<td class=\"pr-2 text-right\">620W<\/td>\n<\/tr>\n<tr class=\"odd:bg-transparent even:bg-gray-1 odd:dark:bg-transparent even:dark:bg-black\/80\">\n<td class=\"min-w-40 py-1 pl-2\">Interface<\/td>\n<td class=\"pr-2 text-right\">Ethernet 10\/100M<\/td>\n<\/tr>\n<tr class=\"odd:bg-transparent even:bg-gray-1 odd:dark:bg-transparent even:dark:bg-black\/80\">\n<td class=\"min-w-40 py-1 pl-2\">Temp\u00e9rature<\/td>\n<td class=\"pr-2 text-right\">5 - 45 \u00b0C<\/td>\n<\/tr>\n<tr class=\"odd:bg-transparent even:bg-gray-1 odd:dark:bg-transparent even:dark:bg-black\/80\">\n<td class=\"min-w-40 py-1 pl-2\">Humidit\u00e9<\/td>\n<td class=\"pr-2 text-right\">5 &#8211; 95 %<\/td>\n<\/tr>\n<\/tbody>\n<\/table>","protected":false},"excerpt":{"rendered":"<p>Elphapex DG HOME 1 es el minero Scrypt dom\u00e9stico definitivo, dise\u00f1ado para combinar eficiencia, silencio y rendimiento en un solo dispositivo. Compatible con las principales criptomonedas como LTC y DOGE, ofrece una impresionante tasa de hash de 2 GH\/s con un consumo energ\u00e9tico reducido de solo 620 W. Su nivel de ruido ultrabajo de 50 [&hellip;]<\/p>\n","protected":false},"featured_media":18960,"comment_status":"open","ping_status":"closed","template":"","meta":[],"product_brand":[],"product_cat":[19],"product_tag":[244,137],"class_list":{"0":"post-16318","1":"product","2":"type-product","3":"status-publish","4":"has-post-thumbnail","6":"product_cat-mineros","7":"product_tag-gme","8":"product_tag-mineros-para-principiantes","10":"first","11":"instock","12":"taxable","13":"shipping-taxable","14":"purchasable","15":"product-type-simple"},"_links":{"self":[{"href":"https:\/\/pruebas.michollo.to\/fr\/wp-json\/wp\/v2\/product\/16318","targetHints":{"allow":["GET"]}}],"collection":[{"href":"https:\/\/pruebas.michollo.to\/fr\/wp-json\/wp\/v2\/product"}],"about":[{"href":"https:\/\/pruebas.michollo.to\/fr\/wp-json\/wp\/v2\/types\/product"}],"replies":[{"embeddable":true,"href":"https:\/\/pruebas.michollo.to\/fr\/wp-json\/wp\/v2\/comments?post=16318"}],"wp:featuredmedia":[{"embeddable":true,"href":"https:\/\/pruebas.michollo.to\/fr\/wp-json\/wp\/v2\/media\/18960"}],"wp:attachment":[{"href":"https:\/\/pruebas.michollo.to\/fr\/wp-json\/wp\/v2\/media?parent=16318"}],"wp:term":[{"taxonomy":"product_brand","embeddable":true,"href":"https:\/\/pruebas.michollo.to\/fr\/wp-json\/wp\/v2\/product_brand?post=16318"},{"taxonomy":"product_cat","embeddable":true,"href":"https:\/\/pruebas.michollo.to\/fr\/wp-json\/wp\/v2\/product_cat?post=16318"},{"taxonomy":"product_tag","embeddable":true,"href":"https:\/\/pruebas.michollo.to\/fr\/wp-json\/wp\/v2\/product_tag?post=16318"}],"curies":[{"name":"wp","href":"https:\/\/api.w.org\/{rel}","templated":true}]}}