{"id":1635,"date":"2023-03-24T14:17:50","date_gmt":"2023-03-24T16:17:50","guid":{"rendered":"https:\/\/www.minandovoy.com\/?post_type=product&#038;p=1635"},"modified":"2025-05-09T14:47:16","modified_gmt":"2025-05-09T12:47:16","slug":"veddha-minercase-t3-6gpus","status":"publish","type":"product","link":"https:\/\/pruebas.michollo.to\/fr\/produit\/veddha-minercase-t3-6gpus\/","title":{"rendered":"Veddha Minercase t3 6gpus"},"content":{"rendered":"<p>Structure id\u00e9ale pour le montage de plates-formes mini\u00e8res ou d'\u00e9quipements pour diff\u00e9rentes applications avec plusieurs cartes graphiques.<\/p>\n<p><img loading=\"lazy\" decoding=\"async\" class=\"alignnone wp-image-1637\" src=\"https:\/\/www.minandovoy.com\/wp-content\/uploads\/2023\/03\/faef.jpg\" alt=\"\" width=\"387\" height=\"330\" srcset=\"https:\/\/pruebas.michollo.to\/wp-content\/uploads\/2023\/03\/faef.jpg 534w, https:\/\/pruebas.michollo.to\/wp-content\/uploads\/2023\/03\/faef-300x256.jpg 300w, https:\/\/pruebas.michollo.to\/wp-content\/uploads\/2023\/03\/faef-14x12.jpg 14w, https:\/\/pruebas.michollo.to\/wp-content\/uploads\/2023\/03\/faef-20x17.jpg 20w, https:\/\/pruebas.michollo.to\/wp-content\/uploads\/2023\/03\/faef-56x48.jpg 56w, https:\/\/pruebas.michollo.to\/wp-content\/uploads\/2023\/03\/faef-28x24.jpg 28w, https:\/\/pruebas.michollo.to\/wp-content\/uploads\/2023\/03\/faef-73x62.jpg 73w, https:\/\/pruebas.michollo.to\/wp-content\/uploads\/2023\/03\/faef-170x145.jpg 170w, https:\/\/pruebas.michollo.to\/wp-content\/uploads\/2023\/03\/faef-65x55.jpg 65w, https:\/\/pruebas.michollo.to\/wp-content\/uploads\/2023\/03\/faef-81x69.jpg 81w, https:\/\/pruebas.michollo.to\/wp-content\/uploads\/2023\/03\/faef-50x43.jpg 50w, https:\/\/pruebas.michollo.to\/wp-content\/uploads\/2023\/03\/faef-60x51.jpg 60w, https:\/\/pruebas.michollo.to\/wp-content\/uploads\/2023\/03\/faef-247x210.jpg 247w, https:\/\/pruebas.michollo.to\/wp-content\/uploads\/2023\/03\/faef-19x16.jpg 19w, https:\/\/pruebas.michollo.to\/wp-content\/uploads\/2023\/03\/faef-284x242.jpg 284w, https:\/\/pruebas.michollo.to\/wp-content\/uploads\/2023\/03\/faef-244x208.jpg 244w\" sizes=\"auto, (max-width: 387px) 100vw, 387px\" \/><\/p>\n<p>Caract\u00e9ristiques :<br \/>\nPrise en charge de 6 GPU<br \/>\nPrise en charge de 4 ventilateurs de 120 mm<br \/>\nPrise en charge d'une double alimentation<br \/>\nATX\/MATX<br \/>\nBouton d'alimentation<br \/>\nTaille : 55cm x 38cm x 37cm<br \/>\nPoids : 3 kg<\/p>\n<p>-Comprend des vis pour fixer les cartes graphiques.<br \/>\nComprend des crampons antid\u00e9rapants.<br \/>\n-Comprend les vis de la carte m\u00e8re.<br \/>\n-Comprend des trous pour localiser chacune des pi\u00e8ces comme indiqu\u00e9 dans le manuel.<br \/>\n-Adaptable \u00e0 2 sources<br \/>\n- Adaptateurs et vis pour les ventilateurs inclus<br \/>\n- Les ventilateurs ne sont pas inclus.<\/p>","protected":false},"excerpt":{"rendered":"<p>Estructura ideal para montar rigs de miner\u00eda o equipos para diferentes aplicaciones con varias tarjetas gr\u00e1ficas. Caracter\u00edsticas: Soporte para 6 GPU Soporte para 4 Ventiladores de 120mm Soporte para Doble Fuente de Alimentaci\u00f3n ATX\/MATX Bot\u00f3n de Encendido Tama\u00f1o: 55cm x 38cm x 37cm Peso: 3kg -Incluye tornillos para ajustar placas gr\u00e1ficas. -Incluye tacos antideslizante. -Incluye [&hellip;]<\/p>\n","protected":false},"featured_media":1636,"comment_status":"open","ping_status":"closed","template":"","meta":[],"product_brand":[],"product_cat":[15,20,18],"product_tag":[],"class_list":{"0":"post-1635","1":"product","2":"type-product","3":"status-publish","4":"has-post-thumbnail","6":"product_cat-sin-categorizar","7":"product_cat-componentes","8":"product_cat-rigs-de-gpu","10":"first","11":"outofstock","12":"sale","13":"taxable","14":"shipping-taxable","15":"purchasable","16":"product-type-simple"},"_links":{"self":[{"href":"https:\/\/pruebas.michollo.to\/fr\/wp-json\/wp\/v2\/product\/1635","targetHints":{"allow":["GET"]}}],"collection":[{"href":"https:\/\/pruebas.michollo.to\/fr\/wp-json\/wp\/v2\/product"}],"about":[{"href":"https:\/\/pruebas.michollo.to\/fr\/wp-json\/wp\/v2\/types\/product"}],"replies":[{"embeddable":true,"href":"https:\/\/pruebas.michollo.to\/fr\/wp-json\/wp\/v2\/comments?post=1635"}],"wp:featuredmedia":[{"embeddable":true,"href":"https:\/\/pruebas.michollo.to\/fr\/wp-json\/wp\/v2\/media\/1636"}],"wp:attachment":[{"href":"https:\/\/pruebas.michollo.to\/fr\/wp-json\/wp\/v2\/media?parent=1635"}],"wp:term":[{"taxonomy":"product_brand","embeddable":true,"href":"https:\/\/pruebas.michollo.to\/fr\/wp-json\/wp\/v2\/product_brand?post=1635"},{"taxonomy":"product_cat","embeddable":true,"href":"https:\/\/pruebas.michollo.to\/fr\/wp-json\/wp\/v2\/product_cat?post=1635"},{"taxonomy":"product_tag","embeddable":true,"href":"https:\/\/pruebas.michollo.to\/fr\/wp-json\/wp\/v2\/product_tag?post=1635"}],"curies":[{"name":"wp","href":"https:\/\/api.w.org\/{rel}","templated":true}]}}