{"id":16444,"date":"2024-11-28T12:22:07","date_gmt":"2024-11-28T11:22:07","guid":{"rendered":"https:\/\/www.minandovoy.com\/?post_type=product&#038;p=16444"},"modified":"2025-08-06T18:13:28","modified_gmt":"2025-08-06T16:13:28","slug":"goldshell-lt6","status":"publish","type":"product","link":"https:\/\/pruebas.michollo.to\/fr\/produit\/goldshell-lt6\/","title":{"rendered":"Coquille d'or LT6"},"content":{"rendered":"<p><span class=\"font-semibold text-dark\/70 dark:text-white\/70\">Coquille d'or LT6<\/span>\u00a0est un mineur ASIC con\u00e7u pour\u00a0<span class=\"font-semibold text-dark\/70 dark:text-white\/70\">l'algorithme Scrypt<\/span>visant sp\u00e9cifiquement \u00e0\u00a0<span class=\"font-semibold text-dark\/70 dark:text-white\/70\">DOGE (Dogecoin)<\/span>\u00a0y\u00a0<span class=\"font-semibold text-dark\/70 dark:text-white\/70\">LTC (Litecoin)<\/span>. Fournit un taux de hachage maximal de\u00a0<span class=\"font-semibold text-dark\/70 dark:text-white\/70\">3,35Gh\/s<\/span>\u00a0en visitant\u00a0<span class=\"font-semibold text-dark\/70 dark:text-white\/70\">3200W\u00a0<\/span>de puissance, ce qui se traduit par une efficacit\u00e9 \u00e9nerg\u00e9tique de\u00a0<span class=\"font-semibold text-dark\/70 dark:text-white\/70\">0,955j\/Mh<\/span>.<\/p>\n<div class=\"asicminer-widget-container\" style=\"width: 100%; min-height: 300px;\">\n            <iframe id=\"asicminer-widget-2068\" \n                    src=\"https:\/\/pruebas.michollo.to\/wp-content\/themes\/minandovoy\/proxy-widget.php?miner=goldshell\/lt6&#038;type=profit&#038;theme=dark\" \n                    width=\"100%\" \n                    height=\"300\" \n                    frameborder=\"0\"\n                    loading=\"lazy\"\n                    style=\"border: none; overflow: hidden;\"\n                    title=\"ASIC Miner Widget\">\n            <\/iframe>\n        <\/div>","protected":false},"excerpt":{"rendered":"<p>Goldshell LT6 est un mineur ASIC con\u00e7u pour l'algorithme Scrypt, ciblant sp\u00e9cifiquement DOGE (Dogecoin) et LTC (Litecoin). Il fournit un taux de hachage maximal de 3,35Gh\/s tout en consommant 3200W d'\u00e9nergie, ce qui donne une efficacit\u00e9 \u00e9nerg\u00e9tique de 0,955j\/Mh.<\/p>","protected":false},"featured_media":16445,"comment_status":"open","ping_status":"closed","template":"","meta":[],"product_brand":[],"product_cat":[19],"product_tag":[244,138,137],"class_list":{"0":"post-16444","1":"product","2":"type-product","3":"status-publish","4":"has-post-thumbnail","6":"product_cat-mineros","7":"product_tag-gme","8":"product_tag-mineros-para-avanzados","9":"product_tag-mineros-para-principiantes","11":"first","12":"outofstock","13":"taxable","14":"shipping-taxable","15":"purchasable","16":"product-type-simple"},"_links":{"self":[{"href":"https:\/\/pruebas.michollo.to\/fr\/wp-json\/wp\/v2\/product\/16444","targetHints":{"allow":["GET"]}}],"collection":[{"href":"https:\/\/pruebas.michollo.to\/fr\/wp-json\/wp\/v2\/product"}],"about":[{"href":"https:\/\/pruebas.michollo.to\/fr\/wp-json\/wp\/v2\/types\/product"}],"replies":[{"embeddable":true,"href":"https:\/\/pruebas.michollo.to\/fr\/wp-json\/wp\/v2\/comments?post=16444"}],"wp:featuredmedia":[{"embeddable":true,"href":"https:\/\/pruebas.michollo.to\/fr\/wp-json\/wp\/v2\/media\/16445"}],"wp:attachment":[{"href":"https:\/\/pruebas.michollo.to\/fr\/wp-json\/wp\/v2\/media?parent=16444"}],"wp:term":[{"taxonomy":"product_brand","embeddable":true,"href":"https:\/\/pruebas.michollo.to\/fr\/wp-json\/wp\/v2\/product_brand?post=16444"},{"taxonomy":"product_cat","embeddable":true,"href":"https:\/\/pruebas.michollo.to\/fr\/wp-json\/wp\/v2\/product_cat?post=16444"},{"taxonomy":"product_tag","embeddable":true,"href":"https:\/\/pruebas.michollo.to\/fr\/wp-json\/wp\/v2\/product_tag?post=16444"}],"curies":[{"name":"wp","href":"https:\/\/api.w.org\/{rel}","templated":true}]}}