{"id":16841,"date":"2024-12-24T11:40:16","date_gmt":"2024-12-24T10:40:16","guid":{"rendered":"https:\/\/www.minandovoy.com\/?post_type=product&#038;p=16841"},"modified":"2025-08-06T18:14:15","modified_gmt":"2025-08-06T16:14:15","slug":"ibelink-bm-l3-3-2gh","status":"publish","type":"product","link":"https:\/\/pruebas.michollo.to\/fr\/produit\/ibelink-bm-l3-3-2gh\/","title":{"rendered":"IBELINK BM-L3 3.2GH"},"content":{"rendered":"<p style=\"text-align: left;\">Le iBeLink BM-L3 est le dernier mineur ASIC d'iBeLink pour l'algorithme Scrypt, et marque une \u00e9tape importante dans sa gamme de produits.<\/p>\n<div class=\"asicminer-widget-container\" style=\"width: 100%; min-height: 300px;\">\n            <iframe id=\"asicminer-widget-7486\" \n                    src=\"https:\/\/pruebas.michollo.to\/wp-content\/themes\/minandovoy\/proxy-widget.php?miner=ibelink\/bm-l3&#038;type=profit&#038;theme=dark\" \n                    width=\"100%\" \n                    height=\"300\" \n                    frameborder=\"0\"\n                    loading=\"lazy\"\n                    style=\"border: none; overflow: hidden;\"\n                    title=\"ASIC Miner Widget\">\n            <\/iframe>\n        <\/div>\n<p style=\"text-align: left;\">Con\u00e7ue sp\u00e9cifiquement pour l'extraction de Dogecoin (DOGE) et de Litecoin (LTC), iBeLink BM-L3 offre un taux de hachage impressionnant allant jusqu'\u00e0 3,2 Gh\/s avec une consommation d'\u00e9nergie de 3 000 W en mode haute performance. Ce mode est id\u00e9al pour les fermes mini\u00e8res \u00e0 grande \u00e9chelle, qui privil\u00e9gient un d\u00e9bit maximal. Pour les environnements plus silencieux, comme les maisons ou les bureaux, l'iBeLink BM-L3 dispose \u00e9galement d'un mode silencieux, qui offre un taux de hachage de 2,8 Gh\/s avec une consommation d'\u00e9nergie r\u00e9duite de 2400 W et des niveaux de bruit nettement inf\u00e9rieurs.<\/p>\n<p style=\"text-align: left;\">Cette conception bimode est une caract\u00e9ristique exceptionnelle qui permet aux utilisateurs d'\u00e9quilibrer les performances et le bruit en fonction de leurs besoins. Con\u00e7u pour les op\u00e9rations \u00e0 grande \u00e9chelle et les mineurs individuels, l'iBeLink BM-L3 allie performances constantes et fiabilit\u00e9. Sa conception robuste et son syst\u00e8me de refroidissement optimis\u00e9 garantissent un fonctionnement stable en cas de charge de travail intensive.<\/p>","protected":false},"excerpt":{"rendered":"<p>El iBeLink BM-L3 es el \u00faltimo minero ASIC de iBeLink para el algoritmo Scrypt, y marca un hito significativo en su l\u00ednea de productos. Dise\u00f1ado espec\u00edficamente para minar Dogecoin (DOGE) y Litecoin (LTC), iBeLink BM-L3 ofrece una impresionante tasa de hash de hasta 3.2 Gh\/s con un consumo de energ\u00eda de 3000 W en modo [&hellip;]<\/p>\n","protected":false},"featured_media":16842,"comment_status":"open","ping_status":"closed","template":"","meta":[],"product_brand":[],"product_cat":[19],"product_tag":[244,138,137],"class_list":{"0":"post-16841","1":"product","2":"type-product","3":"status-publish","4":"has-post-thumbnail","6":"product_cat-mineros","7":"product_tag-gme","8":"product_tag-mineros-para-avanzados","9":"product_tag-mineros-para-principiantes","11":"first","12":"outofstock","13":"taxable","14":"shipping-taxable","15":"purchasable","16":"product-type-simple"},"_links":{"self":[{"href":"https:\/\/pruebas.michollo.to\/fr\/wp-json\/wp\/v2\/product\/16841","targetHints":{"allow":["GET"]}}],"collection":[{"href":"https:\/\/pruebas.michollo.to\/fr\/wp-json\/wp\/v2\/product"}],"about":[{"href":"https:\/\/pruebas.michollo.to\/fr\/wp-json\/wp\/v2\/types\/product"}],"replies":[{"embeddable":true,"href":"https:\/\/pruebas.michollo.to\/fr\/wp-json\/wp\/v2\/comments?post=16841"}],"wp:featuredmedia":[{"embeddable":true,"href":"https:\/\/pruebas.michollo.to\/fr\/wp-json\/wp\/v2\/media\/16842"}],"wp:attachment":[{"href":"https:\/\/pruebas.michollo.to\/fr\/wp-json\/wp\/v2\/media?parent=16841"}],"wp:term":[{"taxonomy":"product_brand","embeddable":true,"href":"https:\/\/pruebas.michollo.to\/fr\/wp-json\/wp\/v2\/product_brand?post=16841"},{"taxonomy":"product_cat","embeddable":true,"href":"https:\/\/pruebas.michollo.to\/fr\/wp-json\/wp\/v2\/product_cat?post=16841"},{"taxonomy":"product_tag","embeddable":true,"href":"https:\/\/pruebas.michollo.to\/fr\/wp-json\/wp\/v2\/product_tag?post=16841"}],"curies":[{"name":"wp","href":"https:\/\/api.w.org\/{rel}","templated":true}]}}