{"id":17299,"date":"2025-01-29T12:55:48","date_gmt":"2025-01-29T11:55:48","guid":{"rendered":"https:\/\/www.minandovoy.com\/?post_type=product&#038;p=17299"},"modified":"2026-02-23T13:15:29","modified_gmt":"2026-02-23T12:15:29","slug":"bitmain-antminer-e11-9-5-gh-etc-zil","status":"publish","type":"product","link":"https:\/\/pruebas.michollo.to\/fr\/produit\/bitmain-antminer-e11-9-5-gh-etc-zil\/","title":{"rendered":"Bitmain Antminer E11 9.5 GH- ETC+ ZIL"},"content":{"rendered":"<p>- Puissantes performances de minage ETC et ZIL : \u00e9quip\u00e9 de la derni\u00e8re technologie ASIC (circuit int\u00e9gr\u00e9 sp\u00e9cifique \u00e0 une application), l'Antminer E11 9G 2340W est con\u00e7u pour des performances optimales dans le minage du Bitcoin (BTC) et de l'Ethereum Classic (ETC). Cette technologie avanc\u00e9e garantit un traitement des transactions plus rapide et plus efficace, maximisant la rentabilit\u00e9 du minage pour les deux crypto-monnaies.<\/p>\n<p>- Conception durable et fiable : con\u00e7u pour durer, l'Antminer E11 est dot\u00e9 d'un syst\u00e8me de refroidissement de haute qualit\u00e9 qui garantit des temp\u00e9ratures de fonctionnement stables, m\u00eame en cas de charge de travail \u00e9lev\u00e9e. Cela am\u00e9liore l'efficacit\u00e9 op\u00e9rationnelle \u00e0 long terme pour l'exploitation mini\u00e8re ETC et ZIL. La conception du ventilateur r\u00e9duit le bruit et am\u00e9liore le flux d'air, garantissant un meilleur refroidissement et une exp\u00e9rience mini\u00e8re plus silencieuse.<\/p>\n<p>Installation facile et interface conviviale : L'installation de l'Antminer E11 9G 2340W est simple, m\u00eame pour les d\u00e9butants en minage. Gr\u00e2ce \u00e0 son interface intuitive, il est facile de configurer, de surveiller et de g\u00e9rer vos activit\u00e9s d'extraction de BTC et d'ETC. Que vous miniez seul ou que vous rejoigniez un pool, ce miner simplifie le processus, afin que vous puissiez commencer \u00e0 miner imm\u00e9diatement.<\/p>\n<p>- Exp\u00e9dition mondiale efficace : nous offrons une exp\u00e9dition mondiale pour le Bitmain Antminer E11 9G 2340W, vous assurant de commencer \u00e0 miner ETC et ZIL o\u00f9 que vous soyez. Notre service de livraison rapide et s\u00e9curis\u00e9 garantit que votre miner vous parviendra efficacement et en toute s\u00e9curit\u00e9, afin que vous puissiez commencer \u00e0 maximiser votre potentiel de minage.<\/p>\n<p>-Efficacit\u00e9 maximale pour le BTC et l'ETC : l'Antminer E11 9G 2340W ne se limite pas au minage de Bitcoin. Gr\u00e2ce \u00e0 ses puissantes capacit\u00e9s de traitement, ce mineur prend \u00e9galement en charge Ethereum Classic (ETC), offrant une polyvalence aux mineurs qui cherchent \u00e0 \u00e9largir leur portefeuille de crypto-monnaies. Profitez de performances de minage am\u00e9lior\u00e9es pour les deux principales crypto-monnaies.<\/p>","protected":false},"excerpt":{"rendered":"<p>&#8211; Potente rendimiento de miner\u00eda ETC y ZIL: equipado con la \u00faltima tecnolog\u00eda ASIC (circuito integrado espec\u00edfico de aplicaci\u00f3n), el Antminer E11 9G 2340W est\u00e1 dise\u00f1ado para un rendimiento \u00f3ptimo tanto en miner\u00eda Bitcoin (BTC) como en Ethereum Classic (ETC). Esta tecnolog\u00eda avanzada garantiza un procesamiento m\u00e1s r\u00e1pido y eficiente de las transacciones, maximizando la [&hellip;]<\/p>\n","protected":false},"featured_media":17300,"comment_status":"open","ping_status":"closed","template":"","meta":[],"product_brand":[],"product_cat":[15],"product_tag":[],"class_list":{"0":"post-17299","1":"product","2":"type-product","3":"status-publish","4":"has-post-thumbnail","6":"product_cat-sin-categorizar","8":"first","9":"instock","10":"taxable","11":"shipping-taxable","12":"purchasable","13":"product-type-simple"},"_links":{"self":[{"href":"https:\/\/pruebas.michollo.to\/fr\/wp-json\/wp\/v2\/product\/17299","targetHints":{"allow":["GET"]}}],"collection":[{"href":"https:\/\/pruebas.michollo.to\/fr\/wp-json\/wp\/v2\/product"}],"about":[{"href":"https:\/\/pruebas.michollo.to\/fr\/wp-json\/wp\/v2\/types\/product"}],"replies":[{"embeddable":true,"href":"https:\/\/pruebas.michollo.to\/fr\/wp-json\/wp\/v2\/comments?post=17299"}],"wp:featuredmedia":[{"embeddable":true,"href":"https:\/\/pruebas.michollo.to\/fr\/wp-json\/wp\/v2\/media\/17300"}],"wp:attachment":[{"href":"https:\/\/pruebas.michollo.to\/fr\/wp-json\/wp\/v2\/media?parent=17299"}],"wp:term":[{"taxonomy":"product_brand","embeddable":true,"href":"https:\/\/pruebas.michollo.to\/fr\/wp-json\/wp\/v2\/product_brand?post=17299"},{"taxonomy":"product_cat","embeddable":true,"href":"https:\/\/pruebas.michollo.to\/fr\/wp-json\/wp\/v2\/product_cat?post=17299"},{"taxonomy":"product_tag","embeddable":true,"href":"https:\/\/pruebas.michollo.to\/fr\/wp-json\/wp\/v2\/product_tag?post=17299"}],"curies":[{"name":"wp","href":"https:\/\/api.w.org\/{rel}","templated":true}]}}