{"id":17552,"date":"2025-03-13T15:32:59","date_gmt":"2025-03-13T14:32:59","guid":{"rendered":"https:\/\/www.minandovoy.com\/?post_type=product&#038;p=17552"},"modified":"2025-08-07T11:38:52","modified_gmt":"2025-08-07T09:38:52","slug":"volcminer-d1-hydro-30-4gh","status":"publish","type":"product","link":"https:\/\/pruebas.michollo.to\/fr\/produit\/volcminer-d1-hydro-30-4gh\/","title":{"rendered":"VolcMiner D1 Hydro (30.4Gh)"},"content":{"rendered":"<p data-start=\"0\" data-end=\"354\">Les <strong data-start=\"3\" data-end=\"25\">VolcMiner D1 Hydro<\/strong> est un mineur ASIC haute performance con\u00e7u pour l'extraction de crypto-monnaies bas\u00e9es sur l'algorithme Scrypt, telles que le Dogecoin (DOGE) et le Litecoin (LTC). Cet appareil se distingue par son efficacit\u00e9 \u00e9nerg\u00e9tique et son syst\u00e8me de refroidissement liquide, ce qui en fait une option robuste pour les op\u00e9rations de minage \u00e0 grande \u00e9chelle.<\/p>\n<p data-start=\"0\" data-end=\"354\"><div class=\"asicminer-widget-container\" style=\"width: 100%; min-height: 300px;\">\n            <iframe id=\"asicminer-widget-2236\" \n                    src=\"https:\/\/pruebas.michollo.to\/wp-content\/themes\/minandovoy\/proxy-widget.php?miner=volcminer\/d1-hydro-30gh&#038;type=profit&#038;theme=dark\" \n                    width=\"100%\" \n                    height=\"300\" \n                    frameborder=\"0\"\n                    loading=\"lazy\"\n                    style=\"border: none; overflow: hidden;\"\n                    title=\"ASIC Miner Widget\">\n            <\/iframe>\n        <\/div><\/p>\n<p><strong>Reserva con pago parcial<br \/>\n<\/strong>\u00a0Realiza tu reserva abonando el\u00a0<strong>precio de reserva<\/strong>\u00a0que indicamos en la web para asegurar tu unidad de Asic. El\u00a0<strong>resto del importe<\/strong>\u00a0se deber\u00e1 abonar\u00a0<strong>en su totalidad<\/strong>\u00a0en el\u00a0<strong>momento de la entrega<\/strong>, momento en el que procesaremos el env\u00edo y recibir\u00e1s tu producto.<\/p>\n<ul>\n<li><strong>Precio de reserva:<\/strong>\u00a0el importe indicado como reserva.<\/li>\n<li><strong>Pago final:<\/strong>\u00a0abono del resto del precio al confirmar la entrega.<\/li>\n<li><strong>Plazo de entrega:<\/strong>\u00a0una vez completado el pago total, recibir\u00e1s tu producto en un plazo de\u00a0<strong>15 a 20 d\u00edas laborables<\/strong>.<\/li>\n<li><strong>Responsabilidad en aduanas:<\/strong>\u00a0los cargos aduaneros correr\u00e1n a nuestro cargo, pero no nos hacemos responsables de posibles\u00a0<strong>retrasos<\/strong>\u00a0derivados de los tr\u00e1mites de aduanas.<\/li>\n<li><strong>Nota:<\/strong>\u00a0hasta que no se complete el pago total, el producto no ser\u00e1 expedido ni entregado.<\/li>\n<\/ul>\n<p><em>Reserva tu equipo hoy y garantiza tu Asic sin riesgo de quedarte sin stock.<\/em><\/p>\n<p data-start=\"356\" data-end=\"388\"><strong data-start=\"356\" data-end=\"388\">Caract\u00e9ristiques principales :<\/strong><\/p>\n<ul data-start=\"390\" data-end=\"822\">\n<li data-start=\"390\" data-end=\"413\">\n<p data-start=\"392\" data-end=\"413\"><strong data-start=\"392\" data-end=\"406\">Algorithme :<\/strong> Scrypt<\/p>\n<\/li>\n<li data-start=\"415\" data-end=\"444\">\n<p data-start=\"417\" data-end=\"444\"><strong data-start=\"417\" data-end=\"434\">Taux de hachage :<\/strong> 30,4 GH\/s<\/p>\n<\/li>\n<li data-start=\"446\" data-end=\"477\">\n<p data-start=\"448\" data-end=\"477\"><strong data-start=\"448\" data-end=\"471\">Consommation d'\u00e9nergie :<\/strong> 7600W<\/p>\n<\/li>\n<li data-start=\"479\" data-end=\"517\">\n<p data-start=\"481\" data-end=\"517\"><strong data-start=\"481\" data-end=\"507\">Efficacit\u00e9 \u00e9nerg\u00e9tique :<\/strong> 0,25 J\/MH<\/p>\n<\/li>\n<li data-start=\"519\" data-end=\"572\">\n<p data-start=\"521\" data-end=\"572\"><strong data-start=\"521\" data-end=\"550\">Syst\u00e8me de refroidissement :<\/strong> Refroidissement par liquide<\/p>\n<\/li>\n<li data-start=\"574\" data-end=\"601\">\n<p data-start=\"576\" data-end=\"601\"><strong data-start=\"576\" data-end=\"595\">Niveau sonore :<\/strong> 75 dB<\/p>\n<\/li>\n<li data-start=\"603\" data-end=\"640\">\n<p data-start=\"605\" data-end=\"640\"><strong data-start=\"605\" data-end=\"621\">Dimensions :<\/strong> 430 x 195 x 290 mm<\/p>\n<\/li>\n<li data-start=\"642\" data-end=\"661\">\n<p data-start=\"644\" data-end=\"661\"><strong data-start=\"644\" data-end=\"653\">Poids :<\/strong> 39,5 kg<\/p>\n<\/li>\n<li data-start=\"663\" data-end=\"697\">\n<p data-start=\"665\" data-end=\"697\"><strong data-start=\"665\" data-end=\"688\">Tension d'entr\u00e9e :<\/strong> 170-300V<\/p>\n<\/li>\n<li data-start=\"699\" data-end=\"730\">\n<p data-start=\"701\" data-end=\"730\"><strong data-start=\"701\" data-end=\"721\">Interface r\u00e9seau :<\/strong> Ethernet<\/p>\n<\/li>\n<li data-start=\"732\" data-end=\"778\">\n<p data-start=\"734\" data-end=\"778\"><strong data-start=\"734\" data-end=\"768\">Temp\u00e9rature de fonctionnement :<\/strong> 5 - 45 \u00b0C<\/p>\n<\/li>\n<li data-start=\"780\" data-end=\"822\">\n<p data-start=\"782\" data-end=\"822\"><strong data-start=\"782\" data-end=\"812\">Humidit\u00e9 de fonctionnement :<\/strong> 10 - 90 %<\/p>\n<\/li>\n<\/ul>\n<p data-start=\"824\" data-end=\"848\"><strong data-start=\"824\" data-end=\"848\">Avantages :<\/strong><\/p>\n<ul data-start=\"850\" data-end=\"1295\">\n<li data-start=\"850\" data-end=\"1039\">\n<p data-start=\"852\" data-end=\"1039\"><strong data-start=\"852\" data-end=\"888\">Refroidissement liquide efficace :<\/strong> Le syst\u00e8me de refroidissement liquide assure une gestion thermique optimale, permettant un fonctionnement stable et prolongeant la dur\u00e9e de vie de l'\u00e9quipement.<\/p>\n<\/li>\n<li data-start=\"1041\" data-end=\"1167\">\n<p data-start=\"1043\" data-end=\"1167\"><strong data-start=\"1043\" data-end=\"1065\">Taux de hachage \u00e9lev\u00e9 :<\/strong> Avec 30,4 GH\/s, la D1 Hydro offre des performances exceptionnelles pour le minage de crypto-monnaie Scrypt.<\/p>\n<\/li>\n<li data-start=\"1169\" data-end=\"1295\">\n<p data-start=\"1171\" data-end=\"1295\"><strong data-start=\"1171\" data-end=\"1197\">Efficacit\u00e9 \u00e9nerg\u00e9tique :<\/strong> Sa consommation \u00e9lectrique de 7600 W se traduit par une efficacit\u00e9 de 0,25 J\/MH, ce qui optimise les co\u00fbts d'exploitation.<\/p>\n<\/li>\n<\/ul>\n<p data-start=\"1297\" data-end=\"1329\"><strong data-start=\"1297\" data-end=\"1329\">Autres consid\u00e9rations :<\/strong><\/p>\n<ul data-start=\"1331\" data-end=\"1635\">\n<li data-start=\"1331\" data-end=\"1460\">\n<p data-start=\"1333\" data-end=\"1460\"><strong data-start=\"1333\" data-end=\"1352\">Niveau sonore :<\/strong> L'appareil \u00e9met 75 dB, ce qui peut n\u00e9cessiter des mesures d'insonorisation dans les environnements sensibles au bruit.<\/p>\n<\/li>\n<li data-start=\"1462\" data-end=\"1635\">\n<p data-start=\"1464\" data-end=\"1635\"><strong data-start=\"1464\" data-end=\"1494\">Exigences d'installation :<\/strong> En raison de leur poids et de leur taille, un espace ad\u00e9quat et une infrastructure \u00e9lectrique compatible sont essentiels \u00e0 leur bon fonctionnement.<\/p>\n<\/li>\n<\/ul>\n<p data-start=\"1637\" data-end=\"1807\">Le VolcMiner D1 Hydro est une solution puissante et efficace pour les mineurs professionnels qui cherchent \u00e0 maximiser leurs performances dans le minage de crypto-monnaies bas\u00e9 sur Scrypt.<\/p>","protected":false},"excerpt":{"rendered":"<p>El VolcMiner D1 Hydro es un minero ASIC de alto rendimiento dise\u00f1ado para la miner\u00eda de criptomonedas basadas en el algoritmo Scrypt, como Dogecoin (DOGE) y Litecoin (LTC). Este dispositivo destaca por su eficiencia energ\u00e9tica y su sistema de refrigeraci\u00f3n l\u00edquida, lo que lo convierte en una opci\u00f3n robusta para operaciones de miner\u00eda a gran [&hellip;]<\/p>\n","protected":false},"featured_media":17553,"comment_status":"open","ping_status":"closed","template":"","meta":[],"product_brand":[],"product_cat":[19,15],"product_tag":[551,244,138,139],"class_list":{"0":"post-17552","1":"product","2":"type-product","3":"status-publish","4":"has-post-thumbnail","6":"product_cat-mineros","7":"product_cat-sin-categorizar","8":"product_tag-g","9":"product_tag-gme","10":"product_tag-mineros-para-avanzados","11":"product_tag-mineros-para-expertos","13":"first","14":"instock","15":"taxable","16":"shipping-taxable","17":"purchasable","18":"product-type-variable","19":"has-default-attributes"},"_links":{"self":[{"href":"https:\/\/pruebas.michollo.to\/fr\/wp-json\/wp\/v2\/product\/17552","targetHints":{"allow":["GET"]}}],"collection":[{"href":"https:\/\/pruebas.michollo.to\/fr\/wp-json\/wp\/v2\/product"}],"about":[{"href":"https:\/\/pruebas.michollo.to\/fr\/wp-json\/wp\/v2\/types\/product"}],"replies":[{"embeddable":true,"href":"https:\/\/pruebas.michollo.to\/fr\/wp-json\/wp\/v2\/comments?post=17552"}],"wp:featuredmedia":[{"embeddable":true,"href":"https:\/\/pruebas.michollo.to\/fr\/wp-json\/wp\/v2\/media\/17553"}],"wp:attachment":[{"href":"https:\/\/pruebas.michollo.to\/fr\/wp-json\/wp\/v2\/media?parent=17552"}],"wp:term":[{"taxonomy":"product_brand","embeddable":true,"href":"https:\/\/pruebas.michollo.to\/fr\/wp-json\/wp\/v2\/product_brand?post=17552"},{"taxonomy":"product_cat","embeddable":true,"href":"https:\/\/pruebas.michollo.to\/fr\/wp-json\/wp\/v2\/product_cat?post=17552"},{"taxonomy":"product_tag","embeddable":true,"href":"https:\/\/pruebas.michollo.to\/fr\/wp-json\/wp\/v2\/product_tag?post=17552"}],"curies":[{"name":"wp","href":"https:\/\/api.w.org\/{rel}","templated":true}]}}