{"id":17565,"date":"2025-03-13T15:55:58","date_gmt":"2025-03-13T14:55:58","guid":{"rendered":"https:\/\/www.minandovoy.com\/?post_type=product&#038;p=17565"},"modified":"2026-02-23T13:14:56","modified_gmt":"2026-02-23T12:14:56","slug":"iceriver-ks7-30-th-s","status":"publish","type":"product","link":"https:\/\/pruebas.michollo.to\/fr\/produit\/iceriver-ks7-30-th-s\/","title":{"rendered":"IceRiver KS7 - 30 TH\/s"},"content":{"rendered":"<p data-start=\"0\" data-end=\"273\">Les <strong data-start=\"3\" data-end=\"19\">IceRiver KS7<\/strong> est un mineur ASIC haute performance con\u00e7u pour l'exploitation mini\u00e8re de Kaspa (KAS) \u00e0 l'aide de l'algorithme kHeavyHash. Cet appareil offre un taux de hachage de 30 TH\/s avec une consommation d'\u00e9nergie de 3500W, ce qui se traduit par une efficacit\u00e9 de 0,117 J\/GH.<\/p>\n<p data-start=\"0\" data-end=\"273\"><div class=\"asicminer-widget-container\" style=\"width: 100%; min-height: 300px;\">\n            <iframe id=\"asicminer-widget-8179\" \n                    src=\"https:\/\/pruebas.michollo.to\/wp-content\/themes\/minandovoy\/proxy-widget.php?miner=iceriver\/kas-ks7&#038;type=profit&#038;theme=dark\" \n                    width=\"100%\" \n                    height=\"300\" \n                    frameborder=\"0\"\n                    loading=\"lazy\"\n                    style=\"border: none; overflow: hidden;\"\n                    title=\"ASIC Miner Widget\">\n            <\/iframe>\n        <\/div><\/p>\n<p data-start=\"275\" data-end=\"307\"><strong data-start=\"275\" data-end=\"307\">Caract\u00e9ristiques principales :<\/strong><\/p>\n<ul data-start=\"309\" data-end=\"616\">\n<li data-start=\"309\" data-end=\"336\">\n<p data-start=\"311\" data-end=\"336\"><strong data-start=\"311\" data-end=\"328\">Taux de hachage :<\/strong> 30 TH\/s<\/p>\n<\/li>\n<li data-start=\"338\" data-end=\"369\">\n<p data-start=\"340\" data-end=\"369\"><strong data-start=\"340\" data-end=\"363\">Consommation d'\u00e9nergie :<\/strong> 3500W<\/p>\n<\/li>\n<li data-start=\"371\" data-end=\"410\">\n<p data-start=\"373\" data-end=\"410\"><strong data-start=\"373\" data-end=\"399\">Efficacit\u00e9 \u00e9nerg\u00e9tique :<\/strong> 0,117 J\/GH<\/p>\n<\/li>\n<li data-start=\"412\" data-end=\"439\">\n<p data-start=\"414\" data-end=\"439\"><strong data-start=\"414\" data-end=\"428\">Algorithme :<\/strong> kHeavyHash<\/p>\n<\/li>\n<li data-start=\"441\" data-end=\"477\">\n<p data-start=\"443\" data-end=\"477\"><strong data-start=\"443\" data-end=\"465\">Monnaie compatible :<\/strong> Kaspa (KAS)<\/p>\n<\/li>\n<li data-start=\"479\" data-end=\"616\">\n<p data-start=\"481\" data-end=\"616\"><strong data-start=\"481\" data-end=\"517\">Alimentation \u00e9lectrique incluse :<\/strong> L'appareil est livr\u00e9 avec son propre bloc d'alimentation, ce qui facilite son installation et son fonctionnement.<\/p>\n<\/li>\n<\/ul>\n<p data-start=\"618\" data-end=\"658\"><strong data-start=\"618\" data-end=\"658\">Disponibilit\u00e9 et options d'achat :<\/strong><\/p>\n<p data-start=\"660\" data-end=\"967\">L'IceRiver KS7 est disponible en pr\u00e9-commande et devrait \u00eatre disponible prochainement. En outre, la soci\u00e9t\u00e9 propose des services d'h\u00e9bergement aux \u00c9tats-Unis et en Europe, permettant aux utilisateurs d'h\u00e9berger leurs appareils dans des centres de donn\u00e9es d\u00e9di\u00e9s, garantissant ainsi un environnement optimal pour l'exploitation mini\u00e8re.<\/p>\n<p data-start=\"969\" data-end=\"1135\">Gr\u00e2ce \u00e0 ses performances \u00e9lev\u00e9es et \u00e0 son efficacit\u00e9 \u00e9nerg\u00e9tique, l'IceRiver KS7 se pr\u00e9sente comme une option attrayante pour ceux qui s'int\u00e9ressent \u00e0 l'exploitation mini\u00e8re \u00e0 grande \u00e9chelle de Kaspa.<\/p>","protected":false},"excerpt":{"rendered":"<p>El IceRiver KS7 es un minero ASIC de alto rendimiento dise\u00f1ado para la miner\u00eda de Kaspa (KAS) utilizando el algoritmo kHeavyHash. Este dispositivo ofrece una tasa de hash de 30 TH\/s con un consumo energ\u00e9tico de 3500W, lo que se traduce en una eficiencia de 0.117 J\/GH. Caracter\u00edsticas principales: Tasa de hash: 30 TH\/s Consumo [&hellip;]<\/p>\n","protected":false},"featured_media":6117,"comment_status":"open","ping_status":"closed","template":"","meta":[],"product_brand":[],"product_cat":[19],"product_tag":[244,138,139],"class_list":{"0":"post-17565","1":"product","2":"type-product","3":"status-publish","4":"has-post-thumbnail","6":"product_cat-mineros","7":"product_tag-gme","8":"product_tag-mineros-para-avanzados","9":"product_tag-mineros-para-expertos","11":"first","12":"instock","13":"taxable","14":"shipping-taxable","15":"purchasable","16":"product-type-simple"},"_links":{"self":[{"href":"https:\/\/pruebas.michollo.to\/fr\/wp-json\/wp\/v2\/product\/17565","targetHints":{"allow":["GET"]}}],"collection":[{"href":"https:\/\/pruebas.michollo.to\/fr\/wp-json\/wp\/v2\/product"}],"about":[{"href":"https:\/\/pruebas.michollo.to\/fr\/wp-json\/wp\/v2\/types\/product"}],"replies":[{"embeddable":true,"href":"https:\/\/pruebas.michollo.to\/fr\/wp-json\/wp\/v2\/comments?post=17565"}],"wp:featuredmedia":[{"embeddable":true,"href":"https:\/\/pruebas.michollo.to\/fr\/wp-json\/wp\/v2\/media\/6117"}],"wp:attachment":[{"href":"https:\/\/pruebas.michollo.to\/fr\/wp-json\/wp\/v2\/media?parent=17565"}],"wp:term":[{"taxonomy":"product_brand","embeddable":true,"href":"https:\/\/pruebas.michollo.to\/fr\/wp-json\/wp\/v2\/product_brand?post=17565"},{"taxonomy":"product_cat","embeddable":true,"href":"https:\/\/pruebas.michollo.to\/fr\/wp-json\/wp\/v2\/product_cat?post=17565"},{"taxonomy":"product_tag","embeddable":true,"href":"https:\/\/pruebas.michollo.to\/fr\/wp-json\/wp\/v2\/product_tag?post=17565"}],"curies":[{"name":"wp","href":"https:\/\/api.w.org\/{rel}","templated":true}]}}