{"id":17923,"date":"2025-04-30T15:25:54","date_gmt":"2025-04-30T13:25:54","guid":{"rendered":"https:\/\/www.minandovoy.com\/?post_type=product&#038;p=17923"},"modified":"2026-02-23T13:13:31","modified_gmt":"2026-02-23T12:13:31","slug":"bitaxe-gamma-601","status":"publish","type":"product","link":"https:\/\/pruebas.michollo.to\/fr\/produit\/bitaxe-gamma-601\/","title":{"rendered":"Bitaxe Gamma 601"},"content":{"rendered":"<p>\u200bEl Bitaxe Gamma 601 es un minero ASIC compacto y eficiente, dise\u00f1ado para la miner\u00eda de Bitcoin utilizando el algoritmo SHA-256. Con un rendimiento de hasta 1.2 TH\/s y un consumo energ\u00e9tico de aproximadamente 17W, es una opci\u00f3n ideal para entusiastas que desean participar en la miner\u00eda desde casa.\u200b<\/p>\n<p>Garant\u00eda total de 1 a\u00f1o del equipo. Protege tanto piezas como mano de obra y te da acceso a nuestro soporte t\u00e9cnico especializado.<\/p>\n<div class=\"asicminer-widget-container\" style=\"width: 100%; min-height: 300px;\">\n            <iframe id=\"asicminer-widget-7776\" \n                    src=\"https:\/\/pruebas.michollo.to\/wp-content\/themes\/minandovoy\/proxy-widget.php?miner=bitaxe\/gamma-601&#038;type=profit&#038;theme=dark\" \n                    width=\"100%\" \n                    height=\"300\" \n                    frameborder=\"0\"\n                    loading=\"lazy\"\n                    style=\"border: none; overflow: hidden;\"\n                    title=\"ASIC Miner Widget\">\n            <\/iframe>\n        <\/div>\n<h2 class=\"\" data-start=\"202\" data-end=\"233\">\ud83d\udd27 Sp\u00e9cifications techniques<\/h2>\n<table class=\"w-full\">\n<tbody>\n<tr class=\"odd:bg-transparent even:bg-gray-1 odd:dark:bg-transparent even:dark:bg-black\/80\">\n<td class=\"min-w-40 py-1 pl-2\">Fabricant<\/td>\n<td class=\"pr-2 text-right\">Bitaxe<\/td>\n<\/tr>\n<tr class=\"odd:bg-transparent even:bg-gray-1 odd:dark:bg-transparent even:dark:bg-black\/80\">\n<td class=\"min-w-40 py-1 pl-2\">Mod\u00e8le<\/td>\n<td class=\"pr-2 text-right\">Gamma 601<\/td>\n<\/tr>\n<tr class=\"odd:bg-transparent even:bg-gray-1 odd:dark:bg-transparent even:dark:bg-black\/80\">\n<td class=\"min-w-40 py-1 pl-2\">\u00c9galement connu sous le nom de<\/td>\n<td class=\"pr-2 text-right\">Bitaxe 601 Gamma<\/td>\n<\/tr>\n<tr class=\"odd:bg-transparent even:bg-gray-1 odd:dark:bg-transparent even:dark:bg-black\/80\">\n<td class=\"min-w-40 py-1 pl-2\">Lancement<\/td>\n<td class=\"pr-2 text-right\">Aug 2024<\/td>\n<\/tr>\n<tr class=\"odd:bg-transparent even:bg-gray-1 odd:dark:bg-transparent even:dark:bg-black\/80\">\n<td class=\"min-w-40 py-1 pl-2\">Tama\u00f1o<\/td>\n<td class=\"pr-2 text-right\">10 x 6 x 5mm<\/td>\n<\/tr>\n<tr class=\"odd:bg-transparent even:bg-gray-1 odd:dark:bg-transparent even:dark:bg-black\/80\">\n<td class=\"min-w-40 py-1 pl-2\">Poids<\/td>\n<td class=\"pr-2 text-right\">340g<\/td>\n<\/tr>\n<tr class=\"odd:bg-transparent even:bg-gray-1 odd:dark:bg-transparent even:dark:bg-black\/80\">\n<td class=\"min-w-40 py-1 pl-2\">Nombre del chip<\/td>\n<td class=\"pr-2 text-right\">BM1370<\/td>\n<\/tr>\n<tr class=\"odd:bg-transparent even:bg-gray-1 odd:dark:bg-transparent even:dark:bg-black\/80\">\n<td class=\"min-w-40 py-1 pl-2\">Cantidad de chips<\/td>\n<td class=\"pr-2 text-right\">1<\/td>\n<\/tr>\n<tr class=\"odd:bg-transparent even:bg-gray-1 odd:dark:bg-transparent even:dark:bg-black\/80\">\n<td class=\"min-w-40 py-1 pl-2\">Niveau sonore<\/td>\n<td class=\"pr-2 text-right\">35dB<\/td>\n<\/tr>\n<tr class=\"odd:bg-transparent even:bg-gray-1 odd:dark:bg-transparent even:dark:bg-black\/80\">\n<td class=\"min-w-40 py-1 pl-2\">Ventilador(es)<\/td>\n<td class=\"pr-2 text-right\">1<\/td>\n<\/tr>\n<tr class=\"odd:bg-transparent even:bg-gray-1 odd:dark:bg-transparent even:dark:bg-black\/80\">\n<td class=\"min-w-40 py-1 pl-2\">Puissance<\/td>\n<td class=\"pr-2 text-right\">17W<\/td>\n<\/tr>\n<tr class=\"odd:bg-transparent even:bg-gray-1 odd:dark:bg-transparent even:dark:bg-black\/80\">\n<td class=\"min-w-40 py-1 pl-2\">Interface<\/td>\n<td class=\"pr-2 text-right\">WiFi<\/td>\n<\/tr>\n<tr class=\"odd:bg-transparent even:bg-gray-1 odd:dark:bg-transparent even:dark:bg-black\/80\">\n<td class=\"min-w-40 py-1 pl-2\">Temp\u00e9rature<\/td>\n<td class=\"pr-2 text-right\">5 - 45 \u00b0C<\/td>\n<\/tr>\n<tr class=\"odd:bg-transparent even:bg-gray-1 odd:dark:bg-transparent even:dark:bg-black\/80\">\n<td class=\"min-w-40 py-1 pl-2\">Humidit\u00e9<\/td>\n<td class=\"pr-2 text-right\">5 &#8211; 95 %<\/td>\n<\/tr>\n<tr class=\"odd:bg-transparent even:bg-gray-1 odd:dark:bg-transparent even:dark:bg-black\/80\">\n<td class=\"min-w-40 py-1 pl-2\">Informaci\u00f3n adicional<\/td>\n<td class=\"pr-2 text-right\">Educational or Solo mining device.<\/td>\n<\/tr>\n<\/tbody>\n<\/table>","protected":false},"excerpt":{"rendered":"<p>\u200bEl Bitaxe Gamma 601 es un minero ASIC compacto y eficiente, dise\u00f1ado para la miner\u00eda de Bitcoin utilizando el algoritmo SHA-256. Con un rendimiento de hasta 1.2 TH\/s y un consumo energ\u00e9tico de aproximadamente 17W, es una opci\u00f3n ideal para entusiastas que desean participar en la miner\u00eda desde casa.\u200b Garant\u00eda total de 1 a\u00f1o del [&hellip;]<\/p>\n","protected":false},"featured_media":17924,"comment_status":"open","ping_status":"closed","template":"","meta":[],"product_brand":[],"product_cat":[19],"product_tag":[244,137],"class_list":{"0":"post-17923","1":"product","2":"type-product","3":"status-publish","4":"has-post-thumbnail","6":"product_cat-mineros","7":"product_tag-gme","8":"product_tag-mineros-para-principiantes","10":"first","11":"instock","12":"taxable","13":"shipping-taxable","14":"purchasable","15":"product-type-simple"},"_links":{"self":[{"href":"https:\/\/pruebas.michollo.to\/fr\/wp-json\/wp\/v2\/product\/17923","targetHints":{"allow":["GET"]}}],"collection":[{"href":"https:\/\/pruebas.michollo.to\/fr\/wp-json\/wp\/v2\/product"}],"about":[{"href":"https:\/\/pruebas.michollo.to\/fr\/wp-json\/wp\/v2\/types\/product"}],"replies":[{"embeddable":true,"href":"https:\/\/pruebas.michollo.to\/fr\/wp-json\/wp\/v2\/comments?post=17923"}],"wp:featuredmedia":[{"embeddable":true,"href":"https:\/\/pruebas.michollo.to\/fr\/wp-json\/wp\/v2\/media\/17924"}],"wp:attachment":[{"href":"https:\/\/pruebas.michollo.to\/fr\/wp-json\/wp\/v2\/media?parent=17923"}],"wp:term":[{"taxonomy":"product_brand","embeddable":true,"href":"https:\/\/pruebas.michollo.to\/fr\/wp-json\/wp\/v2\/product_brand?post=17923"},{"taxonomy":"product_cat","embeddable":true,"href":"https:\/\/pruebas.michollo.to\/fr\/wp-json\/wp\/v2\/product_cat?post=17923"},{"taxonomy":"product_tag","embeddable":true,"href":"https:\/\/pruebas.michollo.to\/fr\/wp-json\/wp\/v2\/product_tag?post=17923"}],"curies":[{"name":"wp","href":"https:\/\/api.w.org\/{rel}","templated":true}]}}