{"id":19330,"date":"2025-09-01T17:00:03","date_gmt":"2025-09-01T15:00:03","guid":{"rendered":"https:\/\/www.minandovoy.com\/?post_type=product&#038;p=19330"},"modified":"2026-02-23T13:32:53","modified_gmt":"2026-02-23T12:32:53","slug":"reserva-bitmain-antminer-s21-hyd-358-th-s","status":"publish","type":"product","link":"https:\/\/pruebas.michollo.to\/fr\/produit\/reserva-bitmain-antminer-s21-hyd-358-th-s\/","title":{"rendered":"Reserva Bitmain Antminer S21+ Hyd (358 TH\/s)"},"content":{"rendered":"<p data-start=\"236\" data-end=\"509\">Les <strong data-start=\"239\" data-end=\"268\">Bitmain Antminer S21+ Hyd<\/strong> es un minero SHA-256 de \u00faltima generaci\u00f3n, dise\u00f1ado para la miner\u00eda de <strong data-start=\"340\" data-end=\"385\">Bitcoin y otras criptomonedas compatibles<\/strong>. Con un impresionante <strong data-start=\"408\" data-end=\"432\">hashrate de 358 TH\/s<\/strong>, este equipo se posiciona entre los m\u00e1s potentes y eficientes del mercado.<\/p>\n<p data-start=\"511\" data-end=\"911\">Su innovador sistema de <strong data-start=\"535\" data-end=\"558\">hidro-refrigeraci\u00f3n<\/strong> reduce el ruido hasta los <strong data-start=\"585\" data-end=\"594\">50 dB<\/strong>, optimiza la estabilidad y prolonga la vida \u00fatil de los componentes. Gracias a su <strong data-start=\"677\" data-end=\"713\">eficiencia energ\u00e9tica de 15 J\/TH<\/strong> y un consumo de solo <strong data-start=\"735\" data-end=\"745\">5370 W<\/strong>, consigue el equilibrio ideal entre rendimiento y coste el\u00e9ctrico, convirti\u00e9ndose en la mejor opci\u00f3n para operaciones industriales y granjas mineras profesionales.<\/p>\n<p data-start=\"913\" data-end=\"1211\">Con un dise\u00f1o compacto y ligero (410 \u00d7 170 \u00d7 209 mm y 12.8 kg), es f\u00e1cil de integrar en racks y centros de datos. El <strong data-start=\"1030\" data-end=\"1051\">Antminer S21+ Hyd<\/strong> est\u00e1 preparado para trabajar 24\/7 en entornos exigentes y, adem\u00e1s, incluye <strong data-start=\"1127\" data-end=\"1156\">1 a\u00f1o de garant\u00eda oficial<\/strong>, asegurando respaldo y tranquilidad en tu inversi\u00f3n.<\/p>\n<h2 data-start=\"1218\" data-end=\"1249\">\ud83d\udcca Especificaciones T\u00e9cnicas<\/h2>\n<div class=\"_tableContainer_1rjym_1\">\n<div class=\"_tableWrapper_1rjym_13 group flex w-fit flex-col-reverse\" tabindex=\"-1\">\n<table class=\"w-fit min-w-(--thread-content-width)\" data-start=\"1251\" data-end=\"2322\">\n<thead data-start=\"1251\" data-end=\"1322\">\n<tr data-start=\"1251\" data-end=\"1322\">\n<th data-start=\"1251\" data-end=\"1279\" data-col-size=\"sm\"><strong data-start=\"1253\" data-end=\"1271\">Especificaci\u00f3n<\/strong><\/th>\n<th data-start=\"1279\" data-end=\"1322\" data-col-size=\"sm\"><strong data-start=\"1281\" data-end=\"1292\">D\u00e9tail<\/strong><\/th>\n<\/tr>\n<\/thead>\n<tbody data-start=\"1396\" data-end=\"2322\">\n<tr data-start=\"1396\" data-end=\"1467\">\n<td data-start=\"1396\" data-end=\"1424\" data-col-size=\"sm\">Algorithme<\/td>\n<td data-start=\"1424\" data-end=\"1467\" data-col-size=\"sm\">SHA-256 (BTC, BCH, BSV, etc.)<\/td>\n<\/tr>\n<tr data-start=\"1468\" data-end=\"1539\">\n<td data-start=\"1468\" data-end=\"1496\" data-col-size=\"sm\">Hashrate<\/td>\n<td data-start=\"1496\" data-end=\"1539\" data-col-size=\"sm\">358 TH\/s (\u00b1 5 %)<\/td>\n<\/tr>\n<tr data-start=\"1540\" data-end=\"1611\">\n<td data-start=\"1540\" data-end=\"1568\" data-col-size=\"sm\">Consommation d'\u00e9nergie<\/td>\n<td data-start=\"1568\" data-end=\"1611\" data-col-size=\"sm\">5370 W (\u00b1 5 %)<\/td>\n<\/tr>\n<tr data-start=\"1612\" data-end=\"1682\">\n<td data-start=\"1612\" data-end=\"1640\" data-col-size=\"sm\">Efficacit\u00e9 \u00e9nerg\u00e9tique<\/td>\n<td data-start=\"1640\" data-end=\"1682\" data-col-size=\"sm\">15 J\/TH<\/td>\n<\/tr>\n<tr data-start=\"1683\" data-end=\"1754\">\n<td data-start=\"1683\" data-end=\"1711\" data-col-size=\"sm\">Syst\u00e8me de refroidissement<\/td>\n<td data-start=\"1711\" data-end=\"1754\" data-col-size=\"sm\">Hidro-refrigeraci\u00f3n (l\u00edquida)<\/td>\n<\/tr>\n<tr data-start=\"1755\" data-end=\"1825\">\n<td data-start=\"1755\" data-end=\"1783\" data-col-size=\"sm\">Dimensiones (mm)<\/td>\n<td data-start=\"1783\" data-end=\"1825\" data-col-size=\"sm\">410 \u00d7 170 \u00d7 209<\/td>\n<\/tr>\n<tr data-start=\"1826\" data-end=\"1896\">\n<td data-start=\"1826\" data-end=\"1854\" data-col-size=\"sm\">Poids<\/td>\n<td data-start=\"1854\" data-end=\"1896\" data-col-size=\"sm\">12,8 kg<\/td>\n<\/tr>\n<tr data-start=\"1897\" data-end=\"1967\">\n<td data-start=\"1897\" data-end=\"1925\" data-col-size=\"sm\">Niveau sonore<\/td>\n<td data-start=\"1925\" data-end=\"1967\" data-col-size=\"sm\">50 dB<\/td>\n<\/tr>\n<tr data-start=\"1968\" data-end=\"2038\">\n<td data-start=\"1968\" data-end=\"1996\" data-col-size=\"sm\">Connectivit\u00e9<\/td>\n<td data-start=\"1996\" data-end=\"2038\" data-col-size=\"sm\">Ethernet<\/td>\n<\/tr>\n<tr data-start=\"2039\" data-end=\"2109\">\n<td data-start=\"2039\" data-end=\"2067\" data-col-size=\"sm\">Temperatura de operaci\u00f3n<\/td>\n<td data-start=\"2067\" data-end=\"2109\" data-col-size=\"sm\">5 \u00b0C \u2013 45 \u00b0C<\/td>\n<\/tr>\n<tr data-start=\"2110\" data-end=\"2180\">\n<td data-start=\"2110\" data-end=\"2138\" data-col-size=\"sm\">Humidit\u00e9 de fonctionnement<\/td>\n<td data-start=\"2138\" data-end=\"2180\" data-col-size=\"sm\">5 % \u2013 95 % (sin condensaci\u00f3n)<\/td>\n<\/tr>\n<tr data-start=\"2181\" data-end=\"2251\">\n<td data-start=\"2181\" data-end=\"2209\" data-col-size=\"sm\">Lanzamiento estimado<\/td>\n<td data-start=\"2209\" data-end=\"2251\" data-col-size=\"sm\">2025<\/td>\n<\/tr>\n<tr data-start=\"2252\" data-end=\"2322\">\n<td data-start=\"2252\" data-end=\"2280\" data-col-size=\"sm\">Garantie<\/td>\n<td data-start=\"2280\" data-end=\"2322\" data-col-size=\"sm\">1 a\u00f1o<\/td>\n<\/tr>\n<\/tbody>\n<\/table>\n<\/div>\n<\/div>","protected":false},"excerpt":{"rendered":"<p>El Bitmain Antminer S21+ Hyd es un minero SHA-256 de \u00faltima generaci\u00f3n, dise\u00f1ado para la miner\u00eda de Bitcoin y otras criptomonedas compatibles. Con un impresionante hashrate de 358 TH\/s, este equipo se posiciona entre los m\u00e1s potentes y eficientes del mercado. Su innovador sistema de hidro-refrigeraci\u00f3n reduce el ruido hasta los 50 dB, optimiza la [&hellip;]<\/p>\n","protected":false},"featured_media":19331,"comment_status":"open","ping_status":"closed","template":"","meta":[],"product_brand":[],"product_cat":[19],"product_tag":[244],"class_list":{"0":"post-19330","1":"product","2":"type-product","3":"status-publish","4":"has-post-thumbnail","6":"product_cat-mineros","7":"product_tag-gme","9":"first","10":"instock","11":"taxable","12":"shipping-taxable","13":"purchasable","14":"product-type-simple"},"_links":{"self":[{"href":"https:\/\/pruebas.michollo.to\/fr\/wp-json\/wp\/v2\/product\/19330","targetHints":{"allow":["GET"]}}],"collection":[{"href":"https:\/\/pruebas.michollo.to\/fr\/wp-json\/wp\/v2\/product"}],"about":[{"href":"https:\/\/pruebas.michollo.to\/fr\/wp-json\/wp\/v2\/types\/product"}],"replies":[{"embeddable":true,"href":"https:\/\/pruebas.michollo.to\/fr\/wp-json\/wp\/v2\/comments?post=19330"}],"wp:featuredmedia":[{"embeddable":true,"href":"https:\/\/pruebas.michollo.to\/fr\/wp-json\/wp\/v2\/media\/19331"}],"wp:attachment":[{"href":"https:\/\/pruebas.michollo.to\/fr\/wp-json\/wp\/v2\/media?parent=19330"}],"wp:term":[{"taxonomy":"product_brand","embeddable":true,"href":"https:\/\/pruebas.michollo.to\/fr\/wp-json\/wp\/v2\/product_brand?post=19330"},{"taxonomy":"product_cat","embeddable":true,"href":"https:\/\/pruebas.michollo.to\/fr\/wp-json\/wp\/v2\/product_cat?post=19330"},{"taxonomy":"product_tag","embeddable":true,"href":"https:\/\/pruebas.michollo.to\/fr\/wp-json\/wp\/v2\/product_tag?post=19330"}],"curies":[{"name":"wp","href":"https:\/\/api.w.org\/{rel}","templated":true}]}}