{"id":19332,"date":"2025-09-01T17:02:50","date_gmt":"2025-09-01T15:02:50","guid":{"rendered":"https:\/\/www.minandovoy.com\/?post_type=product&#038;p=19332"},"modified":"2026-02-23T13:08:25","modified_gmt":"2026-02-23T12:08:25","slug":"bitmain-antminer-s21e-hyd-310-th-s","status":"publish","type":"product","link":"https:\/\/pruebas.michollo.to\/fr\/produit\/bitmain-antminer-s21e-hyd-310-th-s\/","title":{"rendered":"Reserva Bitmain Antminer S21e Hyd (310 TH\/s)"},"content":{"rendered":"<p data-start=\"307\" data-end=\"578\">D\u00e9couvrez les <strong data-start=\"319\" data-end=\"348\">Bitmain Antminer S21e Hyd<\/strong>, una poderosa soluci\u00f3n de miner\u00eda ASIC refrigerada por agua, dise\u00f1ada para el algoritmo <strong data-start=\"437\" data-end=\"448\">SHA-256<\/strong>. Con un s\u00f3lido <strong data-start=\"464\" data-end=\"488\">hashrate de 310 TH\/s<\/strong>, ofrece un rendimiento ideal para la miner\u00eda de <strong data-start=\"537\" data-end=\"577\">Bitcoin y criptomonedas relacionadas<\/strong>.<\/p>\n<p data-start=\"580\" data-end=\"938\">Su avanzada tecnolog\u00eda de <strong data-start=\"606\" data-end=\"629\">hidro-refrigeraci\u00f3n<\/strong> minimiza el ruido (alrededor de 50 dB), asegura una operatividad m\u00e1s fresca y prolonga la vida \u00fatil del equipo. Con un consumo energ\u00e9tico de <strong data-start=\"771\" data-end=\"781\">5270 W<\/strong> y una eficiencia de <strong data-start=\"802\" data-end=\"813\">17 J\/TH<\/strong>, el balance entre potencia de minado y coste el\u00e9ctrico es \u00f3ptimo, ideal para entornos profesionales y operaciones continuas.<\/p>\n<p data-start=\"940\" data-end=\"1175\">Su dise\u00f1o compacto (410 \u00d7 170 \u00d7 209 mm) y ligero (\u2248 12,8 kg) facilita la integraci\u00f3n en racks o centros de datos. Adem\u00e1s, incorpora <strong data-start=\"1072\" data-end=\"1101\">1 a\u00f1o de garant\u00eda oficial<\/strong> para el comprador original, ofreciendo respaldo s\u00f3lido para tu inversi\u00f3n.<\/p>\n<h2 data-start=\"1182\" data-end=\"1211\">Especificaciones T\u00e9cnicas<\/h2>\n<div class=\"_tableContainer_1rjym_1\">\n<div class=\"_tableWrapper_1rjym_13 group flex w-fit flex-col-reverse\" tabindex=\"-1\">\n<table class=\"w-fit min-w-(--thread-content-width)\" data-start=\"1213\" data-end=\"2397\">\n<thead data-start=\"1213\" data-end=\"1291\">\n<tr data-start=\"1213\" data-end=\"1291\">\n<th data-start=\"1213\" data-end=\"1244\" data-col-size=\"sm\"><strong data-start=\"1215\" data-end=\"1233\">Especificaci\u00f3n<\/strong><\/th>\n<th data-start=\"1244\" data-end=\"1291\" data-col-size=\"sm\"><strong data-start=\"1246\" data-end=\"1257\">D\u00e9tail<\/strong><\/th>\n<\/tr>\n<\/thead>\n<tbody data-start=\"1371\" data-end=\"2397\">\n<tr data-start=\"1371\" data-end=\"1449\">\n<td data-start=\"1371\" data-end=\"1402\" data-col-size=\"sm\">Algorithme<\/td>\n<td data-col-size=\"sm\" data-start=\"1402\" data-end=\"1449\">SHA-256<\/td>\n<\/tr>\n<tr data-start=\"1450\" data-end=\"1529\">\n<td data-start=\"1450\" data-end=\"1481\" data-col-size=\"sm\">Hashrate<\/td>\n<td data-start=\"1481\" data-end=\"1529\" data-col-size=\"sm\">310 TH\/s (\u00b1 5 %)<\/td>\n<\/tr>\n<tr data-start=\"1530\" data-end=\"1608\">\n<td data-start=\"1530\" data-end=\"1561\" data-col-size=\"sm\">Consommation d'\u00e9nergie<\/td>\n<td data-start=\"1561\" data-end=\"1608\" data-col-size=\"sm\">5270 W (\u00b1 5 %)<\/td>\n<\/tr>\n<tr data-start=\"1609\" data-end=\"1687\">\n<td data-start=\"1609\" data-end=\"1640\" data-col-size=\"sm\">Efficacit\u00e9 \u00e9nerg\u00e9tique<\/td>\n<td data-start=\"1640\" data-end=\"1687\" data-col-size=\"sm\">17 J\/TH<\/td>\n<\/tr>\n<tr data-start=\"1688\" data-end=\"1766\">\n<td data-start=\"1688\" data-end=\"1719\" data-col-size=\"sm\">Syst\u00e8me de refroidissement<\/td>\n<td data-start=\"1719\" data-end=\"1766\" data-col-size=\"sm\">Hidro-refrigeraci\u00f3n<\/td>\n<\/tr>\n<tr data-start=\"1767\" data-end=\"1845\">\n<td data-start=\"1767\" data-end=\"1798\" data-col-size=\"sm\">Dimensiones (mm)<\/td>\n<td data-start=\"1798\" data-end=\"1845\" data-col-size=\"sm\">410 \u00d7 170 \u00d7 209<\/td>\n<\/tr>\n<tr data-start=\"1846\" data-end=\"1924\">\n<td data-start=\"1846\" data-end=\"1877\" data-col-size=\"sm\">Poids<\/td>\n<td data-col-size=\"sm\" data-start=\"1877\" data-end=\"1924\">12,8 kg<\/td>\n<\/tr>\n<tr data-start=\"1925\" data-end=\"2003\">\n<td data-start=\"1925\" data-end=\"1956\" data-col-size=\"sm\">Niveau sonore<\/td>\n<td data-start=\"1956\" data-end=\"2003\" data-col-size=\"sm\">\u2248 50 dB<\/td>\n<\/tr>\n<tr data-start=\"2004\" data-end=\"2081\">\n<td data-start=\"2004\" data-end=\"2035\" data-col-size=\"sm\">Connectivit\u00e9<\/td>\n<td data-col-size=\"sm\" data-start=\"2035\" data-end=\"2081\">Ethernet RJ-45<\/td>\n<\/tr>\n<tr data-start=\"2082\" data-end=\"2160\">\n<td data-start=\"2082\" data-end=\"2113\" data-col-size=\"sm\">Temperatura de operaci\u00f3n<\/td>\n<td data-col-size=\"sm\" data-start=\"2113\" data-end=\"2160\">5 \u00b0C \u2013 45 \u00b0C<\/td>\n<\/tr>\n<tr data-start=\"2161\" data-end=\"2239\">\n<td data-start=\"2161\" data-end=\"2192\" data-col-size=\"sm\">Humidit\u00e9 de fonctionnement<\/td>\n<td data-start=\"2192\" data-end=\"2239\" data-col-size=\"sm\">5 % \u2013 95 %<\/td>\n<\/tr>\n<tr data-start=\"2240\" data-end=\"2318\">\n<td data-start=\"2240\" data-end=\"2271\" data-col-size=\"sm\">Lanzamiento estimado<\/td>\n<td data-start=\"2271\" data-end=\"2318\" data-col-size=\"sm\">Agosto 2025<\/td>\n<\/tr>\n<tr data-start=\"2319\" data-end=\"2397\">\n<td data-start=\"2319\" data-end=\"2350\" data-col-size=\"sm\">Garantie<\/td>\n<td data-start=\"2350\" data-end=\"2397\" data-col-size=\"sm\">1 a\u00f1o<\/td>\n<\/tr>\n<\/tbody>\n<\/table>\n<\/div>\n<\/div>","protected":false},"excerpt":{"rendered":"<p>Descubre el Bitmain Antminer S21e Hyd, una poderosa soluci\u00f3n de miner\u00eda ASIC refrigerada por agua, dise\u00f1ada para el algoritmo SHA-256. Con un s\u00f3lido hashrate de 310 TH\/s, ofrece un rendimiento ideal para la miner\u00eda de Bitcoin y criptomonedas relacionadas. Su avanzada tecnolog\u00eda de hidro-refrigeraci\u00f3n minimiza el ruido (alrededor de 50 dB), asegura una operatividad m\u00e1s [&hellip;]<\/p>\n","protected":false},"featured_media":19331,"comment_status":"open","ping_status":"closed","template":"","meta":[],"product_brand":[],"product_cat":[19],"product_tag":[244,138],"class_list":{"0":"post-19332","1":"product","2":"type-product","3":"status-publish","4":"has-post-thumbnail","6":"product_cat-mineros","7":"product_tag-gme","8":"product_tag-mineros-para-avanzados","10":"first","11":"instock","12":"taxable","13":"shipping-taxable","14":"purchasable","15":"product-type-simple"},"_links":{"self":[{"href":"https:\/\/pruebas.michollo.to\/fr\/wp-json\/wp\/v2\/product\/19332","targetHints":{"allow":["GET"]}}],"collection":[{"href":"https:\/\/pruebas.michollo.to\/fr\/wp-json\/wp\/v2\/product"}],"about":[{"href":"https:\/\/pruebas.michollo.to\/fr\/wp-json\/wp\/v2\/types\/product"}],"replies":[{"embeddable":true,"href":"https:\/\/pruebas.michollo.to\/fr\/wp-json\/wp\/v2\/comments?post=19332"}],"wp:featuredmedia":[{"embeddable":true,"href":"https:\/\/pruebas.michollo.to\/fr\/wp-json\/wp\/v2\/media\/19331"}],"wp:attachment":[{"href":"https:\/\/pruebas.michollo.to\/fr\/wp-json\/wp\/v2\/media?parent=19332"}],"wp:term":[{"taxonomy":"product_brand","embeddable":true,"href":"https:\/\/pruebas.michollo.to\/fr\/wp-json\/wp\/v2\/product_brand?post=19332"},{"taxonomy":"product_cat","embeddable":true,"href":"https:\/\/pruebas.michollo.to\/fr\/wp-json\/wp\/v2\/product_cat?post=19332"},{"taxonomy":"product_tag","embeddable":true,"href":"https:\/\/pruebas.michollo.to\/fr\/wp-json\/wp\/v2\/product_tag?post=19332"}],"curies":[{"name":"wp","href":"https:\/\/api.w.org\/{rel}","templated":true}]}}