{"id":19639,"date":"2025-10-24T12:40:05","date_gmt":"2025-10-24T10:40:05","guid":{"rendered":"https:\/\/www.minandovoy.com\/?post_type=product&#038;p=19639"},"modified":"2026-02-23T13:06:04","modified_gmt":"2026-02-23T12:06:04","slug":"ae3","status":"publish","type":"product","link":"https:\/\/pruebas.michollo.to\/fr\/produit\/ae3\/","title":{"rendered":"IceRiver ALEO AE3 (2Gh\/s)"},"content":{"rendered":"<p>El IceRiver ALEO AE3 es un minero ASIC de \u00faltima generaci\u00f3n dise\u00f1ado espec\u00edficamente para el algoritmo zkSNARK, optimizado para la criptomoneda ALEO. Con una potencia de 2 GH\/s y un consumo estimado de 3.400 W, ofrece una eficiencia energ\u00e9tica aproximada de 1,70 J\/MH. Gracias a su dise\u00f1o especializado, interfaz Ethernet y operaci\u00f3n en rangos est\u00e1ndares para montaje profesional, este equipo es ideal para quienes desean maximizar su rendimiento en miner\u00eda de ALEO con fiabilidad y escalabilidad. Incluye 1 a\u00f1o de garant\u00eda oficial.<\/p>\n<div class=\"asicminer-widget-container\" style=\"width: 100%; min-height: 300px;\">\n            <iframe id=\"asicminer-widget-6001\" \n                    src=\"https:\/\/pruebas.michollo.to\/wp-content\/themes\/minandovoy\/proxy-widget.php?miner=iceriver\/aleo-ae3&#038;type=profit&#038;theme=dark\" \n                    width=\"100%\" \n                    height=\"300\" \n                    frameborder=\"0\"\n                    loading=\"lazy\"\n                    style=\"border: none; overflow: hidden;\"\n                    title=\"ASIC Miner Widget\">\n            <\/iframe>\n        <\/div>\n<div class=\"mb-4\">\n<h3 class=\"\">\ud83d\udd27 Sp\u00e9cifications techniques<\/h3>\n<\/div>\n<table class=\"w-full\">\n<tbody>\n<tr class=\"odd:bg-transparent even:bg-gray-1 odd:dark:bg-transparent even:dark:bg-black\/80\">\n<td class=\"min-w-40 py-1 pl-2\">Tasa de hash (hashrate)<\/td>\n<td class=\"pr-2 text-right\">2 GH\/s (\u00b15 %)<\/td>\n<\/tr>\n<tr class=\"odd:bg-transparent even:bg-gray-1 odd:dark:bg-transparent even:dark:bg-black\/80\">\n<td class=\"min-w-40 py-1 pl-2\">Consumo el\u00e9ctrico<\/td>\n<td class=\"pr-2 text-right\">3.400 W (\u00b110 %)<\/td>\n<\/tr>\n<tr class=\"odd:bg-transparent even:bg-gray-1 odd:dark:bg-transparent even:dark:bg-black\/80\">\n<td class=\"min-w-40 py-1 pl-2\">Efficacit\u00e9 \u00e9nerg\u00e9tique<\/td>\n<td class=\"pr-2 text-right\">~1,70 J\/MH<\/td>\n<\/tr>\n<tr class=\"odd:bg-transparent even:bg-gray-1 odd:dark:bg-transparent even:dark:bg-black\/80\">\n<td class=\"min-w-40 py-1 pl-2\">Algorithme<\/td>\n<td class=\"pr-2 text-right\">zkSNARK<\/td>\n<\/tr>\n<tr class=\"odd:bg-transparent even:bg-gray-1 odd:dark:bg-transparent even:dark:bg-black\/80\">\n<td class=\"min-w-40 py-1 pl-2\">Criptomoneda dirigida<\/td>\n<td class=\"pr-2 text-right\">ALEO<\/td>\n<\/tr>\n<tr class=\"odd:bg-transparent even:bg-gray-1 odd:dark:bg-transparent even:dark:bg-black\/80\">\n<td class=\"min-w-40 py-1 pl-2\">Dimensions<\/td>\n<td class=\"pr-2 text-right\">370 \u00d7 195 \u00d7 290 mm (aproximado)<\/td>\n<\/tr>\n<tr class=\"odd:bg-transparent even:bg-gray-1 odd:dark:bg-transparent even:dark:bg-black\/80\">\n<td class=\"min-w-40 py-1 pl-2\">Poids<\/td>\n<td class=\"pr-2 text-right\">~15 kg<\/td>\n<\/tr>\n<tr class=\"odd:bg-transparent even:bg-gray-1 odd:dark:bg-transparent even:dark:bg-black\/80\">\n<td class=\"min-w-40 py-1 pl-2\">Niveau sonore<\/td>\n<td class=\"pr-2 text-right\">~75 dB<\/td>\n<\/tr>\n<tr class=\"odd:bg-transparent even:bg-gray-1 odd:dark:bg-transparent even:dark:bg-black\/80\">\n<td class=\"min-w-40 py-1 pl-2\">Les fans<\/td>\n<td class=\"pr-2 text-right\">-<\/td>\n<\/tr>\n<tr class=\"odd:bg-transparent even:bg-gray-1 odd:dark:bg-transparent even:dark:bg-black\/80\">\n<td class=\"min-w-40 py-1 pl-2\">Tension d'entr\u00e9e<\/td>\n<td class=\"pr-2 text-right\">200-250 V AC<\/td>\n<\/tr>\n<tr class=\"odd:bg-transparent even:bg-gray-1 odd:dark:bg-transparent even:dark:bg-black\/80\">\n<td class=\"min-w-40 py-1 pl-2\">Rango de operaci\u00f3n<\/td>\n<td class=\"pr-2 text-right\">0 \u2013 40 \u00b0C (aproximado)<\/td>\n<\/tr>\n<tr class=\"odd:bg-transparent even:bg-gray-1 odd:dark:bg-transparent even:dark:bg-black\/80\">\n<td class=\"min-w-40 py-1 pl-2\">Interfaz de conexi\u00f3n<\/td>\n<td class=\"pr-2 text-right\">Ethernet<\/td>\n<\/tr>\n<tr class=\"odd:bg-transparent even:bg-gray-1 odd:dark:bg-transparent even:dark:bg-black\/80\">\n<td class=\"min-w-40 py-1 pl-2\">Garantie<\/td>\n<td class=\"pr-2 text-right\">1 a\u00f1o<\/td>\n<\/tr>\n<\/tbody>\n<\/table>\n<p>&nbsp;<\/p>\n<p>Este producto cuenta con 1 a\u00f1o de garant\u00eda desde la fecha de compra. Durante este per\u00edodo, cubrimos cualquier defecto de fabricaci\u00f3n o funcionamiento an\u00f3malo bajo condiciones normales de uso.<br \/>\nPara hacer efectiva la garant\u00eda, simplemente conserva tu comprobante de compra y contacta con nuestro servicio de atenci\u00f3n al cliente.<\/p>","protected":false},"excerpt":{"rendered":"<p>El IceRiver ALEO AE3 es un minero ASIC de \u00faltima generaci\u00f3n dise\u00f1ado espec\u00edficamente para el algoritmo zkSNARK, optimizado para la criptomoneda ALEO. Con una potencia de 2 GH\/s y un consumo estimado de 3.400 W, ofrece una eficiencia energ\u00e9tica aproximada de 1,70 J\/MH. Gracias a su dise\u00f1o especializado, interfaz Ethernet y operaci\u00f3n en rangos est\u00e1ndares [&hellip;]<\/p>\n","protected":false},"featured_media":19642,"comment_status":"open","ping_status":"closed","template":"","meta":[],"product_brand":[],"product_cat":[19],"product_tag":[244,138,137],"class_list":{"0":"post-19639","1":"product","2":"type-product","3":"status-publish","4":"has-post-thumbnail","6":"product_cat-mineros","7":"product_tag-gme","8":"product_tag-mineros-para-avanzados","9":"product_tag-mineros-para-principiantes","11":"first","12":"instock","13":"taxable","14":"shipping-taxable","15":"purchasable","16":"product-type-simple"},"_links":{"self":[{"href":"https:\/\/pruebas.michollo.to\/fr\/wp-json\/wp\/v2\/product\/19639","targetHints":{"allow":["GET"]}}],"collection":[{"href":"https:\/\/pruebas.michollo.to\/fr\/wp-json\/wp\/v2\/product"}],"about":[{"href":"https:\/\/pruebas.michollo.to\/fr\/wp-json\/wp\/v2\/types\/product"}],"replies":[{"embeddable":true,"href":"https:\/\/pruebas.michollo.to\/fr\/wp-json\/wp\/v2\/comments?post=19639"}],"wp:featuredmedia":[{"embeddable":true,"href":"https:\/\/pruebas.michollo.to\/fr\/wp-json\/wp\/v2\/media\/19642"}],"wp:attachment":[{"href":"https:\/\/pruebas.michollo.to\/fr\/wp-json\/wp\/v2\/media?parent=19639"}],"wp:term":[{"taxonomy":"product_brand","embeddable":true,"href":"https:\/\/pruebas.michollo.to\/fr\/wp-json\/wp\/v2\/product_brand?post=19639"},{"taxonomy":"product_cat","embeddable":true,"href":"https:\/\/pruebas.michollo.to\/fr\/wp-json\/wp\/v2\/product_cat?post=19639"},{"taxonomy":"product_tag","embeddable":true,"href":"https:\/\/pruebas.michollo.to\/fr\/wp-json\/wp\/v2\/product_tag?post=19639"}],"curies":[{"name":"wp","href":"https:\/\/api.w.org\/{rel}","templated":true}]}}