{"id":2019,"date":"2023-06-02T05:57:43","date_gmt":"2023-06-02T07:57:43","guid":{"rendered":"https:\/\/www.minandovoy.com\/?post_type=product&#038;p=2019"},"modified":"2025-05-09T14:47:15","modified_gmt":"2025-05-09T12:47:15","slug":"20g-sapphire-pulse-amd-radeon-rx-7900-xtx-gaming-oc-24gb-gddr6-dual-hdmi-dual-dp","status":"publish","type":"product","link":"https:\/\/pruebas.michollo.to\/fr\/produit\/20g-sapphire-pulse-amd-radeon-rx-7900-xtx-gaming-oc-24gb-gddr6-dual-hdmi-dual-dp\/","title":{"rendered":"Sapphire Pulse AMD Radeon RX 7900 XTX Gaming OC 24GB GDDR6 DUAL HDMI \/ DUAL DP"},"content":{"rendered":"<p>La carte graphique Sapphire Pulse AMD Radeon RX 7900 XTX Gaming OC avec 24 Go de m\u00e9moire GDDR6 est une v\u00e9ritable b\u00eate en termes de performances et de capacit\u00e9s de jeu. Con\u00e7ue pour les joueurs les plus exigeants et les professionnels de la cr\u00e9ation, cette carte graphique offre un niveau exceptionnel de puissance et de performances visuelles.<\/p>\n<p>La RX 7900 XTX dispose de 20 Go de m\u00e9moire GDDR6 \u00e0 haute vitesse, ce qui permet un chargement rapide des textures et des donn\u00e9es graphiques pour une exp\u00e9rience de jeu fluide et sans faille. En outre, la quantit\u00e9 g\u00e9n\u00e9reuse de m\u00e9moire garantit un espace suffisant pour travailler sur des projets cr\u00e9atifs intensifs et des applications d'\u00e9dition vid\u00e9o.<\/p>\n<p>Dot\u00e9e de la derni\u00e8re architecture AMD RDNA 3, cette carte graphique offre des performances exceptionnelles et une qualit\u00e9 visuelle \u00e9poustouflante. Les effets visuels et la fid\u00e9lit\u00e9 des d\u00e9tails sont am\u00e9lior\u00e9s par la technologie AMD FidelityFX et la prise en charge de DirectX 12 Ultimate.<\/p>\n<p>Le syst\u00e8me de refroidissement avanc\u00e9 de SAPPHIRE PULSE garantit des performances optimales de la carte graphique, m\u00eame dans les conditions les plus exigeantes. Ses deux ventilateurs et son syst\u00e8me efficace de dissipation de la chaleur permettent de contr\u00f4ler les temp\u00e9ratures, d'\u00e9viter la surchauffe et de garantir des performances constantes.<\/p>\n<p>Avec deux ports HDMI et deux ports DP, la RX 7900 XTX vous offre la possibilit\u00e9 de connecter plusieurs moniteurs pour une exp\u00e9rience de jeu immersive.<\/p>\n<p>En r\u00e9sum\u00e9, la 20G SAPPHIRE PULSE AMD RADEON RX 7900 XTX GAMING OC avec 24 Go de m\u00e9moire GDDR6 est une carte graphique haut de gamme qui offre des performances exceptionnelles et une qualit\u00e9 visuelle \u00e9poustouflante. Si vous \u00eates \u00e0 la recherche des meilleures performances graphiques et que vous \u00eates pr\u00eat \u00e0 faire passer votre exp\u00e9rience de jeu et vos projets cr\u00e9atifs au niveau sup\u00e9rieur, cette carte graphique est le choix id\u00e9al.<\/p>\n<h2>Caract\u00e9ristiques :<\/h2>\n<ul>\n<li>GPU : horloge \u00e0 impulsions : jusqu'\u00e0 2525 MHz<\/li>\n<li>GPU : horloge de jeu : jusqu'\u00e0 2330 MHz<\/li>\n<li>M\u00e9moire : 24 GB\/384 bit DDR6. 20 Gbps effectifs<\/li>\n<li>Processeurs de flux : 6144<\/li>\n<li>Architecture RDNA\u2122 3<\/li>\n<li>Acc\u00e9l\u00e9rateur de faisceau : 96<\/li>\n<\/ul>\n<h2>Sp\u00e9cifications<\/h2>\n<ul>\n<li>GPU<\/li>\n<li>Carte graphique AMD Radeon\u2122 RX 7900 XTX<\/li>\n<li>GPU 5nm<\/li>\n<li>Architecture AMD RDNA\u2122 3<\/li>\n<li>Horloge moteur\n<ul>\n<li>Horloge \u00e0 impulsion : jusqu'\u00e0 2525 MHz<\/li>\n<li>Horloge de jeu : jusqu'\u00e0 2330 MHz<\/li>\n<li>L'horloge Boost est la fr\u00e9quence maximale atteignable sur le GPU ex\u00e9cutant une charge de travail en rafale. La possibilit\u00e9 d'atteindre, la fr\u00e9quence et la durabilit\u00e9 de l'horloge Boost varieront en fonction d'un certain nombre de facteurs, y compris, mais sans s'y limiter, les conditions thermiques et les variations de l'application et des charges de travail.<\/li>\n<li>L'horloge de jeu est l'horloge attendue du GPU lors de l'ex\u00e9cution d'applications de jeu typiques, r\u00e9gl\u00e9e sur la puissance graphique totale (TGP) typique. Les r\u00e9sultats r\u00e9els de l'horloge du jeu peuvent varier.<\/li>\n<\/ul>\n<\/li>\n<li>6144 Processeurs de flux<\/li>\n<li>Unit\u00e9s de calcul 96 CU (avec acc\u00e9l\u00e9rateurs RT+AI)<\/li>\n<li>Cache infini 96MB<\/li>\n<li>Acc\u00e9l\u00e9rateurs \u00e0 96 rayons<\/li>\n<li>Taille de la m\u00e9moire\/Bus 24 Go\/384 bits GDDR6<\/li>\n<li>Horloge m\u00e9moire 20 Gbps effectifs<\/li>\n<li>\u00e9crans Maximum 4 \u00e9crans<\/li>\n<li>R\u00e9solution\n<ul>\n<li>HDMI\u2122 : 7680\u00d74320<\/li>\n<li>DisplayPort 2.1 : 7680 \u00d7 4320<\/li>\n<\/ul>\n<\/li>\n<li>Interface PCI Express 4.0 x16<\/li>\n<li>Production\n<ul>\n<li>2xHDMI<\/li>\n<li>2x displayport<\/li>\n<\/ul>\n<\/li>\n<li>Double prise en charge du BIOS UEFI<\/li>\n<li>Index des jeux 4K<\/li>\n<li>Caract\u00e9ristiques du saphir\n<ul>\n<li>Conception de puissance num\u00e9rique haut de gamme<\/li>\n<li>Condensateurs aluminium \u00e0 polym\u00e8re conducteur ultra haute performance<\/li>\n<li>Protection par fusible<\/li>\n<li>PCB en cuivre \u00e0 haut TG<\/li>\n<li>Tuyau de chaleur composite optimis\u00e9<\/li>\n<li>Technologie Tri-X<\/li>\n<li>Contr\u00f4le intelligent du ventilateur<\/li>\n<li>Contr\u00f4le pr\u00e9cis du ventilateur<\/li>\n<li>Plaque arri\u00e8re en m\u00e9tal<\/li>\n<li>Ventilateurs avec deux roulements \u00e0 billes<\/li>\n<li>Ventilateur \u00e0 vitesse angulaire<\/li>\n<li>Compatible avec TriXX<\/li>\n<li>TriXX Impulse<\/li>\n<li>Supporter de la carte graphique<\/li>\n<\/ul>\n<\/li>\n<li>Caract\u00e9ristiques de l'AMD\n<ul>\n<li>Architecture de jeu AMD RDNA\u2122 3<\/li>\n<li>96 unit\u00e9s de calcul AMD RDNA\u2122 3 (avec acc\u00e9l\u00e9rateurs RT+AI)<\/li>\n<li>Technologie AMD Infinity Cache\u2122 de 96 Mo<\/li>\n<li>DisplayPort\u2122 2.1<\/li>\n<li>Moteur AMD Radiance Display\u2122<\/li>\n<li>Technologie AMD Radeon\u2122 Boost<\/li>\n<li>Technologie AMD Radeon\u2122 Anti-Lag<\/li>\n<li>24 Go GDDR6 sur un bus m\u00e9moire de 384 bits<\/li>\n<li>Pr\u00eat pour PCI\u00ae Express 4.0<\/li>\n<li>Technologies AMD FidelityFX\u2122*<\/li>\n<li>Technologie AMD FidelityFX\u2122 Super Resolution<\/li>\n<li>Microsoft\u00ae DirectX\u00ae 12 derni\u00e8re version<\/li>\n<li>Microsoft\u00ae Direct Storage<\/li>\n<li>Optimis\u00e9 pour Vulkan<\/li>\n<li>Technologies intelligentes AMD<\/li>\n<li>Logiciel AMD : application Adrenalin Edition\u2122<\/li>\n<li>Suppression du bruit AMD<\/li>\n<li>Vue de la confidentialit\u00e9 d'AMD<\/li>\n<li>Technologie AMD Radeon\u2122 Super Resolution<\/li>\n<li>Lien AMD<\/li>\n<li>Technologie AMD Freesync\u2122<\/li>\n<\/ul>\n<\/li>\n<li>Refroidissement 3 ventilateurs<\/li>\n<li>Facteur de forme\n<ul>\n<li>Emplacement 2.7, ATX<\/li>\n<\/ul>\n<\/li>\n<li>Dimensions : 313 (L) x 133,75 (L) x 52,67 (H) mm<\/li>\n<li>Consommation d'\u00e9nergie\n<ul>\n<li>Puissance totale de la plaque 370 W<\/li>\n<\/ul>\n<\/li>\n<li>syst\u00e8me d'exploitation\n<ul>\n<li>Linux\u00ae, Windows\u00ae 10 et Windows 11. Syst\u00e8me d'exploitation 64 bits requis.<\/li>\n<\/ul>\n<\/li>\n<li>Exigences du syst\u00e8me\n<ul>\n<li>Alimentation minimale 800 watts<\/li>\n<li>3 connecteurs d'alimentation \u00e0 8 broches.<\/li>\n<li>N\u00e9cessite un PC bas\u00e9 sur PCI Express\u00ae avec un emplacement graphique X16 sur la carte m\u00e8re.<\/li>\n<li>Au moins 8 Go de m\u00e9moire syst\u00e8me. 16 Go recommand\u00e9s.<\/li>\n<\/ul>\n<\/li>\n<\/ul>","protected":false},"excerpt":{"rendered":"<p>La tarjeta gr\u00e1fica Sapphire Pulse AMD Radeon RX 7900 XTX Gaming OC con 24GB de memoria GDDR6 es una verdadera bestia en t\u00e9rminos de rendimiento y capacidad de juego. Dise\u00f1ada para los jugadores m\u00e1s exigentes y los profesionales creativos, esta tarjeta gr\u00e1fica ofrece un nivel excepcional de poder y rendimiento visual. La RX 7900 XTX [&hellip;]<\/p>\n","protected":false},"featured_media":2020,"comment_status":"open","ping_status":"closed","template":"","meta":[],"product_brand":[],"product_cat":[20,18],"product_tag":[240],"class_list":{"0":"post-2019","1":"product","2":"type-product","3":"status-publish","4":"has-post-thumbnail","6":"product_cat-componentes","7":"product_cat-rigs-de-gpu","8":"product_tag-gpu","10":"first","11":"instock","12":"taxable","13":"shipping-taxable","14":"purchasable","15":"product-type-simple"},"_links":{"self":[{"href":"https:\/\/pruebas.michollo.to\/fr\/wp-json\/wp\/v2\/product\/2019","targetHints":{"allow":["GET"]}}],"collection":[{"href":"https:\/\/pruebas.michollo.to\/fr\/wp-json\/wp\/v2\/product"}],"about":[{"href":"https:\/\/pruebas.michollo.to\/fr\/wp-json\/wp\/v2\/types\/product"}],"replies":[{"embeddable":true,"href":"https:\/\/pruebas.michollo.to\/fr\/wp-json\/wp\/v2\/comments?post=2019"}],"wp:featuredmedia":[{"embeddable":true,"href":"https:\/\/pruebas.michollo.to\/fr\/wp-json\/wp\/v2\/media\/2020"}],"wp:attachment":[{"href":"https:\/\/pruebas.michollo.to\/fr\/wp-json\/wp\/v2\/media?parent=2019"}],"wp:term":[{"taxonomy":"product_brand","embeddable":true,"href":"https:\/\/pruebas.michollo.to\/fr\/wp-json\/wp\/v2\/product_brand?post=2019"},{"taxonomy":"product_cat","embeddable":true,"href":"https:\/\/pruebas.michollo.to\/fr\/wp-json\/wp\/v2\/product_cat?post=2019"},{"taxonomy":"product_tag","embeddable":true,"href":"https:\/\/pruebas.michollo.to\/fr\/wp-json\/wp\/v2\/product_tag?post=2019"}],"curies":[{"name":"wp","href":"https:\/\/api.w.org\/{rel}","templated":true}]}}