{"id":2095,"date":"2023-06-22T08:38:56","date_gmt":"2023-06-22T10:38:56","guid":{"rendered":"https:\/\/www.minandovoy.com\/?post_type=product&#038;p=2095"},"modified":"2025-05-09T14:47:13","modified_gmt":"2025-05-09T12:47:13","slug":"iceriver-ks2-2t","status":"publish","type":"product","link":"https:\/\/pruebas.michollo.to\/fr\/produit\/iceriver-ks2-2t\/","title":{"rendered":"IceRiver Miner KS2 2TH 1200W Kaspa Asic Mining Cryptocurrency"},"content":{"rendered":"<p>L'ASIC, IceRiver KS2 2000 GH\/s, est un dispositif sp\u00e9cialis\u00e9 dans le minage de crypto-monnaies, con\u00e7u sp\u00e9cifiquement pour le minage de Kaspa ou d'autres crypto-monnaies utilisant l'algorithme kHeavyHash. L'emballage comprend un bloc d'alimentation IceRiver PSU.<\/p>\n<p>Voici quelques caract\u00e9ristiques importantes de l'ASIC :<\/p>\n<ul>\n<li>Niveau sonore : Cet ASIC minier Kaspa est con\u00e7u pour un usage domestique et ne g\u00e9n\u00e8re pas de bruit significatif, puisqu'il n'\u00e9met que 70 dB.<\/li>\n<li>Consommation d'\u00e9nergie : la consommation d'\u00e9nergie de cet ASIC est tr\u00e8s faible, ce qui le rend adapt\u00e9 \u00e0 une utilisation domestique. Il est recommand\u00e9 d'utiliser un tarif d'\u00e9lectricit\u00e9 domestique.<\/li>\n<\/ul>\n<p><strong>Caract\u00e9ristiques du mineur :<\/strong><\/p>\n<table class=\"woocommerce-product-attributes shop_attributes\">\n<tbody>\n<tr class=\"woocommerce-product-attributes-item woocommerce-product-attributes-item--attribute_kas-hashrate\">\n<th class=\"woocommerce-product-attributes-item__label\">KAS Hashrate<\/th>\n<td class=\"woocommerce-product-attributes-item__value\">2TH\/S(\u00b110%)<\/td>\n<\/tr>\n<tr class=\"woocommerce-product-attributes-item woocommerce-product-attributes-item--attribute_wall-power\">\n<th class=\"woocommerce-product-attributes-item__label\">Puissance<\/th>\n<td class=\"woocommerce-product-attributes-item__value\">1200W\/h(\u00b110%)<\/td>\n<\/tr>\n<tr class=\"woocommerce-product-attributes-item woocommerce-product-attributes-item--attribute_specifications\">\n<th class=\"woocommerce-product-attributes-item__label\">Hashrate - Rapport de puissance<\/th>\n<td class=\"woocommerce-product-attributes-item__value\">2TH 1200W<\/td>\n<\/tr>\n<tr class=\"woocommerce-product-attributes-item woocommerce-product-attributes-item--attribute_dimensionwith-packaging\">\n<th class=\"woocommerce-product-attributes-item__label\">Dimensions (avec emballage)<\/th>\n<td class=\"woocommerce-product-attributes-item__value\">490\u00d7300\u00d7400(mm)<\/td>\n<\/tr>\n<tr class=\"woocommerce-product-attributes-item woocommerce-product-attributes-item--attribute_dimension\">\n<th class=\"woocommerce-product-attributes-item__label\">Dimensions<\/th>\n<td class=\"woocommerce-product-attributes-item__value\">370\u00d7195\u00d7290(mm)<\/td>\n<\/tr>\n<tr class=\"woocommerce-product-attributes-item woocommerce-product-attributes-item--attribute_gross-weight\">\n<th class=\"woocommerce-product-attributes-item__label\">Poids<\/th>\n<td class=\"woocommerce-product-attributes-item__value\">14,9 kg<\/td>\n<\/tr>\n<tr class=\"woocommerce-product-attributes-item woocommerce-product-attributes-item--attribute_net-weight\">\n<th class=\"woocommerce-product-attributes-item__label\">Poids net<\/th>\n<td class=\"woocommerce-product-attributes-item__value\">12,5 kg<\/td>\n<\/tr>\n<tr class=\"woocommerce-product-attributes-item woocommerce-product-attributes-item--attribute_connection\">\n<th class=\"woocommerce-product-attributes-item__label\">Connexion<\/th>\n<td class=\"woocommerce-product-attributes-item__value\">Ethernet<\/td>\n<\/tr>\n<tr class=\"woocommerce-product-attributes-item woocommerce-product-attributes-item--attribute_voltage-input\">\n<th class=\"woocommerce-product-attributes-item__label\">Tension d'entr\u00e9e<\/th>\n<td class=\"woocommerce-product-attributes-item__value\">170-300V AC<\/td>\n<\/tr>\n<tr class=\"woocommerce-product-attributes-item woocommerce-product-attributes-item--attribute_operating-temp\">\n<th class=\"woocommerce-product-attributes-item__label\">Temp\u00e9rature de fonctionnement<\/th>\n<td class=\"woocommerce-product-attributes-item__value\">0~35 \u2103<\/td>\n<\/tr>\n<\/tbody>\n<\/table>\n<h3>Qu'est-ce que Kaspa ?<\/h3>\n<p>Kaspa est une crypto-monnaie qui repose sur la technologie blockchain, tout comme le Bitcoin et d'autres crypto-monnaies populaires. En tant que d\u00e9butant, il est important de comprendre qu'une crypto-monnaie est un type de monnaie num\u00e9rique qui utilise la cryptographie pour s\u00e9curiser et v\u00e9rifier les transactions effectu\u00e9es sur son r\u00e9seau.<\/p>\n<p>Kaspa est un r\u00e9seau sp\u00e9cialement con\u00e7u pour r\u00e9pondre \u00e0 certains d\u00e9fis et limitations observ\u00e9s dans d'autres crypto-monnaies. L'une des principales caract\u00e9ristiques de Kaspa est son algorithme de consensus, appel\u00e9 kPoW (Kaspa Proof of Work), qui garantit la s\u00e9curit\u00e9 et la fiabilit\u00e9 du r\u00e9seau.<\/p>\n<p>L'une des diff\u00e9rences significatives de Kaspa par rapport \u00e0 d'autres crypto-monnaies est sa capacit\u00e9 \u00e0 \u00e9voluer efficacement. Cela signifie que Kaspa peut traiter un plus grand nombre de transactions par seconde et se d\u00e9velopper plus efficacement \u00e0 mesure que de nouveaux utilisateurs rejoignent le r\u00e9seau. Cette \u00e9volutivit\u00e9 am\u00e9liore la vitesse et l'efficacit\u00e9 des transactions, ce qui peut \u00eatre b\u00e9n\u00e9fique pour l'adoption g\u00e9n\u00e9ralis\u00e9e des crypto-monnaies.<\/p>\n<p>En outre, Kaspa est consid\u00e9r\u00e9 comme un r\u00e9seau d\u00e9centralis\u00e9 et open source, ce qui signifie qu'il n'est pas contr\u00f4l\u00e9 par une autorit\u00e9 centrale et que tout le monde peut acc\u00e9der \u00e0 son code source et contribuer au d\u00e9veloppement de la plateforme.<\/p>\n<h6><\/h6>\n<h6><\/h6>","protected":false},"excerpt":{"rendered":"<p>El ASIC, IceRiver KS2 2000 GH\/s, es un dispositivo especializado en la miner\u00eda de criptomonedas, dise\u00f1ado espec\u00edficamente para minar Kaspa u otras criptomonedas que utilizan el algoritmo kHeavyHash. El paquete incluye una fuente de alimentaci\u00f3n PSU IceRiver. A continuaci\u00f3n, se detallan algunas caracter\u00edsticas relevantes del ASIC: Nivel de ruido: Este ASIC de miner\u00eda de Kaspa [&hellip;]<\/p>\n","protected":false},"featured_media":2096,"comment_status":"open","ping_status":"closed","template":"","meta":[],"product_brand":[],"product_cat":[19],"product_tag":[244,138,139,137],"class_list":{"0":"post-2095","1":"product","2":"type-product","3":"status-publish","4":"has-post-thumbnail","6":"product_cat-mineros","7":"product_tag-gme","8":"product_tag-mineros-para-avanzados","9":"product_tag-mineros-para-expertos","10":"product_tag-mineros-para-principiantes","12":"first","13":"outofstock","14":"featured","15":"taxable","16":"shipping-taxable","17":"purchasable","18":"product-type-simple"},"_links":{"self":[{"href":"https:\/\/pruebas.michollo.to\/fr\/wp-json\/wp\/v2\/product\/2095","targetHints":{"allow":["GET"]}}],"collection":[{"href":"https:\/\/pruebas.michollo.to\/fr\/wp-json\/wp\/v2\/product"}],"about":[{"href":"https:\/\/pruebas.michollo.to\/fr\/wp-json\/wp\/v2\/types\/product"}],"replies":[{"embeddable":true,"href":"https:\/\/pruebas.michollo.to\/fr\/wp-json\/wp\/v2\/comments?post=2095"}],"wp:featuredmedia":[{"embeddable":true,"href":"https:\/\/pruebas.michollo.to\/fr\/wp-json\/wp\/v2\/media\/2096"}],"wp:attachment":[{"href":"https:\/\/pruebas.michollo.to\/fr\/wp-json\/wp\/v2\/media?parent=2095"}],"wp:term":[{"taxonomy":"product_brand","embeddable":true,"href":"https:\/\/pruebas.michollo.to\/fr\/wp-json\/wp\/v2\/product_brand?post=2095"},{"taxonomy":"product_cat","embeddable":true,"href":"https:\/\/pruebas.michollo.to\/fr\/wp-json\/wp\/v2\/product_cat?post=2095"},{"taxonomy":"product_tag","embeddable":true,"href":"https:\/\/pruebas.michollo.to\/fr\/wp-json\/wp\/v2\/product_tag?post=2095"}],"curies":[{"name":"wp","href":"https:\/\/api.w.org\/{rel}","templated":true}]}}