{"id":2589,"date":"2023-09-14T12:34:44","date_gmt":"2023-09-14T14:34:44","guid":{"rendered":"https:\/\/www.minandovoy.com\/?post_type=product&#038;p=2589"},"modified":"2025-05-13T16:53:38","modified_gmt":"2025-05-13T14:53:38","slug":"caja-insonorizada-con-ventilador-reductor-ruido-de-asic","status":"publish","type":"product","link":"https:\/\/pruebas.michollo.to\/fr\/produit\/boitier-insonorise-avec-ventilateur-reducteur-de-bruit-dasic\/","title":{"rendered":"Bo\u00eetier en aluminium insonoris\u00e9 avec ventilateur, r\u00e9ducteur de bruit Asic"},"content":{"rendered":"<p>Bo\u00eetier en acier insonoris\u00e9 avec ventilateur, r\u00e9ducteur de bruit, id\u00e9al pour l'Asic de BTC, KDA, CKB, DASH, DOGE, LTC, ETC.<\/p>\n<p>Il comprend un tube en aluminium insonoris\u00e9 de 3 m\u00e8tres qui extrait l'air chaud gr\u00e2ce \u00e0 la puissance du ventilateur int\u00e9gr\u00e9.<\/p>\n<p><strong>Performance :<\/strong><br \/>\nR\u00e9duit le bruit d'un Asic d'environ 40\/45 dB.<\/p>\n<p>R\u00e9duit la temp\u00e9rature int\u00e9rieure de 5\u00b0 et extrait l'air chaud gr\u00e2ce au ventilateur.<\/p>\n<p>Aspire l'air chaud de l'espace de travail \u00e0 travers un tube en aluminium de 3 m qui permet de l'\u00e9vacuer vers l'ext\u00e9rieur.<\/p>\n<p>Pr\u00e9serve parfaitement l'Asic tout en maintenant ses propri\u00e9t\u00e9s de puissance et de dur\u00e9e de vie<\/p>\n<p><strong>Il comprend<\/strong><br \/>\nBo\u00eete en acier insonoris\u00e9e avec des dimensions ext\u00e9rieures approximatives de 99cm x 42cm x 35cm et un poids approximatif de 25kg.<\/p>\n<p>Tube en aluminium insonoris\u00e9 de 3 m pour \u00e9vacuer l'air chaud de l'enceinte<\/p>\n<p>Ventilateur pour refroidir l'Asic et r\u00e9duire la temp\u00e9rature interne du bo\u00eetier de 5\u00ba. Consomme 105W.<\/p>\n<p>LA BO\u00ceTE EST LIVR\u00c9E ASSEMBL\u00c9E AVEC LES COMPOSANTS FIX\u00c9S, PR\u00caTE \u00c0 FONCTIONNER.<\/p>\n<p><strong>Compatible avec Asics :\u00a0<\/strong><\/p>\n<p>Asic Bitmain Antminer S9, S19, S19j PRO, S19 PRO, S19j PRO+, K7, KA3, D9, L7, E9, E9 PRO, Z15 (pour D9 et E9, veuillez indiquer clairement car les tailles varient)<\/p>\n<p>Asic Whatsminer M30S, M30S+, M30S++, M50, M50S<\/p>\n<p><strong>En option :<\/strong>\u00a0filtre \u00e0 poussi\u00e8re + buse, pour emp\u00eacher la poussi\u00e8re de p\u00e9n\u00e9trer (aucun entretien n'est n\u00e9cessaire pendant toute la dur\u00e9e de vie de l'appareil)<\/p>","protected":false},"excerpt":{"rendered":"<p>Enceinte insonoris\u00e9e en bois ou en acier avec ventilateur, r\u00e9ducteur de bruit, id\u00e9ale pour l'Asic de BTC, KDA, CKB, DASH, DOGE, LTC, ETC.<\/p>","protected":false},"featured_media":2591,"comment_status":"open","ping_status":"closed","template":"","meta":[],"product_brand":[],"product_cat":[133,20,15],"product_tag":[52,138],"class_list":{"0":"post-2589","1":"product","2":"type-product","3":"status-publish","4":"has-post-thumbnail","6":"product_cat-accesorios","7":"product_cat-componentes","8":"product_cat-sin-categorizar","9":"product_tag-asic","10":"product_tag-mineros-para-avanzados","11":"product_shipping_class-internacional","13":"first","14":"instock","15":"taxable","16":"shipping-taxable","17":"purchasable","18":"product-type-simple"},"_links":{"self":[{"href":"https:\/\/pruebas.michollo.to\/fr\/wp-json\/wp\/v2\/product\/2589","targetHints":{"allow":["GET"]}}],"collection":[{"href":"https:\/\/pruebas.michollo.to\/fr\/wp-json\/wp\/v2\/product"}],"about":[{"href":"https:\/\/pruebas.michollo.to\/fr\/wp-json\/wp\/v2\/types\/product"}],"replies":[{"embeddable":true,"href":"https:\/\/pruebas.michollo.to\/fr\/wp-json\/wp\/v2\/comments?post=2589"}],"wp:featuredmedia":[{"embeddable":true,"href":"https:\/\/pruebas.michollo.to\/fr\/wp-json\/wp\/v2\/media\/2591"}],"wp:attachment":[{"href":"https:\/\/pruebas.michollo.to\/fr\/wp-json\/wp\/v2\/media?parent=2589"}],"wp:term":[{"taxonomy":"product_brand","embeddable":true,"href":"https:\/\/pruebas.michollo.to\/fr\/wp-json\/wp\/v2\/product_brand?post=2589"},{"taxonomy":"product_cat","embeddable":true,"href":"https:\/\/pruebas.michollo.to\/fr\/wp-json\/wp\/v2\/product_cat?post=2589"},{"taxonomy":"product_tag","embeddable":true,"href":"https:\/\/pruebas.michollo.to\/fr\/wp-json\/wp\/v2\/product_tag?post=2589"}],"curies":[{"name":"wp","href":"https:\/\/api.w.org\/{rel}","templated":true}]}}