{"id":2648,"date":"2023-10-04T12:18:29","date_gmt":"2023-10-04T14:18:29","guid":{"rendered":"https:\/\/www.minandovoy.com\/?post_type=product&#038;p=2648"},"modified":"2026-02-23T13:53:29","modified_gmt":"2026-02-23T12:53:29","slug":"hosting-en-abu-dabi","status":"publish","type":"product","link":"https:\/\/pruebas.michollo.to\/fr\/produit\/hebergement-a-abu-dhabi\/","title":{"rendered":"Abu Dhabi : Votre h\u00e9bergement minier sans souci (r\u00e9servez votre cr\u00e9neau)"},"content":{"rendered":"<h2 style=\"text-align: left;\">Une exploitation mini\u00e8re sans souci : D\u00e9couvrez pourquoi Abu Dhabi est le choix id\u00e9al pour votre h\u00e9bergement.<\/h2>\n<p><iframe loading=\"lazy\" title=\"C&#039;est ennuyeux, mais \u00e7a rapporte $2 800 par jour\" width=\"500\" height=\"281\" src=\"https:\/\/www.youtube.com\/embed\/EXt_I_Xk0bw?feature=oembed\" frameborder=\"0\" allow=\"accelerometer; autoplay; clipboard-write; encrypted-media; gyroscope; picture-in-picture; web-share\" referrerpolicy=\"strict-origin-when-cross-origin\" allowfullscreen><\/iframe><\/p>\n<h2 style=\"text-align: left;\">Profitez-en et obtenez d\u00e8s maintenant une place dans le meilleur h\u00e9bergement ! D\u00e9couvrez nos<br \/>\nLes installations exclusives d'Abu Dhabi vous permettent de tirer le meilleur parti de votre mineur.<\/h2>\n<p>Dans notre centre d'h\u00e9bergement, les machines sont surveill\u00e9es et entretenues 24 heures sur 24 et 7 jours sur 7. Nous disposons de techniciens sp\u00e9cialis\u00e9s qui effectuent toutes les op\u00e9rations de maintenance des machines sur place afin d'\u00e9viter les temps d'arr\u00eat des exploitations mini\u00e8res.<br \/>\nEn outre, nos installations sont s\u00e9curis\u00e9es 24 heures sur 24.<\/p>\n<p>Obtenez votre cr\u00e9neau et voyez par vous-m\u00eame pourquoi il s'agit de l'option de choix pour les mineurs. Des installations dans l'un des endroits les plus s\u00fbrs de la plan\u00e8te o\u00f9 vous pouvez \u00e9galement profiter d'un tarif d'\u00e9lectricit\u00e9 imbattable de seulement 0,075$ KWh.<\/p>\n<p><b>Conditions d'accueil aux \u00c9mirats arabes unis\/ Abu Dhabi :<\/b><\/p>\n<ul>\n<li><span style=\"color: #0000ff;\">Concernant les frais d'exp\u00e9dition : <\/span>\u00a0les frais de port s'\u00e9l\u00e8vent \u00e0 300\u20ac.<\/li>\n<\/ul>\n<blockquote><p>\u00a0\"Que faire si vous avez d\u00e9j\u00e0 des machines ? Nous comprenons que le processus d'exp\u00e9dition peut \u00eatre une source d'inqui\u00e9tude pour de nombreux clients, c'est pourquoi nous avons veill\u00e9 \u00e0 le rendre aussi simple que possible pour vous. Tout ce que vous avez \u00e0 faire est de nous fournir une adresse de collecte pratique, et nous nous occupons du reste !<\/p><\/blockquote>\n<ul>\n<li><span style=\"color: #0000ff;\">Co\u00fbt de la consommation d'\u00e9lectricit\u00e9 :<\/span> 2 mois d'avance sur la consommation d'\u00e9lectricit\u00e9 : qu'est-ce que cela signifie ? Les deux mois d'avance sont utilis\u00e9s pour payer le co\u00fbt de l'\u00e9lectricit\u00e9 \u00e0 0,075 kw\/ h pour chaque machine. Ainsi, jusqu'au troisi\u00e8me mois, vous aurez le co\u00fbt de l'\u00e9nergie OK.<\/li>\n<li><span style=\"color: #0000ff;\">D\u00e9p\u00f4t de garantie avec remboursement :<\/span> En outre, une caution d'un mois est vers\u00e9e et restitu\u00e9e au client \u00e0 la fin du contrat. Si l'on utilise une similitude dans les locations d'appartements, c'est la m\u00eame chose lorsque vous louez une maison et que vous devez laisser une caution.<\/li>\n<li><span style=\"color: #0000ff;\">Gestion des factures :<\/span> 60 pour la gestion et l'administration de l'\u00e9quipement. Il s'agit d'une charge unique une fois par an.<\/li>\n<li><span style=\"color: #0000ff;\">Frais d'installation :<\/span> Ce co\u00fbt est factur\u00e9 au client une seule fois pour l'installation initiale et la maintenance de l'ASIC.  Le co\u00fbt est de 81,07 \u20ac.<\/li>\n<\/ul>\n<p><em>N'oubliez pas que vous devez formaliser le contrat dans les 15 jours qui suivent pour garantir votre r\u00e9servation. Si vous ne le faites pas, vous perdrez l'argent avanc\u00e9.<\/em><\/p>\n<p style=\"text-align: left;\"><strong>R\u00e9servez d\u00e8s maintenant votre cr\u00e9neau au meilleur prix.<\/strong><\/p>\n<p>Enfin, pour vous montrer tous les avantages que nous offrons, voici une comparaison du co\u00fbt de l'\u00e9lectricit\u00e9 par rapport \u00e0 l'Espagne.<\/p>\n<p>&nbsp;<\/p>\n<table class=\"woocommerce-product-attributes shop_attributes\" style=\"height: 401px;\" width=\"881\">\n<thead>\n<tr>\n<th class=\"woocommerce-product-attributes-item__value\" style=\"text-align: center;\">Mod\u00e8le<\/th>\n<th class=\"woocommerce-product-attributes-item__value\" style=\"text-align: center;\">Puissance (W)<\/th>\n<th class=\"woocommerce-product-attributes-item__value\" style=\"text-align: center;\">Co\u00fbt de l'\u00e9nergie en Espagne<\/th>\n<th class=\"woocommerce-product-attributes-item__value\" style=\"text-align: center;\">H\u00e9bergement des co\u00fbts \u00e9nerg\u00e9tiques<\/th>\n<\/tr>\n<\/thead>\n<tbody>\n<tr>\n<td class=\"woocommerce-product-attributes-item__value\" style=\"text-align: center;\">Bitmain Antminer KS5<\/td>\n<td class=\"woocommerce-product-attributes-item__value\" style=\"text-align: center;\">3000 w<\/td>\n<td class=\"woocommerce-product-attributes-item__value\" style=\"text-align: center;\">258$<\/td>\n<td class=\"woocommerce-product-attributes-item__value\" style=\"text-align: center;\">161$<\/td>\n<\/tr>\n<tr>\n<td class=\"woocommerce-product-attributes-item__value\" style=\"text-align: center;\">Bitmain Antminer KS5 Pro<\/td>\n<td class=\"woocommerce-product-attributes-item__value\" style=\"text-align: center;\">3150 w<\/td>\n<td class=\"woocommerce-product-attributes-item__value\" style=\"text-align: center;\">271$<\/td>\n<td class=\"woocommerce-product-attributes-item__value\" style=\"text-align: center;\">169$<\/td>\n<\/tr>\n<tr>\n<td class=\"woocommerce-product-attributes-item__value\" style=\"text-align: center;\">Bitmain Antminer L7 9.05th<\/td>\n<td class=\"woocommerce-product-attributes-item__value\" style=\"text-align: center;\">3260w<\/td>\n<td class=\"woocommerce-product-attributes-item__value\" style=\"text-align: center;\">282$<\/td>\n<td class=\"woocommerce-product-attributes-item__value\" style=\"text-align: center;\">176$<\/td>\n<\/tr>\n<tr>\n<td class=\"woocommerce-product-attributes-item__value\" style=\"text-align: center;\">Bitmain Antminer s21 200\u00e8me<\/td>\n<td class=\"woocommerce-product-attributes-item__value\" style=\"text-align: center;\">3550w<\/td>\n<td class=\"woocommerce-product-attributes-item__value\" style=\"text-align: center;\">\u00a0307$<\/td>\n<td class=\"woocommerce-product-attributes-item__value\" style=\"text-align: center;\">192$<\/td>\n<\/tr>\n<\/tbody>\n<\/table>\n<p>&nbsp;<\/p>","protected":false},"excerpt":{"rendered":"<p>Miner\u00eda sin preocupaciones: Descubre por qu\u00e9 Abu Dabi es la elecci\u00f3n ideal para tu hosting \u00a1Aprovecha y hazte ahora con un slot en el mejor hosting! Descubre nuestras exclusivas instalaciones en Abu Dhabi y saca el m\u00e1ximo rendimiento a tu minero. En nuestro hosting,\u00a0 las m\u00e1quinas cuentan con supervisi\u00f3n y servicio 24\/7. Contamos con t\u00e9cnicos\u00a0 [&hellip;]<\/p>\n","protected":false},"featured_media":4352,"comment_status":"open","ping_status":"closed","template":"","meta":[],"product_brand":[],"product_cat":[76],"product_tag":[52],"class_list":{"0":"post-2648","1":"product","2":"type-product","3":"status-publish","4":"has-post-thumbnail","6":"product_cat-servicio-tecnico-de-asic","7":"product_tag-asic","9":"first","10":"instock","11":"virtual","12":"purchasable","13":"product-type-simple"},"_links":{"self":[{"href":"https:\/\/pruebas.michollo.to\/fr\/wp-json\/wp\/v2\/product\/2648","targetHints":{"allow":["GET"]}}],"collection":[{"href":"https:\/\/pruebas.michollo.to\/fr\/wp-json\/wp\/v2\/product"}],"about":[{"href":"https:\/\/pruebas.michollo.to\/fr\/wp-json\/wp\/v2\/types\/product"}],"replies":[{"embeddable":true,"href":"https:\/\/pruebas.michollo.to\/fr\/wp-json\/wp\/v2\/comments?post=2648"}],"wp:featuredmedia":[{"embeddable":true,"href":"https:\/\/pruebas.michollo.to\/fr\/wp-json\/wp\/v2\/media\/4352"}],"wp:attachment":[{"href":"https:\/\/pruebas.michollo.to\/fr\/wp-json\/wp\/v2\/media?parent=2648"}],"wp:term":[{"taxonomy":"product_brand","embeddable":true,"href":"https:\/\/pruebas.michollo.to\/fr\/wp-json\/wp\/v2\/product_brand?post=2648"},{"taxonomy":"product_cat","embeddable":true,"href":"https:\/\/pruebas.michollo.to\/fr\/wp-json\/wp\/v2\/product_cat?post=2648"},{"taxonomy":"product_tag","embeddable":true,"href":"https:\/\/pruebas.michollo.to\/fr\/wp-json\/wp\/v2\/product_tag?post=2648"}],"curies":[{"name":"wp","href":"https:\/\/api.w.org\/{rel}","templated":true}]}}