{"id":2652,"date":"2023-10-05T12:23:58","date_gmt":"2023-10-05T14:23:58","guid":{"rendered":"https:\/\/www.minandovoy.com\/?post_type=product&#038;p=2652"},"modified":"2025-05-09T14:47:10","modified_gmt":"2025-05-09T12:47:10","slug":"tarjeta-grafica-evga-geforce-rtx-3080-xc3-ultra","status":"publish","type":"product","link":"https:\/\/pruebas.michollo.to\/fr\/produit\/carte-graphique-evga-geforce-rtx-3080-xc3-ultra\/","title":{"rendered":"Carte graphique EVGA GeForce RTX 3080 XC3 ULTRA Carte graphique EVGA GeForce RTX 3080 XC3 ULTRA"},"content":{"rendered":"<p><strong>RTX.  C'EST PARTI.\u00a0<\/strong>Vivez les plus grands blockbusters d'aujourd'hui comme jamais auparavant gr\u00e2ce \u00e0 la fid\u00e9lit\u00e9 visuelle du ray tracing en temps r\u00e9el et aux performances ultimes de DLSS avec la technologie AI.<\/p>\n<p><strong>LA VICTOIRE EST MESUR\u00c9E EN MILLISECONDES :\u00a0<\/strong>NVIDIA Reflex offre l'avantage concurrentiel ultime. La plus faible latence. La meilleure r\u00e9activit\u00e9. Avec les GPU NVIDIA GeForce RTX 30 et les GPU NVIDIA<br \/>\n<strong>VOTRE JEU CR\u00c9ATIF :\u00a0\u00a0<\/strong>Lleva tus proyectos creativos a un nuevo nivel con las GPU GeForce RTX serie\u00a030. Ofrece aceleraci\u00f3n por IA en las mejores aplicaciones creativas. Con el soporte de la plataforma NVIDIA Studio de controladores dedicados y herramientas exclusivas. Y creado para obtener resultados en un tiempo r\u00e9cord. Tanto si est\u00e1s renderizando escenas en 3D complejas, editando v\u00eddeo de 8K o retransmitiendo con la mejor codificaci\u00f3n y calidad de imagen, las GPU GeForce\u00a0RTX te ofrecen el rendimiento necesario para tus mejores creaciones.<\/p>\n<p><strong>G-SYNC :\u00a0<\/strong>Acqu\u00e9rir des cibles plus rapidement, r\u00e9agir plus vite et augmenter la pr\u00e9cision des cibles gr\u00e2ce \u00e0 un ensemble r\u00e9volutionnaire de technologies permettant de mesurer et d'optimiser la latence du syst\u00e8me pour les jeux de comp\u00e9tition.<\/p>\n<p><strong>DEVENIR LE ROI DES TRANSMISSIONS :\u00a0<\/strong>Acapara la atenci\u00f3n de todos gracias a unos gr\u00e1ficos incre\u00edbles y a una transmisi\u00f3n en directo fluida y sin cortes. La codificaci\u00f3n y la decodificaci\u00f3n de hardware de \u00faltima generaci\u00f3n se combinan para que presumas de tus mejores momentos con gran detalle. Y la nueva y completa aplicaci\u00f3n NVIDIA Broadcast te ofrece potentes capacidades de IA para mejorar la calidad de audio y v\u00eddeo con efectos como el fondo virtual, el fotograma autom\u00e1tico de la c\u00e1mara web y la eliminaci\u00f3n de ruido del micr\u00f3fono. As\u00ed, siempre podr\u00e1s dar lo mejor de ti a tu audiencia<\/p>\n<p><strong>ARCHITECTURE NVIDIA AMPERE :\u00a0<\/strong>La nouvelle architecture NVIDIA Ampere apporte une exp\u00e9rience de jeu ultime, avec des c\u0153urs de ray tracing de deuxi\u00e8me g\u00e9n\u00e9ration et des c\u0153urs de tenseur de troisi\u00e8me g\u00e9n\u00e9ration offrant des performances sup\u00e9rieures.<\/p>\n<p><strong>ACC\u00c9L\u00c9RATION PAR IA DE DLSS :\u00a0<\/strong>NVIDIA DLSS est un rendu IA r\u00e9volutionnaire qui booste les taux de trame avec une qualit\u00e9 d'image sans compromis en utilisant des c\u0153urs tenseurs de traitement IA d\u00e9di\u00e9s dans le GeForce RTX. Vous disposerez de la marge de performance n\u00e9cessaire pour d\u00e9finir les param\u00e8tres et les r\u00e9solutions dont vous avez besoin pour une exp\u00e9rience visuelle incroyable. La r\u00e9volution de l'IA est arriv\u00e9e dans les jeux.<\/p>\n<p><strong>DIRECTX 12 ULTIMATE :\u00a0<\/strong>Les d\u00e9veloppeurs peuvent d\u00e9sormais ajouter des effets graphiques encore plus \u00e9tonnants aux jeux PC (Microsoft Windows). Les cartes graphiques GeForce RTX sont dot\u00e9es de fonctions DX12 avanc\u00e9es telles que le ray tracing et l'ombrage \u00e0 taux variable, qui donnent vie aux jeux avec des effets visuels tr\u00e8s r\u00e9alistes et des taux de rafra\u00eechissement plus rapides.<\/p>\n<h2>Caract\u00e9ristiques :<\/h2>\n<ul>\n<li>Plaque arri\u00e8re enti\u00e8rement m\u00e9tallique, pr\u00e9install\u00e9e<\/li>\n<li>Con\u00e7u pour EVGA Precision X1<\/li>\n<li>2\u00e8me g\u00e9n\u00e9ration de c\u0153urs Ray Tracing<\/li>\n<li>C\u0153urs de tenseur de troisi\u00e8me g\u00e9n\u00e9ration<\/li>\n<li>PCI Express\u00ae Gen 4<\/li>\n<li>Microsoft DirectX\u00ae 12 Ultimate<\/li>\n<li>M\u00e9moire graphique GDDR6X<\/li>\n<li>NVIDIA DLSS<\/li>\n<li>NVIDIA\u00ae GeForce Experience\u2122<\/li>\n<li>NVIDIA G-SYNC<\/li>\n<li>NVIDIA GPU Boost\u2122<\/li>\n<li>Pilotes pr\u00eats \u00e0 l'emploi<\/li>\n<li>API Vulkan RT, OpenGL 4.6<\/li>\n<li>DisplayPort 1.4a<\/li>\n<li>HDCP 2.3<\/li>\n<li>Pr\u00eat pour la RV<\/li>\n<li>Refroidissement EVGA iCX3<\/li>\n<li>LED ARGB r\u00e9glable<\/li>\n<li>Prend en charge le 4K 120Hz HDR, le 8K 60Hz HDR et le taux de rafra\u00eechissement variable comme sp\u00e9cifi\u00e9 dans la norme HDMI 2.1.<\/li>\n<li>Encodeur NVIDIA de 7e g\u00e9n\u00e9ration<\/li>\n<li>D\u00e9codeur NVIDIA de 5e g\u00e9n\u00e9ration<\/li>\n<li>LHR 52 MH\/s Taux de hachage de l'ETH (est.)<\/li>\n<\/ul>\n<h2>Sp\u00e9cifications :<\/h2>\n<ul>\n<li>NVIDIA RTX 3080 12GB<\/li>\n<li>8960 c\u0153urs CUDA<\/li>\n<li>Horloge Boost 1800 MHz<\/li>\n<li>M\u00e9moire<\/li>\n<li>12288 Mo, 384 bits GDDR6X<\/li>\n<li>19000 MHz (effectif)<\/li>\n<li>912 GB\/s Bande passante de la m\u00e9moire<\/li>\n<li>Refroidissement<\/li>\n<li>Technologie iCX3<\/li>\n<li>Logo LED : ARGB<\/li>\n<li>Interface<\/li>\n<li>PCIe 4.0<\/li>\n<li>HDMI, DisplayPort, DisplayPort, DisplayPort, DisplayPort<\/li>\n<li>Dimensions<\/li>\n<li>Hauteur : 5.38 in - 136.75mm<\/li>\n<li>Longueur : 11.81 in - 300mm<\/li>\n<li>Largeur : 2,75 fentes<\/li>\n<li>Support des syst\u00e8mes d'exploitation<\/li>\n<li>Windows 11<\/li>\n<li>Windows 10<\/li>\n<li>Windows 7<\/li>\n<li>Exigences<\/li>\n<li>Alimentation \u00e9lectrique de 750 watts au minimum.<\/li>\n<li>Trois dongles d'alimentation PCIe \u00e0 8 broches ou 6+2 broches disponibles<\/li>\n<li>Puissance totale absorb\u00e9e : 350 Watts<\/li>\n<\/ul>\n<div class=\"ficha-producto-caracteristicas__compra\">\n<p class=\"text-muted hidden-sm-down m-b-0\">Acheter EVGA GeForce RTX 3080 FTW3 ULTRA GAMING 12GB GDDR6X<img loading=\"lazy\" decoding=\"async\" class=\"alignnone size-medium wp-image-2655\" src=\"https:\/\/www.minandovoy.com\/wp-content\/uploads\/2023\/10\/i3491227396-225x300.webp\" alt=\"\" width=\"225\" height=\"300\" srcset=\"https:\/\/pruebas.michollo.to\/wp-content\/uploads\/2023\/10\/i3491227396-225x300.webp 225w, https:\/\/pruebas.michollo.to\/wp-content\/uploads\/2023\/10\/i3491227396-9x12.webp 9w, https:\/\/pruebas.michollo.to\/wp-content\/uploads\/2023\/10\/i3491227396-600x800.webp 600w, https:\/\/pruebas.michollo.to\/wp-content\/uploads\/2023\/10\/i3491227396-15x20.webp 15w, https:\/\/pruebas.michollo.to\/wp-content\/uploads\/2023\/10\/i3491227396-42x56.webp 42w, https:\/\/pruebas.michollo.to\/wp-content\/uploads\/2023\/10\/i3491227396-21x28.webp 21w, https:\/\/pruebas.michollo.to\/wp-content\/uploads\/2023\/10\/i3491227396-55x73.webp 55w, https:\/\/pruebas.michollo.to\/wp-content\/uploads\/2023\/10\/i3491227396-128x170.webp 128w, https:\/\/pruebas.michollo.to\/wp-content\/uploads\/2023\/10\/i3491227396-49x65.webp 49w, https:\/\/pruebas.michollo.to\/wp-content\/uploads\/2023\/10\/i3491227396-52x69.webp 52w, https:\/\/pruebas.michollo.to\/wp-content\/uploads\/2023\/10\/i3491227396-38x50.webp 38w, https:\/\/pruebas.michollo.to\/wp-content\/uploads\/2023\/10\/i3491227396-45x60.webp 45w, https:\/\/pruebas.michollo.to\/wp-content\/uploads\/2023\/10\/i3491227396-196x261.webp 196w, https:\/\/pruebas.michollo.to\/wp-content\/uploads\/2023\/10\/i3491227396-14x19.webp 14w, https:\/\/pruebas.michollo.to\/wp-content\/uploads\/2023\/10\/i3491227396-213x284.webp 213w, https:\/\/pruebas.michollo.to\/wp-content\/uploads\/2023\/10\/i3491227396-156x208.webp 156w, https:\/\/pruebas.michollo.to\/wp-content\/uploads\/2023\/10\/i3491227396.webp 640w\" sizes=\"auto, (max-width: 225px) 100vw, 225px\" data-no-translation=\"\" \/><\/p>\n<\/div>","protected":false},"excerpt":{"rendered":"<p>RTX.\u00a0 IT\u2019S ON.\u00a0Disfruta de los mayores \u00e9xitos de ventas de hoy como nunca antes con la fidelidad visual del trazado de rayos en tiempo real y el rendimiento definitivo de DLSS con tecnolog\u00eda de IA. LA VICTORIA SE MIDE EN MILISEGUNDOS:\u00a0NVIDIA\u00a0Reflex ofrece la m\u00e1xima ventaja competitiva. La latencia m\u00e1s baja. La mejor capacidad de respuesta. [&hellip;]<\/p>\n","protected":false},"featured_media":0,"comment_status":"open","ping_status":"closed","template":"","meta":[],"product_brand":[],"product_cat":[15],"product_tag":[],"class_list":{"0":"post-2652","1":"product","2":"type-product","3":"status-publish","5":"product_cat-sin-categorizar","7":"first","8":"instock","9":"sale","10":"taxable","11":"shipping-taxable","12":"purchasable","13":"product-type-simple"},"_links":{"self":[{"href":"https:\/\/pruebas.michollo.to\/fr\/wp-json\/wp\/v2\/product\/2652","targetHints":{"allow":["GET"]}}],"collection":[{"href":"https:\/\/pruebas.michollo.to\/fr\/wp-json\/wp\/v2\/product"}],"about":[{"href":"https:\/\/pruebas.michollo.to\/fr\/wp-json\/wp\/v2\/types\/product"}],"replies":[{"embeddable":true,"href":"https:\/\/pruebas.michollo.to\/fr\/wp-json\/wp\/v2\/comments?post=2652"}],"wp:attachment":[{"href":"https:\/\/pruebas.michollo.to\/fr\/wp-json\/wp\/v2\/media?parent=2652"}],"wp:term":[{"taxonomy":"product_brand","embeddable":true,"href":"https:\/\/pruebas.michollo.to\/fr\/wp-json\/wp\/v2\/product_brand?post=2652"},{"taxonomy":"product_cat","embeddable":true,"href":"https:\/\/pruebas.michollo.to\/fr\/wp-json\/wp\/v2\/product_cat?post=2652"},{"taxonomy":"product_tag","embeddable":true,"href":"https:\/\/pruebas.michollo.to\/fr\/wp-json\/wp\/v2\/product_tag?post=2652"}],"curies":[{"name":"wp","href":"https:\/\/api.w.org\/{rel}","templated":true}]}}