{"id":2666,"date":"2023-10-05T12:45:10","date_gmt":"2023-10-05T14:45:10","guid":{"rendered":"https:\/\/www.minandovoy.com\/?post_type=product&#038;p=2666"},"modified":"2025-05-09T14:47:10","modified_gmt":"2025-05-09T12:47:10","slug":"zotac-gaming-geforce-rtx-3080-trinity-lhr-10gb-gdd","status":"publish","type":"product","link":"https:\/\/pruebas.michollo.to\/fr\/produit\/zotac-gaming-geforce-rtx-3080-trinity-lhr-10gb-gdd\/","title":{"rendered":"Zotac Gaming GeForce RTX 3080 Trinity LHR 10GB GDD"},"content":{"rendered":"<p><strong>RTX.  C'EST PARTI.\u00a0<\/strong>Vivez les plus grands blockbusters d'aujourd'hui comme jamais auparavant gr\u00e2ce \u00e0 la fid\u00e9lit\u00e9 visuelle du ray tracing en temps r\u00e9el et aux performances ultimes de DLSS avec la technologie AI.<\/p>\n<p><strong>LA VICTOIRE EST MESUR\u00c9E EN MILLISECONDES :\u00a0<\/strong>NVIDIA Reflex offre l'avantage concurrentiel ultime. La plus faible latence. La meilleure r\u00e9activit\u00e9. Avec les GPU NVIDIA GeForce RTX 30 et les GPU NVIDIA<br \/>\n<strong>VOTRE JEU CR\u00c9ATIF :\u00a0\u00a0<\/strong>Faites passer vos projets cr\u00e9atifs \u00e0 la vitesse sup\u00e9rieure avec les GPU GeForce RTX 30. Acc\u00e9l\u00e9ration de l'IA pour les meilleures applications cr\u00e9atives. Pris en charge par la plate-forme NVIDIA Studio de pilotes d\u00e9di\u00e9s et d'outils exclusifs. Et con\u00e7u pour fournir des r\u00e9sultats en un temps record. Qu'il s'agisse de rendre des sc\u00e8nes 3D complexes, d'\u00e9diter des vid\u00e9os 8K ou de streamer avec le meilleur encodage et la meilleure qualit\u00e9 d'image, les GPU GeForce RTX apportent les performances dont vous avez besoin pour vos meilleures cr\u00e9ations.<\/p>\n<p><strong>G-SYNC :\u00a0<\/strong>Acqu\u00e9rir des cibles plus rapidement, r\u00e9agir plus vite et augmenter la pr\u00e9cision des cibles gr\u00e2ce \u00e0 un ensemble r\u00e9volutionnaire de technologies permettant de mesurer et d'optimiser la latence du syst\u00e8me pour les jeux de comp\u00e9tition.<\/p>\n<p><strong>DEVENIR LE ROI DES TRANSMISSIONS :\u00a0<\/strong>Attirez l'attention de tous avec des graphismes \u00e9poustouflants et une diffusion en direct fluide et ininterrompue. L'encodage et le d\u00e9codage mat\u00e9riel de pointe se combinent pour vous permettre de montrer vos meilleurs moments dans les moindres d\u00e9tails. La nouvelle application compl\u00e8te NVIDIA Broadcast vous offre de puissantes capacit\u00e9s d'IA pour am\u00e9liorer la qualit\u00e9 audio et vid\u00e9o avec des effets tels que l'arri\u00e8re-plan virtuel, le cadrage automatique de la webcam et le d\u00e9bruitage du microphone. Ainsi, vous pouvez toujours mettre en avant vos meilleurs atouts pour votre public.<\/p>\n<p><strong>ARCHITECTURE NVIDIA AMPERE :\u00a0<\/strong>La nouvelle architecture NVIDIA Ampere apporte une exp\u00e9rience de jeu ultime, avec des c\u0153urs de ray tracing de deuxi\u00e8me g\u00e9n\u00e9ration et des c\u0153urs de tenseur de troisi\u00e8me g\u00e9n\u00e9ration offrant des performances sup\u00e9rieures.<\/p>\n<p><strong>ACC\u00c9L\u00c9RATION PAR IA DE DLSS :\u00a0<\/strong>NVIDIA DLSS est un rendu IA r\u00e9volutionnaire qui booste les taux de trame avec une qualit\u00e9 d'image sans compromis en utilisant des c\u0153urs tenseurs de traitement IA d\u00e9di\u00e9s dans le GeForce RTX. Vous disposerez de la marge de performance n\u00e9cessaire pour d\u00e9finir les param\u00e8tres et les r\u00e9solutions dont vous avez besoin pour une exp\u00e9rience visuelle incroyable. La r\u00e9volution de l'IA est arriv\u00e9e dans les jeux.<\/p>\n<p><strong>DIRECTX 12 ULTIMATE :\u00a0<\/strong>Les d\u00e9veloppeurs peuvent d\u00e9sormais ajouter des effets graphiques encore plus \u00e9tonnants aux jeux PC (Microsoft Windows). Les cartes graphiques GeForce RTX sont dot\u00e9es de fonctions DX12 avanc\u00e9es telles que le ray tracing et l'ombrage \u00e0 taux variable, qui donnent vie aux jeux avec des effets visuels tr\u00e8s r\u00e9alistes et des taux de rafra\u00eechissement plus rapides.<\/p>\n<p>Faites le plein d'\u00e9nergie avec la s\u00e9rie ZOTAC GAMING GeForce RTX\u2122 30 bas\u00e9e sur l'architecture NVIDIA Ampere. Construite avec des RT Cores et Tensor Cores am\u00e9lior\u00e9s, de nouveaux multiprocesseurs de streaming et une m\u00e9moire GDDR6X ultra-rapide, la\u00a0<strong>ZOTAC GAMING GeForce RTX 3080 Trinity LHR<\/strong>\u00a0permet d'obtenir des jeux amplifi\u00e9s avec des graphismes ultra-fid\u00e8les.<\/p>\n<h2>Caract\u00e9ristiques :<\/h2>\n<ul>\n<li>Deuxi\u00e8me g\u00e9n\u00e9ration de c\u0153urs de tra\u00e7age de rayons<\/li>\n<li>Troisi\u00e8me g\u00e9n\u00e9ration de c\u0153urs tenseurs<\/li>\n<li>SPECTRA 2.0 RGB Lighting<\/li>\n<li>Refroidissement avanc\u00e9 IceStorm 2.0<\/li>\n<li>Contr\u00f4le actif du ventilateur avec arr\u00eat du ventilateur FREEZE<\/li>\n<li>Plaque frontale en m\u00e9tal et plaque arri\u00e8re \u00e0 LED RVB<\/li>\n<li>FireStorm Utility<\/li>\n<li>Pr\u00eat pour la r\u00e9alit\u00e9 virtuelle<\/li>\n<li>Taux de hachage LHR 43 MH \/ s ETH (est.)<\/li>\n<\/ul>\n<h2>Sp\u00e9cifications :<\/h2>\n<ul>\n<li><strong>Processeur<\/strong>\n<ul>\n<li>CUDA : Oui<\/li>\n<li>C\u0153urs CUDA : 8704<\/li>\n<li>Famille de processeurs graphiques : NVIDIA<\/li>\n<li>Processeur graphique : GeForce RTX 3080<\/li>\n<li>Augmentation de la vitesse d'horloge du processeur : 1710 MHz<\/li>\n<li>R\u00e9solution maximale : 7680 x 4320 pixels<\/li>\n<li>Prise en charge du traitement parall\u00e8le : Non prise en charge<\/li>\n<li>Nombre maximal d'\u00e9crans par carte vid\u00e9o : 4<\/li>\n<\/ul>\n<\/li>\n<\/ul>\n<ul>\n<li><strong>M\u00e9moire<\/strong>\n<ul>\n<li>Capacit\u00e9 de m\u00e9moire de l'adaptateur graphique : 10 Go<\/li>\n<li>Type de m\u00e9moire de l'adaptateur graphique : GDDR6X<\/li>\n<li>Largeur des donn\u00e9es : 320 bits<\/li>\n<li>Taux de transfert de donn\u00e9es : 19 Gbit\/s<\/li>\n<\/ul>\n<\/li>\n<\/ul>\n<ul>\n<li><strong>Ports et interfaces<\/strong>\n<ul>\n<li>Type d'interface : PCI Express x16 4.0<\/li>\n<li>Nombre de ports HDMI : 1<\/li>\n<li>Version HDMI : 2.1<\/li>\n<li>Nombre de ports d'affichage : 3<\/li>\n<li>Version DisplayPort : 1.4a<\/li>\n<\/ul>\n<\/li>\n<\/ul>\n<ul>\n<li><strong>Performance<\/strong>\n<ul>\n<li>Tuner TV int\u00e9gr\u00e9 : Non<\/li>\n<li>Version DirectX : 1?2 Ultimate<\/li>\n<li>Version OpenGL : 4.6<\/li>\n<li>Pr\u00eat pour la r\u00e9alit\u00e9 virtuelle (VR) : Oui<\/li>\n<li>HDCP : Oui<\/li>\n<li>DVI double liaison : Non<\/li>\n<li>NVIDIA G-SYNC : Oui<\/li>\n<\/ul>\n<\/li>\n<\/ul>\n<ul>\n<li><strong>Conception<\/strong>\n<ul>\n<li>Type de refroidissement : actif<\/li>\n<li>Technologie de refroidissement : Zotac IceStorm 2.0<\/li>\n<li>Nombre de ventilateurs : 3 Ventilateur(s)<\/li>\n<li>Facteur de forme : Pleine hauteur\/pleine longueur (FH\/FL)<\/li>\n<li>Hauteur du support : pleine hauteur (FH)<\/li>\n<li>Nombre d'emplacements : 2,5<\/li>\n<li>\u00c9clairage : Oui<\/li>\n<li>Couleur d'\u00e9clairage : Multi<\/li>\n<li>Couleur du produit : noir<\/li>\n<\/ul>\n<\/li>\n<\/ul>\n<ul>\n<li><strong>Contr\u00f4le de l'\u00e9nergie<\/strong>\n<ul>\n<li>Alimentation du syst\u00e8me au minimum : 750 W<\/li>\n<li>Consommation \u00e9lectrique : 320 W<\/li>\n<li>Connecteurs d'alimentation suppl\u00e9mentaires : 2 x 8 broches<\/li>\n<\/ul>\n<\/li>\n<\/ul>\n<ul>\n<li><strong>Exigences du syst\u00e8me<\/strong>\n<ul>\n<li>Syst\u00e8me d'exploitation Windows pris en charge : Windows 10 x64<\/li>\n<\/ul>\n<\/li>\n<\/ul>\n<ul>\n<li><strong>Poids et dimensions<\/strong>\n<ul>\n<li>Profondeur : 317,8 mm<\/li>\n<li>Hauteur : 120,7 mm<\/li>\n<li>Largeur : 58 mm<\/li>\n<\/ul>\n<\/li>\n<\/ul>\n<ul>\n<li><strong>Emballage<\/strong>\n<ul>\n<li>Manuel de l'utilisateur : Oui<\/li>\n<li>Largeur de l'emballage : 282 mm<\/li>\n<li>Profondeur de l'emballage : 99 mm<\/li>\n<li>Hauteur de l'emballage : 424 mm<\/li>\n<li>Type d'emballage : Bo\u00eete<\/li>\n<\/ul>\n<\/li>\n<\/ul>","protected":false},"excerpt":{"rendered":"<p>RTX.\u00a0 IT\u2019S ON.\u00a0Disfruta de los mayores \u00e9xitos de ventas de hoy como nunca antes con la fidelidad visual del trazado de rayos en tiempo real y el rendimiento definitivo de DLSS con tecnolog\u00eda de IA. LA VICTORIA SE MIDE EN MILISEGUNDOS:\u00a0NVIDIA\u00a0Reflex ofrece la m\u00e1xima ventaja competitiva. La latencia m\u00e1s baja. La mejor capacidad de respuesta. [&hellip;]<\/p>\n","protected":false},"featured_media":2665,"comment_status":"open","ping_status":"closed","template":"","meta":[],"product_brand":[],"product_cat":[15],"product_tag":[],"class_list":{"0":"post-2666","1":"product","2":"type-product","3":"status-publish","4":"has-post-thumbnail","6":"product_cat-sin-categorizar","8":"first","9":"instock","10":"sale","11":"taxable","12":"shipping-taxable","13":"purchasable","14":"product-type-simple"},"_links":{"self":[{"href":"https:\/\/pruebas.michollo.to\/fr\/wp-json\/wp\/v2\/product\/2666","targetHints":{"allow":["GET"]}}],"collection":[{"href":"https:\/\/pruebas.michollo.to\/fr\/wp-json\/wp\/v2\/product"}],"about":[{"href":"https:\/\/pruebas.michollo.to\/fr\/wp-json\/wp\/v2\/types\/product"}],"replies":[{"embeddable":true,"href":"https:\/\/pruebas.michollo.to\/fr\/wp-json\/wp\/v2\/comments?post=2666"}],"wp:featuredmedia":[{"embeddable":true,"href":"https:\/\/pruebas.michollo.to\/fr\/wp-json\/wp\/v2\/media\/2665"}],"wp:attachment":[{"href":"https:\/\/pruebas.michollo.to\/fr\/wp-json\/wp\/v2\/media?parent=2666"}],"wp:term":[{"taxonomy":"product_brand","embeddable":true,"href":"https:\/\/pruebas.michollo.to\/fr\/wp-json\/wp\/v2\/product_brand?post=2666"},{"taxonomy":"product_cat","embeddable":true,"href":"https:\/\/pruebas.michollo.to\/fr\/wp-json\/wp\/v2\/product_cat?post=2666"},{"taxonomy":"product_tag","embeddable":true,"href":"https:\/\/pruebas.michollo.to\/fr\/wp-json\/wp\/v2\/product_tag?post=2666"}],"curies":[{"name":"wp","href":"https:\/\/api.w.org\/{rel}","templated":true}]}}