{"id":2667,"date":"2023-10-05T12:54:10","date_gmt":"2023-10-05T14:54:10","guid":{"rendered":"https:\/\/www.minandovoy.com\/?post_type=product&#038;p=2667"},"modified":"2025-05-09T14:47:10","modified_gmt":"2025-05-09T12:47:10","slug":"msi-geforce-rtx-3070-ti-ventus-3x-oc-8gb-gddr6x","status":"publish","type":"product","link":"https:\/\/pruebas.michollo.to\/fr\/produit\/msi-geforce-rtx-3070-ti-ventus-3x-oc-8gb-gddr6x\/","title":{"rendered":"MSI GeForce RTX 3070 Ti VENTUS 3X OC 8GB GDDR6X"},"content":{"rendered":"<p><strong>RTX.  C'EST PARTI.\u00a0<\/strong>Vivez les plus grands blockbusters d'aujourd'hui comme jamais auparavant gr\u00e2ce \u00e0 la fid\u00e9lit\u00e9 visuelle du ray tracing en temps r\u00e9el et aux performances ultimes de DLSS avec la technologie AI.<\/p>\n<p><strong>LA VICTOIRE EST MESUR\u00c9E EN MILLISECONDES :\u00a0<\/strong>NVIDIA Reflex offre l'avantage concurrentiel ultime. La plus faible latence. La meilleure r\u00e9activit\u00e9. Avec les GPU NVIDIA GeForce RTX 30 et les GPU NVIDIA<br \/>\n<strong>VOTRE JEU CR\u00c9ATIF :\u00a0\u00a0<\/strong>Lleva tus proyectos creativos a un nuevo nivel con las GPU GeForce RTX serie\u00a030. Ofrece aceleraci\u00f3n por IA en las mejores aplicaciones creativas. Con el soporte de la plataforma NVIDIA Studio de controladores dedicados y herramientas exclusivas. Y creado para obtener resultados en un tiempo r\u00e9cord. Tanto si est\u00e1s renderizando escenas en 3D complejas, editando v\u00eddeo de 8K o retransmitiendo con la mejor codificaci\u00f3n y calidad de imagen, las GPU GeForce\u00a0RTX te ofrecen el rendimiento necesario para tus mejores creaciones.<\/p>\n<p><strong>G-SYNC :\u00a0<\/strong>Acqu\u00e9rir des cibles plus rapidement, r\u00e9agir plus vite et augmenter la pr\u00e9cision des cibles gr\u00e2ce \u00e0 un ensemble r\u00e9volutionnaire de technologies permettant de mesurer et d'optimiser la latence du syst\u00e8me pour les jeux de comp\u00e9tition.<\/p>\n<p><strong>DEVENIR LE ROI DES TRANSMISSIONS :\u00a0<\/strong>Acapara la atenci\u00f3n de todos gracias a unos gr\u00e1ficos incre\u00edbles y a una transmisi\u00f3n en directo fluida y sin cortes. La codificaci\u00f3n y la decodificaci\u00f3n de hardware de \u00faltima generaci\u00f3n se combinan para que presumas de tus mejores momentos con gran detalle. Y la nueva y completa aplicaci\u00f3n NVIDIA Broadcast te ofrece potentes capacidades de IA para mejorar la calidad de audio y v\u00eddeo con efectos como el fondo virtual, el fotograma autom\u00e1tico de la c\u00e1mara web y la eliminaci\u00f3n de ruido del micr\u00f3fono. As\u00ed, siempre podr\u00e1s dar lo mejor de ti a tu audiencia<\/p>\n<p><strong>ARCHITECTURE NVIDIA AMPERE :\u00a0<\/strong>La nouvelle architecture NVIDIA Ampere apporte une exp\u00e9rience de jeu ultime, avec des c\u0153urs de ray tracing de deuxi\u00e8me g\u00e9n\u00e9ration et des c\u0153urs de tenseur de troisi\u00e8me g\u00e9n\u00e9ration offrant des performances sup\u00e9rieures.<\/p>\n<p><strong>ACC\u00c9L\u00c9RATION PAR IA DE DLSS :\u00a0<\/strong>NVIDIA DLSS est un rendu IA r\u00e9volutionnaire qui booste les taux de trame avec une qualit\u00e9 d'image sans compromis en utilisant des c\u0153urs tenseurs de traitement IA d\u00e9di\u00e9s dans le GeForce RTX. Vous disposerez de la marge de performance n\u00e9cessaire pour d\u00e9finir les param\u00e8tres et les r\u00e9solutions dont vous avez besoin pour une exp\u00e9rience visuelle incroyable. La r\u00e9volution de l'IA est arriv\u00e9e dans les jeux.<\/p>\n<p><strong>DIRECTX 12 ULTIMATE :\u00a0<\/strong>Les d\u00e9veloppeurs peuvent d\u00e9sormais ajouter des effets graphiques encore plus \u00e9tonnants aux jeux PC (Microsoft Windows). Les cartes graphiques GeForce RTX sont dot\u00e9es de fonctions DX12 avanc\u00e9es telles que le ray tracing et l'ombrage \u00e0 taux variable, qui donnent vie aux jeux avec des effets visuels tr\u00e8s r\u00e9alistes et des taux de rafra\u00eechissement plus rapides.<\/p>\n<p>La carte graphique\u00a0<strong>GeForce RTX\u2122 3070 Ti<\/strong>\u00a0est \u00e9quip\u00e9 d'Ampere, l'architecture RTX de deuxi\u00e8me g\u00e9n\u00e9ration de NVIDIA. Dot\u00e9e de RT Cores et Tensor Cores am\u00e9lior\u00e9s, de nouveaux multiprocesseurs de streaming et d'une m\u00e9moire G6X ultra-rapide, elle vous offre la puissance n\u00e9cessaire pour venir \u00e0 bout des jeux les plus exigeants.<\/p>","protected":false},"excerpt":{"rendered":"<p>RTX.\u00a0 IT\u2019S ON.\u00a0Disfruta de los mayores \u00e9xitos de ventas de hoy como nunca antes con la fidelidad visual del trazado de rayos en tiempo real y el rendimiento definitivo de DLSS con tecnolog\u00eda de IA. LA VICTORIA SE MIDE EN MILISEGUNDOS:\u00a0NVIDIA\u00a0Reflex ofrece la m\u00e1xima ventaja competitiva. La latencia m\u00e1s baja. La mejor capacidad de respuesta. [&hellip;]<\/p>\n","protected":false},"featured_media":2670,"comment_status":"open","ping_status":"closed","template":"","meta":[],"product_brand":[],"product_cat":[15],"product_tag":[],"class_list":{"0":"post-2667","1":"product","2":"type-product","3":"status-publish","4":"has-post-thumbnail","6":"product_cat-sin-categorizar","8":"first","9":"instock","10":"sale","11":"taxable","12":"shipping-taxable","13":"purchasable","14":"product-type-simple"},"_links":{"self":[{"href":"https:\/\/pruebas.michollo.to\/fr\/wp-json\/wp\/v2\/product\/2667","targetHints":{"allow":["GET"]}}],"collection":[{"href":"https:\/\/pruebas.michollo.to\/fr\/wp-json\/wp\/v2\/product"}],"about":[{"href":"https:\/\/pruebas.michollo.to\/fr\/wp-json\/wp\/v2\/types\/product"}],"replies":[{"embeddable":true,"href":"https:\/\/pruebas.michollo.to\/fr\/wp-json\/wp\/v2\/comments?post=2667"}],"wp:featuredmedia":[{"embeddable":true,"href":"https:\/\/pruebas.michollo.to\/fr\/wp-json\/wp\/v2\/media\/2670"}],"wp:attachment":[{"href":"https:\/\/pruebas.michollo.to\/fr\/wp-json\/wp\/v2\/media?parent=2667"}],"wp:term":[{"taxonomy":"product_brand","embeddable":true,"href":"https:\/\/pruebas.michollo.to\/fr\/wp-json\/wp\/v2\/product_brand?post=2667"},{"taxonomy":"product_cat","embeddable":true,"href":"https:\/\/pruebas.michollo.to\/fr\/wp-json\/wp\/v2\/product_cat?post=2667"},{"taxonomy":"product_tag","embeddable":true,"href":"https:\/\/pruebas.michollo.to\/fr\/wp-json\/wp\/v2\/product_tag?post=2667"}],"curies":[{"name":"wp","href":"https:\/\/api.w.org\/{rel}","templated":true}]}}