{"id":2726,"date":"2023-10-24T05:54:19","date_gmt":"2023-10-24T07:54:19","guid":{"rendered":"https:\/\/www.minandovoy.com\/?post_type=product&#038;p=2726"},"modified":"2025-05-09T14:47:09","modified_gmt":"2025-05-09T12:47:09","slug":"jasminer-x-4","status":"publish","type":"product","link":"https:\/\/pruebas.michollo.to\/fr\/produit\/jasmin-x-4\/","title":{"rendered":"Jasminer X-4 65mh- Used"},"content":{"rendered":"<p>Jasminer X-4<\/p>\n<p>Il a une puissance d'extraction de 65mh, une consommation d'\u00e9nergie de 1200W\/h.<\/p>\n<p>&nbsp;<\/p>\n<h2><b>Monnaies que vous pouvez extraire avec Jasminer 4 :<\/b><\/h2>\n<p>Nous l'avons pr\u00e9sent\u00e9 de mani\u00e8re claire afin que vous puissiez le comprendre sans complications. Vous trouverez ci-dessous les devises les plus importantes pour l'algorithme <a href=\"https:\/\/www.minandovoy.com\/tienda\/?algoritmos=ethash\">EtHash<\/a><\/p>\n<ul>\n<li>Ethereum Classic (ETC)<\/li>\n<li>Musicoin (MUSIC)<\/li>\n<li>Ubiq (UBQ)<\/li>\n<\/ul>\n<p>&nbsp;<\/p>\n<p><strong>Ethereum classic vs Ethereum :<\/strong><br \/>\nCette crypto-monnaie a \u00e9t\u00e9 lanc\u00e9e en juillet 2016, et sa fonction principale est de servir de r\u00e9seau de<br \/>\ndes contrats intelligents, avec la possibilit\u00e9 de stocker et de prendre en charge des Dapps.<br \/>\nDepuis son lancement, cette crypto a cherch\u00e9 \u00e0 se diff\u00e9rencier de son grand fr\u00e8re, puisqu'elle<br \/>\nqu'elle a pour objectif de pr\u00e9server l'int\u00e9grit\u00e9 de la blockchain existante de l'ETH.<\/p>\n<p>&nbsp;<\/p>\n<p>Cliquez ici\u00a0<a href=\"https:\/\/www.youtube.com\/watch?v=BtF49i6Glnc\" target=\"_blank\" rel=\"noopener\">ici<\/a>\u00a0de conna\u00eetre la diff\u00e9rence entre un ASIC et un RIG.<\/p>","protected":false},"excerpt":{"rendered":"<p>Jasminer X-4 Tiene una potencia de minado de 65mh, un consumo de 1200W\/h &nbsp; Monedas que puedes minar con Jasminer 4: Lo ponemos de forma clara para que puedas entenderlo sin complicaciones. A continuaci\u00f3n se puede ver las monedas m\u00e1s importantes para el algoritmo EtHash Ethereum Classic (ETC) Musicoin (MUSIC) Ubiq (UBQ) &nbsp; Ethereum classic [&hellip;]<\/p>\n","protected":false},"featured_media":3614,"comment_status":"open","ping_status":"closed","template":"","meta":[],"product_brand":[],"product_cat":[19],"product_tag":[244,138,137],"class_list":{"0":"post-2726","1":"product","2":"type-product","3":"status-publish","4":"has-post-thumbnail","6":"product_cat-mineros","7":"product_tag-gme","8":"product_tag-mineros-para-avanzados","9":"product_tag-mineros-para-principiantes","11":"first","12":"outofstock","13":"taxable","14":"shipping-taxable","15":"purchasable","16":"product-type-simple"},"_links":{"self":[{"href":"https:\/\/pruebas.michollo.to\/fr\/wp-json\/wp\/v2\/product\/2726","targetHints":{"allow":["GET"]}}],"collection":[{"href":"https:\/\/pruebas.michollo.to\/fr\/wp-json\/wp\/v2\/product"}],"about":[{"href":"https:\/\/pruebas.michollo.to\/fr\/wp-json\/wp\/v2\/types\/product"}],"replies":[{"embeddable":true,"href":"https:\/\/pruebas.michollo.to\/fr\/wp-json\/wp\/v2\/comments?post=2726"}],"wp:featuredmedia":[{"embeddable":true,"href":"https:\/\/pruebas.michollo.to\/fr\/wp-json\/wp\/v2\/media\/3614"}],"wp:attachment":[{"href":"https:\/\/pruebas.michollo.to\/fr\/wp-json\/wp\/v2\/media?parent=2726"}],"wp:term":[{"taxonomy":"product_brand","embeddable":true,"href":"https:\/\/pruebas.michollo.to\/fr\/wp-json\/wp\/v2\/product_brand?post=2726"},{"taxonomy":"product_cat","embeddable":true,"href":"https:\/\/pruebas.michollo.to\/fr\/wp-json\/wp\/v2\/product_cat?post=2726"},{"taxonomy":"product_tag","embeddable":true,"href":"https:\/\/pruebas.michollo.to\/fr\/wp-json\/wp\/v2\/product_tag?post=2726"}],"curies":[{"name":"wp","href":"https:\/\/api.w.org\/{rel}","templated":true}]}}