{"id":2758,"date":"2023-10-27T08:43:41","date_gmt":"2023-10-27T10:43:41","guid":{"rendered":"https:\/\/www.minandovoy.com\/?post_type=product&#038;p=2758"},"modified":"2025-08-06T17:20:31","modified_gmt":"2025-08-06T15:20:31","slug":"nuevo-bitmain-antminer-t21-186-190th","status":"publish","type":"product","link":"https:\/\/pruebas.michollo.to\/fr\/produit\/nouveau-bitmain-antminer-t21-186-190th-bitmain-antminer\/","title":{"rendered":"Nouveau Bitmain Antminer T21 186 - 190TH"},"content":{"rendered":"<p>Nouvelle version de BITMAIN, l'Antminer T21 190Th ASIC avec une puissance mini\u00e8re de 190T.<\/p>\n<p>La consommation d'\u00e9nergie n'est que de 3610w\/h.<\/p>\n<div class=\"asicminer-widget-container\" style=\"width: 100%; min-height: 300px;\">\n            <iframe id=\"asicminer-widget-6908\" \n                    src=\"https:\/\/pruebas.michollo.to\/wp-content\/themes\/minandovoy\/proxy-widget.php?miner=bitmain\/antminer-t21-190th&#038;type=profit&#038;theme=dark\" \n                    width=\"100%\" \n                    height=\"300\" \n                    frameborder=\"0\"\n                    loading=\"lazy\"\n                    style=\"border: none; overflow: hidden;\"\n                    title=\"ASIC Miner Widget\">\n            <\/iframe>\n        <\/div>\n<p><b>Qu'est-ce que Bitmain ?<\/b><\/p>\n<p><em>Bitmain<\/em>\u00a0est une entreprise bas\u00e9e \u00e0 P\u00e9kin, en Chine. Elle est consid\u00e9r\u00e9e comme l'une des entreprises les plus importantes de l'industrie des crypto-monnaies pour sa production de mat\u00e9riel de minage de haute qualit\u00e9 avec d'\u00e9normes capacit\u00e9s de minage et pour ses avanc\u00e9es technologiques. Elle est le plus grand concepteur de <a href=\"https:\/\/www.minandovoy.com\/categoria\/mineros\/\">\u00e9quipement\u00a0<em>ASIC<\/em><\/a>\u00a0pour l'exploitation mini\u00e8re\u00a0<em>Bitcoin<\/em>.<\/p>\n<p>Bitmain est surtout connue pour son mat\u00e9riel Bitcoin, bien qu'elle s'int\u00e9resse \u00e0 des projets qui apportent de la solidit\u00e9 \u00e0 son activit\u00e9, comme Ethereum\/Ethereum Classic.<\/p>\n<p>En avril 2021, le grand constructeur a annonc\u00e9 le lancement d'une machine d'extraction d'Ethreum qui sera baptis\u00e9e, <a href=\"https:\/\/www.asicminervalue.com\/miners\/bitmain\/antminer-e9-2-4gh\">Antminer E9<\/a>. Cette v\u00e9ritable b\u00eate a une puissance \u00e9quivalente \u00e0 celle de 25 GPU Nvidia RTX 3080.<\/p>\n<h4><b>Bitmain, le num\u00e9ro un des puces \u00e9lectroniques.<\/b><\/h4>\n<p><em>Bitmain<\/em>\u00a0est une entreprise bas\u00e9e \u00e0 P\u00e9kin, en Chine. Elle est consid\u00e9r\u00e9e comme l'une des entreprises les plus importantes du secteur des crypto-monnaies pour sa production de mat\u00e9riel d'exploitation mini\u00e8re de haute qualit\u00e9 dot\u00e9 d'\u00e9normes capacit\u00e9s d'exploitation et pour ses avanc\u00e9es technologiques. Elle est le plus grand concepteur d'\u00e9quipements de minage de crypto-monnaies au monde.\u00a0<em>ASIC<\/em>\u00a0pour l'exploitation mini\u00e8re\u00a0<em>Bitcoin<\/em>.<\/p>\n<p>Bitmain est surtout connue pour son mat\u00e9riel Bitcoin, bien qu'elle s'int\u00e9resse \u00e0 des projets qui apportent de la solidit\u00e9 \u00e0 son activit\u00e9, comme Ethereum\/Ethereum Classic.<\/p>\n<p>En avril 2021, le grand constructeur a annonc\u00e9 le lancement d'une machine de minage d'Ethreum, Antminer E9. Cette v\u00e9ritable b\u00eate a une puissance \u00e9quivalente \u00e0 25 GPU Nvidia RTX 3080.<\/p>\n<p>&nbsp;<\/p>\n<h4>Extraction de l'algorithme SHA-256 pour l'ANTMINER S19J PRO<\/h4>\n<p>Le minage SHA-256 d\u00e9signe le processus de validation des transactions et de s\u00e9curisation du r\u00e9seau \u00e0 l'aide de cet algorithme de hachage cryptographique. Voici quelques informations sur le minage SHA-256 :<\/p>\n<ol>\n<li><strong>Algorithme de hachage SHA-256<\/strong>SHA-256 (Secure Hash Algorithm 256-bit) est un algorithme cryptographique largement utilis\u00e9 dans le minage de crypto-monnaies, y compris le Bitcoin. Il s'agit d'un algorithme qui g\u00e9n\u00e8re un hachage de 256 bits, ce qui garantit une s\u00e9curit\u00e9 \u00e9lev\u00e9e et une r\u00e9sistance \u00e0 la manipulation.<\/li>\n<li><strong>Preuve de travail (Preuve de travail)<\/strong>L'exploitation mini\u00e8re de SHA-256 est bas\u00e9e sur le consensus de la preuve de travail (PoW). Les mineurs s'affrontent pour r\u00e9soudre un probl\u00e8me math\u00e9matique complexe en utilisant leur puissance de calcul pour trouver une valeur de hachage valide qui r\u00e9ponde \u00e0 certaines exigences fix\u00e9es par l'algorithme. Ce processus n\u00e9cessite une grande quantit\u00e9 d'\u00e9nergie et de puissance de calcul.<\/li>\n<li><strong>Mat\u00e9riel d'exploitation mini\u00e8re<\/strong>Le minage de SHA-256 n\u00e9cessite du mat\u00e9riel sp\u00e9cialis\u00e9 appel\u00e9 ASIC (Application-Specific Integrated Circuits). Ces dispositifs sont sp\u00e9cialement con\u00e7us pour effectuer des calculs de hachage de mani\u00e8re efficace et disposent d'une puissance de traitement \u00e9lev\u00e9e par rapport aux GPU ou CPU conventionnels.<\/li>\n<li><strong>Pools miniers<\/strong>SHA-256 : en raison de la difficult\u00e9 croissante de l'extraction de SHA-256 et de la concurrence entre les mineurs, nombreux sont ceux qui choisissent de rejoindre des pools miniers. Ces pools permettent aux mineurs de combiner leur puissance de traitement et d'augmenter leurs chances de r\u00e9soudre des blocs et de recevoir des r\u00e9compenses plus r\u00e9guli\u00e8rement. Les r\u00e9compenses sont distribu\u00e9es aux membres du pool en fonction de leur contribution \u00e0 la puissance de calcul totale du pool.<\/li>\n<li><strong>Rentabilit\u00e9 et consid\u00e9rations<\/strong>La rentabilit\u00e9 du minage de SHA-256 d\u00e9pend de plusieurs facteurs, tels que le co\u00fbt de l'\u00e9lectricit\u00e9, le prix du jeton min\u00e9, la difficult\u00e9 du r\u00e9seau et l'efficacit\u00e9 du mat\u00e9riel utilis\u00e9. Le minage de SHA-256 sur des r\u00e9seaux tels que Bitcoin est tr\u00e8s comp\u00e9titif et n\u00e9cessite un investissement initial important en mat\u00e9riel et en \u00e9lectricit\u00e9. Il est important d'effectuer des calculs co\u00fbts-avantages et de prendre en compte les co\u00fbts associ\u00e9s avant de s'engager dans le minage SHA-256.<\/li>\n<\/ol>\n<p>&nbsp;<\/p>\n<h4><strong>PRINCIPAUX AVANTAGES DU BITCOIN<\/strong><\/h4>\n<ol>\n<li>Rapidit\u00e9 : envoyez de l'argent \u00e0 vous-m\u00eame, quels que soient le montant et la destination, en quelques minutes.<\/li>\n<li>Peu co\u00fbteux : lorsqu'un transfert est effectu\u00e9 par l'interm\u00e9diaire de votre banque, il peut vous co\u00fbter beaucoup d'argent, alors qu'avec Bitcoin, le co\u00fbt est gratuit ou ne repr\u00e9sente que quelques centimes.<\/li>\n<li>Global : vous pouvez envoyer des messages partout dans le monde, il n'y a pas de fronti\u00e8res.<\/li>\n<li>D\u00e9centralis\u00e9 : aucun gouvernement\/banque ne peut le contr\u00f4ler, ni dans sa cr\u00e9ation, ni dans sa distribution.<\/li>\n<li>Propri\u00e9t\u00e9 : L'argent vous appartient 100%, il ne peut \u00eatre ponctionn\u00e9 par personne, vous \u00eates votre propre banque.<\/li>\n<li>Transparent :  Toutes les transactions sont publiques, mais toujours sous pseudonyme.<\/li>\n<li>\u00c9mission limit\u00e9e : personne ne peut g\u00e9n\u00e9rer des milliers de bitcoins juste parce qu'il en a envie, ils apparaissent gr\u00e2ce au minage.<\/li>\n<li>Priv\u00e9 : Bitcoin s'efforce de pr\u00e9server la vie priv\u00e9e, dans une tr\u00e8s large mesure, bien qu'il ne soit pas totalement anonyme et qu'il s'efforce de le devenir.<\/li>\n<\/ol>","protected":false},"excerpt":{"rendered":"<p>Nuevo lanzamiento de BITMAIN, el ASIC Antminer T21 190Th con una potencia de minado de 190T . El consumo de energ\u00eda es de solo 3610w\/h. \u00bfQu\u00e9 es Bitmain? Bitmain\u00a0es una compa\u00f1\u00eda con sede en Beijing, China. Es considerada una de las compa\u00f1\u00edas m\u00e1s importantes en la industria de criptomonedas al generar hardware de miner\u00eda\u00a0de alta [&hellip;]<\/p>\n","protected":false},"featured_media":2564,"comment_status":"open","ping_status":"closed","template":"","meta":[],"product_brand":[],"product_cat":[19],"product_tag":[138],"class_list":{"0":"post-2758","1":"product","2":"type-product","3":"status-publish","4":"has-post-thumbnail","6":"product_cat-mineros","7":"product_tag-mineros-para-avanzados","9":"first","10":"instock","11":"taxable","12":"shipping-taxable","13":"purchasable","14":"product-type-variable","15":"has-default-attributes"},"_links":{"self":[{"href":"https:\/\/pruebas.michollo.to\/fr\/wp-json\/wp\/v2\/product\/2758","targetHints":{"allow":["GET"]}}],"collection":[{"href":"https:\/\/pruebas.michollo.to\/fr\/wp-json\/wp\/v2\/product"}],"about":[{"href":"https:\/\/pruebas.michollo.to\/fr\/wp-json\/wp\/v2\/types\/product"}],"replies":[{"embeddable":true,"href":"https:\/\/pruebas.michollo.to\/fr\/wp-json\/wp\/v2\/comments?post=2758"}],"wp:featuredmedia":[{"embeddable":true,"href":"https:\/\/pruebas.michollo.to\/fr\/wp-json\/wp\/v2\/media\/2564"}],"wp:attachment":[{"href":"https:\/\/pruebas.michollo.to\/fr\/wp-json\/wp\/v2\/media?parent=2758"}],"wp:term":[{"taxonomy":"product_brand","embeddable":true,"href":"https:\/\/pruebas.michollo.to\/fr\/wp-json\/wp\/v2\/product_brand?post=2758"},{"taxonomy":"product_cat","embeddable":true,"href":"https:\/\/pruebas.michollo.to\/fr\/wp-json\/wp\/v2\/product_cat?post=2758"},{"taxonomy":"product_tag","embeddable":true,"href":"https:\/\/pruebas.michollo.to\/fr\/wp-json\/wp\/v2\/product_tag?post=2758"}],"curies":[{"name":"wp","href":"https:\/\/api.w.org\/{rel}","templated":true}]}}