{"id":2773,"date":"2023-11-02T10:00:47","date_gmt":"2023-11-02T12:00:47","guid":{"rendered":"https:\/\/www.minandovoy.com\/?post_type=product&#038;p=2773"},"modified":"2026-02-23T13:20:44","modified_gmt":"2026-02-23T12:20:44","slug":"bitmain-antminer-z15-pro-840ksol-s","status":"publish","type":"product","link":"https:\/\/pruebas.michollo.to\/fr\/produit\/bitmain-antminer-antminer-z15-pro-840ksol-s\/","title":{"rendered":"Bitmain Antminer Z15 Pro 840KSol\/s"},"content":{"rendered":"<p class=\"translation-block\">Le <strong>Antminer Z15 Pro<\/strong> est fabriqu\u00e9 par <strong>Bitmain<\/strong> et exploite l'algorithme <strong>Equihash<\/strong> avec un hashrate maximum de <strong>840KSol\/s<\/strong> pour une consommation de seulement <strong>2650W<\/strong>.<\/p>\n<div class=\"asicminer-widget-container\" style=\"width: 100%; min-height: 300px;\">\n            <iframe id=\"asicminer-widget-6062\" \n                    src=\"https:\/\/pruebas.michollo.to\/wp-content\/themes\/minandovoy\/proxy-widget.php?miner=bitmain\/antminer-z15-pro&#038;type=profit&#038;theme=dark\" \n                    width=\"100%\" \n                    height=\"300\" \n                    frameborder=\"0\"\n                    loading=\"lazy\"\n                    style=\"border: none; overflow: hidden;\"\n                    title=\"ASIC Miner Widget\">\n            <\/iframe>\n        <\/div>\n<h4>Machine d'extraction de Zcash ultime<\/h4>\n<p>Le Z15 Pro est un mineur Equihash robuste avec un taux de hachage maximum de 840ksol\/s et une efficacit\u00e9 impressionnante de 3,048j\/ksol avec une consommation d'\u00e9nergie r\u00e9duite de 2560W. La conception complexe de la puce semi-conductrice fait du Z15 Pro un mineur Equihash avanc\u00e9 par rapport \u00e0 ses pr\u00e9d\u00e9cesseurs, le Z15, le Z11 et le Z9.<\/p>\n<p>Lanc\u00e9 en juin 2023 avec des dimensions compactes de 245 x 132 x 290 mm et un poids de 16950 g, le Z15 Pro est id\u00e9al pour le minage domestique et professionnel. Avec de nombreuses crypto-monnaies exploitables utilisant l'algorithme Equihash et diverses options de pool minier, l'Antminer Z15 Pro est parfait pour exploiter Hush, Pirate, Komodo et Horizen ou toute autre crypto-monnaie exploitable utilisant l'algorithme Equihash.<\/p>","protected":false},"excerpt":{"rendered":"<p>Les\u00a0<strong>Antminer Z15 Pro<\/strong>\u00a0est fabriqu\u00e9 par\u00a0<strong>Bitmain<\/strong>\u00a0et effectue l'extraction mini\u00e8re avec le\u00a0<strong>Algorithme Equihash<\/strong>\u00a0qui ex\u00e9cute une vitesse maximale de\u00a0<strong>840KSol\/s<\/strong>\u00a0pour une consommation d'\u00e9nergie de seulement\u00a0<strong>2650W<\/strong>.<\/p>","protected":false},"featured_media":2557,"comment_status":"open","ping_status":"closed","template":"","meta":[],"product_brand":[],"product_cat":[19],"product_tag":[244,138,137],"class_list":{"0":"post-2773","1":"product","2":"type-product","3":"status-publish","4":"has-post-thumbnail","6":"product_cat-mineros","7":"product_tag-gme","8":"product_tag-mineros-para-avanzados","9":"product_tag-mineros-para-principiantes","11":"first","12":"instock","13":"taxable","14":"shipping-taxable","15":"purchasable","16":"product-type-simple"},"_links":{"self":[{"href":"https:\/\/pruebas.michollo.to\/fr\/wp-json\/wp\/v2\/product\/2773","targetHints":{"allow":["GET"]}}],"collection":[{"href":"https:\/\/pruebas.michollo.to\/fr\/wp-json\/wp\/v2\/product"}],"about":[{"href":"https:\/\/pruebas.michollo.to\/fr\/wp-json\/wp\/v2\/types\/product"}],"replies":[{"embeddable":true,"href":"https:\/\/pruebas.michollo.to\/fr\/wp-json\/wp\/v2\/comments?post=2773"}],"wp:featuredmedia":[{"embeddable":true,"href":"https:\/\/pruebas.michollo.to\/fr\/wp-json\/wp\/v2\/media\/2557"}],"wp:attachment":[{"href":"https:\/\/pruebas.michollo.to\/fr\/wp-json\/wp\/v2\/media?parent=2773"}],"wp:term":[{"taxonomy":"product_brand","embeddable":true,"href":"https:\/\/pruebas.michollo.to\/fr\/wp-json\/wp\/v2\/product_brand?post=2773"},{"taxonomy":"product_cat","embeddable":true,"href":"https:\/\/pruebas.michollo.to\/fr\/wp-json\/wp\/v2\/product_cat?post=2773"},{"taxonomy":"product_tag","embeddable":true,"href":"https:\/\/pruebas.michollo.to\/fr\/wp-json\/wp\/v2\/product_tag?post=2773"}],"curies":[{"name":"wp","href":"https:\/\/api.w.org\/{rel}","templated":true}]}}