{"id":2794,"date":"2023-11-03T14:41:04","date_gmt":"2023-11-03T16:41:04","guid":{"rendered":"https:\/\/www.minandovoy.com\/?post_type=product&#038;p=2794"},"modified":"2025-05-09T14:47:08","modified_gmt":"2025-05-09T12:47:08","slug":"iceriver-kas-ks0-pro","status":"publish","type":"product","link":"https:\/\/pruebas.michollo.to\/fr\/produit\/iceriver-kas-ks0-pro-2\/","title":{"rendered":"Iceriver KS0 PRO 200 Gh Nouveau !"},"content":{"rendered":"<p><strong>Iceriver KS0 Pro : la machine mini\u00e8re haute performance<\/strong><\/p>\n<p>Le KS0 Pro, dernier n\u00e9 de la gamme de mineurs d'Iceriver, est une centrale de traitement sans \u00e9quivalent dans le monde du minage de crypto-monnaies. M\u00e9ticuleusement con\u00e7u pour des performances optimales, une efficacit\u00e9 \u00e9nerg\u00e9tique et une fiabilit\u00e9 exceptionnelle, le KS0 Pro est le choix ultime pour les mineurs les plus exigeants.<\/p>\n<p><iframe loading=\"lazy\" title=\"Cette petite machine g\u00e9n\u00e8re des revenus passifs\" width=\"500\" height=\"281\" src=\"https:\/\/www.youtube.com\/embed\/o67Pwvaz90c?feature=oembed\" frameborder=\"0\" allow=\"accelerometer; autoplay; clipboard-write; encrypted-media; gyroscope; picture-in-picture; web-share\" referrerpolicy=\"strict-origin-when-cross-origin\" allowfullscreen><\/iframe><\/p>\n<p><strong>Des sp\u00e9cifications impressionnantes :<\/strong><\/p>\n<ul>\n<li>Taux de change de KAS : 200GH\/S (\u00b110%)<\/li>\n<li>Consommation \u00e9lectrique : 100W\/h (\u00b110%)<\/li>\n<li>Dimensions compactes : 200x194x74 (millim\u00e8tres)<\/li>\n<li>Poids net : 2,5 kilos<\/li>\n<\/ul>\n<p><strong>Une connectivit\u00e9 sans faille :<\/strong> Le KS0 Pro se connecte facilement via Ethernet, assurant une communication fluide et fiable avec votre syst\u00e8me d'exploitation mini\u00e8re. Avec des options d'entr\u00e9e de tension polyvalentes, il peut fonctionner \u00e0 partir d'une alimentation 100-240V AC ou, si vous pr\u00e9f\u00e9rez, 19-20V DC, ce qui vous donne la flexibilit\u00e9 n\u00e9cessaire pour vous adapter \u00e0 vos besoins.<\/p>\n<p><strong>Fonctionnement silencieux et efficace :<\/strong> Malgr\u00e9 sa puissance, le KS0 Pro fonctionne silencieusement avec un niveau sonore de seulement 10 dB. En outre, son efficacit\u00e9 \u00e9nerg\u00e9tique de pointe vous permet de miner pendant des heures sans vous soucier des co\u00fbts \u00e9nerg\u00e9tiques \u00e9lev\u00e9s.<\/p>\n<p><strong>Des performances in\u00e9gal\u00e9es :<\/strong> Le KS0 Pro se distingue par son hashrate de 200GH\/S (\u00b110%), ce qui le place \u00e0 l'avant-garde de l'exploitation mini\u00e8re des crypto-monnaies. Sa conception compacte et son poids l\u00e9ger en font le choix id\u00e9al pour tout environnement minier.<\/p>\n<p><strong>Temp\u00e9rature optimale :<\/strong> Ce mineur peut fonctionner dans une plage de temp\u00e9rature de 0~35 \u2103, \u00e0 condition d'\u00eatre plac\u00e9 dans un environnement o\u00f9 l'air circule bien. Cela garantit des performances constantes, m\u00eame dans des conditions difficiles.<\/p>\n<p>Le KS0 Pro d'Iceriver est la combinaison parfaite de puissance, d'efficacit\u00e9 et de facilit\u00e9 d'utilisation. Si vous \u00eates \u00e0 la recherche d'une machine de minage haute performance qui d\u00e9passe vos attentes, le KS0 Pro est le choix incontest\u00e9. Boostez votre activit\u00e9 de minage de crypto-monnaies avec la KS0 Pro d'Iceriver et faites l'exp\u00e9rience d'un nouveau niveau de productivit\u00e9.<\/p>","protected":false},"excerpt":{"rendered":"<p>KS0 Pro de Iceriver: La M\u00e1quina de Miner\u00eda de Alto Rendimiento El KS0 Pro, la \u00faltima incorporaci\u00f3n de Iceriver a su destacada l\u00ednea de mineros, es una potencia de procesamiento como ninguna otra en el mundo de la miner\u00eda de criptomonedas. Dise\u00f1ado meticulosamente para brindar un rendimiento \u00f3ptimo, eficiencia energ\u00e9tica y confiabilidad sobresalientes, el KS0 [&hellip;]<\/p>\n","protected":false},"featured_media":2071,"comment_status":"open","ping_status":"closed","template":"","meta":[],"product_brand":[],"product_cat":[19],"product_tag":[244,138,137],"class_list":{"0":"post-2794","1":"product","2":"type-product","3":"status-publish","4":"has-post-thumbnail","6":"product_cat-mineros","7":"product_tag-gme","8":"product_tag-mineros-para-avanzados","9":"product_tag-mineros-para-principiantes","11":"first","12":"outofstock","13":"featured","14":"taxable","15":"shipping-taxable","16":"purchasable","17":"product-type-simple"},"_links":{"self":[{"href":"https:\/\/pruebas.michollo.to\/fr\/wp-json\/wp\/v2\/product\/2794","targetHints":{"allow":["GET"]}}],"collection":[{"href":"https:\/\/pruebas.michollo.to\/fr\/wp-json\/wp\/v2\/product"}],"about":[{"href":"https:\/\/pruebas.michollo.to\/fr\/wp-json\/wp\/v2\/types\/product"}],"replies":[{"embeddable":true,"href":"https:\/\/pruebas.michollo.to\/fr\/wp-json\/wp\/v2\/comments?post=2794"}],"wp:featuredmedia":[{"embeddable":true,"href":"https:\/\/pruebas.michollo.to\/fr\/wp-json\/wp\/v2\/media\/2071"}],"wp:attachment":[{"href":"https:\/\/pruebas.michollo.to\/fr\/wp-json\/wp\/v2\/media?parent=2794"}],"wp:term":[{"taxonomy":"product_brand","embeddable":true,"href":"https:\/\/pruebas.michollo.to\/fr\/wp-json\/wp\/v2\/product_brand?post=2794"},{"taxonomy":"product_cat","embeddable":true,"href":"https:\/\/pruebas.michollo.to\/fr\/wp-json\/wp\/v2\/product_cat?post=2794"},{"taxonomy":"product_tag","embeddable":true,"href":"https:\/\/pruebas.michollo.to\/fr\/wp-json\/wp\/v2\/product_tag?post=2794"}],"curies":[{"name":"wp","href":"https:\/\/api.w.org\/{rel}","templated":true}]}}