{"id":2795,"date":"2023-11-03T14:45:00","date_gmt":"2023-11-03T16:45:00","guid":{"rendered":"https:\/\/www.minandovoy.com\/?post_type=product&#038;p=2795"},"modified":"2025-09-01T16:10:08","modified_gmt":"2025-09-01T14:10:08","slug":"antminer-s19","status":"publish","type":"product","link":"https:\/\/pruebas.michollo.to\/fr\/produit\/antminer-s19-86-95t\/","title":{"rendered":"ANTMINER S19"},"content":{"rendered":"<h3>ANTMINER S19 PRO<\/h3>\n<p>Ce mod\u00e8le, Antminer S19 PRO (82T) a \u00e9t\u00e9 cr\u00e9\u00e9 par Bitmain en 2020 et est toujours en production en raison de son excellent accueil sur le march\u00e9.<\/p>\n<p>L'Antminer S19 PRO, avec une puissance mini\u00e8re de 82Th et une consommation \u00e9lectrique de 2829w\/h, est destin\u00e9 \u00e0 l'exploitation des mines de diamants. <a href=\"https:\/\/www.minandovoy.com\/categoria\/mineros\/?algoritmos=sha-256\">BITCOIN (SHA-256)<\/a><\/p>\n<div class=\"asicminer-widget-container\" style=\"width: 100%; min-height: 300px;\">\n            <iframe id=\"asicminer-widget-4073\" \n                    src=\"https:\/\/pruebas.michollo.to\/wp-content\/themes\/minandovoy\/proxy-widget.php?miner=bitmain\/antminer-s19-95th&#038;type=profit&#038;theme=dark\" \n                    width=\"100%\" \n                    height=\"300\" \n                    frameborder=\"0\"\n                    loading=\"lazy\"\n                    style=\"border: none; overflow: hidden;\"\n                    title=\"ASIC Miner Widget\">\n            <\/iframe>\n        <\/div>\n<h3><b>Qu'est-ce que Bitmain ?<\/b><\/h3>\n<p><em>Bitmain<\/em>\u00a0est une entreprise bas\u00e9e \u00e0 P\u00e9kin, en Chine. Elle est consid\u00e9r\u00e9e comme l'une des entreprises les plus importantes du secteur des crypto-monnaies pour sa production de mat\u00e9riel d'exploitation mini\u00e8re de haute qualit\u00e9 dot\u00e9 d'\u00e9normes capacit\u00e9s d'exploitation et pour ses avanc\u00e9es technologiques. Elle est le plus grand concepteur d'\u00e9quipements de minage de crypto-monnaies au monde.\u00a0<em>ASIC<\/em>\u00a0pour l'exploitation mini\u00e8re\u00a0<em>Bitcoin<\/em>.<\/p>\n<p>Bitmain est surtout connue pour son mat\u00e9riel Bitcoin, bien qu'elle s'int\u00e9resse \u00e0 des projets qui apportent de la solidit\u00e9 \u00e0 son activit\u00e9, comme Ethereum\/Ethereum Classic.<\/p>\n<p>En avril 2021, le grand constructeur a annonc\u00e9 le lancement d'une machine de minage d'Ethreum, Antminer E9. Cette v\u00e9ritable b\u00eate a une puissance \u00e9quivalente \u00e0 25 GPU Nvidia RTX 3080.<\/p>\n<p>&nbsp;<\/p>\n<h3><strong>UN PEU DE BITCOIN<\/strong><\/h3>\n<p>C'est la premi\u00e8re crypto-monnaie \u00e0 avoir \u00e9t\u00e9 d\u00e9velopp\u00e9e et, par cons\u00e9quent, celle qui a ouvert la voie \u00e0 toutes les autres qui sont apparues par la suite en utilisant sa technologie blockchain.<\/p>\n<p>Le nombre de bitcoins \u00e9mis chaque ann\u00e9e est d\u00e9termin\u00e9 par l'algorithme. Tous les quatre ans, la production est divis\u00e9e par deux, de sorte que seuls 21 millions de bitcoins sont \u00e9mis au total.<\/p>\n<p>C'est la grande diff\u00e9rence avec les monnaies conventionnelles, dont les banques modifient la valeur. Cela signifie que la crypto-monnaie, en l'occurrence le bitcoin, peut offrir une plus grande stabilit\u00e9 alors que les monnaies conventionnelles se d\u00e9pr\u00e9cient.<\/p>\n<p>Aujourd'hui, les crypto-monnaies sont utilis\u00e9es comme mode de paiement sur de nombreuses plateformes, la monnaie d'\u00e9change dans la plupart des cas \u00e9tant le bitcoin, car elles sont s\u00e9curis\u00e9es et priv\u00e9es.<\/p>\n<p>&nbsp;<\/p>\n<p>Garant\u00eda total de 1 a\u00f1o.Protege tanto piezas como mano de obra y te da acceso a nuestro soporte t\u00e9cnico especializado. Ante cualquier incidencia, solo tienes que abrir un ticket en tu \u00e1rea de cliente: nos ocupamos de la reparaci\u00f3n o sustituci\u00f3n sin coste a\u00f1adido.<\/p>\n<p>&nbsp;<\/p>\n<h3><strong>PRINCIPAUX AVANTAGES DE LA <a href=\"https:\/\/coinmarketcap.com\/es\/currencies\/bitcoin\/\">BITCOIN<\/a><\/strong><\/h3>\n<ol>\n<li>Rapidit\u00e9 : envoyez de l'argent \u00e0 vous-m\u00eame, quels que soient le montant et la destination, en quelques minutes.<\/li>\n<li>Peu co\u00fbteux : lorsqu'un transfert est effectu\u00e9 par l'interm\u00e9diaire de votre banque, il peut vous co\u00fbter beaucoup d'argent, alors qu'avec Bitcoin, le co\u00fbt est gratuit ou ne repr\u00e9sente que quelques centimes.<\/li>\n<li>Global : vous pouvez envoyer des messages partout dans le monde, il n'y a pas de fronti\u00e8res.<\/li>\n<li>D\u00e9centralis\u00e9 : aucun gouvernement\/banque ne peut le contr\u00f4ler, ni dans sa cr\u00e9ation, ni dans sa distribution.<\/li>\n<li>Propri\u00e9t\u00e9 : L'argent vous appartient 100%, il ne peut \u00eatre ponctionn\u00e9 par personne, vous \u00eates votre propre banque.<\/li>\n<li>Transparent :  Toutes les transactions sont publiques, mais toujours sous pseudonyme.<\/li>\n<li>\u00c9mission limit\u00e9e : personne ne peut g\u00e9n\u00e9rer des milliers de bitcoins juste parce qu'il en a envie, ils apparaissent gr\u00e2ce au minage.<\/li>\n<li>Priv\u00e9 : Bitcoin s'efforce de pr\u00e9server la vie priv\u00e9e, dans une tr\u00e8s large mesure, bien qu'il ne soit pas totalement anonyme et qu'il s'efforce de le devenir.<\/li>\n<\/ol>\n<p>&nbsp;<\/p>","protected":false},"excerpt":{"rendered":"<p>ANTMINER S19 PRO Este modelo, Antminer S19 PRO (82T) fue creado por Bitmain en el a\u00f1o 2020 y todav\u00eda sigue en producci\u00f3n debido a su gran acogida en el mercado. El Antminer S19 PRO , tiene una potencia de minado de 82Th y un consumo el\u00e9ctrico de 2829w\/h est\u00e1 orientada a la miner\u00eda de BITCOIN [&hellip;]<\/p>\n","protected":false},"featured_media":464,"comment_status":"open","ping_status":"closed","template":"","meta":[],"product_brand":[],"product_cat":[19],"product_tag":[244,138,137],"class_list":{"0":"post-2795","1":"product","2":"type-product","3":"status-publish","4":"has-post-thumbnail","6":"product_cat-mineros","7":"product_tag-gme","8":"product_tag-mineros-para-avanzados","9":"product_tag-mineros-para-principiantes","11":"first","12":"outofstock","13":"featured","14":"taxable","15":"shipping-taxable","16":"purchasable","17":"product-type-variable","18":"has-default-attributes"},"_links":{"self":[{"href":"https:\/\/pruebas.michollo.to\/fr\/wp-json\/wp\/v2\/product\/2795","targetHints":{"allow":["GET"]}}],"collection":[{"href":"https:\/\/pruebas.michollo.to\/fr\/wp-json\/wp\/v2\/product"}],"about":[{"href":"https:\/\/pruebas.michollo.to\/fr\/wp-json\/wp\/v2\/types\/product"}],"replies":[{"embeddable":true,"href":"https:\/\/pruebas.michollo.to\/fr\/wp-json\/wp\/v2\/comments?post=2795"}],"wp:featuredmedia":[{"embeddable":true,"href":"https:\/\/pruebas.michollo.to\/fr\/wp-json\/wp\/v2\/media\/464"}],"wp:attachment":[{"href":"https:\/\/pruebas.michollo.to\/fr\/wp-json\/wp\/v2\/media?parent=2795"}],"wp:term":[{"taxonomy":"product_brand","embeddable":true,"href":"https:\/\/pruebas.michollo.to\/fr\/wp-json\/wp\/v2\/product_brand?post=2795"},{"taxonomy":"product_cat","embeddable":true,"href":"https:\/\/pruebas.michollo.to\/fr\/wp-json\/wp\/v2\/product_cat?post=2795"},{"taxonomy":"product_tag","embeddable":true,"href":"https:\/\/pruebas.michollo.to\/fr\/wp-json\/wp\/v2\/product_tag?post=2795"}],"curies":[{"name":"wp","href":"https:\/\/api.w.org\/{rel}","templated":true}]}}