{"id":2984,"date":"2023-12-05T13:01:26","date_gmt":"2023-12-05T15:01:26","guid":{"rendered":"https:\/\/www.minandovoy.com\/?post_type=product&#038;p=2984"},"modified":"2025-05-09T14:47:07","modified_gmt":"2025-05-09T12:47:07","slug":"btc-lottery-nerdminer-v2-0-s3-bitcoin-nerd-miner-t-display-s3-56kh-s-nerd-miner-btc-lottery-miner","status":"publish","type":"product","link":"https:\/\/pruebas.michollo.to\/fr\/produit\/btc-lottery-nerdminer-v2-0-s3-bitcoin-nerd-miner-t-display-s3-56kh-s-nerd-miner-btc-lottery-miner\/","title":{"rendered":"BTC Lottery NerdMiner V2.0 S3 Bitcoin Nerd Miner T-Display S3 56KH\/S Nerd Miner BTC Lottery Miner"},"content":{"rendered":"<h2 class=\"product-title-text\" data-spm-anchor-id=\"a2g0o.detail.1000016.i1.513c6c5dRhBZc0\"><strong>NerdMiner V2.0 S3<\/strong><\/h2>\n<p>&nbsp;<\/p>\n<h2>NerdMiner V2.0 S3 : miner moins, gagner plus. La possibilit\u00e9 d'obtenir un bitcoin est \u00e0 port\u00e9e de clic - oserez-vous tenter votre chance ?<\/h2>\n<p>Introduction <strong>NerdMiner V2.0 S3<\/strong>\u00a0Un mineur de loterie Bitcoin pr\u00eat \u00e0 l'emploi qui vous donne la possibilit\u00e9 de gagner un bloc complet toutes les 10 minutes !<\/p>\n<p>Un appareil \u00e9l\u00e9gant et compact qui permet de miner des bitcoins sans effort gr\u00e2ce \u00e0 un syst\u00e8me de loterie. Le Nerd Miner T Display S3 est l'incarnation de la simplicit\u00e9 et de l'efficacit\u00e9 dans le monde du minage de bitcoins. Avec seulement un c\u00e2ble d'alimentation USB-C et un brin de chance, vous pouvez vous lancer dans le minage.<\/p>\n<p>Con\u00e7u sp\u00e9cifiquement pour le minage en solo, le Nerd Miner T Display S3 montre sa v\u00e9ritable puissance lorsqu'il est utilis\u00e9 individuellement, car son hashrate n'est pas assez important pour contribuer \u00e0 un groupe de minage. Cependant, les avantages du minage en solo deviennent \u00e9vidents lorsque vous d\u00e9couvrez que si vous parvenez \u00e0 trouver un bloc, la totalit\u00e9 de la r\u00e9compense du bloc et des frais de transaction vous reviennent.<\/p>\n<p>Fonctionnant avec seulement ~1 watt d'\u00e9nergie, soit environ ~$2 par an, cet appareil remarquable atteint un taux de hachage de plus de 78 Kh\/s (en utilisant le micrologiciel 1.6.3) d\u00e8s sa sortie de l'emballage. Mais l'excitation ne s'arr\u00eate pas l\u00e0. L'\u00e9quipe de d\u00e9veloppement de BitMaker am\u00e9liore continuellement le code et promet des taux de hachage encore plus \u00e9lev\u00e9s \u00e0 l'avenir.<\/p>\n<p>Votre Nerd Miner T Display S3 est livr\u00e9 enti\u00e8rement assembl\u00e9, pr\u00eat \u00e0 lib\u00e9rer ses prouesses mini\u00e8res. Le connecter \u00e0 votre r\u00e9seau WiFi et entrer l'adresse de votre portefeuille Bitcoin sont les seules \u00e9tapes qui vous s\u00e9parent de votre aventure mini\u00e8re - c'est aussi simple que cela !<\/p>\n<p>Pour ceux qui sont curieux de conna\u00eetre la technologie sous-jacente, Nerd Miner T Display S3 est bas\u00e9 sur un projet open source h\u00e9berg\u00e9 sur GitHub par BitMaker. Le d\u00e9p\u00f4t du projet se trouve \u00e0 l'adresse suivante :\u00a0<a href=\"https:\/\/github.com\/BitMaker-hub\/NerdMiner_v2\">https:\/\/github.com\/BitMaker-hub\/NerdMiner_v2<\/a>\u00a0. En explorant la page GitHub du projet, vous pouvez vous plonger dans les subtilit\u00e9s du code, participer aux discussions et m\u00eame contribuer \u00e0 son d\u00e9veloppement continu.<\/p>\n<p>Le Nerd Miner T Display S3 offre une exp\u00e9rience transparente et facile \u00e0 utiliser pour ceux qui souhaitent participer au monde du minage de Bitcoin. Sa fonctionnalit\u00e9 \"plug-and-play\", combin\u00e9e au potentiel de r\u00e9compenses substantielles (si vous \u00eates vraiment chanceux), en fait une option attrayante pour les mineurs novices et exp\u00e9riment\u00e9s.<\/p>\n<div style=\"width: 480px;\" class=\"wp-video\"><video class=\"wp-video-shortcode\" id=\"video-2984-1\" width=\"480\" height=\"480\" preload=\"metadata\" controls=\"controls\"><source type=\"video\/mp4\" src=\"https:\/\/www.minandovoy.com\/wp-content\/uploads\/2023\/12\/WhatsApp-Video-2023-12-05-at-13.02.48.mp4?_=1\" \/><a href=\"https:\/\/www.minandovoy.com\/wp-content\/uploads\/2023\/12\/WhatsApp-Video-2023-12-05-at-13.02.48.mp4\">https:\/\/www.minandovoy.com\/wp-content\/uploads\/2023\/12\/WhatsApp-Video-2023-12-05-at-13.02.48.mp4<\/a><\/video><\/div>","protected":false},"excerpt":{"rendered":"<p>NerdMiner V2.0 S3 &nbsp; NerdMiner V2.0 S3: mina menos, gana m\u00e1s. La oportunidad de un bitcoin est\u00e1 a solo un clic de distancia. \u00bfTe atreves a probar la suerte? Presentamos NerdMiner V2.0 S3\u00a0: \u00a1un minero de loter\u00eda de Bitcoin plug-and-play que te brinda la oportunidad de ganar una recompensa de bloque completo cada 10 minutos! [&hellip;]<\/p>\n","protected":false},"featured_media":2989,"comment_status":"open","ping_status":"closed","template":"","meta":[],"product_brand":[],"product_cat":[19],"product_tag":[244,138,137],"class_list":{"0":"post-2984","1":"product","2":"type-product","3":"status-publish","4":"has-post-thumbnail","6":"product_cat-mineros","7":"product_tag-gme","8":"product_tag-mineros-para-avanzados","9":"product_tag-mineros-para-principiantes","10":"product_shipping_class-especial","12":"first","13":"instock","14":"taxable","15":"shipping-taxable","16":"purchasable","17":"product-type-simple"},"_links":{"self":[{"href":"https:\/\/pruebas.michollo.to\/fr\/wp-json\/wp\/v2\/product\/2984","targetHints":{"allow":["GET"]}}],"collection":[{"href":"https:\/\/pruebas.michollo.to\/fr\/wp-json\/wp\/v2\/product"}],"about":[{"href":"https:\/\/pruebas.michollo.to\/fr\/wp-json\/wp\/v2\/types\/product"}],"replies":[{"embeddable":true,"href":"https:\/\/pruebas.michollo.to\/fr\/wp-json\/wp\/v2\/comments?post=2984"}],"wp:featuredmedia":[{"embeddable":true,"href":"https:\/\/pruebas.michollo.to\/fr\/wp-json\/wp\/v2\/media\/2989"}],"wp:attachment":[{"href":"https:\/\/pruebas.michollo.to\/fr\/wp-json\/wp\/v2\/media?parent=2984"}],"wp:term":[{"taxonomy":"product_brand","embeddable":true,"href":"https:\/\/pruebas.michollo.to\/fr\/wp-json\/wp\/v2\/product_brand?post=2984"},{"taxonomy":"product_cat","embeddable":true,"href":"https:\/\/pruebas.michollo.to\/fr\/wp-json\/wp\/v2\/product_cat?post=2984"},{"taxonomy":"product_tag","embeddable":true,"href":"https:\/\/pruebas.michollo.to\/fr\/wp-json\/wp\/v2\/product_tag?post=2984"}],"curies":[{"name":"wp","href":"https:\/\/api.w.org\/{rel}","templated":true}]}}