{"id":2994,"date":"2023-12-05T14:20:59","date_gmt":"2023-12-05T16:20:59","guid":{"rendered":"https:\/\/www.minandovoy.com\/?post_type=product&#038;p=2994"},"modified":"2025-05-09T14:47:07","modified_gmt":"2025-05-09T12:47:07","slug":"sistema-de-refrigeracion-liquida-para-mineria-en-casa-de-8-kw-asic-con-enfriamiento-por-agua","status":"publish","type":"product","link":"https:\/\/pruebas.michollo.to\/fr\/produit\/systeme-de-refroidissement-liquide-asic-de-8-kw-refroidi-a-leau-pour-lexploitation-miniere-interne\/","title":{"rendered":"Syst\u00e8me de refroidissement liquide ASIC de 8 KW refroidi \u00e0 l'eau pour l'exploitation mini\u00e8re interne."},"content":{"rendered":"<p>Radiateur refroidi \u00e0 l'eau Le syst\u00e8me d'overclocking refroidi \u00e0 l'eau le plus simple et le plus pratique pour les machines d'exploitation mini\u00e8re et peut \u00e9galement utiliser la chaleur min\u00e9rale pour chauffer la maison.<\/p>\n<p>Caract\u00e9ristiques Compatible avec tous les mineurs refroidis par eau Pour un usage domestique (65 dB) et une belle apparence Refroidissement \u00e0 double bille (peut fonctionner autour de 8 W\/H) et longue dur\u00e9e de vie avec un volume de d\u00e9charge tr\u00e8s \u00e9lev\u00e9, solution de refroidissement \u00e0 haute puissance Pompe \u00e0 eau puissante et contr\u00f4le de qualit\u00e9 syst\u00e9matique Conception du canal d'eau en forme de S avec plusieurs canaux et 36 canaux de circulation d'eau pour une dissipation plus rapide de la chaleur.<\/p>\n<p>&nbsp;<\/p>\n<p>&nbsp;<\/p>\n<p>Utilis\u00e9 sur les machines hydro mini\u00e8res de la gamme s19 et plus.<\/p>","protected":false},"excerpt":{"rendered":"<p>Radiador de refrigeraci\u00f3n por agua El sistema de overclocking enfriado por agua m\u00e1s simple y conveniente para m\u00e1quinas de miner\u00eda y tambi\u00e9n puede utilizar el calor mineral para calentar la casa. Caracter\u00edsticas Compatible con todos los mineros enfriados por agua Para uso dom\u00e9stico (65 dB) y apariencia agradable Doble enfriamiento de bola (puede funcionar alrededor [&hellip;]<\/p>\n","protected":false},"featured_media":2995,"comment_status":"open","ping_status":"closed","template":"","meta":[],"product_brand":[],"product_cat":[15],"product_tag":[],"class_list":{"0":"post-2994","1":"product","2":"type-product","3":"status-publish","4":"has-post-thumbnail","6":"product_cat-sin-categorizar","8":"first","9":"instock","10":"taxable","11":"shipping-taxable","12":"purchasable","13":"product-type-simple"},"_links":{"self":[{"href":"https:\/\/pruebas.michollo.to\/fr\/wp-json\/wp\/v2\/product\/2994","targetHints":{"allow":["GET"]}}],"collection":[{"href":"https:\/\/pruebas.michollo.to\/fr\/wp-json\/wp\/v2\/product"}],"about":[{"href":"https:\/\/pruebas.michollo.to\/fr\/wp-json\/wp\/v2\/types\/product"}],"replies":[{"embeddable":true,"href":"https:\/\/pruebas.michollo.to\/fr\/wp-json\/wp\/v2\/comments?post=2994"}],"wp:featuredmedia":[{"embeddable":true,"href":"https:\/\/pruebas.michollo.to\/fr\/wp-json\/wp\/v2\/media\/2995"}],"wp:attachment":[{"href":"https:\/\/pruebas.michollo.to\/fr\/wp-json\/wp\/v2\/media?parent=2994"}],"wp:term":[{"taxonomy":"product_brand","embeddable":true,"href":"https:\/\/pruebas.michollo.to\/fr\/wp-json\/wp\/v2\/product_brand?post=2994"},{"taxonomy":"product_cat","embeddable":true,"href":"https:\/\/pruebas.michollo.to\/fr\/wp-json\/wp\/v2\/product_cat?post=2994"},{"taxonomy":"product_tag","embeddable":true,"href":"https:\/\/pruebas.michollo.to\/fr\/wp-json\/wp\/v2\/product_tag?post=2994"}],"curies":[{"name":"wp","href":"https:\/\/api.w.org\/{rel}","templated":true}]}}