{"id":303,"date":"2022-10-16T04:24:23","date_gmt":"2022-10-16T06:24:23","guid":{"rendered":"https:\/\/pruebas.michollo.to\/producto\/antminer-ka3\/"},"modified":"2026-02-23T13:19:37","modified_gmt":"2026-02-23T12:19:37","slug":"antminer-ka3","status":"publish","type":"product","link":"https:\/\/pruebas.michollo.to\/fr\/produit\/antminer-ka3\/","title":{"rendered":"Antminer KA3 (166 Th)"},"content":{"rendered":"<p>Avec le nouvel Antminer KA3, Bitmain surpasse toute sa concurrence et se positionne sur le podium comme l'un des asics les plus rentables.<\/p>\n<p>Le 13 septembre, le fabricant de puces a annonc\u00e9 un nouveau dispositif de minage pour la crypto-monnaie Kadena, d'une puissance de minage de 166Th et d'une consommation d'\u00e9nergie de 3 200w\/heure.<\/p>\n<figure id=\"attachment_1948\" aria-describedby=\"caption-attachment-1948\" style=\"width: 369px\" class=\"wp-caption aligncenter\"><img loading=\"lazy\" decoding=\"async\" class=\"wp-image-1948\" src=\"https:\/\/www.minandovoy.com\/wp-content\/uploads\/2022\/10\/pl133733702-kda_algorithm_mini_bitmain_antminer_ka3_166t_hashrate_3154w_19j_t.webp-300x127.png\" alt=\"ANTMINER KA3\" width=\"369\" height=\"156\" srcset=\"https:\/\/pruebas.michollo.to\/wp-content\/uploads\/2022\/10\/pl133733702-kda_algorithm_mini_bitmain_antminer_ka3_166t_hashrate_3154w_19j_t.webp-300x127.png 300w, https:\/\/pruebas.michollo.to\/wp-content\/uploads\/2022\/10\/pl133733702-kda_algorithm_mini_bitmain_antminer_ka3_166t_hashrate_3154w_19j_t.webp-18x8.png 18w, https:\/\/pruebas.michollo.to\/wp-content\/uploads\/2022\/10\/pl133733702-kda_algorithm_mini_bitmain_antminer_ka3_166t_hashrate_3154w_19j_t.webp-600x253.png 600w, https:\/\/pruebas.michollo.to\/wp-content\/uploads\/2022\/10\/pl133733702-kda_algorithm_mini_bitmain_antminer_ka3_166t_hashrate_3154w_19j_t.webp-20x8.png 20w, https:\/\/pruebas.michollo.to\/wp-content\/uploads\/2022\/10\/pl133733702-kda_algorithm_mini_bitmain_antminer_ka3_166t_hashrate_3154w_19j_t.webp-56x24.png 56w, https:\/\/pruebas.michollo.to\/wp-content\/uploads\/2022\/10\/pl133733702-kda_algorithm_mini_bitmain_antminer_ka3_166t_hashrate_3154w_19j_t.webp-28x12.png 28w, https:\/\/pruebas.michollo.to\/wp-content\/uploads\/2022\/10\/pl133733702-kda_algorithm_mini_bitmain_antminer_ka3_166t_hashrate_3154w_19j_t.webp-73x31.png 73w, https:\/\/pruebas.michollo.to\/wp-content\/uploads\/2022\/10\/pl133733702-kda_algorithm_mini_bitmain_antminer_ka3_166t_hashrate_3154w_19j_t.webp-170x72.png 170w, https:\/\/pruebas.michollo.to\/wp-content\/uploads\/2022\/10\/pl133733702-kda_algorithm_mini_bitmain_antminer_ka3_166t_hashrate_3154w_19j_t.webp-65x27.png 65w, https:\/\/pruebas.michollo.to\/wp-content\/uploads\/2022\/10\/pl133733702-kda_algorithm_mini_bitmain_antminer_ka3_166t_hashrate_3154w_19j_t.webp-163x69.png 163w, https:\/\/pruebas.michollo.to\/wp-content\/uploads\/2022\/10\/pl133733702-kda_algorithm_mini_bitmain_antminer_ka3_166t_hashrate_3154w_19j_t.webp-50x21.png 50w, https:\/\/pruebas.michollo.to\/wp-content\/uploads\/2022\/10\/pl133733702-kda_algorithm_mini_bitmain_antminer_ka3_166t_hashrate_3154w_19j_t.webp-60x25.png 60w, https:\/\/pruebas.michollo.to\/wp-content\/uploads\/2022\/10\/pl133733702-kda_algorithm_mini_bitmain_antminer_ka3_166t_hashrate_3154w_19j_t.webp-247x104.png 247w, https:\/\/pruebas.michollo.to\/wp-content\/uploads\/2022\/10\/pl133733702-kda_algorithm_mini_bitmain_antminer_ka3_166t_hashrate_3154w_19j_t.webp-19x8.png 19w, https:\/\/pruebas.michollo.to\/wp-content\/uploads\/2022\/10\/pl133733702-kda_algorithm_mini_bitmain_antminer_ka3_166t_hashrate_3154w_19j_t.webp-284x120.png 284w, https:\/\/pruebas.michollo.to\/wp-content\/uploads\/2022\/10\/pl133733702-kda_algorithm_mini_bitmain_antminer_ka3_166t_hashrate_3154w_19j_t.webp-317x134.png 317w, https:\/\/pruebas.michollo.to\/wp-content\/uploads\/2022\/10\/pl133733702-kda_algorithm_mini_bitmain_antminer_ka3_166t_hashrate_3154w_19j_t.webp.png 677w\" sizes=\"auto, (max-width: 369px) 100vw, 369px\" \/><figcaption id=\"caption-attachment-1948\" class=\"wp-caption-text\">Banni\u00e8re le jour du lancement sur le march\u00e9 de l'ANTMINER KA3<\/figcaption><\/figure>\n<p>Cette machine s'appelle Antminer KA3, la premi\u00e8re machine Kadena \u00e0 faire son entr\u00e9e dans la famille Bitmain. L'efficacit\u00e9 de cette machine est jusqu'\u00e0 pr\u00e9sent unique et in\u00e9gal\u00e9e puisqu'elle d\u00e9livre environ 19,2 Watts par TH.<\/p>\n<p>Il convient \u00e9galement de noter que le mineur de la <a href=\"https:\/\/www.minandovoy.com\/es_es\/categoria\/mineros\/?algoritmos=kadena\">Algorithme Blake-2s Kadena<\/a> est consid\u00e9r\u00e9e comme une machine industrielle, non seulement en raison de sa consommation d'\u00e9nergie, mais aussi en raison de son niveau sonore \u00e9lev\u00e9, entre 70 et 80 db, facteurs que vous devez prendre en compte si vous souhaitez vous en procurer une.<\/p>\n<div class=\"asicminer-widget-container\" style=\"width: 100%; min-height: 300px;\">\n            <iframe id=\"asicminer-widget-3197\" \n                    src=\"https:\/\/pruebas.michollo.to\/wp-content\/themes\/minandovoy\/proxy-widget.php?miner=bitmain\/antminer-ka3-166th&#038;type=profit&#038;theme=dark\" \n                    width=\"100%\" \n                    height=\"300\" \n                    frameborder=\"0\"\n                    loading=\"lazy\"\n                    style=\"border: none; overflow: hidden;\"\n                    title=\"ASIC Miner Widget\">\n            <\/iframe>\n        <\/div>\n<h3><strong>Exploitation mini\u00e8re du Blake 2s Kadena (Antminer KA3)<\/strong><\/h3>\n<p>L'exploitation mini\u00e8re de l'algorithme Blake2s dans le r\u00e9seau Kadena fait r\u00e9f\u00e9rence au processus de validation des transactions et de s\u00e9curisation du r\u00e9seau \u00e0 l'aide de l'algorithme Blake2s.<\/p>\n<ol>\n<li><strong>Algorithme de hachage Blake2s<\/strong>Blake2s : Blake2s est un algorithme de hachage cryptographique utilis\u00e9 dans l'exploitation mini\u00e8re de Kadena. Il s'agit d'une variante de l'algorithme Blake2 utilis\u00e9 pour hacher les blocs de la blockchain et garantir l'int\u00e9grit\u00e9 des transactions sur le r\u00e9seau.<\/li>\n<li><strong>Preuve de travail (Preuve de travail)<\/strong>Dans le r\u00e9seau Kadena, le minage s'effectue par le biais d'un algorithme de consensus \u00e0 preuve de travail (PoW) utilisant Blake2s. Les mineurs s'affrontent pour r\u00e9soudre des probl\u00e8mes math\u00e9matiques complexes en utilisant leur puissance de traitement pour trouver une valeur de hachage valide qui r\u00e9pond \u00e0 certaines exigences fix\u00e9es par l'algorithme. Le premier mineur qui trouve la bonne valeur de hachage a la possibilit\u00e9 d'ajouter un nouveau bloc \u00e0 la blockchain et de recevoir des r\u00e9compenses.<\/li>\n<li><strong>Mat\u00e9riel d'exploitation mini\u00e8re<\/strong>L'exploitation mini\u00e8re de Blake2s \u00e0 Kadena peut \u00eatre r\u00e9alis\u00e9e \u00e0 l'aide de mat\u00e9riel sp\u00e9cialis\u00e9 appel\u00e9 ASIC (Application-Specific Integrated Circuits) con\u00e7u sp\u00e9cifiquement pour cet algorithme. Ces dispositifs sont tr\u00e8s efficaces dans le calcul des op\u00e9rations de hachage et offrent une puissance de traitement accrue par rapport aux GPU ou CPU conventionnels.<\/li>\n<li><strong>Pools miniers<\/strong>Comme pour les autres crypto-monnaies, les mineurs de Kadena ont la possibilit\u00e9 de rejoindre des pools miniers. Les pools miniers permettent aux mineurs de combiner leur puissance de traitement et d'augmenter leurs chances de r\u00e9soudre des blocs et de recevoir des r\u00e9compenses plus r\u00e9guli\u00e8rement. Les r\u00e9compenses sont distribu\u00e9es entre les membres du pool en fonction de leur contribution \u00e0 la puissance de calcul totale du pool.<\/li>\n<li><strong>Rentabilit\u00e9 et consid\u00e9rations<\/strong>La rentabilit\u00e9 du minage de Blake2s \u00e0 Kadena d\u00e9pend de plusieurs facteurs, tels que le co\u00fbt de l'\u00e9lectricit\u00e9, le prix du jeton min\u00e9 (KDA), la difficult\u00e9 du r\u00e9seau et l'efficacit\u00e9 du mat\u00e9riel utilis\u00e9. Il est important de prendre en compte ces facteurs et d'effectuer des calculs de rentabilit\u00e9 avant de se lancer dans le minage.<\/li>\n<\/ol>\n<p>&nbsp;<\/p>\n<h3><strong>Pourquoi pensez-vous que Bitmain s'est int\u00e9ress\u00e9 au projet Kadena ?<\/strong><\/h3>\n<p>Cette crypto-monnaie, KDA, dispose d'une grande \u00e9quipe de d\u00e9veloppement qui comprend d'anciens ing\u00e9nieurs de Microsoft, Apple et Bitcoin, ainsi que de bons conseillers qui contribuent \u00e0 g\u00e9n\u00e9rer une grande confiance dans le projet.<\/p>\n<p>Bitmain a rejoint le grand nombre d'entreprises qui coop\u00e8rent avec Kadena, et nous ne devrions pas \u00eatre surpris de voir un grand nombre d'adoptions et que le projet continue de cro\u00eetre de mani\u00e8re exponentielle.<\/p>\n<p>Les grands ex - changements tels que Binance, KUcoin, Crypto.com ... disposent de cette monnaie pour permettre \u00e0 leurs utilisateurs d'effectuer des transactions.<\/p>\n<p>Il s'agit sans aucun doute d'une blockchain qui a un grand avenir et le potentiel d'atteindre le niveau TOP20.<\/p>\n<p>Il convient de noter que Kadena a actuellement une capitalisation boursi\u00e8re sup\u00e9rieure \u00e0 1 milliard de dollars et se n\u00e9gocie aujourd'hui (18\/10\/22) \u00e0 1,35$, source : <a href=\"https:\/\/coinmarketcap.com\/es\/currencies\/kadena\/\">CoinMarketCap<\/a>. Son plus haut niveau historique de 24$ a \u00e9t\u00e9 atteint en novembre 2021.<\/p>\n<p>Si l'on compare le pic le plus \u00e9lev\u00e9 de KADENA \u00e0 ce que la machine g\u00e9n\u00e8re par jour, on peut dire que cette machine g\u00e9n\u00e8re : <strong><em>1250$ a DAY.<\/em><\/strong><\/p>\n<p><strong>\u00a0<\/strong><\/p>\n<h3><strong>Jeton KDA<\/strong><\/h3>\n<p>Le jeton KDA, abr\u00e9viation de \"Kadena\", est la crypto-monnaie native du r\u00e9seau de la blockchain Kadena.<\/p>\n<ol>\n<li><strong>Fonction et utilit\u00e9<\/strong>Le KDA est utilis\u00e9 comme monnaie locale dans le r\u00e9seau Kadena. Elle a plusieurs fonctions et utilit\u00e9s au sein de l'\u00e9cosyst\u00e8me Kadena :\n<ul>\n<li>Paiement des frais : Les utilisateurs doivent payer un certain montant de KDA \u00e0 titre de frais pour envoyer des transactions, ex\u00e9cuter des contrats intelligents et effectuer des op\u00e9rations sur le r\u00e9seau Kadena.<\/li>\n<li>Participation \u00e0 la gouvernance : les d\u00e9tenteurs de KDA ont la possibilit\u00e9 de participer \u00e0 la gouvernance du r\u00e9seau de Kadena. Cela implique de voter sur les propositions d'am\u00e9lioration et de prendre des d\u00e9cisions relatives au d\u00e9veloppement et \u00e0 l'\u00e9volution du r\u00e9seau.<\/li>\n<li>Stockage de valeur : outre son utilit\u00e9 au sein de l'\u00e9cosyst\u00e8me, les utilisateurs peuvent conserver KDA comme une forme de stockage de valeur ou d'investissement \u00e0 long terme.<\/li>\n<\/ul>\n<\/li>\n<li><strong>Approvisionnement et d\u00e9livrance<\/strong>L'offre totale de KDA est fixe et limit\u00e9e. Selon les informations disponibles jusqu'en septembre 2021, l'offre maximale de KDA est de 100 millions de jetons. Aucune \u00e9mission suppl\u00e9mentaire n'est pr\u00e9vue au-del\u00e0 de cette offre maximale.<\/li>\n<li><strong>March\u00e9s et \u00e9changes<\/strong>Jeton KDA : Le jeton KDA est r\u00e9pertori\u00e9 sur plusieurs \u00e9changes de cryptocurrency, permettant aux utilisateurs de l'acheter, de le vendre et de l'\u00e9changer. Le prix du KDA est soumis \u00e0 l'offre et \u00e0 la demande sur ces \u00e9changes, ainsi qu'\u00e0 d'autres facteurs externes susceptibles d'influencer sa valeur.<\/li>\n<li><strong>Technologie sous-jacente<\/strong>Kadena est une plateforme blockchain qui combine plusieurs blockchains en un seul r\u00e9seau, ce qui permet une plus grande \u00e9volutivit\u00e9 et de meilleures performances. Elle utilise un consensus hybride bas\u00e9 sur la preuve de travail (PoW) et la preuve de prise (PoS) appel\u00e9 \"BFT-POW\". Cette approche du consensus combine la s\u00e9curit\u00e9 de la preuve de travail avec l'efficacit\u00e9 et l'\u00e9volutivit\u00e9 de la preuve de prise.<\/li>\n<li><strong>Cas d'utilisation :<\/strong> Kadena se concentre sur la fourniture de solutions blockchain pour les entreprises et les applications commerciales. Sa technologie est con\u00e7ue pour permettre des applications d\u00e9centralis\u00e9es et des contrats intelligents fiables et \u00e9volutifs, offrant des opportunit\u00e9s dans des domaines tels que la finance, la cha\u00eene d'approvisionnement, le registre des actifs et plus encore.<\/li>\n<\/ol>\n<p>&nbsp;<\/p>","protected":false},"excerpt":{"rendered":"<p>La nueva Antminer KA3, Bitmain adelanta a toda su competencia y se posiciona en el podio siendo uno de los asics m\u00e1s rentables. La empresa m\u00e1s importante de chips anunci\u00f3 el pasado 13 de Septiembre un nuevo dispositivo de miner\u00eda para la criptomoneda Kadena con una potencia de minado de 166Th y con un consumo [&hellip;]<\/p>\n","protected":false},"featured_media":304,"comment_status":"open","ping_status":"closed","template":"","meta":[],"product_brand":[],"product_cat":[19],"product_tag":[52],"class_list":{"0":"post-303","1":"product","2":"type-product","3":"status-publish","4":"has-post-thumbnail","6":"product_cat-mineros","7":"product_tag-asic","9":"first","10":"instock","11":"taxable","12":"shipping-taxable","13":"purchasable","14":"product-type-simple"},"_links":{"self":[{"href":"https:\/\/pruebas.michollo.to\/fr\/wp-json\/wp\/v2\/product\/303","targetHints":{"allow":["GET"]}}],"collection":[{"href":"https:\/\/pruebas.michollo.to\/fr\/wp-json\/wp\/v2\/product"}],"about":[{"href":"https:\/\/pruebas.michollo.to\/fr\/wp-json\/wp\/v2\/types\/product"}],"replies":[{"embeddable":true,"href":"https:\/\/pruebas.michollo.to\/fr\/wp-json\/wp\/v2\/comments?post=303"}],"wp:featuredmedia":[{"embeddable":true,"href":"https:\/\/pruebas.michollo.to\/fr\/wp-json\/wp\/v2\/media\/304"}],"wp:attachment":[{"href":"https:\/\/pruebas.michollo.to\/fr\/wp-json\/wp\/v2\/media?parent=303"}],"wp:term":[{"taxonomy":"product_brand","embeddable":true,"href":"https:\/\/pruebas.michollo.to\/fr\/wp-json\/wp\/v2\/product_brand?post=303"},{"taxonomy":"product_cat","embeddable":true,"href":"https:\/\/pruebas.michollo.to\/fr\/wp-json\/wp\/v2\/product_cat?post=303"},{"taxonomy":"product_tag","embeddable":true,"href":"https:\/\/pruebas.michollo.to\/fr\/wp-json\/wp\/v2\/product_tag?post=303"}],"curies":[{"name":"wp","href":"https:\/\/api.w.org\/{rel}","templated":true}]}}