{"id":3068,"date":"2023-12-15T13:07:26","date_gmt":"2023-12-15T15:07:26","guid":{"rendered":"https:\/\/www.minandovoy.com\/?post_type=product&#038;p=3068"},"modified":"2025-05-09T14:47:07","modified_gmt":"2025-05-09T12:47:07","slug":"nuevo-bitmain-antminer-ks3-9-4t-mining-kas","status":"publish","type":"product","link":"https:\/\/pruebas.michollo.to\/fr\/produit\/nouveau-bitmain-antminer-antminer-ks3-9-4t-mining-kas\/","title":{"rendered":"Nouveau Bitmain Antminer KS3 9.4 T Mining KAS Used !"},"content":{"rendered":"<p>Bitmain, l'un des principaux fabricants d'\u00e9quipements de minage de bitcoins, a annonc\u00e9 le lancement de son premier mineur con\u00e7u sp\u00e9cifiquement pour la crypto-monnaie Kaspa (KAS). Il s'agit de l'Antminer KS3.<\/p>\n<p>Ce nouveau dispositif atteint un taux de hachage de 9,4 terahashs par seconde (Th\/s). L'efficacit\u00e9 \u00e9nerg\u00e9tique est \u00e9galement un point fort du KS3, avec 3,188W (similaire au Bitcoin S19 XP miner). Il convient de noter que Bitmain, qui fabrique \u00e9galement des mineurs ASIC pour Bitcoin, Litecoin, Ethereum Classic et Zcash, n'a pas encore divulgu\u00e9 le prix du KS3 pour le minage de Kaspa.<\/p>\n<p>Le lancement de KS3 repr\u00e9sente une \u00e9tape importante pour Bitmain et Kaspa. Bien que Kaspa soit une crypto-monnaie relativement nouvelle, elle a acquis une position solide dans l'industrie en tr\u00e8s peu de temps. Le taux de hachage de Kaspa a tripl\u00e9 au cours du premier trimestre 2023. Vers la fin de l'ann\u00e9e derni\u00e8re, apr\u00e8s la fusion d'Ethereum, elle est devenue l'une des crypto-monnaies les plus rentables \u00e0 miner avec des cartes graphiques (GPU).<\/p>\n<h3>Qu'est-ce que Kaspa ?<\/h3>\n<p>Kaspa est une crypto-monnaie qui repose sur la technologie blockchain, tout comme le Bitcoin et d'autres crypto-monnaies populaires. En tant que d\u00e9butant, il est important de comprendre qu'une crypto-monnaie est un type de monnaie num\u00e9rique qui utilise la cryptographie pour s\u00e9curiser et v\u00e9rifier les transactions effectu\u00e9es sur son r\u00e9seau.<\/p>\n<p>Kaspa est un r\u00e9seau sp\u00e9cialement con\u00e7u pour r\u00e9pondre \u00e0 certains d\u00e9fis et limitations observ\u00e9s dans d'autres crypto-monnaies. L'une des principales caract\u00e9ristiques de Kaspa est son algorithme de consensus, appel\u00e9 kPoW (Kaspa Proof of Work), qui garantit la s\u00e9curit\u00e9 et la fiabilit\u00e9 du r\u00e9seau.<\/p>\n<p>L'une des diff\u00e9rences significatives de Kaspa par rapport \u00e0 d'autres crypto-monnaies est sa capacit\u00e9 \u00e0 \u00e9voluer efficacement. Cela signifie que Kaspa peut traiter un plus grand nombre de transactions par seconde et se d\u00e9velopper plus efficacement \u00e0 mesure que de nouveaux utilisateurs rejoignent le r\u00e9seau. Cette \u00e9volutivit\u00e9 am\u00e9liore la vitesse et l'efficacit\u00e9 des transactions, ce qui peut \u00eatre b\u00e9n\u00e9fique pour l'adoption g\u00e9n\u00e9ralis\u00e9e des crypto-monnaies.<\/p>\n<p>En outre, Kaspa est consid\u00e9r\u00e9 comme un r\u00e9seau d\u00e9centralis\u00e9 et open source, ce qui signifie qu'il n'est pas contr\u00f4l\u00e9 par une autorit\u00e9 centrale et que tout le monde peut acc\u00e9der \u00e0 son code source et contribuer au d\u00e9veloppement de la plateforme.<\/p>\n<p>&nbsp;<\/p>\n<p>&nbsp;<\/p>\n<p>&nbsp;<\/p>","protected":false},"excerpt":{"rendered":"<p>Bitmain, uno de los principales fabricantes de equipos de miner\u00eda de Bitcoin, ha anunciado el lanzamiento de su primer minero dise\u00f1ado espec\u00edficamente para la criptomoneda Kaspa (KAS). Se llama Antminer KS3. Este nuevo dispositivo alcanza una tasa de hash de 9.4terahashes por segundo (Th\/s). La eficiencia energ\u00e9tica tambi\u00e9n es un aspecto destacado del KS3, con [&hellip;]<\/p>\n","protected":false},"featured_media":1975,"comment_status":"open","ping_status":"closed","template":"","meta":[],"product_brand":[],"product_cat":[19],"product_tag":[52,244,245,241,138],"class_list":{"0":"post-3068","1":"product","2":"type-product","3":"status-publish","4":"has-post-thumbnail","6":"product_cat-mineros","7":"product_tag-asic","8":"product_tag-gme","9":"product_tag-gmp","10":"product_tag-kaspa","11":"product_tag-mineros-para-avanzados","12":"product_shipping_class-internacional","14":"first","15":"outofstock","16":"taxable","17":"shipping-taxable","18":"purchasable","19":"product-type-simple"},"_links":{"self":[{"href":"https:\/\/pruebas.michollo.to\/fr\/wp-json\/wp\/v2\/product\/3068","targetHints":{"allow":["GET"]}}],"collection":[{"href":"https:\/\/pruebas.michollo.to\/fr\/wp-json\/wp\/v2\/product"}],"about":[{"href":"https:\/\/pruebas.michollo.to\/fr\/wp-json\/wp\/v2\/types\/product"}],"replies":[{"embeddable":true,"href":"https:\/\/pruebas.michollo.to\/fr\/wp-json\/wp\/v2\/comments?post=3068"}],"wp:featuredmedia":[{"embeddable":true,"href":"https:\/\/pruebas.michollo.to\/fr\/wp-json\/wp\/v2\/media\/1975"}],"wp:attachment":[{"href":"https:\/\/pruebas.michollo.to\/fr\/wp-json\/wp\/v2\/media?parent=3068"}],"wp:term":[{"taxonomy":"product_brand","embeddable":true,"href":"https:\/\/pruebas.michollo.to\/fr\/wp-json\/wp\/v2\/product_brand?post=3068"},{"taxonomy":"product_cat","embeddable":true,"href":"https:\/\/pruebas.michollo.to\/fr\/wp-json\/wp\/v2\/product_cat?post=3068"},{"taxonomy":"product_tag","embeddable":true,"href":"https:\/\/pruebas.michollo.to\/fr\/wp-json\/wp\/v2\/product_tag?post=3068"}],"curies":[{"name":"wp","href":"https:\/\/api.w.org\/{rel}","templated":true}]}}