{"id":311,"date":"2022-10-16T04:24:43","date_gmt":"2022-10-16T06:24:43","guid":{"rendered":"https:\/\/pruebas.michollo.to\/producto\/ipollo-v1-mini-classic-plus-280mh\/"},"modified":"2025-05-09T14:47:32","modified_gmt":"2025-05-09T12:47:32","slug":"ipollo-v1-mini-classic-plus-280mh","status":"publish","type":"product","link":"https:\/\/pruebas.michollo.to\/fr\/produit\/ipollo-v1-mini-classic-plus-280mh\/","title":{"rendered":"Ipollo V1 MINI CLASSIC PLUS 280Mh"},"content":{"rendered":"<p><strong><span style=\"vertical-align: inherit;\"><span style=\"vertical-align: inherit;\">L'iPollo V1 MINI ASIC avec 280Mhs de puissance mini\u00e8re exploite l'algorithme ETHASH avec une consommation d'\u00e9nergie de seulement 270w. <\/span><span style=\"vertical-align: inherit;\">Pr\u00eat pour la preuve d'enjeu ? <\/span><span style=\"vertical-align: inherit;\">Nous le faisons !<\/span><\/span><\/strong><\/p>\n<p><strong><img loading=\"lazy\" decoding=\"async\" style=\"display: block; margin-left: auto; margin-right: auto;\" src=\"https:\/\/cdn.shopify.com\/s\/files\/1\/0531\/4877\/8652\/files\/7657A11B-552E-4C09-A7B7-4F979F4C4B4A_480x480.gif?v=1659968093\" alt=\"\" width=\"430\" height=\"215\" data-no-translation=\"\" \/><\/strong><\/p>\n<p>Connaissez-vous la machine iPollo V1 ? Si c'est le cas, vous ne la l\u00e2cherez plus ! Il s'agit d'un ASIC fabriqu\u00e9 par la soci\u00e9t\u00e9 iPollo, c'est le mod\u00e8le V1 avec une puissance de 280Mhs et une consommation de 270w\/heure.<\/p>\n<p>Saper l'algorithme\u00a0<a href=\"https:\/\/www.minandovoy.com\/categoria\/mineros\/?algoritmos=ethash\">ETHASH<\/a>Bien que l'ETHEREUM ne puisse pas \u00eatre min\u00e9 par le Merge, il existe de nombreuses autres alternatives pour miner avec cette machine, y compris : Ethereum Classic.<br \/>\nIl s'agit d'une comp\u00e9tition majeure pour les IGR miniers de l'Union europ\u00e9enne.<a href=\"https:\/\/coinmarketcap.com\/currencies\/ethereum-classic\/\" target=\"_blank\" rel=\"noopener\">\u00a0Ethereum Classic<\/a>Elle dispose d'une puissance mini\u00e8re de 280Mhs avec une tr\u00e8s faible consommation d'\u00e9nergie pour la puissance de calcul de la machine.<\/p>\n<p>&nbsp;<\/p>\n<h3><strong>PARLONS D'IPOLLO<\/strong><\/h3>\n<p>Ipollo est une entreprise qui con\u00e7oit des \u00e9quipements \u00e9lectroniques, peut-\u00eatre plus orient\u00e9s vers les crypto-monnaies. Cette entreprise a cr\u00e9\u00e9 diff\u00e9rentes machines pour le minage de crypto-monnaies telles que :<br \/>\n- Ethereum : Ipollo V1<br \/>\n- Bitcoin : Ipollo B1L<br \/>\n- Grin : Ipollo G1<br \/>\nBien qu'elle dispose \u00e9galement d'\u00e9quipements pour FileCoin, Chia, Swarm... Ipollo tente d'augmenter la puissance de calcul et de r\u00e9duire la consommation d'\u00e9nergie, et tout cela gr\u00e2ce \u00e0 sa croissance et \u00e0 son accueil sur le march\u00e9.<\/p>\n<p>&nbsp;<\/p>\n<h3><strong>ETHEREUM CLASSIC vs ETHEREUM :<\/strong><\/h3>\n<p>Cette crypto-monnaie a \u00e9t\u00e9 lanc\u00e9e en juillet 2016, dont la fonction principale est celle d'un r\u00e9seau de contrats intelligents, avec la capacit\u00e9 de stocker et de soutenir les Dapps.<br \/>\nDepuis le lancement de cette crypto, elle a cherch\u00e9 \u00e0 se diff\u00e9rencier de son grand fr\u00e8re, car elle s'est attach\u00e9e \u00e0 pr\u00e9server l'int\u00e9grit\u00e9 de la blockchain ETH existante.<\/p>","protected":false},"excerpt":{"rendered":"<p>\u00a1El ASIC iPollo V1 MINI de 280Mhs de potencia de minado explota el algoritmo ETHASH con un consumo de tan solo 270w. \u00bfPreparados para el Proof Of Stake? \u00a1Nosotros si! \u00a1\u00bfConoces la m\u00e1quina iPollo V1? \u00a1Si la conoces no la dejar\u00e1s escapar! Se trata de un ASIC fabricando por la empresa iPollo, es el modelo [&hellip;]<\/p>\n","protected":false},"featured_media":312,"comment_status":"open","ping_status":"closed","template":"","meta":[],"product_brand":[],"product_cat":[19],"product_tag":[52,244,138,137],"class_list":{"0":"post-311","1":"product","2":"type-product","3":"status-publish","4":"has-post-thumbnail","6":"product_cat-mineros","7":"product_tag-asic","8":"product_tag-gme","9":"product_tag-mineros-para-avanzados","10":"product_tag-mineros-para-principiantes","12":"first","13":"outofstock","14":"taxable","15":"shipping-taxable","16":"purchasable","17":"product-type-simple"},"_links":{"self":[{"href":"https:\/\/pruebas.michollo.to\/fr\/wp-json\/wp\/v2\/product\/311","targetHints":{"allow":["GET"]}}],"collection":[{"href":"https:\/\/pruebas.michollo.to\/fr\/wp-json\/wp\/v2\/product"}],"about":[{"href":"https:\/\/pruebas.michollo.to\/fr\/wp-json\/wp\/v2\/types\/product"}],"replies":[{"embeddable":true,"href":"https:\/\/pruebas.michollo.to\/fr\/wp-json\/wp\/v2\/comments?post=311"}],"wp:featuredmedia":[{"embeddable":true,"href":"https:\/\/pruebas.michollo.to\/fr\/wp-json\/wp\/v2\/media\/312"}],"wp:attachment":[{"href":"https:\/\/pruebas.michollo.to\/fr\/wp-json\/wp\/v2\/media?parent=311"}],"wp:term":[{"taxonomy":"product_brand","embeddable":true,"href":"https:\/\/pruebas.michollo.to\/fr\/wp-json\/wp\/v2\/product_brand?post=311"},{"taxonomy":"product_cat","embeddable":true,"href":"https:\/\/pruebas.michollo.to\/fr\/wp-json\/wp\/v2\/product_cat?post=311"},{"taxonomy":"product_tag","embeddable":true,"href":"https:\/\/pruebas.michollo.to\/fr\/wp-json\/wp\/v2\/product_tag?post=311"}],"curies":[{"name":"wp","href":"https:\/\/api.w.org\/{rel}","templated":true}]}}