{"id":313,"date":"2022-10-16T04:24:46","date_gmt":"2022-10-16T06:24:46","guid":{"rendered":"https:\/\/pruebas.michollo.to\/producto\/hora-de-servicio-tecnico\/"},"modified":"2025-05-09T14:47:32","modified_gmt":"2025-05-09T12:47:32","slug":"hora-de-servicio-tecnico","status":"publish","type":"product","link":"https:\/\/pruebas.michollo.to\/fr\/produit\/duree-du-service-technique\/","title":{"rendered":"Service de r\u00e9paration des mineurs"},"content":{"rendered":"<p>Si votre ASIC est d\u00e9fectueux ou si vous ne savez pas comment le r\u00e9parer, MINANDOVOY vous apporte la solution !<\/p>\n<p>Vous pourrez acc\u00e9der \u00e0 une vid\u00e9oconf\u00e9rence ou \u00e0 un acc\u00e8s \u00e0 distance avec notre technicien ASIC certifi\u00e9.<\/p>\n<p>Notre technicien s'efforcera de r\u00e9soudre les probl\u00e8mes ou les dysfonctionnements de votre machine mini\u00e8re. <strong>la configuration ou la programmation<\/strong>.<\/p>\n<p>Si la panne persiste, et que vous venez d'Espagne, vous pouvez nous demander une prise en charge au num\u00e9ro :\u00a0\u00a0<strong>+34 625730540<\/strong><\/p>\n<p><strong>Par contre, si vous n'\u00eates pas espagnol et que vous voulez nous envoyer votre machine, MINANDOVOY ne s'en occupera pas :<\/strong><\/p>\n<p>- LES FRAIS DE DOUANE \u00c0 L'ENTR\u00c9E ET \u00c0 LA SORTIE.<\/p>\n<p>- LES FRAIS D'EXP\u00c9DITION.<\/p>\n<p>- LES DOMMAGES \u00c9VENTUELS CAUS\u00c9S PAR LE TRANSPORT (TANT \u00c0 L'ALLER QU'AU RETOUR)<\/p>\n<p><strong>\u00a0<\/strong><\/p>\n<p><em>En revanche, MinandoVoy vous facturera les pi\u00e8ces de rechange et la main-d'\u0153uvre si n\u00e9cessaire.<\/em><\/p>\n<h6><em>*D\u00c9LAI D'EXP\u00c9DITION NON PR\u00c9CIS\u00c9<\/em><\/h6>\n<p><strong>Nos r\u00e9seaux sociaux :<\/strong><\/p>\n<p><strong><img loading=\"lazy\" decoding=\"async\" src=\"https:\/\/cdn-icons-png.flaticon.com\/512\/87\/87390.png\" alt=\"Logotipo de instagram - Iconos gratis de social\" width=\"25\" height=\"25\" data-no-translation=\"\" \/>\u00a0Instagram :\u00a0<\/strong>@minandovoycom<\/p>\n<p><strong><img loading=\"lazy\" decoding=\"async\" src=\"https:\/\/icones.pro\/wp-content\/uploads\/2021\/03\/logo-icone-tiktok-simbolo.png\" alt=\"Logotipo de Tiktok (logotipo png)\" width=\"25\" height=\"25\" data-no-translation=\"\" \/>Tiktok :\u00a0<\/strong>@minandovoy<\/p>\n<p>&nbsp;<\/p>\n<p><b>Comment<\/b><strong>\u00a0nous contacter ?<\/strong><\/p>\n<p><strong>\u00a0<img loading=\"lazy\" decoding=\"async\" src=\"https:\/\/upload.wikimedia.org\/wikipedia\/commons\/thumb\/6\/6b\/WhatsApp.svg\/479px-WhatsApp.svg.png\" alt=\"Archivo:WhatsApp.svg - Wikipedia, la enciclopedia libre\" width=\"25\" height=\"25\" data-no-translation=\"\" \/>WhatsApp :<\/strong> +34\u00a0625\u00a073\u00a005\u00a040<\/p>\n<p><strong><img loading=\"lazy\" decoding=\"async\" src=\"https:\/\/cdn.icon-icons.com\/icons2\/1826\/PNG\/512\/4202011emailgmaillogomailsocialsocialmedia-115677_115624.png\" alt=\"Icono Correo electr\u00f3nico, gmail, logo, mail en Social Media Logos\" width=\"25\" height=\"25\" data-no-translation=\"\" \/>E-mail :<\/strong> contacto@minandovoy.com<\/p>\n<p>&nbsp;<\/p>\n<h6>* Si le technicien ne parvient pas \u00e0 r\u00e9soudre le probl\u00e8me, aucun remboursement ne sera effectu\u00e9.<\/h6>","protected":false},"excerpt":{"rendered":"<p>\u00bfTienes fallas en tu ASIC? \u00bfNo sabes como arreglarlo? \u00a1MINANDOVOY te trae la soluci\u00f3n! Podr\u00e1s acceder a una videoconferencia o un acceso en remoto con nuestro t\u00e9cnico de ASIC certificado. Nuestro t\u00e9cnico, tratar\u00e1 de solucionar los problemas o aver\u00edas de tu m\u00e1quina de minado de configuraci\u00f3n o programaci\u00f3n. Si\u00a0el fallo persiste, y eres de Espa\u00f1a,\u00a0 [&hellip;]<\/p>\n","protected":false},"featured_media":725,"comment_status":"open","ping_status":"closed","template":"","meta":[],"product_brand":[],"product_cat":[76],"product_tag":[52,244,138,137],"class_list":{"0":"post-313","1":"product","2":"type-product","3":"status-publish","4":"has-post-thumbnail","6":"product_cat-servicio-tecnico-de-asic","7":"product_tag-asic","8":"product_tag-gme","9":"product_tag-mineros-para-avanzados","10":"product_tag-mineros-para-principiantes","12":"first","13":"instock","14":"virtual","15":"taxable","16":"purchasable","17":"product-type-simple"},"_links":{"self":[{"href":"https:\/\/pruebas.michollo.to\/fr\/wp-json\/wp\/v2\/product\/313","targetHints":{"allow":["GET"]}}],"collection":[{"href":"https:\/\/pruebas.michollo.to\/fr\/wp-json\/wp\/v2\/product"}],"about":[{"href":"https:\/\/pruebas.michollo.to\/fr\/wp-json\/wp\/v2\/types\/product"}],"replies":[{"embeddable":true,"href":"https:\/\/pruebas.michollo.to\/fr\/wp-json\/wp\/v2\/comments?post=313"}],"wp:featuredmedia":[{"embeddable":true,"href":"https:\/\/pruebas.michollo.to\/fr\/wp-json\/wp\/v2\/media\/725"}],"wp:attachment":[{"href":"https:\/\/pruebas.michollo.to\/fr\/wp-json\/wp\/v2\/media?parent=313"}],"wp:term":[{"taxonomy":"product_brand","embeddable":true,"href":"https:\/\/pruebas.michollo.to\/fr\/wp-json\/wp\/v2\/product_brand?post=313"},{"taxonomy":"product_cat","embeddable":true,"href":"https:\/\/pruebas.michollo.to\/fr\/wp-json\/wp\/v2\/product_cat?post=313"},{"taxonomy":"product_tag","embeddable":true,"href":"https:\/\/pruebas.michollo.to\/fr\/wp-json\/wp\/v2\/product_tag?post=313"}],"curies":[{"name":"wp","href":"https:\/\/api.w.org\/{rel}","templated":true}]}}