{"id":328,"date":"2022-10-16T04:29:05","date_gmt":"2022-10-16T06:29:05","guid":{"rendered":"https:\/\/pruebas.michollo.to\/producto\/whatsminer-m20s-68t\/"},"modified":"2025-05-09T14:47:31","modified_gmt":"2025-05-09T12:47:31","slug":"whatsminer-m20s-68t","status":"publish","type":"product","link":"https:\/\/pruebas.michollo.to\/fr\/produit\/whatsminer-m20s-68t\/","title":{"rendered":"Whatsminer M20S 68T"},"content":{"rendered":"<div style=\"text-align: center;\">\n<p style=\"text-align: left;\">Whatsminer M20s la nouvelle machine \u00e0 miner Bitcoin (<a href=\"https:\/\/www.minandovoy.com\/es_es\/categoria\/mineros\/?algoritmos=sha-256\">SHA-256<\/a>) avec une puissance de calcul de 68T et une consommation d'\u00e9nergie de 3360 W\/heure.<\/p>\n<div class=\"currency-container d-inline-block\" style=\"text-align: left;\"><\/div>\n<h3 style=\"text-align: left;\"><strong>UN PEU DE BITCOIN<\/strong><\/h3>\n<p style=\"text-align: left;\">C'est la premi\u00e8re crypto-monnaie \u00e0 avoir \u00e9t\u00e9 d\u00e9velopp\u00e9e et, par cons\u00e9quent, celle qui a ouvert la voie \u00e0 toutes les autres qui sont apparues par la suite en utilisant sa technologie blockchain.<\/p>\n<p style=\"text-align: left;\">Le nombre de bitcoins \u00e9mis chaque ann\u00e9e est d\u00e9termin\u00e9 par l'algorithme. Tous les quatre ans, la production est divis\u00e9e par deux, de sorte que seuls 21 millions de bitcoins sont \u00e9mis au total.<\/p>\n<p style=\"text-align: left;\">C'est la grande diff\u00e9rence avec les monnaies conventionnelles, dont les banques modifient la valeur. Cela signifie que la crypto-monnaie, en l'occurrence le bitcoin, peut offrir une plus grande stabilit\u00e9 alors que les monnaies conventionnelles se d\u00e9pr\u00e9cient.<\/p>\n<p style=\"text-align: left;\">Aujourd'hui, les crypto-monnaies sont utilis\u00e9es comme mode de paiement sur de nombreuses plateformes, la monnaie d'\u00e9change dans la plupart des cas \u00e9tant le bitcoin, car elles sont s\u00e9curis\u00e9es et priv\u00e9es.<\/p>\n<h3 style=\"text-align: left;\"><strong>PRINCIPAUX AVANTAGES DE LA\u00a0<a href=\"https:\/\/coinmarketcap.com\/es\/currencies\/bitcoin\/\" target=\"_blank\" rel=\"noopener\">BITCOIN<\/a><\/strong><\/h3>\n<ol>\n<li style=\"text-align: left;\">Rapidit\u00e9 : envoyez de l'argent \u00e0 vous-m\u00eame, quels que soient le montant et la destination, en quelques minutes.<\/li>\n<li style=\"text-align: left;\">Peu co\u00fbteux : lorsqu'un transfert est effectu\u00e9 par l'interm\u00e9diaire de votre banque, il peut vous co\u00fbter beaucoup d'argent, alors qu'avec Bitcoin, le co\u00fbt est gratuit ou ne repr\u00e9sente que quelques centimes.<\/li>\n<li style=\"text-align: left;\">Global : vous pouvez envoyer des messages partout dans le monde, il n'y a pas de fronti\u00e8res.<\/li>\n<li style=\"text-align: left;\">D\u00e9centralis\u00e9 : aucun gouvernement\/banque ne peut le contr\u00f4ler, ni dans sa cr\u00e9ation, ni dans sa distribution.<\/li>\n<li style=\"text-align: left;\">Propri\u00e9t\u00e9 : L'argent vous appartient 100%, il ne peut \u00eatre ponctionn\u00e9 par personne, vous \u00eates votre propre banque.<\/li>\n<li style=\"text-align: left;\">Transparent :  Toutes les transactions sont publiques, mais toujours sous pseudonyme.<\/li>\n<li style=\"text-align: left;\">\u00c9mission limit\u00e9e : personne ne peut g\u00e9n\u00e9rer des milliers de bitcoins juste parce qu'il en a envie, ils apparaissent gr\u00e2ce au minage.<\/li>\n<li style=\"text-align: left;\">Priv\u00e9 : Bitcoin s'efforce de pr\u00e9server la vie priv\u00e9e, dans une tr\u00e8s large mesure, bien qu'il ne soit pas totalement anonyme et qu'il s'efforce de le devenir.<\/li>\n<\/ol>\n<\/div>\n<p>&nbsp;<\/p>","protected":false},"excerpt":{"rendered":"<p>Whatsminer M20s la nueva m\u00e1quina para la miner\u00eda de Bitcoin (SHA-256) con un poder computacional de 68T y un consumo el\u00e9ctrico de\u00a0 3360 W\/Hora. UN POCO SOBRE BITCOIN Es la primera criptomoneda desarrollada y por lo tanto, la que ha marcado camino a todas las dem\u00e1s que llegaron despu\u00e9s utilizando su tecnolog\u00eda llamada cadena de [&hellip;]<\/p>\n","protected":false},"featured_media":329,"comment_status":"open","ping_status":"closed","template":"","meta":[],"product_brand":[],"product_cat":[19],"product_tag":[52,138,137],"class_list":{"0":"post-328","1":"product","2":"type-product","3":"status-publish","4":"has-post-thumbnail","6":"product_cat-mineros","7":"product_tag-asic","8":"product_tag-mineros-para-avanzados","9":"product_tag-mineros-para-principiantes","11":"first","12":"outofstock","13":"taxable","14":"shipping-taxable","15":"purchasable","16":"product-type-simple"},"_links":{"self":[{"href":"https:\/\/pruebas.michollo.to\/fr\/wp-json\/wp\/v2\/product\/328","targetHints":{"allow":["GET"]}}],"collection":[{"href":"https:\/\/pruebas.michollo.to\/fr\/wp-json\/wp\/v2\/product"}],"about":[{"href":"https:\/\/pruebas.michollo.to\/fr\/wp-json\/wp\/v2\/types\/product"}],"replies":[{"embeddable":true,"href":"https:\/\/pruebas.michollo.to\/fr\/wp-json\/wp\/v2\/comments?post=328"}],"wp:featuredmedia":[{"embeddable":true,"href":"https:\/\/pruebas.michollo.to\/fr\/wp-json\/wp\/v2\/media\/329"}],"wp:attachment":[{"href":"https:\/\/pruebas.michollo.to\/fr\/wp-json\/wp\/v2\/media?parent=328"}],"wp:term":[{"taxonomy":"product_brand","embeddable":true,"href":"https:\/\/pruebas.michollo.to\/fr\/wp-json\/wp\/v2\/product_brand?post=328"},{"taxonomy":"product_cat","embeddable":true,"href":"https:\/\/pruebas.michollo.to\/fr\/wp-json\/wp\/v2\/product_cat?post=328"},{"taxonomy":"product_tag","embeddable":true,"href":"https:\/\/pruebas.michollo.to\/fr\/wp-json\/wp\/v2\/product_tag?post=328"}],"curies":[{"name":"wp","href":"https:\/\/api.w.org\/{rel}","templated":true}]}}