{"id":3416,"date":"2024-01-18T07:01:36","date_gmt":"2024-01-18T09:01:36","guid":{"rendered":"https:\/\/www.minandovoy.com\/?post_type=product&#038;p=3416"},"modified":"2025-05-09T14:47:06","modified_gmt":"2025-05-09T12:47:06","slug":"superscalar-k10-fpga","status":"publish","type":"product","link":"https:\/\/pruebas.michollo.to\/fr\/produit\/fpga-superscalaire-k10\/","title":{"rendered":"FPGA Superscalaire K10 - 30 Gh- 60 Gh"},"content":{"rendered":"<p>FPGA Superscalaire K10<\/p>\n<p>Il a une puissance mini\u00e8re de \u00a0<b>54,72Gh\/s<\/b>et une consommation de 1973W\/h<\/p>\n<p>&nbsp;<\/p>\n<h2><b>Les pi\u00e8ces de monnaie que vous pouvez extraire avec le FPGA Superscalar K10 :<\/b><\/h2>\n<p>Nous l'avons pr\u00e9sent\u00e9 de mani\u00e8re claire afin que vous puissiez le comprendre sans complications. Vous trouverez ci-dessous les devises les plus importantes de l'algorithme de Blake3 :<\/p>\n<ul>\n<li>Karlsen,<\/li>\n<li>Alephium,<\/li>\n<li>Aleo,<\/li>\n<li>Rayonnante,<\/li>\n<li>Poisson de fer<\/li>\n<li>Kaspa<\/li>\n<\/ul>\n<p>&nbsp;<\/p>\n<p>Karlsen, une crypto-monnaie \u00e9mergente fin 2023, pr\u00e9sente un profil d'investissement qui se caract\u00e9rise par son potentiel de rendement \u00e9lev\u00e9 \u00e0 court terme. L'offre totale de jetons Karlsen (KLS) est de 5 milliards. Sur ce total, 40% ont \u00e9t\u00e9 mis \u00e0 la disposition des investisseurs lors de la vente initiale de jetons, 30% ont \u00e9t\u00e9 r\u00e9serv\u00e9s \u00e0 l'\u00e9quipe de d\u00e9veloppement, 20% sont utilis\u00e9s pour encourager l'exploitation mini\u00e8re et la participation de la communaut\u00e9, et 10% iront \u00e0 des dons de bienfaisance. La difficult\u00e9 du r\u00e9seau Karlsen est ajust\u00e9e toutes les deux semaines pour garantir que le temps de production d'un bloc est d'environ 10 minutes. Cela permet de maintenir la stabilit\u00e9 du r\u00e9seau et d'\u00e9viter que les mineurs ne gagnent des r\u00e9compenses trop \u00e9lev\u00e9es. Pour miner Karlsen, les mineurs peuvent utiliser des dispositifs GPU ou ASIC.<\/p>\n<p>&nbsp;<\/p>\n<p>Cliquez ici\u00a0<a href=\"https:\/\/www.youtube.com\/watch?v=BtF49i6Glnc\" target=\"_blank\" rel=\"noopener\">ici<\/a>\u00a0de conna\u00eetre la diff\u00e9rence entre un ASIC et un RIG.<\/p>","protected":false},"excerpt":{"rendered":"<p>Superscalar K10 FPGA Tiene una potencia de minado de \u00a054.72Gh\/s, y un consumo de 1973W\/h &nbsp; Monedas que puedes minar con Superscalar K10 FPGA: Lo ponemos de forma clara para que puedas entenderlo sin complicaciones. A continuaci\u00f3n se puede ver las monedas m\u00e1s importantes para el algoritmo Blake3 : Karlsen, Alephium, Aleo, Radiant, Ironfish Kaspa [&hellip;]<\/p>\n","protected":false},"featured_media":2491,"comment_status":"open","ping_status":"closed","template":"","meta":[],"product_brand":[],"product_cat":[15],"product_tag":[],"class_list":{"0":"post-3416","1":"product","2":"type-product","3":"status-publish","4":"has-post-thumbnail","6":"product_cat-sin-categorizar","8":"first","9":"outofstock","10":"taxable","11":"shipping-taxable","12":"purchasable","13":"product-type-variable"},"_links":{"self":[{"href":"https:\/\/pruebas.michollo.to\/fr\/wp-json\/wp\/v2\/product\/3416","targetHints":{"allow":["GET"]}}],"collection":[{"href":"https:\/\/pruebas.michollo.to\/fr\/wp-json\/wp\/v2\/product"}],"about":[{"href":"https:\/\/pruebas.michollo.to\/fr\/wp-json\/wp\/v2\/types\/product"}],"replies":[{"embeddable":true,"href":"https:\/\/pruebas.michollo.to\/fr\/wp-json\/wp\/v2\/comments?post=3416"}],"wp:featuredmedia":[{"embeddable":true,"href":"https:\/\/pruebas.michollo.to\/fr\/wp-json\/wp\/v2\/media\/2491"}],"wp:attachment":[{"href":"https:\/\/pruebas.michollo.to\/fr\/wp-json\/wp\/v2\/media?parent=3416"}],"wp:term":[{"taxonomy":"product_brand","embeddable":true,"href":"https:\/\/pruebas.michollo.to\/fr\/wp-json\/wp\/v2\/product_brand?post=3416"},{"taxonomy":"product_cat","embeddable":true,"href":"https:\/\/pruebas.michollo.to\/fr\/wp-json\/wp\/v2\/product_cat?post=3416"},{"taxonomy":"product_tag","embeddable":true,"href":"https:\/\/pruebas.michollo.to\/fr\/wp-json\/wp\/v2\/product_tag?post=3416"}],"curies":[{"name":"wp","href":"https:\/\/api.w.org\/{rel}","templated":true}]}}