{"id":3538,"date":"2024-02-08T15:38:06","date_gmt":"2024-02-08T17:38:06","guid":{"rendered":"https:\/\/www.minandovoy.com\/?post_type=product&#038;p=3538"},"modified":"2025-05-09T14:47:06","modified_gmt":"2025-05-09T12:47:06","slug":"nuevo-asic-ibelink-bm-ks-max-kaspa-kas-10-5-th-s","status":"publish","type":"product","link":"https:\/\/pruebas.michollo.to\/fr\/produit\/nouveau-asic-ibelink-bm-ks-max-kaspa-kas-10-5-th-s\/","title":{"rendered":"Nouveau iBeLink BM-KS Max KASPA (KAS) - 10.5 TH\/s"},"content":{"rendered":"<p>Les <strong>iBeLink BM-KS Max<\/strong> est un mineur ASIC sp\u00e9cialement con\u00e7u pour l'exploitation de Kaspa (KAS), une crypto-monnaie reconnue pour sa technologie innovante de blockchain bas\u00e9e sur le DAG.<\/p>\n<p>Avec un taux de hachage maximal de<strong> 10,5 Th\/s<\/strong>L'iBeLink BM-KS MAX offre des performances exceptionnelles pour assurer une rentabilit\u00e9 \u00e9lev\u00e9e dans l'exploitation mini\u00e8re de Kaspa. Cet appareil minier se distingue par son efficacit\u00e9 \u00e9nerg\u00e9tique et sa conception compacte, ce qui en fait une option attrayante pour les mineurs novices et exp\u00e9riment\u00e9s.<\/p>\n<p>La combinaison du taux de hachage \u00e9lev\u00e9 et de l'efficacit\u00e9 \u00e9nerg\u00e9tique de l'iBeLink BM-KS Max permet aux mineurs de maximiser leur potentiel minier tout en minimisant leur consommation d'\u00e9nergie. Que vous vous lanciez dans le minage de crypto-monnaies ou que vous cherchiez \u00e0 mettre \u00e0 niveau votre infrastructure actuelle, l'iBeLink BM-KS Max offre des performances sans pr\u00e9c\u00e9dent et une rentabilit\u00e9 exceptionnelle dans le minage de Kaspa.<\/p>","protected":false},"excerpt":{"rendered":"<p>El iBeLink BM-KS Max es un minero ASIC especializado dise\u00f1ado espec\u00edficamente para la miner\u00eda de Kaspa (KAS), una criptomoneda reconocida por su innovadora tecnolog\u00eda de cadena de bloques basada en DAG. Con una tasa de hash m\u00e1xima de 10.5 Th\/s, el iBeLink BM-KS MAX ofrece un rendimiento excepcional que garantiza una alta rentabilidad en la [&hellip;]<\/p>\n","protected":false},"featured_media":3539,"comment_status":"open","ping_status":"closed","template":"","meta":[],"product_brand":[],"product_cat":[19],"product_tag":[54,241,138],"class_list":{"0":"post-3538","1":"product","2":"type-product","3":"status-publish","4":"has-post-thumbnail","6":"product_cat-mineros","7":"product_tag-ibelink","8":"product_tag-kaspa","9":"product_tag-mineros-para-avanzados","11":"first","12":"outofstock","13":"taxable","14":"shipping-taxable","15":"purchasable","16":"product-type-simple"},"_links":{"self":[{"href":"https:\/\/pruebas.michollo.to\/fr\/wp-json\/wp\/v2\/product\/3538","targetHints":{"allow":["GET"]}}],"collection":[{"href":"https:\/\/pruebas.michollo.to\/fr\/wp-json\/wp\/v2\/product"}],"about":[{"href":"https:\/\/pruebas.michollo.to\/fr\/wp-json\/wp\/v2\/types\/product"}],"replies":[{"embeddable":true,"href":"https:\/\/pruebas.michollo.to\/fr\/wp-json\/wp\/v2\/comments?post=3538"}],"wp:featuredmedia":[{"embeddable":true,"href":"https:\/\/pruebas.michollo.to\/fr\/wp-json\/wp\/v2\/media\/3539"}],"wp:attachment":[{"href":"https:\/\/pruebas.michollo.to\/fr\/wp-json\/wp\/v2\/media?parent=3538"}],"wp:term":[{"taxonomy":"product_brand","embeddable":true,"href":"https:\/\/pruebas.michollo.to\/fr\/wp-json\/wp\/v2\/product_brand?post=3538"},{"taxonomy":"product_cat","embeddable":true,"href":"https:\/\/pruebas.michollo.to\/fr\/wp-json\/wp\/v2\/product_cat?post=3538"},{"taxonomy":"product_tag","embeddable":true,"href":"https:\/\/pruebas.michollo.to\/fr\/wp-json\/wp\/v2\/product_tag?post=3538"}],"curies":[{"name":"wp","href":"https:\/\/api.w.org\/{rel}","templated":true}]}}