{"id":3633,"date":"2024-02-23T14:26:22","date_gmt":"2024-02-23T16:26:22","guid":{"rendered":"https:\/\/www.minandovoy.com\/?post_type=product&#038;p=3633"},"modified":"2025-09-04T10:50:00","modified_gmt":"2025-09-04T08:50:00","slug":"next-generation-bitmain-antminer-ks5-21-5-th-kas-mixed-hash","status":"publish","type":"product","link":"https:\/\/pruebas.michollo.to\/fr\/produit\/next-generation-bitmain-antminer-ks5-21-5-th-kas-mixed-hash\/","title":{"rendered":"Bitmain Antminer KS5 Pro 21 TH\/s"},"content":{"rendered":"<p>Bitmain, l'un des principaux fabricants d'\u00e9quipements de minage de bitcoins, a annonc\u00e9 le lancement de son premier mineur con\u00e7u sp\u00e9cifiquement pour la crypto-monnaie Kaspa (KAS). Il s'agit de l'Antminer KS5. Seules les machines suivantes seront fabriqu\u00e9es <strong>600<\/strong> Unit\u00e9s de la premi\u00e8re s\u00e9rie de production.<\/p>\n<p>Cette machine est achet\u00e9e au <strong>Lot d'ao\u00fbt<\/strong> c'est-\u00e0-dire qu'il sort entre les <strong>1er et 30 ao\u00fbt .\u00a0\u00a0<\/strong><\/p>\n<div class=\"asicminer-widget-container\" style=\"width: 100%; min-height: 300px;\">\n            <iframe id=\"asicminer-widget-5599\" \n                    src=\"https:\/\/pruebas.michollo.to\/wp-content\/themes\/minandovoy\/proxy-widget.php?miner=bitmain\/antminer-ks5-pro-21th&#038;type=profit&#038;theme=dark\" \n                    width=\"100%\" \n                    height=\"300\" \n                    frameborder=\"0\"\n                    loading=\"lazy\"\n                    style=\"border: none; overflow: hidden;\"\n                    title=\"ASIC Miner Widget\">\n            <\/iframe>\n        <\/div>\n<p>Ce nouveau dispositif permet d'obtenir un taux de hachage de <strong>21 terahashes<\/strong> par seconde (Th\/s). L'efficacit\u00e9 \u00e9nerg\u00e9tique est \u00e9galement un point fort de la KS5 PRO, avec<strong> 3.150W<\/strong>.<\/p>\n<p>Le lancement de KS5 repr\u00e9sente une \u00e9tape importante pour Bitmain et Kaspa. Bien que Kaspa soit une crypto-monnaie relativement nouvelle, elle a acquis une position solide dans l'industrie en tr\u00e8s peu de temps. Vers la fin de l'ann\u00e9e derni\u00e8re, apr\u00e8s la fusion d'Ethereum, elle est devenue l'une des crypto-monnaies les plus rentables \u00e0 miner avec des cartes graphiques (GPU).<\/p>\n<h3>Qu'est-ce que Kaspa ?<\/h3>\n<p>Kaspa est une crypto-monnaie qui repose sur la technologie blockchain, tout comme le Bitcoin et d'autres crypto-monnaies populaires. En tant que d\u00e9butant, il est important de comprendre qu'une crypto-monnaie est un type de monnaie num\u00e9rique qui utilise la cryptographie pour s\u00e9curiser et v\u00e9rifier les transactions effectu\u00e9es sur son r\u00e9seau.<\/p>\n<p>Kaspa est un r\u00e9seau sp\u00e9cialement con\u00e7u pour r\u00e9pondre \u00e0 certains d\u00e9fis et limitations observ\u00e9s dans d'autres crypto-monnaies. L'une des principales caract\u00e9ristiques de Kaspa est son algorithme de consensus, appel\u00e9 kPoW (Kaspa Proof of Work), qui garantit la s\u00e9curit\u00e9 et la fiabilit\u00e9 du r\u00e9seau.<\/p>\n<p>L'une des diff\u00e9rences significatives de Kaspa par rapport \u00e0 d'autres crypto-monnaies est sa capacit\u00e9 \u00e0 \u00e9voluer efficacement. Cela signifie que Kaspa peut traiter un plus grand nombre de transactions par seconde et se d\u00e9velopper plus efficacement \u00e0 mesure que de nouveaux utilisateurs rejoignent le r\u00e9seau. Cette \u00e9volutivit\u00e9 am\u00e9liore la vitesse et l'efficacit\u00e9 des transactions, ce qui peut \u00eatre b\u00e9n\u00e9fique pour l'adoption g\u00e9n\u00e9ralis\u00e9e des crypto-monnaies.<\/p>\n<p>En outre, Kaspa est consid\u00e9r\u00e9 comme un r\u00e9seau d\u00e9centralis\u00e9 et open source, ce qui signifie qu'il n'est pas contr\u00f4l\u00e9 par une autorit\u00e9 centrale et que tout le monde peut acc\u00e9der \u00e0 son code source et contribuer au d\u00e9veloppement de la plateforme.<\/p>\n<h2 data-start=\"163\" data-end=\"222\">\ud83d\udcca Especificaciones \u2013 Bitmain Antminer KS5 Pro (21 TH\/s)<\/h2>\n<div class=\"_tableContainer_1rjym_1\">\n<div class=\"_tableWrapper_1rjym_13 group flex w-fit flex-col-reverse\" tabindex=\"-1\">\n<table class=\"w-fit min-w-(--thread-content-width)\" data-start=\"224\" data-end=\"1782\">\n<thead data-start=\"224\" data-end=\"300\">\n<tr data-start=\"224\" data-end=\"300\">\n<th data-start=\"224\" data-end=\"252\" data-col-size=\"sm\"><strong data-start=\"226\" data-end=\"244\">Especificaci\u00f3n<\/strong><\/th>\n<th data-start=\"252\" data-end=\"300\" data-col-size=\"md\"><strong data-start=\"254\" data-end=\"265\">D\u00e9tail<\/strong><\/th>\n<\/tr>\n<\/thead>\n<tbody data-start=\"379\" data-end=\"1782\">\n<tr data-start=\"379\" data-end=\"456\">\n<td data-start=\"379\" data-end=\"408\" data-col-size=\"sm\"><strong data-start=\"381\" data-end=\"395\">Fabricant<\/strong><\/td>\n<td data-start=\"408\" data-end=\"456\" data-col-size=\"md\">Bitmain<\/td>\n<\/tr>\n<tr data-start=\"457\" data-end=\"534\">\n<td data-start=\"457\" data-end=\"486\" data-col-size=\"sm\"><strong data-start=\"459\" data-end=\"469\">Mod\u00e8le<\/strong><\/td>\n<td data-start=\"486\" data-end=\"534\" data-col-size=\"md\">Antminer KS5 Pro (21 TH\/s)<\/td>\n<\/tr>\n<tr data-start=\"535\" data-end=\"612\">\n<td data-start=\"535\" data-end=\"564\" data-col-size=\"sm\"><strong data-start=\"537\" data-end=\"550\">Algorithme<\/strong><\/td>\n<td data-start=\"564\" data-end=\"612\" data-col-size=\"md\">KHeavyHash (Kaspa \/ KAS)<\/td>\n<\/tr>\n<tr data-start=\"613\" data-end=\"690\">\n<td data-start=\"613\" data-end=\"642\" data-col-size=\"sm\"><strong data-start=\"615\" data-end=\"627\">Hashrate<\/strong><\/td>\n<td data-start=\"642\" data-end=\"690\" data-col-size=\"md\">21 TH\/s (\u00b13 %)<\/td>\n<\/tr>\n<tr data-start=\"691\" data-end=\"768\">\n<td data-start=\"691\" data-end=\"720\" data-col-size=\"sm\"><strong data-start=\"693\" data-end=\"715\">Consommation d'\u00e9nergie<\/strong><\/td>\n<td data-start=\"720\" data-end=\"768\" data-col-size=\"md\">3150 W (\u00b15 %)<\/td>\n<\/tr>\n<tr data-start=\"769\" data-end=\"846\">\n<td data-start=\"769\" data-end=\"798\" data-col-size=\"sm\"><strong data-start=\"771\" data-end=\"796\">Efficacit\u00e9 \u00e9nerg\u00e9tique<\/strong><\/td>\n<td data-start=\"798\" data-end=\"846\" data-col-size=\"md\">150 J\/TH<\/td>\n<\/tr>\n<tr data-start=\"847\" data-end=\"924\">\n<td data-start=\"847\" data-end=\"876\" data-col-size=\"sm\"><strong data-start=\"849\" data-end=\"873\">Date de lancement<\/strong><\/td>\n<td data-start=\"876\" data-end=\"924\" data-col-size=\"md\">mars 2024<\/td>\n<\/tr>\n<tr data-start=\"925\" data-end=\"1002\">\n<td data-start=\"925\" data-end=\"954\" data-col-size=\"sm\"><strong data-start=\"927\" data-end=\"947\">Dimensiones (mm)<\/strong><\/td>\n<td data-start=\"954\" data-end=\"1002\" data-col-size=\"md\">430 \u00d7 195.5 \u00d7 290<\/td>\n<\/tr>\n<tr data-start=\"1003\" data-end=\"1080\">\n<td data-start=\"1003\" data-end=\"1032\" data-col-size=\"sm\"><strong data-start=\"1005\" data-end=\"1026\">Peso neto \/ bruto<\/strong><\/td>\n<td data-start=\"1032\" data-end=\"1080\" data-col-size=\"md\">15.8 kg \/ 17.7 kg<\/td>\n<\/tr>\n<tr data-start=\"1081\" data-end=\"1158\">\n<td data-start=\"1081\" data-end=\"1110\" data-col-size=\"sm\"><strong data-start=\"1083\" data-end=\"1101\">Niveau sonore<\/strong><\/td>\n<td data-start=\"1110\" data-end=\"1158\" data-col-size=\"md\">75\u201376 dB<\/td>\n<\/tr>\n<tr data-start=\"1159\" data-end=\"1236\">\n<td data-start=\"1159\" data-end=\"1188\" data-col-size=\"sm\"><strong data-start=\"1161\" data-end=\"1177\">Les fans<\/strong><\/td>\n<td data-start=\"1188\" data-end=\"1236\" data-col-size=\"md\">2\u20134 unidades (seg\u00fan lote)<\/td>\n<\/tr>\n<tr data-start=\"1237\" data-end=\"1314\">\n<td data-start=\"1237\" data-end=\"1266\" data-col-size=\"sm\"><strong data-start=\"1239\" data-end=\"1256\">Refroidissement<\/strong><\/td>\n<td data-start=\"1266\" data-end=\"1314\" data-col-size=\"md\">Aire (Air Cooling)<\/td>\n<\/tr>\n<tr data-start=\"1315\" data-end=\"1392\">\n<td data-start=\"1315\" data-end=\"1344\" data-col-size=\"sm\"><strong data-start=\"1317\" data-end=\"1339\">Tension d'entr\u00e9e<\/strong><\/td>\n<td data-start=\"1344\" data-end=\"1392\" data-col-size=\"md\">220\u2013277 V AC<\/td>\n<\/tr>\n<tr data-start=\"1393\" data-end=\"1470\">\n<td data-start=\"1393\" data-end=\"1422\" data-col-size=\"sm\"><strong data-start=\"1395\" data-end=\"1414\">Interfaz de red<\/strong><\/td>\n<td data-start=\"1422\" data-end=\"1470\" data-col-size=\"md\">Ethernet RJ-45 (10\/100M)<\/td>\n<\/tr>\n<tr data-start=\"1471\" data-end=\"1548\">\n<td data-start=\"1471\" data-end=\"1500\" data-col-size=\"sm\"><strong data-start=\"1473\" data-end=\"1498\">Temp\u00e9rature de fonctionnement<\/strong><\/td>\n<td data-start=\"1500\" data-end=\"1548\" data-col-size=\"md\">\u201320 \u00b0C a 45 \u00b0C (en algunos casos 0\u201340 \u00b0C)<\/td>\n<\/tr>\n<tr data-start=\"1549\" data-end=\"1626\">\n<td data-start=\"1549\" data-end=\"1578\" data-col-size=\"sm\"><strong data-start=\"1551\" data-end=\"1572\">Humidit\u00e9 de fonctionnement<\/strong><\/td>\n<td data-start=\"1578\" data-end=\"1626\" data-col-size=\"md\">10\u201390 % (sin condensaci\u00f3n)<\/td>\n<\/tr>\n<tr data-start=\"1627\" data-end=\"1704\">\n<td data-start=\"1627\" data-end=\"1656\" data-col-size=\"sm\"><strong data-start=\"1629\" data-end=\"1650\">Altitud operativa<\/strong><\/td>\n<td data-start=\"1656\" data-end=\"1704\" data-col-size=\"md\">\u2264 2000 m (con ajuste de temperatura)<\/td>\n<\/tr>\n<tr data-start=\"1705\" data-end=\"1782\">\n<td data-start=\"1705\" data-end=\"1734\" data-col-size=\"sm\"><strong data-start=\"1707\" data-end=\"1719\">Garantie<\/strong><\/td>\n<td data-start=\"1734\" data-end=\"1782\" data-col-size=\"md\">\u00a01 a\u00f1o<\/td>\n<\/tr>\n<\/tbody>\n<\/table>\n<\/div>\n<\/div>","protected":false},"excerpt":{"rendered":"<p>Bitmain, uno de los principales fabricantes de equipos de miner\u00eda de Bitcoin, ha anunciado el lanzamiento de su primer minero dise\u00f1ado espec\u00edficamente para la criptomoneda Kaspa (KAS). Se llama Antminer KS5. De estas maquinas solo se van\u00a0 a hacer 600 Unidades en la primera tanda de fabricaci\u00f3n. Esta maquina se compra en el Batch de [&hellip;]<\/p>\n","protected":false},"featured_media":4301,"comment_status":"open","ping_status":"closed","template":"","meta":[],"product_brand":[],"product_cat":[19],"product_tag":[244,138,139],"class_list":{"0":"post-3633","1":"product","2":"type-product","3":"status-publish","4":"has-post-thumbnail","6":"product_cat-mineros","7":"product_tag-gme","8":"product_tag-mineros-para-avanzados","9":"product_tag-mineros-para-expertos","11":"first","12":"instock","13":"taxable","14":"shipping-taxable","15":"purchasable","16":"product-type-simple"},"_links":{"self":[{"href":"https:\/\/pruebas.michollo.to\/fr\/wp-json\/wp\/v2\/product\/3633","targetHints":{"allow":["GET"]}}],"collection":[{"href":"https:\/\/pruebas.michollo.to\/fr\/wp-json\/wp\/v2\/product"}],"about":[{"href":"https:\/\/pruebas.michollo.to\/fr\/wp-json\/wp\/v2\/types\/product"}],"replies":[{"embeddable":true,"href":"https:\/\/pruebas.michollo.to\/fr\/wp-json\/wp\/v2\/comments?post=3633"}],"wp:featuredmedia":[{"embeddable":true,"href":"https:\/\/pruebas.michollo.to\/fr\/wp-json\/wp\/v2\/media\/4301"}],"wp:attachment":[{"href":"https:\/\/pruebas.michollo.to\/fr\/wp-json\/wp\/v2\/media?parent=3633"}],"wp:term":[{"taxonomy":"product_brand","embeddable":true,"href":"https:\/\/pruebas.michollo.to\/fr\/wp-json\/wp\/v2\/product_brand?post=3633"},{"taxonomy":"product_cat","embeddable":true,"href":"https:\/\/pruebas.michollo.to\/fr\/wp-json\/wp\/v2\/product_cat?post=3633"},{"taxonomy":"product_tag","embeddable":true,"href":"https:\/\/pruebas.michollo.to\/fr\/wp-json\/wp\/v2\/product_tag?post=3633"}],"curies":[{"name":"wp","href":"https:\/\/api.w.org\/{rel}","templated":true}]}}