{"id":378,"date":"2022-10-16T04:31:18","date_gmt":"2022-10-16T06:31:18","guid":{"rendered":"https:\/\/pruebas.michollo.to\/producto\/ipollo-v1-mini-130mh\/"},"modified":"2025-05-09T14:47:30","modified_gmt":"2025-05-09T12:47:30","slug":"ipollo-v1-mini-130mhs","status":"publish","type":"product","link":"https:\/\/pruebas.michollo.to\/fr\/produit\/ipollo-v1-mini-130mhs\/","title":{"rendered":"Ipollo V1 mini 130mhs"},"content":{"rendered":"<h3><strong>Ipollo v1 mini 130mhs<\/strong><\/h3>\n<p><span style=\"color: #000000;\"><strong><span style=\"vertical-align: inherit;\"><span style=\"vertical-align: inherit;\">L'ASIC iPollo V1 MINI 130Mhs de puissance mini\u00e8re exploite l'algorithme ETHASH avec une consommation d'\u00e9nergie de seulement 104w. <\/span><span style=\"vertical-align: inherit;\">Pr\u00eat pour la preuve d'enjeu ? <\/span><span style=\"vertical-align: inherit;\">Nous le faisons !<\/span><\/span><\/strong><\/span><\/p>\n<p>L'ipollo v1 mini 130mhs de <b>Ipollo<\/b>sp\u00e9cialis\u00e9 dans le minage d'Ethereum Classic, a une performance similaire \u00e0 celle d'un Ethereum Classic. <a href=\"https:\/\/www.minandovoy.com\/categoria\/rigs-de-gpu\/\">GPU<\/a>.\u00a0<b>\u00a0<\/b>Cet ASIC est d\u00e9di\u00e9 \u00e0 l'extraction de <a href=\"https:\/\/www.minandovoy.com\/categoria\/mineros\/?algoritmos=ethash\">Ethash<\/a>a une puissance d'extraction de 130MHs et une consommation de 104w\/h.<\/p>\n<p>Saper l'algorithme <a href=\"https:\/\/www.minandovoy.com\/categoria\/mineros\/?algoritmos=ethash\">ETHASH<\/a>Bien que l'ETHEREUM ne puisse pas \u00eatre min\u00e9 par le Merge, il existe de nombreuses autres alternatives pour miner avec cette machine, y compris : Ethereum Classic.<\/p>\n<div class=\"jnews_inline_related_post_wrapper right\">\n<div class=\"jnews_inline_related_post\">\n<div class=\"jeg_postblock_21 jeg_postblock jeg_module_hook jeg_pagination_disable jeg_col_2o3 jnews_module_337080_0_6385e584c0f23\" data-unique=\"jnews_module_337080_0_6385e584c0f23\">\n<div class=\"jeg_block_heading jeg_block_heading_5 jeg_subcat_right\"><\/div>\n<\/div>\n<\/div>\n<\/div>\n<p style=\"text-align: left;\"><strong>PARLONS D'IPOLLO<\/strong><\/p>\n<p style=\"text-align: left;\">Ipollo est une entreprise qui con\u00e7oit des \u00e9quipements \u00e9lectroniques, peut-\u00eatre plus orient\u00e9s vers les crypto-monnaies.<br \/>\nCette soci\u00e9t\u00e9 a cr\u00e9\u00e9 diff\u00e9rentes machines pour le minage de crypto-monnaies telles que :<br \/>\n- Ethereum : Ipollo V1<br \/>\n- Bitcoin : Ipollo B1L<br \/>\n- Grin : Ipollo G1<br \/>\nBien qu'elle dispose \u00e9galement d'\u00e9quipements pour FileCoin, Chia, Swarm... Ipollo tente d'augmenter la puissance de calcul et de r\u00e9duire la consommation d'\u00e9nergie, et tout cela gr\u00e2ce \u00e0 sa croissance et \u00e0 son accueil sur le march\u00e9.<\/p>\n<p>&nbsp;<\/p>\n<h3><strong><a href=\"https:\/\/coinmarketcap.com\/es\/currencies\/ethereum-classic\/\">Ethereum classic<\/a> vs Ethereum :<\/strong><\/h3>\n<p>Cette crypto-monnaie a \u00e9t\u00e9 lanc\u00e9e en juillet 2016, et sa fonction principale est de servir de r\u00e9seau de<br \/>\ndes contrats intelligents, avec la possibilit\u00e9 de stocker et de prendre en charge des Dapps.<br \/>\nDepuis son lancement, cette crypto a cherch\u00e9 \u00e0 se diff\u00e9rencier de son grand fr\u00e8re, puisqu'elle<br \/>\nqu'elle a pour objectif de pr\u00e9server l'int\u00e9grit\u00e9 de la blockchain existante de l'ETH.<\/p>\n<p>&nbsp;<\/p>\n<p>Cliquez ici <a href=\"https:\/\/www.youtube.com\/watch?v=BtF49i6Glnc\">ici<\/a> de conna\u00eetre la diff\u00e9rence entre un ASIC et un RIG.<\/p>","protected":false},"excerpt":{"rendered":"<p>Ipollo v1 mini 130mhs \u00a1El ASIC iPollo V1 MINI 130Mhs de potencia de minado explota el algoritmo ETHASH con un consumo de tan solo 104w. \u00bfPreparados para el Proof Of Stake? \u00a1Nosotros si! La ipollo v1 mini 130mhs de Ipollo, especializado en minar Ethereum Classic, tiene un rendimiento similar a una GPU.\u00a0\u00a0Este ASIC dedicado a [&hellip;]<\/p>\n","protected":false},"featured_media":379,"comment_status":"open","ping_status":"closed","template":"","meta":[],"product_brand":[],"product_cat":[19],"product_tag":[52,244,138,137],"class_list":{"0":"post-378","1":"product","2":"type-product","3":"status-publish","4":"has-post-thumbnail","6":"product_cat-mineros","7":"product_tag-asic","8":"product_tag-gme","9":"product_tag-mineros-para-avanzados","10":"product_tag-mineros-para-principiantes","12":"first","13":"outofstock","14":"taxable","15":"shipping-taxable","16":"purchasable","17":"product-type-simple"},"_links":{"self":[{"href":"https:\/\/pruebas.michollo.to\/fr\/wp-json\/wp\/v2\/product\/378","targetHints":{"allow":["GET"]}}],"collection":[{"href":"https:\/\/pruebas.michollo.to\/fr\/wp-json\/wp\/v2\/product"}],"about":[{"href":"https:\/\/pruebas.michollo.to\/fr\/wp-json\/wp\/v2\/types\/product"}],"replies":[{"embeddable":true,"href":"https:\/\/pruebas.michollo.to\/fr\/wp-json\/wp\/v2\/comments?post=378"}],"wp:featuredmedia":[{"embeddable":true,"href":"https:\/\/pruebas.michollo.to\/fr\/wp-json\/wp\/v2\/media\/379"}],"wp:attachment":[{"href":"https:\/\/pruebas.michollo.to\/fr\/wp-json\/wp\/v2\/media?parent=378"}],"wp:term":[{"taxonomy":"product_brand","embeddable":true,"href":"https:\/\/pruebas.michollo.to\/fr\/wp-json\/wp\/v2\/product_brand?post=378"},{"taxonomy":"product_cat","embeddable":true,"href":"https:\/\/pruebas.michollo.to\/fr\/wp-json\/wp\/v2\/product_cat?post=378"},{"taxonomy":"product_tag","embeddable":true,"href":"https:\/\/pruebas.michollo.to\/fr\/wp-json\/wp\/v2\/product_tag?post=378"}],"curies":[{"name":"wp","href":"https:\/\/api.w.org\/{rel}","templated":true}]}}