{"id":386,"date":"2022-10-16T04:32:32","date_gmt":"2022-10-16T06:32:32","guid":{"rendered":"https:\/\/pruebas.michollo.to\/producto\/jasminer-x4-1u-520-mhs\/"},"modified":"2025-05-09T14:47:29","modified_gmt":"2025-05-09T12:47:29","slug":"jasminer-x4","status":"publish","type":"product","link":"https:\/\/pruebas.michollo.to\/fr\/produit\/jasminer-x4\/","title":{"rendered":"Jasminer X4-1U 520 mhs"},"content":{"rendered":"<h2>Jasminer X4<\/h2>\n<p>Le Jasminer X4 a \u00e9t\u00e9 l'un des lancements les plus importants de la marque, puisqu'il fait partie de la famille des produits miniers. <a href=\"https:\/\/coinmarketcap.com\/currencies\/ethereum-classic\/\">ETHREUM CLASSIC.<\/a><\/p>\n<p>Il a une puissance mini\u00e8re de\u00a0<b>520Mh\/s et une consommation de 240w\/h.<\/b><\/p>\n<p>&nbsp;<\/p>\n<h2><b>Pi\u00e8ces pouvant \u00eatre extraites<\/b><\/h2>\n<p>Nous l'avons pr\u00e9sent\u00e9 de mani\u00e8re claire afin que vous puissiez le comprendre sans complications. Vous trouverez ci-dessous les devises les plus importantes pour l'algorithme\u00a0<a href=\"https:\/\/www.minandovoy.com\/tienda\/?algoritmos=ethash\">EtHash<\/a>\u00a0du Jasminer X-16 Q WiFi Miner<\/p>\n<ul>\n<li>Ethereum Classic (ETC)<\/li>\n<li>Musicoin (MUSIC)<\/li>\n<li>Ubiq (UBQ)<\/li>\n<\/ul>\n<p>&nbsp;<\/p>\n<p><strong>Ethereum classic vs Ethereum :<\/strong><br \/>\nCette crypto-monnaie a \u00e9t\u00e9 lanc\u00e9e en juillet 2016, et sa fonction principale est de servir de r\u00e9seau de<br \/>\ndes contrats intelligents, avec la possibilit\u00e9 de stocker et de prendre en charge des Dapps.<br \/>\nDepuis son lancement, cette crypto a cherch\u00e9 \u00e0 se diff\u00e9rencier de son grand fr\u00e8re, puisqu'elle<br \/>\nqu'elle a pour objectif de pr\u00e9server l'int\u00e9grit\u00e9 de la blockchain existante de l'ETH.<\/p>\n<p><iframe loading=\"lazy\" title=\"Lecteur vid\u00e9o YouTube\" src=\"https:\/\/www.youtube.com\/embed\/gShK444jr9w\" width=\"560\" height=\"315\" frameborder=\"0\" allowfullscreen=\"allowfullscreen\"><\/iframe><\/p>","protected":false},"excerpt":{"rendered":"<p>Jasminer X4 Jasminer X4 fue uno de los lanzamientos m\u00e1s importantes hechos por la marca, formando parte de la familia de la miner\u00eda de ETHREUM CLASSIC. Tiene una potencia de minado de\u00a0520Mh\/s y un consumo de 240w\/h. &nbsp; Monedas que se pueden minar Lo ponemos de forma clara para que puedas entenderlo sin complicaciones. A [&hellip;]<\/p>\n","protected":false},"featured_media":387,"comment_status":"open","ping_status":"closed","template":"","meta":[],"product_brand":[],"product_cat":[19],"product_tag":[244,138],"class_list":{"0":"post-386","1":"product","2":"type-product","3":"status-publish","4":"has-post-thumbnail","6":"product_cat-mineros","7":"product_tag-gme","8":"product_tag-mineros-para-avanzados","10":"first","11":"outofstock","12":"taxable","13":"shipping-taxable","14":"purchasable","15":"product-type-simple"},"_links":{"self":[{"href":"https:\/\/pruebas.michollo.to\/fr\/wp-json\/wp\/v2\/product\/386","targetHints":{"allow":["GET"]}}],"collection":[{"href":"https:\/\/pruebas.michollo.to\/fr\/wp-json\/wp\/v2\/product"}],"about":[{"href":"https:\/\/pruebas.michollo.to\/fr\/wp-json\/wp\/v2\/types\/product"}],"replies":[{"embeddable":true,"href":"https:\/\/pruebas.michollo.to\/fr\/wp-json\/wp\/v2\/comments?post=386"}],"wp:featuredmedia":[{"embeddable":true,"href":"https:\/\/pruebas.michollo.to\/fr\/wp-json\/wp\/v2\/media\/387"}],"wp:attachment":[{"href":"https:\/\/pruebas.michollo.to\/fr\/wp-json\/wp\/v2\/media?parent=386"}],"wp:term":[{"taxonomy":"product_brand","embeddable":true,"href":"https:\/\/pruebas.michollo.to\/fr\/wp-json\/wp\/v2\/product_brand?post=386"},{"taxonomy":"product_cat","embeddable":true,"href":"https:\/\/pruebas.michollo.to\/fr\/wp-json\/wp\/v2\/product_cat?post=386"},{"taxonomy":"product_tag","embeddable":true,"href":"https:\/\/pruebas.michollo.to\/fr\/wp-json\/wp\/v2\/product_tag?post=386"}],"curies":[{"name":"wp","href":"https:\/\/api.w.org\/{rel}","templated":true}]}}