{"id":390,"date":"2022-10-16T04:33:23","date_gmt":"2022-10-16T06:33:23","guid":{"rendered":"https:\/\/pruebas.michollo.to\/producto\/rig-rooky-2-0\/"},"modified":"2025-05-09T14:47:29","modified_gmt":"2025-05-09T12:47:29","slug":"rig-rooky-2-0","status":"publish","type":"product","link":"https:\/\/pruebas.michollo.to\/fr\/produit\/rig-rooky-2-0\/","title":{"rendered":"Rig rooky 2.0 - dual mining ETHF + KAS, NEOXA, ETC, FLUX"},"content":{"rendered":"<p data-sanitized-data-mce-fragment=\"1\"><em>*PRIX HORS TVA, VOIR CONDITIONS<\/em><\/p>\n<p data-sanitized-data-mce-fragment=\"1\">Nous envisageons de r\u00e9partir l'investissement entre les meilleurs algorithmes en fonction de leur rentabilit\u00e9 actuelle afin de raccourcir le d\u00e9lai de r\u00e9cup\u00e9ration.<\/p>\n<p data-sanitized-data-mce-fragment=\"1\">Apr\u00e8s la fusion, de nouvelles opportunit\u00e9s de minage sont apparues, telles que Ravencoin, Beam, Flux, Ergo, Alephium, Conflux, Neoxa ou Kaspa. Ces crypto-monnaies peuvent \u00eatre combin\u00e9es en dual mining pour maximiser les performances de votre plateforme.<\/p>\n<p data-sanitized-data-mce-fragment=\"1\"><img decoding=\"async\" src=\"https:\/\/cdn.shopify.com\/s\/files\/1\/0531\/4877\/8652\/files\/Disenosintitulo_2_1024x1024.png?v=1666164826\" alt=\"\" \/><\/p>\n<p data-sanitized-data-mce-fragment=\"1\"><img loading=\"lazy\" decoding=\"async\" style=\"display: block; margin-left: auto; margin-right: auto;\" src=\"https:\/\/cdn.shopify.com\/s\/files\/1\/0531\/4877\/8652\/files\/Imagen1_480x480.png?v=1645536577\" alt=\"\" width=\"380\" height=\"114\" data-sanitized-data-mce-src=\"https:\/\/cdn.shopify.com\/s\/files\/1\/0531\/4877\/8652\/files\/Imagen1_480x480.png?v=1645536577\" data-sanitized-data-mce-style=\"display: block; margin-left: auto; margin-right: auto;\" \/><\/p>\n<ul>\n<li><strong>Rendement mensuel 45$-60$ (DUAL MINING, ETHF+KAS, ETC+KAS NEOXA,RVN)<\/strong><\/li>\n<li><em>*Les rendements sont bas\u00e9s sur le march\u00e9 actuel. Une hausse consid\u00e9rable est attendue \u00e0 moyen terme.<\/em><\/li>\n<li><em data-sanitized-data-mce-fragment=\"1\">Consommation W\/H :<strong data-sanitized-data-mce-fragment=\"1\">\u00a0550w<\/strong><\/em><\/li>\n<li>Puissance mini\u00e8re dans l'algorithme Ethash :<strong>\u00a0180 mhs<\/strong><\/li>\n<li data-sanitized-data-mce-fragment=\"1\">Possibilit\u00e9 de montage avec : 6 unit\u00e9s de rx6600XT ou 3 unit\u00e9s rx6800\/rtx3060ti\/rtx3070<\/li>\n<\/ul>\n<p data-sanitized-data-mce-fragment=\"1\">L'objectif actuel est d'accumuler un maximum de crypto-monnaies afin de multiplier la rentabilit\u00e9 actuelle lorsqu'elles prendront de la valeur. Ces crypto-monnaies \u00e9mergentes sont tr\u00e8s int\u00e9ressantes \u00e0 exploiter en raison de leur grande marge d'augmentation de valeur et de projets tr\u00e8s int\u00e9ressants avec des applications tr\u00e8s utiles pour l'\u00e9conomie.\u00a0<span data-sanitized-data-mce-fragment=\"1\">Blockchain.<\/span><\/p>\n<p data-sanitized-data-mce-fragment=\"1\">\n<p data-sanitized-data-mce-fragment=\"1\">Inclus dans le prix :<\/p>\n<ul>\n<li><strong>Configuration<\/strong>La configuration et l'assemblage de chaque RIG sont inclus dans le prix.<\/li>\n<li><strong>Soutien et suivi<\/strong>: Comprend pendant\u00a0<strong>six mois<\/strong>\u00a0l'assistance pour tout incident caus\u00e9 (SAUF ce qui est pr\u00e9cis\u00e9 comme \u00e9tant hors garantie).<\/li>\n<li><strong>Garantie<\/strong>Tous les appareils sont dot\u00e9s d'une\u00a0<strong>TROIS<\/strong>\u00a0ann\u00e9es de garantie.<\/li>\n<\/ul>\n<p data-sanitized-data-mce-fragment=\"1\">\n<p data-sanitized-data-mce-fragment=\"1\"><img decoding=\"async\" style=\"display: block; margin-left: auto; margin-right: auto;\" src=\"https:\/\/cdn.shopify.com\/s\/files\/1\/0531\/4877\/8652\/files\/IMG_0567_480x480.gif?v=1643969114\" alt=\"\" data-sanitized-data-mce-style=\"display: block; margin-left: auto; margin-right: auto;\" \/><\/p>","protected":false},"excerpt":{"rendered":"<p>*PRECIO SIN IVA, CONSULTAR CONDICIONES Nuestro plan consiste en dividir el montaje de la inversi\u00f3n entre los mejores algoritmos bas\u00e1ndonos en su rentabilidad actual para acortar el tiempo de recuperaci\u00f3n de la inversi\u00f3n. Tras el Merge surgieron nuevas oportunidades de minado como: Ravencoin, Beam, Flux, Ergo, Alephium, Conflux, Neoxa o Kaspa. Estas criptomonedas se puede [&hellip;]<\/p>\n","protected":false},"featured_media":391,"comment_status":"open","ping_status":"closed","template":"","meta":[],"product_brand":[],"product_cat":[18],"product_tag":[29,48,73],"class_list":{"0":"post-390","1":"product","2":"type-product","3":"status-publish","4":"has-post-thumbnail","6":"product_cat-rigs-de-gpu","7":"product_tag-ethereum","8":"product_tag-nuevo","9":"product_tag-toncoin","11":"first","12":"instock","13":"taxable","14":"shipping-taxable","15":"purchasable","16":"product-type-simple"},"_links":{"self":[{"href":"https:\/\/pruebas.michollo.to\/fr\/wp-json\/wp\/v2\/product\/390","targetHints":{"allow":["GET"]}}],"collection":[{"href":"https:\/\/pruebas.michollo.to\/fr\/wp-json\/wp\/v2\/product"}],"about":[{"href":"https:\/\/pruebas.michollo.to\/fr\/wp-json\/wp\/v2\/types\/product"}],"replies":[{"embeddable":true,"href":"https:\/\/pruebas.michollo.to\/fr\/wp-json\/wp\/v2\/comments?post=390"}],"wp:featuredmedia":[{"embeddable":true,"href":"https:\/\/pruebas.michollo.to\/fr\/wp-json\/wp\/v2\/media\/391"}],"wp:attachment":[{"href":"https:\/\/pruebas.michollo.to\/fr\/wp-json\/wp\/v2\/media?parent=390"}],"wp:term":[{"taxonomy":"product_brand","embeddable":true,"href":"https:\/\/pruebas.michollo.to\/fr\/wp-json\/wp\/v2\/product_brand?post=390"},{"taxonomy":"product_cat","embeddable":true,"href":"https:\/\/pruebas.michollo.to\/fr\/wp-json\/wp\/v2\/product_cat?post=390"},{"taxonomy":"product_tag","embeddable":true,"href":"https:\/\/pruebas.michollo.to\/fr\/wp-json\/wp\/v2\/product_tag?post=390"}],"curies":[{"name":"wp","href":"https:\/\/api.w.org\/{rel}","templated":true}]}}