{"id":392,"date":"2022-10-16T04:34:22","date_gmt":"2022-10-16T06:34:22","guid":{"rendered":"https:\/\/pruebas.michollo.to\/producto\/innosilicon-a11-pro-1500m\/"},"modified":"2025-05-09T14:47:28","modified_gmt":"2025-05-09T12:47:28","slug":"innosilicon-a11-pro-1500m","status":"publish","type":"product","link":"https:\/\/pruebas.michollo.to\/fr\/produit\/innosilicon-a11-pro-1500m\/","title":{"rendered":"Innosilicon A11 pro 1500mhs"},"content":{"rendered":"<div style=\"text-align: left;\">Innosilicon est l'un des meilleurs mineurs ETH ASIC sur le march\u00e9. L'Innosilicon A11 pro 1500mhs 8G est le mineur ASIC le plus r\u00e9cent et le plus avanc\u00e9. Compar\u00e9 aux plateformes de <a href=\"https:\/\/www.minandovoy.com\/es_es\/categoria\/mineros\/?algoritmos=ethash\">Exploitation mini\u00e8re de l'ETH<\/a> \u00e9quip\u00e9 de GPU, l'Innosilicon A11 est plus \u00e9conome en \u00e9nergie et plus compact.<\/div>\n<div style=\"text-align: left;\"><\/div>\n<div style=\"text-align: left;\">Avec un Hashrate de 1500M, c'est l'un des mod\u00e8les d'exploitation mini\u00e8re les plus rentables. Compte tenu de la taille croissante des fichiers ETH DAG, l'Innosilicon A11 dispose d'une capacit\u00e9 flash de 8 Go.<\/div>\n<div style=\"text-align: left;\"><\/div>\n<div style=\"text-align: left;\">Les mineurs novices devraient d'abord v\u00e9rifier l'ETH2.0 avant d'acheter cet \u00e9quipement minier. L'A11 sera capable de miner de l'ETC avec des mises \u00e0 jour du micrologiciel. Le micrologiciel sera publi\u00e9 apr\u00e8s la sortie de l'EPF 2.0.<\/div>\n<div style=\"text-align: center;\"><strong><img decoding=\"async\" src=\"https:\/\/c.tenor.com\/gON6g6pAbsgAAAAC\/ethereum.gif\" alt=\"Ethereum GIF - Ethereum - Descubre &amp; Comparte GIFs\" data-no-translation=\"\" \/><\/strong><\/div>\n<div style=\"text-align: center;\"><\/div>\n<h2><b>Pi\u00e8ces pouvant \u00eatre extraites avec l'Innosilicon A11 pro 1500mhs<\/b><\/h2>\n<p><span style=\"font-weight: 400;\">Nous l'avons pr\u00e9sent\u00e9 de mani\u00e8re claire afin que vous puissiez le comprendre sans complications. Vous trouverez ci-dessous les pi\u00e8ces les plus importantes pour l'algorithme EtHash du mineur Innosilicon A11.<\/span><\/p>\n<ul>\n<li style=\"font-weight: 400;\"><a href=\"https:\/\/coinmarketcap.com\/es\/currencies\/ethereum-classic\/\"><span style=\"font-weight: 400;\">Ethereum Classic (ETC)<\/span><\/a><\/li>\n<li style=\"font-weight: 400;\"><span style=\"font-weight: 400;\">Musicoin (MUSIC)<\/span><\/li>\n<li style=\"font-weight: 400;\"><span style=\"font-weight: 400;\">Ubiq (UBQ)<\/span><\/li>\n<\/ul>\n<h3><b><i>Caract\u00e9ristiques\u00a0<\/i><\/b><\/h3>\n<ul>\n<li style=\"font-weight: 400;\"><span style=\"font-weight: 400;\">Fabricant Innosilicion<\/span><\/li>\n<li style=\"font-weight: 400;\"><span style=\"font-weight: 400;\">Mod\u00e8le A11 Pro ETH (1500Mh)<\/span><\/li>\n<li style=\"font-weight: 400;\"><span style=\"font-weight: 400;\">\u00c9galement connu sous le nom de A11 Pro ETHMiner 8G 1500Mh<\/span><\/li>\n<li style=\"font-weight: 400;\"><span style=\"font-weight: 400;\">Lib\u00e9ration<\/span> <span style=\"font-weight: 400;\">Novembre 2021<\/span><\/li>\n<li style=\"font-weight: 400;\"><span style=\"font-weight: 400;\">Niveau sonore 75 db<\/span><\/li>\n<li style=\"font-weight: 400;\"><span style=\"font-weight: 400;\">Ventilateur(s) 4<\/span><\/li>\n<li style=\"font-weight: 400;\"><span style=\"font-weight: 400;\">Puissance 2350 W<\/span><\/li>\n<li style=\"font-weight: 400;\"><span style=\"font-weight: 400;\">Tension 12 V<\/span><\/li>\n<li style=\"font-weight: 400;\"><span style=\"font-weight: 400;\">Interface Ethernet<\/span><\/li>\n<li style=\"font-weight: 400;\"><span style=\"font-weight: 400;\">M\u00e9moire 8 GB<\/span><\/li>\n<li style=\"font-weight: 400;\"><span style=\"font-weight: 400;\">Temp\u00e9rature de 5 \u00e0 45 \u00b0C.<\/span><\/li>\n<li style=\"font-weight: 400;\"><span style=\"font-weight: 400;\">Humidit\u00e9 5 - 95 %<\/span><\/li>\n<\/ul>\n<h3><b><i>Sp\u00e9cifications du produit<\/i><\/b><\/h3>\n<ul>\n<li style=\"font-weight: 400;\"><span style=\"font-weight: 400;\">Le nom du produit A11 Pro ETH<\/span><\/li>\n<li style=\"font-weight: 400;\"><span style=\"font-weight: 400;\">Hashrate 1500MH\/s \u00b15% 25 \u00b0C.<\/span><\/li>\n<li style=\"font-weight: 400;\"><span style=\"font-weight: 400;\">2000MH\/s \u00b15% 25 \u00b0C.<\/span><\/li>\n<li style=\"font-weight: 400;\"><span style=\"font-weight: 400;\">Efficacit\u00e9 \u00e9nerg\u00e9tique au mur 1,25 J\/MH 25 \u00b0C.<\/span><\/li>\n<li style=\"font-weight: 400;\"><span style=\"font-weight: 400;\">1,567 J\/MH 25 \u00b0C.<\/span><\/li>\n<li style=\"font-weight: 400;\"><span style=\"font-weight: 400;\">Puissance au mur 2000MH\/s \u00b15% 25 \u00b0C.<\/span><\/li>\n<li style=\"font-weight: 400;\"><span style=\"font-weight: 400;\">1500MH\/s \u00b15% 25 \u00b0C.<\/span><\/li>\n<li style=\"font-weight: 400;\"><span style=\"font-weight: 400;\">\u00c9galement connu sous le nom de mineur ETH King 11 Pro<\/span><\/li>\n<li style=\"font-weight: 400;\"><span style=\"font-weight: 400;\">La temp\u00e9rature de travail<\/span> <span style=\"font-weight: 400;\">5-40 \u00b0C<\/span><\/li>\n<li style=\"font-weight: 400;\"><span style=\"font-weight: 400;\">8 Go de m\u00e9moire 8 Go<\/span><\/li>\n<li style=\"font-weight: 400;\"><span style=\"font-weight: 400;\">L'interface r\u00e9seau Ethernet 10\/100M RJ45<\/span><\/li>\n<li style=\"font-weight: 400;\"><span style=\"font-weight: 400;\">Temp\u00e9rature de stockage 5-45 \u00b0C<\/span><\/li>\n<li style=\"font-weight: 400;\"><span style=\"font-weight: 400;\">Humidit\u00e9 de fonctionnement (sans condensation), DCH. Les mod\u00e8les 5%~95%<\/span><\/li>\n<\/ul>\n<h3><b><i>\u00a0Note<\/i><\/b> <b><i>\u00a0<\/i><\/b><\/h3>\n<ol>\n<li style=\"font-weight: 400;\"><span style=\"font-weight: 400;\">Y compris la taille de l'alimentation<\/span><\/li>\n<li style=\"font-weight: 400;\"><span style=\"font-weight: 400;\">Poids de l'alimentation inclus<\/span><\/li>\n<\/ol>\n<h2><b>\u00c0 propos d'Innosilicon<\/b><\/h2>\n<p><span style=\"font-weight: 400;\">Innosilicon est une entreprise qui a 15 ans d'exp\u00e9rience dans le d\u00e9veloppement de la propri\u00e9t\u00e9 intellectuelle, le calcul \u00e0 haute performance, la cryptographie, l'IA \u00e0 faible consommation et le cloud IoT, l'am\u00e9lioration du haut d\u00e9bit et, bien s\u00fbr, les produits ASIC de nouvelle g\u00e9n\u00e9ration.<\/span><\/p>\n<p><span style=\"font-weight: 400;\">C'est la seule entreprise technologique chinoise \u00e0 avoir acc\u00e8s aux processeurs 5nm de Samsung et TMSC. Elle a \u00e9galement travaill\u00e9 avec des entreprises de renom telles qu'Amazon, Google, Microchip, Micron, Microsoft et OnSemi.<\/span><\/p>\n<p><span style=\"font-weight: 400;\">Cette entreprise tourn\u00e9e vers l'avenir continue de travailler \u00e0 l'am\u00e9lioration des technologies IP et ASIC. Ce qui fait de l'entreprise un expert dans ce domaine, ce sont ses propres r\u00e9alisations :<\/span><\/p>\n<ul>\n<li style=\"font-weight: 400;\"><span style=\"font-weight: 400;\">En 2018, Innosilicon a \u00e9t\u00e9 la premi\u00e8re entreprise \u00e0 surmonter les principaux obstacles techniques pour la m\u00e9moire GDDR6 \u00e0 large bande passante et \u00e0 r\u00e9aliser une production de masse de GPU pour l'informatique \u00e0 haute performance.<\/span><\/li>\n<li style=\"font-weight: 400;\"><span style=\"font-weight: 400;\">En 2019, Innosilicon a annonc\u00e9 la disponibilit\u00e9 de l'IP HDMI 2.1 avec prise en charge des \u00e9crans 4K\/8K et de l'IP SerDes avec une vitesse \u00e9lev\u00e9e de 32 Gbps.<\/span><\/li>\n<li style=\"font-weight: 400;\"><span style=\"font-weight: 400;\">En 2020, ils ont introduit HBM2e et INNOLINK Chiplet, la plateforme standard chinoise pour l'informatique \u00e0 haute performance (CPU\/GPU\/NPU).<\/span><\/li>\n<li style=\"font-weight: 400;\"><span style=\"font-weight: 400;\">En 2021, Innosilicon lancera le premier contr\u00f4leur GDDR6X IP et le premier PHY valid\u00e9 in-silicon bas\u00e9 sur les puces de m\u00e9moire GDDR6X de Micron.<\/span><\/li>\n<\/ul>\n<p><span style=\"font-weight: 400;\">Leurs ann\u00e9es d'exp\u00e9rience ont permis \u00e0 des millions de personnes de s'\u00e9manciper gr\u00e2ce \u00e0 des technologies de pointe.<\/span><\/p>","protected":false},"excerpt":{"rendered":"<p>Innosilicon es uno de los mejores mineros ETH ASIC del mercado. El Innosilicon A11 pro 1500mhs 8G es el \u00faltimo y m\u00e1s avanzado minero ASIC. En comparaci\u00f3n con las plataformas de miner\u00eda ETH equipadas con GPU, Innosilicon A11 es m\u00e1s eficiente energ\u00e9ticamente y compacto. Con un Hashrate de 1500M lo convierte en uno de los [&hellip;]<\/p>\n","protected":false},"featured_media":393,"comment_status":"open","ping_status":"closed","template":"","meta":[],"product_brand":[],"product_cat":[19],"product_tag":[138,139],"class_list":{"0":"post-392","1":"product","2":"type-product","3":"status-publish","4":"has-post-thumbnail","6":"product_cat-mineros","7":"product_tag-mineros-para-avanzados","8":"product_tag-mineros-para-expertos","10":"first","11":"outofstock","12":"taxable","13":"shipping-taxable","14":"purchasable","15":"product-type-simple"},"_links":{"self":[{"href":"https:\/\/pruebas.michollo.to\/fr\/wp-json\/wp\/v2\/product\/392","targetHints":{"allow":["GET"]}}],"collection":[{"href":"https:\/\/pruebas.michollo.to\/fr\/wp-json\/wp\/v2\/product"}],"about":[{"href":"https:\/\/pruebas.michollo.to\/fr\/wp-json\/wp\/v2\/types\/product"}],"replies":[{"embeddable":true,"href":"https:\/\/pruebas.michollo.to\/fr\/wp-json\/wp\/v2\/comments?post=392"}],"wp:featuredmedia":[{"embeddable":true,"href":"https:\/\/pruebas.michollo.to\/fr\/wp-json\/wp\/v2\/media\/393"}],"wp:attachment":[{"href":"https:\/\/pruebas.michollo.to\/fr\/wp-json\/wp\/v2\/media?parent=392"}],"wp:term":[{"taxonomy":"product_brand","embeddable":true,"href":"https:\/\/pruebas.michollo.to\/fr\/wp-json\/wp\/v2\/product_brand?post=392"},{"taxonomy":"product_cat","embeddable":true,"href":"https:\/\/pruebas.michollo.to\/fr\/wp-json\/wp\/v2\/product_cat?post=392"},{"taxonomy":"product_tag","embeddable":true,"href":"https:\/\/pruebas.michollo.to\/fr\/wp-json\/wp\/v2\/product_tag?post=392"}],"curies":[{"name":"wp","href":"https:\/\/api.w.org\/{rel}","templated":true}]}}