{"id":4138,"date":"2024-04-08T12:53:30","date_gmt":"2024-04-08T14:53:30","guid":{"rendered":"https:\/\/www.minandovoy.com\/?post_type=product&#038;p=4138"},"modified":"2025-05-09T14:47:04","modified_gmt":"2025-05-09T12:47:04","slug":"nuevo-goldshell-al-box-alephium-miner","status":"publish","type":"product","link":"https:\/\/pruebas.michollo.to\/fr\/produit\/nouveau-goldshell-al-box-alephium-miner\/","title":{"rendered":"Goldshell AL Box : Miner de crypto-monnaie Alephium (ALPH) \u00e0 haute performance (360 Gh) et faible consommation (180w)"},"content":{"rendered":"<div class=\"w-full pt-2 md:pt-0 dark:border-white\/20 md:border-transparent md:dark:border-transparent md:w-[calc(100%-.5rem)]\">\n<div class=\"relative flex h-full flex-1 flex-col\">\n<div class=\"absolute bottom-full left-0 right-0\"><\/div>\n<div class=\"flex w-full items-center\">\n<p>Introducimos el <strong>Goldshell AL Box Alephium Miner<\/strong>, una innovaci\u00f3n l\u00edder en la miner\u00eda de criptomonedas dise\u00f1ada para maximizar el rendimiento y minimizar el consumo de energ\u00eda. Esta revolucionaria m\u00e1quina minera utiliza el algoritmo de miner\u00eda Blake3 y ofrece una tasa de hash m\u00e1xima de 360 Gh\/s, todo mientras consume sorprendentemente solo <strong>180 W de energ\u00eda.<\/strong><\/p>\n<p>La combinaci\u00f3n de alto rendimiento y bajo consumo hace que el AL Box Alephium Miner sea una opci\u00f3n excepcional para los mineros que buscan optimizar sus operaciones. Consumiendo solo 128 W en funcionamiento, esta m\u00e1quina no solo es eficiente en el uso de energ\u00eda, sino que tambi\u00e9n ofrece un r\u00e1pido retorno de la inversi\u00f3n, especialmente en un mercado alcista para la moneda Alph.<\/p>\n<p><strong>Alephium<\/strong>, la criptomoneda para la cual el AL Box est\u00e1 optimizado, es una red escalable dise\u00f1ada para desarrolladores, segura para usuarios y descentralizada para todos. Su innovador enfoque en la fragmentaci\u00f3n y la eficiente Prueba-de-Menos-Trabajo garantiza dApps escalables para casos de uso del mundo real, mientras que su modelo UTXO estatal ofrece escalabilidad de capa 1 y el mismo nivel de programabilidad que Ethereum, pero con mayor seguridad y menor consumo de energ\u00eda.<\/p>\n<p>Adem\u00e1s, Alephium es una red descentralizada y de c\u00f3digo abierto, lo que significa que no est\u00e1 controlada por una autoridad central y que cualquier persona puede acceder a su c\u00f3digo fuente y contribuir al desarrollo de la plataforma.<\/p>\n<p>En resumen, el <strong>Goldshell AL Box Alephium Miner<\/strong> ofrece un rendimiento excepcional, eficiencia energ\u00e9tica y acceso a una emocionante red blockchain descentralizada, lo que lo convierte en una opci\u00f3n ideal para los mineros que buscan maximizar sus ganancias y contribuir al crecimiento de la red.<\/p>\n<\/div>\n<\/div>\n<\/div>\n","protected":false},"excerpt":{"rendered":"<p>Introducimos el Goldshell AL Box Alephium Miner, una innovaci\u00f3n l\u00edder en la miner\u00eda de criptomonedas dise\u00f1ada para maximizar el rendimiento y minimizar el consumo de energ\u00eda. Esta revolucionaria m\u00e1quina minera utiliza el algoritmo de miner\u00eda Blake3 y ofrece una tasa de hash m\u00e1xima de 360 Gh\/s, todo mientras consume sorprendentemente solo 180 W de energ\u00eda. [&hellip;]<\/p>\n","protected":false},"featured_media":4141,"comment_status":"open","ping_status":"closed","template":"","meta":[],"product_brand":[],"product_cat":[19],"product_tag":[138,137],"class_list":{"0":"post-4138","1":"product","2":"type-product","3":"status-publish","4":"has-post-thumbnail","6":"product_cat-mineros","7":"product_tag-mineros-para-avanzados","8":"product_tag-mineros-para-principiantes","10":"first","11":"outofstock","12":"taxable","13":"shipping-taxable","14":"purchasable","15":"product-type-simple"},"_links":{"self":[{"href":"https:\/\/pruebas.michollo.to\/fr\/wp-json\/wp\/v2\/product\/4138","targetHints":{"allow":["GET"]}}],"collection":[{"href":"https:\/\/pruebas.michollo.to\/fr\/wp-json\/wp\/v2\/product"}],"about":[{"href":"https:\/\/pruebas.michollo.to\/fr\/wp-json\/wp\/v2\/types\/product"}],"replies":[{"embeddable":true,"href":"https:\/\/pruebas.michollo.to\/fr\/wp-json\/wp\/v2\/comments?post=4138"}],"wp:featuredmedia":[{"embeddable":true,"href":"https:\/\/pruebas.michollo.to\/fr\/wp-json\/wp\/v2\/media\/4141"}],"wp:attachment":[{"href":"https:\/\/pruebas.michollo.to\/fr\/wp-json\/wp\/v2\/media?parent=4138"}],"wp:term":[{"taxonomy":"product_brand","embeddable":true,"href":"https:\/\/pruebas.michollo.to\/fr\/wp-json\/wp\/v2\/product_brand?post=4138"},{"taxonomy":"product_cat","embeddable":true,"href":"https:\/\/pruebas.michollo.to\/fr\/wp-json\/wp\/v2\/product_cat?post=4138"},{"taxonomy":"product_tag","embeddable":true,"href":"https:\/\/pruebas.michollo.to\/fr\/wp-json\/wp\/v2\/product_tag?post=4138"}],"curies":[{"name":"wp","href":"https:\/\/api.w.org\/{rel}","templated":true}]}}