{"id":4214,"date":"2024-04-19T07:19:18","date_gmt":"2024-04-19T09:19:18","guid":{"rendered":"https:\/\/www.minandovoy.com\/?post_type=product&#038;p=4214"},"modified":"2025-05-09T14:47:04","modified_gmt":"2025-05-09T12:47:04","slug":"microbt-whatsminer-m66-280-th","status":"publish","type":"product","link":"https:\/\/pruebas.michollo.to\/fr\/produit\/microbt-whatsminer-m66-280-th\/","title":{"rendered":"MicroBT WhatsMiner M66 280 Th"},"content":{"rendered":"<p>&nbsp;<\/p>\n<h2>Whatsminer M66S<\/h2>\n<p>Whatsminer M66S la nouvelle machine pour l'industrie mini\u00e8re<a href=\"https:\/\/www.minandovoy.com\/categoria\/mineros\/?algoritmos=sha-256\"> Exploitation mini\u00e8re de Bitcoin<\/a> (SHA-256) avec une puissance de calcul de 290 et une consommation de 5572W\/heure.<\/p>\n<p>L'efficacit\u00e9 \u00e9nerg\u00e9tique de 18,5 J\/TH indique un \u00e9quilibre remarquable entre le hachage et la consommation d'\u00e9nergie. Compar\u00e9 \u00e0 Whatsminer M66, Whatsminer M66 a une consommation d'\u00e9nergie plus faible.<\/p>\n<div class=\"currency-container d-inline-block\"><\/div>\n<p><strong>UN PEU D'HISTOIRE <a href=\"https:\/\/coinmarketcap.com\/es\/currencies\/bitcoin\/\">BITCOIN<\/a><\/strong><\/p>\n<p>C'est la premi\u00e8re crypto-monnaie \u00e0 avoir \u00e9t\u00e9 d\u00e9velopp\u00e9e et, par cons\u00e9quent, celle qui a ouvert la voie \u00e0 toutes les autres qui sont apparues par la suite en utilisant sa technologie blockchain.<\/p>\n<p>Le nombre de bitcoins \u00e9mis chaque ann\u00e9e est d\u00e9termin\u00e9 par l'algorithme. Tous les quatre ans, la production est divis\u00e9e par deux, de sorte que seuls 21 millions de bitcoins sont \u00e9mis au total.<\/p>\n<p>C'est la grande diff\u00e9rence avec les monnaies conventionnelles, dont les banques modifient la valeur. Cela signifie que la crypto-monnaie, en l'occurrence le bitcoin, peut offrir une plus grande stabilit\u00e9 alors que les monnaies conventionnelles se d\u00e9pr\u00e9cient.<\/p>\n<p>Aujourd'hui, les crypto-monnaies sont utilis\u00e9es comme mode de paiement sur de nombreuses plateformes, la monnaie d'\u00e9change dans la plupart des cas \u00e9tant le bitcoin, car elles sont s\u00e9curis\u00e9es et priv\u00e9es.<\/p>\n<p>&nbsp;<\/p>\n<p><strong>PRINCIPAUX AVANTAGES DU BITCOIN<\/strong><\/p>\n<ol>\n<li>Rapidit\u00e9 : envoyez de l'argent \u00e0 vous-m\u00eame, quels que soient le montant et la destination, en quelques minutes.<\/li>\n<li>Peu co\u00fbteux : lorsqu'un transfert est effectu\u00e9 par l'interm\u00e9diaire de votre banque, il peut vous co\u00fbter beaucoup d'argent, alors qu'avec Bitcoin, le co\u00fbt est gratuit ou ne repr\u00e9sente que quelques centimes.<\/li>\n<li>Global : vous pouvez envoyer des messages partout dans le monde, il n'y a pas de fronti\u00e8res.<\/li>\n<li>D\u00e9centralis\u00e9 : aucun gouvernement\/banque ne peut le contr\u00f4ler, ni dans sa cr\u00e9ation, ni dans sa distribution.<\/li>\n<li>Propri\u00e9t\u00e9 : L'argent vous appartient 100%, il ne peut \u00eatre ponctionn\u00e9 par personne, vous \u00eates votre propre banque.<\/li>\n<li>Transparent :  Toutes les transactions sont publiques, mais toujours sous pseudonyme.<\/li>\n<li>\u00c9mission limit\u00e9e : personne ne peut g\u00e9n\u00e9rer des milliers de bitcoins juste parce qu'il en a envie, ils apparaissent gr\u00e2ce au minage.<\/li>\n<li>Priv\u00e9 : Bitcoin s'efforce de pr\u00e9server la vie priv\u00e9e, dans une tr\u00e8s large mesure, bien qu'il ne soit pas totalement anonyme et qu'il s'efforce de le devenir.<\/li>\n<\/ol>","protected":false},"excerpt":{"rendered":"<p>&nbsp; Whatsminer M66S Whatsminer M66S la nueva m\u00e1quina para la miner\u00eda de Bitcoin (SHA-256) con un poder computacional de 290 y un consumo el\u00e9ctrico de\u00a0 5572W\/Hora. Las clasificaciones de eficiencia energ\u00e9tica, de 18.5 J\/TH, indican un equilibrio notable entre el hash y el consumo de energ\u00eda. En comparaci\u00f3n con Whatsminer M66 , Whatsminer M66 tiene [&hellip;]<\/p>\n","protected":false},"featured_media":2947,"comment_status":"open","ping_status":"closed","template":"","meta":[],"product_brand":[],"product_cat":[15],"product_tag":[],"class_list":{"0":"post-4214","1":"product","2":"type-product","3":"status-publish","4":"has-post-thumbnail","6":"product_cat-sin-categorizar","8":"first","9":"outofstock","10":"taxable","11":"shipping-taxable","12":"purchasable","13":"product-type-simple"},"_links":{"self":[{"href":"https:\/\/pruebas.michollo.to\/fr\/wp-json\/wp\/v2\/product\/4214","targetHints":{"allow":["GET"]}}],"collection":[{"href":"https:\/\/pruebas.michollo.to\/fr\/wp-json\/wp\/v2\/product"}],"about":[{"href":"https:\/\/pruebas.michollo.to\/fr\/wp-json\/wp\/v2\/types\/product"}],"replies":[{"embeddable":true,"href":"https:\/\/pruebas.michollo.to\/fr\/wp-json\/wp\/v2\/comments?post=4214"}],"wp:featuredmedia":[{"embeddable":true,"href":"https:\/\/pruebas.michollo.to\/fr\/wp-json\/wp\/v2\/media\/2947"}],"wp:attachment":[{"href":"https:\/\/pruebas.michollo.to\/fr\/wp-json\/wp\/v2\/media?parent=4214"}],"wp:term":[{"taxonomy":"product_brand","embeddable":true,"href":"https:\/\/pruebas.michollo.to\/fr\/wp-json\/wp\/v2\/product_brand?post=4214"},{"taxonomy":"product_cat","embeddable":true,"href":"https:\/\/pruebas.michollo.to\/fr\/wp-json\/wp\/v2\/product_cat?post=4214"},{"taxonomy":"product_tag","embeddable":true,"href":"https:\/\/pruebas.michollo.to\/fr\/wp-json\/wp\/v2\/product_tag?post=4214"}],"curies":[{"name":"wp","href":"https:\/\/api.w.org\/{rel}","templated":true}]}}